{"id":10925,"date":"2024-11-30T14:45:11","date_gmt":"2024-11-30T13:45:11","guid":{"rendered":"https:\/\/ottevenyikastely.hu\/?page_id=10925"},"modified":"2025-01-24T20:28:30","modified_gmt":"2025-01-24T19:28:30","slug":"kincsvadasz","status":"publish","type":"page","link":"https:\/\/ottevenyikastely.hu\/sk\/kincsvadasz\/","title":{"rendered":"lovec pokladov"},"content":{"rendered":"<div data-elementor-type=\"wp-page\" data-elementor-id=\"10925\" class=\"elementor elementor-10925\" data-elementor-post-type=\"page\">\n\t\t\t\t<div class=\"elementor-element elementor-element-fae797d e-flex e-con-boxed e-con e-parent\" data-id=\"fae797d\" data-element_type=\"container\" data-e-type=\"container\">\n\t\t\t\t\t<div class=\"e-con-inner\">\n\t\t\t\t<div class=\"elementor-element elementor-element-3f5bdd2 elementor-widget elementor-widget-heading\" data-id=\"3f5bdd2\" data-element_type=\"widget\" data-e-type=\"widget\" data-widget_type=\"heading.default\">\n\t\t\t\t<div class=\"elementor-widget-container\">\n\t\t\t\t\t<h2 class=\"elementor-heading-title elementor-size-default\">H\u013ead\u00e1me h\u013eada\u010dov pokladov!<\/h2>\t\t\t\t<\/div>\n\t\t\t\t<\/div>\n\t\t\t\t<div class=\"elementor-element elementor-element-d4bb926 elementor-widget elementor-widget-text-editor\" data-id=\"d4bb926\" data-element_type=\"widget\" data-e-type=\"widget\" data-widget_type=\"text-editor.default\">\n\t\t\t\t<div class=\"elementor-widget-container\">\n\t\t\t\t\t\t\t\t\t<p><span style=\"text-decoration: underline;\"><strong>10% v\u00fdmenou za prov\u00edziu<\/strong><\/span>!<\/p>\t\t\t\t\t\t\t\t<\/div>\n\t\t\t\t<\/div>\n\t\t\t\t<div class=\"elementor-element elementor-element-5b14c81 elementor-widget elementor-widget-image\" data-id=\"5b14c81\" data-element_type=\"widget\" data-e-type=\"widget\" data-widget_type=\"image.default\">\n\t\t\t\t<div class=\"elementor-widget-container\">\n\t\t\t\t\t\t\t\t\t\t\t\t\t\t\t<img fetchpriority=\"high\" decoding=\"async\" width=\"1024\" height=\"886\" src=\"https:\/\/ottevenyikastely.hu\/wp-content\/uploads\/2025\/01\/IMG_0188-1024x886.jpeg\" class=\"attachment-large size-large wp-image-11759\" alt=\"\" srcset=\"https:\/\/ottevenyikastely.hu\/wp-content\/uploads\/2025\/01\/IMG_0188-1024x886.jpeg 1024w, https:\/\/ottevenyikastely.hu\/wp-content\/uploads\/2025\/01\/IMG_0188-300x260.jpeg 300w, https:\/\/ottevenyikastely.hu\/wp-content\/uploads\/2025\/01\/IMG_0188-768x665.jpeg 768w, https:\/\/ottevenyikastely.hu\/wp-content\/uploads\/2025\/01\/IMG_0188-1536x1329.jpeg 1536w, https:\/\/ottevenyikastely.hu\/wp-content\/uploads\/2025\/01\/IMG_0188-2048x1772.jpeg 2048w, https:\/\/ottevenyikastely.hu\/wp-content\/uploads\/2025\/01\/IMG_0188-14x12.jpeg 14w\" sizes=\"(max-width: 1024px) 100vw, 1024px\" title=\"\">\t\t\t\t\t\t\t\t\t\t\t\t\t\t\t<\/div>\n\t\t\t\t<\/div>\n\t\t\t\t\t<\/div>\n\t\t\t\t<\/div>\n\t\t<div class=\"elementor-element elementor-element-3f22959 e-flex e-con-boxed e-con e-parent\" data-id=\"3f22959\" data-element_type=\"container\" data-e-type=\"container\">\n\t\t\t\t\t<div class=\"e-con-inner\">\n\t\t\t\t<div class=\"elementor-element elementor-element-6a1b21d elementor-widget elementor-widget-text-editor\" data-id=\"6a1b21d\" data-element_type=\"widget\" data-e-type=\"widget\" data-widget_type=\"text-editor.default\">\n\t\t\t\t<div class=\"elementor-widget-container\">\n\t\t\t\t\t\t\t\t\t<p>Ak ste zberate\u013e umenia a odborn\u00edk, nikdy neviete, kedy naraz\u00edte na v\u00fdnimo\u010dn\u00e9 umeleck\u00e9 dielo, ktor\u00e9 by ste n\u00e1m mohli pon\u00faknu\u0165 v\u00fdmenou za prov\u00edziu!<\/p>\n<p>Po\u0161lite n\u00e1m podrobnosti o diele, o ktor\u00e9 m\u00e1te z\u00e1ujem, a fotografiu na adresu <a href=\"mailto:mutargy@foldvaryaukcio.hu\"><span style=\"text-decoration: underline;\">mutargy@foldvaryaukcio.hu<\/span><\/a> e-mailom, skontrolujeme ho a \u010doskoro sa v\u00e1m ozveme s na\u0161\u00edm stanoviskom.&nbsp;<\/p>\n<p>Ak m\u00e1te z\u00e1ujem o na\u0161e diela, \u010doskoro od n\u00e1s dostanete <span style=\"text-decoration: underline;\">potvrdzuj\u00faci e-mail,<\/span> potvrd\u00edte, \u017ee ste n\u00e1m to ozn\u00e1mili, a ak sa n\u00e1m s va\u0161ou pomocou podar\u00ed vydra\u017ei\u0165 umeleck\u00e9 dielo a \u00faspe\u0161ne ho vydra\u017ei\u0165, vyplat\u00edme v\u00e1m \u010dist\u00fd zisk auk\u010dn\u00e9ho domu z predmetu. <span style=\"text-decoration: underline;\"><strong>10% ako sprostredkovate\u013esk\u00e1 prov\u00edzia.<\/strong><\/span><\/p>\n<p><em>Ako s\u00fakromn\u00e1 osoba je v\u00fd\u0161ka prov\u00edzie hrub\u00e1 suma, ak k nej m\u00f4\u017eete predlo\u017ei\u0165 fakt\u00faru, m\u00f4\u017eete ju vypo\u010d\u00edta\u0165 ako \u010dist\u00fa sumu.<\/em><\/p>\t\t\t\t\t\t\t\t<\/div>\n\t\t\t\t<\/div>\n\t\t\t\t\t<\/div>\n\t\t\t\t<\/div>\n\t\t<div class=\"elementor-element elementor-element-f0c531d e-flex e-con-boxed e-con e-parent\" data-id=\"f0c531d\" data-element_type=\"container\" data-e-type=\"container\">\n\t\t\t\t\t<div class=\"e-con-inner\">\n\t\t\t\t<div class=\"elementor-element elementor-element-c3127cf elementor-widget elementor-widget-text-editor\" data-id=\"c3127cf\" data-element_type=\"widget\" data-e-type=\"widget\" data-widget_type=\"text-editor.default\">\n\t\t\t\t<div class=\"elementor-widget-container\">\n\t\t\t\t\t\t\t\t\t<p><span style=\"text-decoration: underline;\">\u010co h\u013ead\u00e1me:<\/span><\/p><p>\u00a0<strong>Iba zn\u00e1mi maliari<\/strong>, esteticky kr\u00e1sne, dobre spracovan\u00e9 diela olejom na pl\u00e1tne, najm\u00e4 z 18. a 19. storo\u010dia a star\u00e9 <strong>\u0161peci\u00e1lna keramika Zsolnay.<\/strong> Neozna\u010den\u00e9 alebo s\u00fa\u010dasn\u00e9 umeleck\u00e9 diela, obrazy s n\u00e1bo\u017eenskou tematikou, n\u00e1bytok a in\u00e9 umeleck\u00e9 diela alebo predmety s hodnotou ni\u017e\u0161ou ako 150 HUF e nebud\u00fa akceptovan\u00e9.<\/p><p>O ktor\u00fdch si mysl\u00edme, \u017ee s\u00fa zn\u00e1mi maliari: <span style=\"text-decoration: underline;\"><strong><a href=\"https:\/\/ottevenyikastely.hu\/sk\/zoznam-muveszek\/\">Kliknut\u00edm sem zobraz\u00edte zoznam<\/a><\/strong><\/span><\/p><p>Nev\u00e1hajte a sta\u0148te sa na\u0161\u00edm partnerom a vychutnajte si plody \u00faspechu!\u00a0<\/p>\t\t\t\t\t\t\t\t<\/div>\n\t\t\t\t<\/div>\n\t\t\t\t\t<\/div>\n\t\t\t\t<\/div>\n\t\t<div class=\"elementor-element elementor-element-83d0ac8 e-flex e-con-boxed e-con e-parent\" data-id=\"83d0ac8\" data-element_type=\"container\" data-e-type=\"container\">\n\t\t\t\t\t<div class=\"e-con-inner\">\n\t\t\t\t<div class=\"elementor-element elementor-element-42f9c4a elementor-widget elementor-widget-text-editor\" data-id=\"42f9c4a\" data-element_type=\"widget\" data-e-type=\"widget\" data-widget_type=\"text-editor.default\">\n\t\t\t\t<div class=\"elementor-widget-container\">\n\t\t\t\t\t\t\t\t\t<p>Ak ste <span style=\"text-decoration: underline;\">kvalifikovan\u00fd odhadca obrazov alebo umenia alebo historik umenia<\/span>\u00a0alebo len \"star\u00e1 ruka\" a chceli by ste n\u00e1m pom\u00f4c\u0165 <span style=\"text-decoration: underline;\">n\u00e1js\u0165 a odporu\u010di\u0165 komisiu<\/span> auk\u010dn\u00e9 predmety, prihl\u00e1ste sa na odber <em><strong>na\u0161ej skupine h\u013eada\u010dov pokladov<\/strong><\/em> a my v\u00e1m poskytneme v\u0161etky inform\u00e1cie, ktor\u00e9 potrebujete, aby ste boli v pr\u00e1ci \u00faspe\u0161nej\u0161\u00ed.<\/p>\t\t\t\t\t\t\t\t<\/div>\n\t\t\t\t<\/div>\n\t\t\t\t<div class=\"elementor-element elementor-element-20b724d elementor-widget elementor-widget-shortcode\" data-id=\"20b724d\" data-element_type=\"widget\" data-e-type=\"widget\" data-widget_type=\"shortcode.default\">\n\t\t\t\t<div class=\"elementor-widget-container\">\n\t\t\t\t\t\t\t<div class=\"elementor-shortcode\"><div class='fluentform ff-default fluentform_wrapper_20 ffs_default_wrap'><form data-form_id=\"20\" id=\"fluentform_20\" class=\"frm-fluent-form fluent_form_20 ff-el-form-top ff_form_instance_20_1 ff-form-loading ffs_default\" data-form_instance=\"ff_form_instance_20_1\" method=\"POST\" action=\"\" ><fieldset  style=\"border: none!important;margin: 0!important;padding: 0!important;background-color: transparent!important;box-shadow: none!important;outline: none!important; min-inline-size: 100%;\">\n                    <legend class=\"ff_screen_reader_title\" style=\"display: block; margin: 0!important;padding: 0!important;height: 0!important;text-indent: -999999px;width: 0!important;overflow:hidden;\">Historik umenia obchodn\u00edci - formul\u00e1r<\/legend>        <div\n                style=\"display: none!important; position: absolute!important; transform: translateX(1000%)!important;\"\n                class=\"ff-el-group ff-hpsf-container\"\n        >\n            <div class=\"ff-el-input--label asterisk-right\">\n                <label for=\"ff_20_item_sf\" aria-label=\"Newsletter\">\n                    Newsletter                <\/label>\n            <\/div>\n            <div class=\"ff-el-input--content\">\n                <input type=\"text\"\n                       name=\"item_20__fluent_sf\"\n                       class=\"ff-el-form-control\"\n                       id=\"ff_20_item_sf\"\n                \/>\n            <\/div>\n        <\/div>\n        <input type='hidden' name='__fluent_form_embded_post_id' value='10925' \/><input type=\"hidden\" id=\"_fluentform_20_fluentformnonce\" name=\"_fluentform_20_fluentformnonce\" value=\"0c7ff3f27e\" \/><input type=\"hidden\" name=\"_wp_http_referer\" value=\"\/sk\/wp-json\/wp\/v2\/pages\/10925\" \/><div data-type=\"name-element\" data-name=\"names\" class=\"ff-field_container ff-name-field-wrapper\" ><div class='ff-t-container'><div class='ff-t-cell'><div class='ff-el-group'><div class=\"ff-el-input--label ff-el-is-required asterisk-right\"><label for='ff_20_names_first_name_' >Krstn\u00e9 meno<\/label><\/div><div class='ff-el-input--content'><input type=\"text\" name=\"names[first_name]\" id=\"ff_20_names_first_name_\" class=\"ff-el-form-control\" placeholder=\"Krstn\u00e9 meno\" aria-invalid=\"false\" aria-required=\"true\"><\/div><\/div><\/div><div class='ff-t-cell'><div class='ff-el-group'><div class=\"ff-el-input--label ff-el-is-required asterisk-right\"><label for='ff_20_names_last_name_' >Priezvisko<\/label><\/div><div class='ff-el-input--content'><input type=\"text\" name=\"names[last_name]\" id=\"ff_20_names_last_name_\" class=\"ff-el-form-control\" placeholder=\"Priezvisko\" aria-invalid=\"false\" aria-required=\"true\"><\/div><\/div><\/div><\/div><\/div><div class='ff-el-group'><div class=\"ff-el-input--label ff-el-is-required asterisk-right\"><label for='ff_20_email' aria-label=\"E-mail\">E-mail<\/label><\/div><div class='ff-el-input--content'><input type=\"email\" name=\"email\" id=\"ff_20_email\" class=\"ff-el-form-control\" placeholder=\"E-mailov\u00e1 adresa\" data-name=\"email\"  aria-invalid=\"false\" aria-required=\"true\"><\/div><\/div><div class='ff-el-group    ff-el-input--content'><div class='ff-el-form-check ff-el-tc'><label aria-label='Pre\u010d\u00edtal som si a s\u00fahlas\u00edm s vyhl\u00e1sen\u00edm o ochrane osobn\u00fdch \u00fadajov!' class='ff-el-form-check-label ff_tc_label' for=\"terms-n-condition_64723201849b9ce61b8fb06974c689eb\"><span class='ff_tc_checkbox'><input type=\"checkbox\" name=\"terms-n-condition\" class=\"ff-el-form-check-input\" data-name=\"terms-n-condition\" id=\"terms-n-condition_64723201849b9ce61b8fb06974c689eb\"  value='on' aria-invalid='false' aria-required=\"true\"><\/span> <div class='ff_t_c'><p>Pre\u010d\u00edtal som si a s\u00fahlas\u00edm s vyhl\u00e1sen\u00edm o ochrane osobn\u00fdch \u00fadajov!<\/p><\/div><\/label><\/div><\/div><div class='ff-el-group    ff-el-input--content'><div class='ff-el-form-check ff-el-tc'><label aria-label='S\u00fahlas\u00edm s t\u00fdm, aby t\u00e1to webov\u00e1 lokalita uchov\u00e1vala moje poskytnut\u00e9 \u00fadaje, aby mohla odpoveda\u0165 na moju po\u017eiadavku!' class='ff-el-form-check-label ff_tc_label' for=\"gdpr-agreement_3681a05c40aff8a3b8371cf6035803d4\"><span class='ff_tc_checkbox'><input type=\"checkbox\" name=\"gdpr-agreement\" class=\"ff-el-form-check-input ff_gdpr_field\" data-name=\"gdpr-agreement\" id=\"gdpr-agreement_3681a05c40aff8a3b8371cf6035803d4\"  value='on' aria-invalid='false' aria-required=\"true\"><\/span> <div class='ff_t_c'>S\u00fahlas\u00edm s t\u00fdm, aby t\u00e1to webov\u00e1 lokalita uchov\u00e1vala moje poskytnut\u00e9 \u00fadaje, aby mohla odpoveda\u0165 na moju po\u017eiadavku!<\/div><\/label><\/div><\/div><div class='ff-el-group ff-text-left ff_submit_btn_wrapper'><button type=\"submit\" class=\"ff-btn ff-btn-submit ff-btn-md ff_btn_style\" >Odosla\u0165 na adresu<\/button><\/div><\/fieldset><input type=\"hidden\" name=\"trp-form-language\" value=\"sk\"\/><\/form><div id='fluentform_20_errors' class='ff-errors-in-stack ff_form_instance_20_1 ff-form-loading_errors ff_form_instance_20_1_errors'><\/div><\/div>            <script type=\"text\/javascript\">\n                window.fluent_form_ff_form_instance_20_1 = {\"id\":\"20\",\"settings\":{\"layout\":{\"labelPlacement\":\"top\",\"helpMessagePlacement\":\"with_label\",\"errorMessagePlacement\":\"inline\"},\"restrictions\":{\"denyEmptySubmission\":{\"enabled\":false}}},\"form_instance\":\"ff_form_instance_20_1\",\"form_id_selector\":\"fluentform_20\",\"rules\":{\"names[first_name]\":{\"required\":{\"value\":true,\"message\":\"This field is required\",\"global\":true,\"global_message\":\"This field is required\"}},\"names[middle_name]\":{\"required\":{\"value\":false,\"message\":\"This field is required\",\"global\":true,\"global_message\":\"This field is required\"}},\"names[last_name]\":{\"required\":{\"value\":true,\"message\":\"This field is required\",\"global\":true,\"global_message\":\"This field is required\"}},\"email\":{\"required\":{\"value\":true,\"message\":\"This field is required\",\"global\":true,\"global_message\":\"This field is required\"},\"email\":{\"value\":true,\"message\":\"This field must contain a valid email\",\"global\":true,\"global_message\":\"This field must contain a valid email\"}},\"terms-n-condition\":{\"required\":{\"value\":true,\"message\":\"This field is required\",\"global_message\":\"This field is required\",\"global\":true}},\"gdpr-agreement\":{\"required\":{\"value\":true,\"message\":\"This field is required\",\"global_message\":\"This field is required\",\"global\":true}}},\"debounce_time\":300};\n                            <\/script>\n            <\/div>\n\t\t\t\t\t\t<\/div>\n\t\t\t\t<\/div>\n\t\t\t\t\t<\/div>\n\t\t\t\t<\/div>\n\t\t<div class=\"elementor-element elementor-element-a441554 e-flex e-con-boxed e-con e-parent\" data-id=\"a441554\" data-element_type=\"container\" data-e-type=\"container\">\n\t\t\t\t\t<div class=\"e-con-inner\">\n\t\t\t\t\t<\/div>\n\t\t\t\t<\/div>\n\t\t\t\t<\/div>","protected":false},"excerpt":{"rendered":"<p>H\u013ead\u00e1me h\u013eada\u010dov pokladov! 10% v\u00fdmenou za prov\u00edziu! Ak ste odborn\u00edkom v oblasti umeleck\u00fdch pokladov, nikdy neviete, kedy natraf\u00edte na nejak\u00fa zvl\u00e1\u0161tnos\u0165, ktor\u00fa by ste n\u00e1m chceli pon\u00faknu\u0165 za prov\u00edziu! Po\u0161lite n\u00e1m podrobnosti a fotografiu umeleck\u00e9ho diela, o ktor\u00e9 m\u00e1te z\u00e1ujem, na adresu mutargy@foldvaryaukcio.hu, my ho presk\u00famame a [...]<\/p>","protected":false},"author":7,"featured_media":0,"parent":0,"menu_order":0,"comment_status":"closed","ping_status":"closed","template":"","meta":{"footnotes":""},"class_list":["post-10925","page","type-page","status-publish","hentry","entry"],"_links":{"self":[{"href":"https:\/\/ottevenyikastely.hu\/sk\/wp-json\/wp\/v2\/pages\/10925","targetHints":{"allow":["GET"]}}],"collection":[{"href":"https:\/\/ottevenyikastely.hu\/sk\/wp-json\/wp\/v2\/pages"}],"about":[{"href":"https:\/\/ottevenyikastely.hu\/sk\/wp-json\/wp\/v2\/types\/page"}],"author":[{"embeddable":true,"href":"https:\/\/ottevenyikastely.hu\/sk\/wp-json\/wp\/v2\/users\/7"}],"replies":[{"embeddable":true,"href":"https:\/\/ottevenyikastely.hu\/sk\/wp-json\/wp\/v2\/comments?post=10925"}],"version-history":[{"count":43,"href":"https:\/\/ottevenyikastely.hu\/sk\/wp-json\/wp\/v2\/pages\/10925\/revisions"}],"predecessor-version":[{"id":11762,"href":"https:\/\/ottevenyikastely.hu\/sk\/wp-json\/wp\/v2\/pages\/10925\/revisions\/11762"}],"wp:attachment":[{"href":"https:\/\/ottevenyikastely.hu\/sk\/wp-json\/wp\/v2\/media?parent=10925"}],"curies":[{"name":"wp","href":"https:\/\/api.w.org\/{rel}","templated":true}]}}