{"id":11293,"date":"2024-12-30T08:03:16","date_gmt":"2024-12-30T07:03:16","guid":{"rendered":"https:\/\/ottevenyikastely.hu\/?page_id=11293"},"modified":"2024-12-30T08:17:28","modified_gmt":"2024-12-30T07:17:28","slug":"banyabal","status":"publish","type":"page","link":"https:\/\/ottevenyikastely.hu\/sk\/banyabal\/","title":{"rendered":"Banyab\u00e1l"},"content":{"rendered":"<div data-elementor-type=\"wp-page\" data-elementor-id=\"11293\" class=\"elementor elementor-11293\" data-elementor-post-type=\"page\">\n\t\t\t\t<div class=\"elementor-element elementor-element-1416e63 e-flex e-con-boxed e-con e-parent\" data-id=\"1416e63\" data-element_type=\"container\" data-e-type=\"container\">\n\t\t\t\t\t<div class=\"e-con-inner\">\n\t\t\t\t<div class=\"elementor-element elementor-element-c3f363e elementor-widget elementor-widget-heading\" data-id=\"c3f363e\" data-element_type=\"widget\" data-e-type=\"widget\" data-widget_type=\"heading.default\">\n\t\t\t\t<div class=\"elementor-widget-container\">\n\t\t\t\t\t<h2 class=\"elementor-heading-title elementor-size-default\">2025 .11.01.<\/h2>\t\t\t\t<\/div>\n\t\t\t\t<\/div>\n\t\t\t\t\t<\/div>\n\t\t\t\t<\/div>\n\t\t<div class=\"elementor-element elementor-element-e97db27 e-flex e-con-boxed e-con e-parent\" data-id=\"e97db27\" data-element_type=\"container\" data-e-type=\"container\">\n\t\t\t\t\t<div class=\"e-con-inner\">\n\t\t\t\t<div class=\"elementor-element elementor-element-a6fd0f5 elementor-widget elementor-widget-heading\" data-id=\"a6fd0f5\" data-element_type=\"widget\" data-e-type=\"widget\" data-widget_type=\"heading.default\">\n\t\t\t\t<div class=\"elementor-widget-container\">\n\t\t\t\t\t<h2 class=\"elementor-heading-title elementor-size-default\">Noc \u010darodejn\u00edc na hrade!<\/h2>\t\t\t\t<\/div>\n\t\t\t\t<\/div>\n\t\t\t\t\t<\/div>\n\t\t\t\t<\/div>\n\t\t<div class=\"elementor-element elementor-element-d06f59c e-flex e-con-boxed e-con e-parent\" data-id=\"d06f59c\" data-element_type=\"container\" data-e-type=\"container\">\n\t\t\t\t\t<div class=\"e-con-inner\">\n\t\t\t\t<div class=\"elementor-element elementor-element-480ee96 elementor-widget elementor-widget-text-editor\" data-id=\"480ee96\" data-element_type=\"widget\" data-e-type=\"widget\" data-widget_type=\"text-editor.default\">\n\t\t\t\t<div class=\"elementor-widget-container\">\n\t\t\t\t\t\t\t\t\t<p>Ako inak by mohla vyzera\u0165 oslava D\u0148a m\u0155tvych na na\u0161om hrade, ako na pravom Ban\u00edckom b\u00e1le! \ud83d\ude42 Te\u0161\u00edme sa na <strong>duchovia, stra\u0161idl\u00e1, \u010darodejnice a \u010darodejn\u00edci<\/strong> na skvel\u00fd ve\u010der s v\u00fdnimo\u010dnou atmosf\u00e9rou. \ud83d\ude42<\/p>\t\t\t\t\t\t\t\t<\/div>\n\t\t\t\t<\/div>\n\t\t\t\t\t<\/div>\n\t\t\t\t<\/div>\n\t\t<div class=\"elementor-element elementor-element-75b6c9d e-grid e-con-boxed e-con e-parent\" data-id=\"75b6c9d\" data-element_type=\"container\" data-e-type=\"container\">\n\t\t\t\t\t<div class=\"e-con-inner\">\n\t\t\t\t<div class=\"elementor-element elementor-element-9c764ef elementor-widget elementor-widget-image\" data-id=\"9c764ef\" data-element_type=\"widget\" data-e-type=\"widget\" data-widget_type=\"image.default\">\n\t\t\t\t<div class=\"elementor-widget-container\">\n\t\t\t\t\t\t\t\t\t\t\t\t\t\t\t<img fetchpriority=\"high\" decoding=\"async\" width=\"1024\" height=\"1024\" src=\"https:\/\/ottevenyikastely.hu\/wp-content\/uploads\/2024\/12\/3cf969cf-f802-41ba-9a35-9b431fba97d8.webp\" class=\"attachment-large size-large wp-image-11296\" alt=\"\" srcset=\"https:\/\/ottevenyikastely.hu\/wp-content\/uploads\/2024\/12\/3cf969cf-f802-41ba-9a35-9b431fba97d8.webp 1024w, https:\/\/ottevenyikastely.hu\/wp-content\/uploads\/2024\/12\/3cf969cf-f802-41ba-9a35-9b431fba97d8-300x300.webp 300w, https:\/\/ottevenyikastely.hu\/wp-content\/uploads\/2024\/12\/3cf969cf-f802-41ba-9a35-9b431fba97d8-150x150.webp 150w, https:\/\/ottevenyikastely.hu\/wp-content\/uploads\/2024\/12\/3cf969cf-f802-41ba-9a35-9b431fba97d8-768x768.webp 768w, https:\/\/ottevenyikastely.hu\/wp-content\/uploads\/2024\/12\/3cf969cf-f802-41ba-9a35-9b431fba97d8-12x12.webp 12w, https:\/\/ottevenyikastely.hu\/wp-content\/uploads\/2024\/12\/3cf969cf-f802-41ba-9a35-9b431fba97d8-600x600.webp 600w\" sizes=\"(max-width: 1024px) 100vw, 1024px\" title=\"\">\t\t\t\t\t\t\t\t\t\t\t\t\t\t\t<\/div>\n\t\t\t\t<\/div>\n\t\t\t\t<div class=\"elementor-element elementor-element-5d561e2 elementor-widget elementor-widget-image\" data-id=\"5d561e2\" data-element_type=\"widget\" data-e-type=\"widget\" data-widget_type=\"image.default\">\n\t\t\t\t<div class=\"elementor-widget-container\">\n\t\t\t\t\t\t\t\t\t\t\t\t\t\t\t<img decoding=\"async\" width=\"1024\" height=\"1024\" src=\"https:\/\/ottevenyikastely.hu\/wp-content\/uploads\/2024\/12\/ee2451be-224c-46c6-8546-c47097db8941.webp\" class=\"attachment-large size-large wp-image-11297\" alt=\"\" srcset=\"https:\/\/ottevenyikastely.hu\/wp-content\/uploads\/2024\/12\/ee2451be-224c-46c6-8546-c47097db8941.webp 1024w, https:\/\/ottevenyikastely.hu\/wp-content\/uploads\/2024\/12\/ee2451be-224c-46c6-8546-c47097db8941-300x300.webp 300w, https:\/\/ottevenyikastely.hu\/wp-content\/uploads\/2024\/12\/ee2451be-224c-46c6-8546-c47097db8941-150x150.webp 150w, https:\/\/ottevenyikastely.hu\/wp-content\/uploads\/2024\/12\/ee2451be-224c-46c6-8546-c47097db8941-768x768.webp 768w, https:\/\/ottevenyikastely.hu\/wp-content\/uploads\/2024\/12\/ee2451be-224c-46c6-8546-c47097db8941-12x12.webp 12w, https:\/\/ottevenyikastely.hu\/wp-content\/uploads\/2024\/12\/ee2451be-224c-46c6-8546-c47097db8941-600x600.webp 600w\" sizes=\"(max-width: 1024px) 100vw, 1024px\" title=\"\">\t\t\t\t\t\t\t\t\t\t\t\t\t\t\t<\/div>\n\t\t\t\t<\/div>\n\t\t\t\t<div class=\"elementor-element elementor-element-c938d30 elementor-widget elementor-widget-image\" data-id=\"c938d30\" data-element_type=\"widget\" data-e-type=\"widget\" data-widget_type=\"image.default\">\n\t\t\t\t<div class=\"elementor-widget-container\">\n\t\t\t\t\t\t\t\t\t\t\t\t\t\t\t<img decoding=\"async\" width=\"1024\" height=\"1024\" src=\"https:\/\/ottevenyikastely.hu\/wp-content\/uploads\/2024\/12\/12a4779e-1670-4b4c-8c07-4a4f5a365c0f.webp\" class=\"attachment-large size-large wp-image-11295\" alt=\"\" srcset=\"https:\/\/ottevenyikastely.hu\/wp-content\/uploads\/2024\/12\/12a4779e-1670-4b4c-8c07-4a4f5a365c0f.webp 1024w, https:\/\/ottevenyikastely.hu\/wp-content\/uploads\/2024\/12\/12a4779e-1670-4b4c-8c07-4a4f5a365c0f-300x300.webp 300w, https:\/\/ottevenyikastely.hu\/wp-content\/uploads\/2024\/12\/12a4779e-1670-4b4c-8c07-4a4f5a365c0f-150x150.webp 150w, https:\/\/ottevenyikastely.hu\/wp-content\/uploads\/2024\/12\/12a4779e-1670-4b4c-8c07-4a4f5a365c0f-768x768.webp 768w, https:\/\/ottevenyikastely.hu\/wp-content\/uploads\/2024\/12\/12a4779e-1670-4b4c-8c07-4a4f5a365c0f-12x12.webp 12w, https:\/\/ottevenyikastely.hu\/wp-content\/uploads\/2024\/12\/12a4779e-1670-4b4c-8c07-4a4f5a365c0f-600x600.webp 600w\" sizes=\"(max-width: 1024px) 100vw, 1024px\" title=\"\">\t\t\t\t\t\t\t\t\t\t\t\t\t\t\t<\/div>\n\t\t\t\t<\/div>\n\t\t\t\t\t<\/div>\n\t\t\t\t<\/div>\n\t\t<div class=\"elementor-element elementor-element-e72fb67 e-flex e-con-boxed e-con e-parent\" data-id=\"e72fb67\" data-element_type=\"container\" data-e-type=\"container\">\n\t\t\t\t\t<div class=\"e-con-inner\">\n\t\t\t\t<div class=\"elementor-element elementor-element-e6423d7 elementor-widget elementor-widget-text-editor\" data-id=\"e6423d7\" data-element_type=\"widget\" data-e-type=\"widget\" data-widget_type=\"text-editor.default\">\n\t\t\t\t<div class=\"elementor-widget-container\">\n\t\t\t\t\t\t\t\t\t<p>Po\u010das ve\u010dera sa bude tancova\u0165 \u010darodejn\u00edcky tanec, vyr\u00e1ba\u0165 a ochutn\u00e1va\u0165 lektvary, pripraven\u00e9 bude \u0161peci\u00e1lne stra\u0161ideln\u00e9 menu s \u010darodejn\u00edckym kol\u00e1\u010dom. Ve\u013ea hudby a z\u00e1bavy. O\u010darujte sa na jednu noc!\u00a0<\/p>\t\t\t\t\t\t\t\t<\/div>\n\t\t\t\t<\/div>\n\t\t\t\t\t<\/div>\n\t\t\t\t<\/div>\n\t\t<div class=\"elementor-element elementor-element-3a99350 e-flex e-con-boxed e-con e-parent\" data-id=\"3a99350\" data-element_type=\"container\" data-e-type=\"container\">\n\t\t\t\t\t<div class=\"e-con-inner\">\n\t\t\t\t<div class=\"elementor-element elementor-element-88127c7 elementor-widget elementor-widget-video\" data-id=\"88127c7\" data-element_type=\"widget\" data-e-type=\"widget\" data-settings=\"{&quot;youtube_url&quot;:&quot;https:\\\/\\\/youtu.be\\\/tSHEhPsEFRo?si=RkyCfZ3M54hlu9IH&quot;,&quot;start&quot;:2,&quot;autoplay&quot;:&quot;yes&quot;,&quot;play_on_mobile&quot;:&quot;yes&quot;,&quot;loop&quot;:&quot;yes&quot;,&quot;video_type&quot;:&quot;youtube&quot;,&quot;controls&quot;:&quot;yes&quot;}\" data-widget_type=\"video.default\">\n\t\t\t\t<div class=\"elementor-widget-container\">\n\t\t\t\t\t\t\t<div class=\"elementor-wrapper elementor-open-inline\">\n\t\t\t<div class=\"elementor-video\"><\/div>\t\t<\/div>\n\t\t\t\t\t\t<\/div>\n\t\t\t\t<\/div>\n\t\t\t\t\t<\/div>\n\t\t\t\t<\/div>\n\t\t<div class=\"elementor-element elementor-element-6552e4f e-flex e-con-boxed e-con e-parent\" data-id=\"6552e4f\" data-element_type=\"container\" data-e-type=\"container\">\n\t\t\t\t\t<div class=\"e-con-inner\">\n\t\t\t\t<div class=\"elementor-element elementor-element-0cf64e4 elementor-widget elementor-widget-text-editor\" data-id=\"0cf64e4\" data-element_type=\"widget\" data-e-type=\"widget\" data-widget_type=\"text-editor.default\">\n\t\t\t\t<div class=\"elementor-widget-container\">\n\t\t\t\t\t\t\t\t\t<p style=\"text-align: center;\">Ak si na \u0148u po\u010dk\u00e1te, m\u00f4\u017eete sa stretn\u00fa\u0165 s ve\u0161tky\u0148ou Cassandrou, ktor\u00e1 v\u00e1m z karty Tartot vylo\u017e\u00ed va\u0161u bud\u00facnos\u0165! \ud83d\ude42 \u00a0\u00a0<\/p>\t\t\t\t\t\t\t\t<\/div>\n\t\t\t\t<\/div>\n\t\t\t\t\t<\/div>\n\t\t\t\t<\/div>\n\t\t<div class=\"elementor-element elementor-element-623a41f e-flex e-con-boxed e-con e-parent\" data-id=\"623a41f\" data-element_type=\"container\" data-e-type=\"container\">\n\t\t\t\t\t<div class=\"e-con-inner\">\n\t\t\t\t<div class=\"elementor-element elementor-element-ad21713 elementor-widget elementor-widget-image\" data-id=\"ad21713\" data-element_type=\"widget\" data-e-type=\"widget\" data-widget_type=\"image.default\">\n\t\t\t\t<div class=\"elementor-widget-container\">\n\t\t\t\t\t\t\t\t\t\t\t\t\t\t\t<img loading=\"lazy\" decoding=\"async\" width=\"1024\" height=\"1024\" src=\"https:\/\/ottevenyikastely.hu\/wp-content\/uploads\/2024\/12\/533b8f32-a2fe-4c1c-a354-1b75d971183d.webp\" class=\"attachment-large size-large wp-image-11302\" alt=\"\" srcset=\"https:\/\/ottevenyikastely.hu\/wp-content\/uploads\/2024\/12\/533b8f32-a2fe-4c1c-a354-1b75d971183d.webp 1024w, https:\/\/ottevenyikastely.hu\/wp-content\/uploads\/2024\/12\/533b8f32-a2fe-4c1c-a354-1b75d971183d-300x300.webp 300w, https:\/\/ottevenyikastely.hu\/wp-content\/uploads\/2024\/12\/533b8f32-a2fe-4c1c-a354-1b75d971183d-150x150.webp 150w, https:\/\/ottevenyikastely.hu\/wp-content\/uploads\/2024\/12\/533b8f32-a2fe-4c1c-a354-1b75d971183d-768x768.webp 768w, https:\/\/ottevenyikastely.hu\/wp-content\/uploads\/2024\/12\/533b8f32-a2fe-4c1c-a354-1b75d971183d-12x12.webp 12w, https:\/\/ottevenyikastely.hu\/wp-content\/uploads\/2024\/12\/533b8f32-a2fe-4c1c-a354-1b75d971183d-600x600.webp 600w\" sizes=\"(max-width: 1024px) 100vw, 1024px\" title=\"\">\t\t\t\t\t\t\t\t\t\t\t\t\t\t\t<\/div>\n\t\t\t\t<\/div>\n\t\t\t\t\t<\/div>\n\t\t\t\t<\/div>\n\t\t\t\t<\/div>","protected":false},"excerpt":{"rendered":"<p>2025 .11.01. Boszork\u00e1nyok \u00e9jszak\u00e1ja a kast\u00e9lyban! Mi m\u00e1s lehetne egy halottak napi bulin a kast\u00e9lyunkban mint egy igazi Banyab\u00e1l! \ud83d\ude42 V\u00e1rjuk szellemek, kis\u00e9rtetek, boszork\u00e1nyok \u00e9s var\u00e1zsl\u00f3k jelentkez\u00e9s\u00e9t egy nagyszer\u0171, k\u00fcl\u00f6nleges hangulat\u00fa est\u00e9re. \ud83d\ude42 Az est folyam\u00e1n lesz boszork\u00e1ny t\u00e1nc, var\u00e1zsital f\u0151z\u00e9s \u00e9s k\u00f3stol\u00e1s, k\u00fcl\u00f6nleges k\u00eds\u00e9rtet men\u00fc, var\u00e1zstort\u00e1val. Sok zene \u00e9s sz\u00f3rakoz\u00e1s. Var\u00e1zsold el magad egy [&hellip;]<\/p>","protected":false},"author":7,"featured_media":0,"parent":0,"menu_order":0,"comment_status":"closed","ping_status":"closed","template":"","meta":{"footnotes":""},"class_list":["post-11293","page","type-page","status-publish","hentry","entry"],"_links":{"self":[{"href":"https:\/\/ottevenyikastely.hu\/sk\/wp-json\/wp\/v2\/pages\/11293","targetHints":{"allow":["GET"]}}],"collection":[{"href":"https:\/\/ottevenyikastely.hu\/sk\/wp-json\/wp\/v2\/pages"}],"about":[{"href":"https:\/\/ottevenyikastely.hu\/sk\/wp-json\/wp\/v2\/types\/page"}],"author":[{"embeddable":true,"href":"https:\/\/ottevenyikastely.hu\/sk\/wp-json\/wp\/v2\/users\/7"}],"replies":[{"embeddable":true,"href":"https:\/\/ottevenyikastely.hu\/sk\/wp-json\/wp\/v2\/comments?post=11293"}],"version-history":[{"count":10,"href":"https:\/\/ottevenyikastely.hu\/sk\/wp-json\/wp\/v2\/pages\/11293\/revisions"}],"predecessor-version":[{"id":11308,"href":"https:\/\/ottevenyikastely.hu\/sk\/wp-json\/wp\/v2\/pages\/11293\/revisions\/11308"}],"wp:attachment":[{"href":"https:\/\/ottevenyikastely.hu\/sk\/wp-json\/wp\/v2\/media?parent=11293"}],"curies":[{"name":"wp","href":"https:\/\/api.w.org\/{rel}","templated":true}]}}