{"id":12227,"date":"2025-04-07T14:12:41","date_gmt":"2025-04-07T12:12:41","guid":{"rendered":"https:\/\/ottevenyikastely.hu\/?page_id=12227"},"modified":"2025-04-24T11:39:47","modified_gmt":"2025-04-24T09:39:47","slug":"bizomanyos-aukciora-bocsatasi-megallapodas","status":"publish","type":"page","link":"https:\/\/ottevenyikastely.hu\/sk\/bizomanyos-aukciora-bocsatasi-megallapodas\/","title":{"rendered":"Zmluva o konven\u010dnej dra\u017ebe"},"content":{"rendered":"<div data-elementor-type=\"wp-page\" data-elementor-id=\"12227\" class=\"elementor elementor-12227\" data-elementor-post-type=\"page\">\n\t\t\t\t<div class=\"elementor-element elementor-element-ad3aa8e e-flex e-con-boxed e-con e-parent\" data-id=\"ad3aa8e\" data-element_type=\"container\" data-e-type=\"container\">\n\t\t\t\t\t<div class=\"e-con-inner\">\n\t\t\t\t<div class=\"elementor-element elementor-element-faac240 elementor-widget elementor-widget-heading\" data-id=\"faac240\" data-element_type=\"widget\" data-e-type=\"widget\" data-widget_type=\"heading.default\">\n\t\t\t\t<div class=\"elementor-widget-container\">\n\t\t\t\t\t<h2 class=\"elementor-heading-title elementor-size-default\">KONVEN\u010cN\u00c1 AUK\u010cN\u00c1 DOHODA<\/h2>\t\t\t\t<\/div>\n\t\t\t\t<\/div>\n\t\t\t\t\t<\/div>\n\t\t\t\t<\/div>\n\t\t<div class=\"elementor-element elementor-element-5c064ac e-flex e-con-boxed e-con e-parent\" data-id=\"5c064ac\" data-element_type=\"container\" data-e-type=\"container\">\n\t\t\t\t\t<div class=\"e-con-inner\">\n\t\t\t\t<div class=\"elementor-element elementor-element-c5e7620 elementor-widget elementor-widget-text-editor\" data-id=\"c5e7620\" data-element_type=\"widget\" data-e-type=\"widget\" data-widget_type=\"text-editor.default\">\n\t\t\t\t<div class=\"elementor-widget-container\">\n\t\t\t\t\t\t\t\t\t<p style=\"text-align: center;\">(n\u00e1vrh)<\/p>\t\t\t\t\t\t\t\t<\/div>\n\t\t\t\t<\/div>\n\t\t\t\t\t<\/div>\n\t\t\t\t<\/div>\n\t\t<div class=\"elementor-element elementor-element-c74fa3e e-flex e-con-boxed e-con e-parent\" data-id=\"c74fa3e\" data-element_type=\"container\" data-e-type=\"container\">\n\t\t\t\t\t<div class=\"e-con-inner\">\n\t\t\t\t<div class=\"elementor-element elementor-element-feff0f7 elementor-widget elementor-widget-text-editor\" data-id=\"feff0f7\" data-element_type=\"widget\" data-e-type=\"widget\" data-widget_type=\"text-editor.default\">\n\t\t\t\t<div class=\"elementor-widget-container\">\n\t\t\t\t\t\t\t\t\t<h3><span style=\"font-family: Helvetica;\"><b>1.\u00a0\u00a0\u00a0\u00a0\u00a0<\/b><b>Zmluva (\u010falej len \"S<\/b><b>predmetu zmluvy)<\/b><\/span><\/h3><p class=\"x_MsoListParagraphCxSpFirst\"><span style=\"font-family: Helvetica;\">1.1 Majite\u013e pon\u00faka vy\u0161\u0161ie op\u00edsan\u00e9 umeleck\u00e9 dielo (\u010falej len \"dielo\") na dra\u017ebu v r\u00e1mci d\u00f4veryhodnej aukcie organizovanej Auk\u010dn\u00fdm domom ako obchodn\u00fdm sprostredkovate\u013eom:<\/span><\/p><p class=\"x_MsoListParagraphCxSpLast\"><span style=\"font-family: Helvetica;\">1.2 Auk\u010dn\u00fd dom sa zav\u00e4zuje inzerova\u0165 a pon\u00faka\u0165 umeleck\u00e9 dielo na dra\u017ebu za t\u00fdchto podmienok.<\/span><\/p><h3><span style=\"font-family: Helvetica;\"><b>2.\u00a0\u00a0\u00a0\u00a0\u00a0<\/b><b>Prenos a konzerv\u00e1cia umeleck\u00e9ho diela, zodpovednos\u0165 za \u0161kodu<\/b><\/span><\/h3><p class=\"x_MsoListParagraphCxSpFirst\"><span style=\"font-family: Helvetica;\">2.1 Auk\u010dn\u00fd dom podpisom tejto zmluvy potvrdzuje, \u017ee v tento de\u0148 prevzal vy\u0161\u0161ie uveden\u00e9 umeleck\u00e9 dielo.<\/span><\/p><p class=\"x_MsoListParagraphCxSpMiddle\"><span style=\"font-family: Helvetica;\"><span style=\"font-family: Aptos, sans-serif;\">2.2.<\/span>\u00a0\u00a0\u00a0<span style=\"font-family: Aptos, sans-serif;\">Auk\u010dn\u00fd dom zodpoved\u00e1 za \u00faschovu a po\u0161kodenie diela od jeho prevzatia a\u017e do konania aukcie alebo, ak sa dielo na aukcii nepred\u00e1, do jeho vr\u00e1tenia. Ak v de\u0148 ur\u010den\u00fd na vr\u00e1tenie, ktor\u00fdm je 14. de\u0148 po aukcii, Majite\u013e vr\u00e1til Dielo do <\/span>to<span style=\"font-family: Aptos, sans-serif;\">\u00a0do 45 dn\u00ed od d\u00e1tumu vr\u00e1tenia, zodpovednos\u0165 auk\u010dn\u00e9ho domu za \u00faschovu a n\u00e1hradu \u0161kody zanik\u00e1 v de\u0148 uveden\u00fd v tomto dokumente.<\/span><\/span><\/p><p class=\"x_MsoListParagraphCxSpMiddle\"><span style=\"font-family: Helvetica;\">2.3 Auk\u010dn\u00fd dom zodpoved\u00e1 za \u0161kodu len vtedy, ak je mo\u017en\u00e9 preuk\u00e1za\u0165 priamu pr\u00ed\u010dinn\u00fa s\u00favislos\u0165 a hrub\u00fa nedbanlivos\u0165.  N\u00e1sledn\u00e9 \u0161kody s\u00fa vyl\u00fa\u010den\u00e9.\u00a0\u00a0<\/span><\/p><p class=\"x_MsoListParagraphCxSpLast\"><span style=\"font-family: Helvetica;\">\u00a0<\/span><\/p><h3><span style=\"font-family: Helvetica;\"><b>3.\u00a0\u00a0\u00a0\u00a0\u00a0<\/b><b>Odborn\u00e9 vy\u0161etrenie a osved\u010denie o p\u00f4vode<\/b><\/span><\/h3><p class=\"x_MsoListParagraphCxSpFirst\"><span style=\"font-family: Helvetica;\">3.1 Auk\u010dn\u00fd dom sa zav\u00e4zuje, \u017ee v pr\u00edpade nes\u00fa\u010dasn\u00fdch obrazov nech\u00e1 dielo bezplatne presk\u00fama\u0165 a oceni\u0165 odborn\u00edkmi. Na tomto z\u00e1klade bude Umeleck\u00e9 dielo pon\u00faknut\u00e9 a inzerovan\u00e9 v aukcii.<\/span><\/p><p class=\"x_MsoListParagraphCxSpMiddle\"><span style=\"font-family: Helvetica;\">3.2 Ak sa pri sk\u00faman\u00ed zist\u00ed, \u017ee umeleck\u00e9 dielo je falzifik\u00e1t alebo \u017ee hodnota odhadnut\u00e1 znalcom Auk\u010dn\u00e9ho domu je ni\u017e\u0161ia ako vyvol\u00e1vacia cena, Auk\u010dn\u00fd dom je opr\u00e1vnen\u00fd jednostranne odst\u00fapi\u0165 od zmluvy bez pr\u00e1vnych n\u00e1sledkov a vr\u00e1ti\u0165 umeleck\u00e9 dielo Vlastn\u00edkovi. V takomto pr\u00edpade si Majite\u013e nem\u00f4\u017ee vo\u010di Auk\u010dn\u00e9mu domu uplat\u0148ova\u0165 \u017eiadne n\u00e1roky.<\/span><\/p><p class=\"x_MsoListParagraphCxSpLast\"><span style=\"font-family: Helvetica;\">\u00a0<\/span><\/p><h3><span style=\"font-family: Helvetica;\"><b>4.\u00a0\u00a0\u00a0\u00a0\u00a0\u00a0\u00a0\u00a0\u00a0\u00a0\u00a0\u00a0<\/b><b>Podmienky odvolania diela<\/b><\/span><\/h3><p class=\"x_MsoListParagraphCxSpFirst\"><span style=\"font-family: Helvetica;\">Vlastn\u00edk je opr\u00e1vnen\u00fd stiahnu\u0165 Dielo z aukcie a prevzia\u0165 ho od Auk\u010dn\u00e9ho domu najnesk\u00f4r do 30 pracovn\u00fdch dn\u00ed od podpisu Zmluvy pred za\u010diatkom aukcie. V pr\u00edpade stiahnutia Vlastn\u00edk zaplat\u00ed Auk\u010dn\u00e9mu domu pau\u0161\u00e1lnu sumu rovnaj\u00facu sa Auk\u010dnej cene 20%. \u00dapln\u00e9 zaplatenie pokuty je podmienkou pre nadobudnutie \u00fa\u010dinnosti odvolania. Odvolanie nenadobudne \u00fa\u010dinnos\u0165 ani v pr\u00edpade, \u017ee na \u00fa\u010det kupuj\u00faceho v Auk\u010dnom dome nebude prip\u00edsan\u00e1 suma najnesk\u00f4r 30 pracovn\u00fdch dn\u00ed pred aukciou.\u00a0<\/span><\/p><p class=\"x_MsoListParagraphCxSpLast\"><span style=\"font-family: Helvetica;\">\u00a0<\/span><\/p><h3><span style=\"font-family: Helvetica;\"><b>5.\u00a0\u00a0\u00a0\u00a0\u00a0\u00a0\u00a0\u00a0\u00a0\u00a0\u00a0\u00a0<\/b><b>Z\u00fa\u010dtovanie<\/b><\/span><\/h3><p class=\"x_MsoListParagraphCxSpFirst\"><span style=\"font-family: Helvetica;\">5.1 Auk\u010dn\u00fd dom po \u00faspe\u0161nej aukcii a \u00faplnom zaplaten\u00ed kladivkovej ceny Diela Kupuj\u00facim v stanovenej lehote zaplat\u00ed kladivkov\u00fa cenu\u00a0<b>80% za 8 dn\u00ed<\/b>\u00a0<b>vn\u00fatri<\/b>\u00a0je vlastn\u00edk povinn\u00fd zaplati\u0165 bankov\u00fdm prevodom na vy\u0161\u0161ie uveden\u00fd \u00fa\u010det. Realiza\u010dn\u00e1 cena je\u00a0<b>20%-a - ako n\u00e1klady na riadenie\u00a0<\/b>- do auk\u010dn\u00e9ho domu.\u00a0<\/span><\/p><p class=\"x_MsoListParagraphCxSpMiddle\"><span style=\"font-family: Helvetica;\">5.2 Ak bola aukcia alebo n\u00e1sledn\u00fd sekund\u00e1rny predaj \u00faspe\u0161n\u00fd, ale vydra\u017eite\u013e napriek tomu nezaplat\u00ed k\u00fapnu cenu v\u010das, auk\u010dn\u00fd dom vr\u00e1ti umeleck\u00e9 dielo vlastn\u00edkovi na fyzick\u00e9 miesto aukcie do 8 dn\u00ed od objasnenia pr\u00e1vnej situ\u00e1cie.<\/span><\/p><p class=\"x_MsoListParagraphCxSpLast\"><span style=\"font-family: Helvetica;\">\u00a0<\/span><\/p><h3><span style=\"font-family: Helvetica;\"><b>6.\u00a0\u00a0\u00a0\u00a0\u00a0<\/b><b>Ne\u00faspech aukcie<\/b><\/span><\/h3><p class=\"x_MsoListParagraphCxSpFirst\"><span style=\"font-family: Helvetica;\">6.1 Ak sa Dielo nepred\u00e1 v aukcii, Auk\u010dn\u00fd dom sa zav\u00e4zuje inzerova\u0165 a pred\u00e1va\u0165 Dielo za auk\u010dn\u00fa cenu \u010fal\u0161ie 2 t\u00fd\u017edne, pokia\u013e sa Majite\u013e p\u00edsomne nedohodne inak. Ak sa Dielo nepred\u00e1 ani po tomto \u010dase, Auk\u010dn\u00fd dom ho vr\u00e1ti Vlastn\u00edkovi na fyzickom mieste aukcie v lehote stanovenej v tomto dokumente v \u010dase po\u017eadovanom Vlastn\u00edkom po\u010das pracovn\u00fdch hod\u00edn v pracovn\u00fdch d\u0148och. Po uplynut\u00ed dvojt\u00fd\u017ed\u0148ovej lehoty m\u00e1 Majite\u013e maxim\u00e1lne 60 dn\u00ed na vyzdvihnutie a odvoz Diela. V pr\u00edpade ne\u00faspe\u0161nej aukcie a n\u00e1sledn\u00e9ho ne\u00faspe\u0161n\u00e9ho pokusu o predaj sa\u00a0<b>strany nemaj\u00fa vo\u010di sebe \u017eiadne platobn\u00e9 z\u00e1v\u00e4zky.<\/b><\/span><\/p><p class=\"x_MsoListParagraphCxSpMiddle\"><span style=\"font-family: Helvetica;\">6.2 Ak Majite\u013e neodstr\u00e1ni Dielo z Auk\u010dn\u00e9ho domu po 60 d\u0148och, Auk\u010dn\u00fd dom bude \u00fa\u010dtova\u0165 \u010dist\u00fa denn\u00fa sumu 1 000.- (i) Auk\u010dn\u00fd dom m\u00f4\u017ee \u00fa\u010dtova\u0165 poplatok za uskladnenie vo v\u00fd\u0161ke 1 000 HUF denne za ka\u017ed\u00fd de\u0148 a z\u00e1rove\u0148 (ii) Auk\u010dn\u00fd dom m\u00e1 pr\u00e1vo k\u00fapi\u0165 Dielo za \u00fahradu vyvol\u00e1vacej ceny 50%, ktor\u00e1 m\u00f4\u017ee zah\u0155\u0148a\u0165 poplatok za uskladnenie a administrat\u00edvne n\u00e1klady.<\/span><\/p><p class=\"x_MsoListParagraphCxSpLast\"><span style=\"font-family: Helvetica;\">\u00a0<\/span><\/p><h3><span style=\"font-family: Helvetica;\"><b>7.\u00a0\u00a0\u00a0\u00a0\u00a0\u00a0\u00a0\u00a0\u00a0\u00a0\u00a0\u00a0<\/b><b>R\u00f4zne ustanovenia<\/b><\/span><\/h3><p class=\"x_MsoListParagraphCxSpFirst\"><span style=\"font-family: Helvetica;\">7.1 Zmluvn\u00e9 strany akceptuj\u00fa Auk\u010dn\u00fd poriadok auk\u010dn\u00e9ho domu ako z\u00e1v\u00e4zn\u00fd pre ich pr\u00e1vny vz\u0165ah:\u00a0<a href=\"https:\/\/ottevenyikastely.hu\/sk\/pravidla-arveres\/\">https:\/\/ottevenyikastely.hu\/arveresi-szabalyzat\/<\/a>a \u010fal\u0161ie z\u00e1sady uverejnen\u00e9 na tejto webovej str\u00e1nke. Vlastn\u00edk vyhlasuje, \u017ee sa s t\u00fdmito pravidlami obozn\u00e1mil pred podpisom zmluvy a \u017ee mu auk\u010dn\u00fd dom umo\u017enil ich prerokovanie.<\/span><\/p><p class=\"x_MsoListParagraphCxSpMiddle\"><span style=\"font-family: Helvetica;\">7.2 Na z\u00e1le\u017eitosti, ktor\u00e9 nie s\u00fa upraven\u00e9 zmluvou a predpismi uveden\u00fdmi v bode 7.1, sa vz\u0165ahuje ma\u010farsk\u00e9 pr\u00e1vo.  Zmluvn\u00e9 strany sa pri rie\u0161en\u00ed pr\u00edpadn\u00fdch sporov podria\u010fuj\u00fa pr\u00e1vomoci pr\u00edslu\u0161n\u00e9ho s\u00fadu so s\u00eddlom v Gy\u0151ri, Ma\u010farsko.<\/span><\/p><p class=\"x_MsoListParagraphCxSpMiddle\"><span style=\"font-family: Helvetica;\">7.3 Zmluvn\u00e9 strany m\u00f4\u017eu meni\u0165 a dop\u013a\u0148a\u0165 zmluvu na z\u00e1klade vz\u00e1jomnej dohody, ktor\u00e1 m\u00f4\u017ee ma\u0165 len p\u00edsomn\u00fa formu.<\/span><\/p><p class=\"x_MsoListParagraphCxSpMiddle\"><span style=\"font-family: Helvetica;\">7.4 Zmluvn\u00e9 strany vyhlasuj\u00fa, \u017ee si pre\u010d\u00edtali podmienky zmluvy, porozumeli im a s\u00fahlasia s nimi.\u00a0<\/span><\/p>\t\t\t\t\t\t\t\t<\/div>\n\t\t\t\t<\/div>\n\t\t\t\t\t<\/div>\n\t\t\t\t<\/div>\n\t\t\t\t<\/div>","protected":false},"excerpt":{"rendered":"<p>ZMLUVA O D\u00d4VEREJNEJ DRA\u017dBE (n\u00e1vrh) 1. Predmet zmluvy (\u010falej len \"zmluva\") 1.1 Vlastn\u00edk pon\u00faka vy\u0161\u0161ie op\u00edsan\u00e9 umeleck\u00e9 dielo (\u010falej len \"umeleck\u00e9 dielo\") na dra\u017ebu na z\u00e1klade d\u00f4very na dra\u017ebe organizovanej Auk\u010dn\u00fdm domom ako obchodn\u00fdm sprostredkovate\u013eom: 1.2. Auk\u010dn\u00fd dom sa zav\u00e4zuje propagova\u0165 Umeleck\u00e9 dielo na aukcii a da\u0165 ho do dra\u017eby za nasleduj\u00facich podmienok.<\/p>","protected":false},"author":7,"featured_media":0,"parent":0,"menu_order":0,"comment_status":"closed","ping_status":"closed","template":"","meta":{"footnotes":""},"class_list":["post-12227","page","type-page","status-publish","hentry","entry"],"_links":{"self":[{"href":"https:\/\/ottevenyikastely.hu\/sk\/wp-json\/wp\/v2\/pages\/12227","targetHints":{"allow":["GET"]}}],"collection":[{"href":"https:\/\/ottevenyikastely.hu\/sk\/wp-json\/wp\/v2\/pages"}],"about":[{"href":"https:\/\/ottevenyikastely.hu\/sk\/wp-json\/wp\/v2\/types\/page"}],"author":[{"embeddable":true,"href":"https:\/\/ottevenyikastely.hu\/sk\/wp-json\/wp\/v2\/users\/7"}],"replies":[{"embeddable":true,"href":"https:\/\/ottevenyikastely.hu\/sk\/wp-json\/wp\/v2\/comments?post=12227"}],"version-history":[{"count":13,"href":"https:\/\/ottevenyikastely.hu\/sk\/wp-json\/wp\/v2\/pages\/12227\/revisions"}],"predecessor-version":[{"id":13114,"href":"https:\/\/ottevenyikastely.hu\/sk\/wp-json\/wp\/v2\/pages\/12227\/revisions\/13114"}],"wp:attachment":[{"href":"https:\/\/ottevenyikastely.hu\/sk\/wp-json\/wp\/v2\/media?parent=12227"}],"curies":[{"name":"wp","href":"https:\/\/api.w.org\/{rel}","templated":true}]}}