{"id":12289,"date":"2025-04-12T09:02:39","date_gmt":"2025-04-12T07:02:39","guid":{"rendered":"https:\/\/ottevenyikastely.hu\/?page_id=12289"},"modified":"2025-06-14T07:23:54","modified_gmt":"2025-06-14T05:23:54","slug":"zakaz-kata","status":"publish","type":"page","link":"https:\/\/ottevenyikastely.hu\/sk\/zakaz-kata\/","title":{"rendered":"Kata B\u00e1n"},"content":{"rendered":"<div data-elementor-type=\"wp-page\" data-elementor-id=\"12289\" class=\"elementor elementor-12289\" data-elementor-post-type=\"page\">\n\t\t\t\t<div class=\"elementor-element elementor-element-1d37b64 e-flex e-con-boxed e-con e-parent\" data-id=\"1d37b64\" data-element_type=\"container\" data-e-type=\"container\">\n\t\t\t\t\t<div class=\"e-con-inner\">\n\t\t\t\t<div class=\"elementor-element elementor-element-8beddd2 elementor-widget elementor-widget-heading\" data-id=\"8beddd2\" data-element_type=\"widget\" data-e-type=\"widget\" data-widget_type=\"heading.default\">\n\t\t\t\t<div class=\"elementor-widget-container\">\n\t\t\t\t\t<h2 class=\"elementor-heading-title elementor-size-default\">Kata B\u00e1n<\/h2>\t\t\t\t<\/div>\n\t\t\t\t<\/div>\n\t\t\t\t\t<\/div>\n\t\t\t\t<\/div>\n\t\t<div class=\"elementor-element elementor-element-91fb0af e-flex e-con-boxed e-con e-parent\" data-id=\"91fb0af\" data-element_type=\"container\" data-e-type=\"container\">\n\t\t\t\t\t<div class=\"e-con-inner\">\n\t\t\t\t<div class=\"elementor-element elementor-element-c4fe475 elementor-widget elementor-widget-text-editor\" data-id=\"c4fe475\" data-element_type=\"widget\" data-e-type=\"widget\" data-widget_type=\"text-editor.default\">\n\t\t\t\t<div class=\"elementor-widget-container\">\n\t\t\t\t\t\t\t\t\t<p>Som maliarka Kata B\u00e1n. \u017dijem a pracujem v Gy\u0151ri v Ma\u010farsku.<\/p><p>Mojou u\u010dite\u013ekou kreslenia bola Ildik\u00f3 Karsaiov\u00e1, grafi\u010dka. Ke\u010f som chodila do \u0161koly, vyhrala som cenu v s\u00fa\u0165a\u017ei kresieb, ktor\u00fa organizoval UNICEF a ktor\u00e1 sa t\u00fdkala rovnosti farebn\u00fdch a bielych \u013eud\u00ed na celom svete. Nesk\u00f4r som \u0161tyri roky viedla v\u00fdtvarn\u00fd odbor na \u0161kole.<\/p><p>Po skon\u010den\u00ed odbornej \u0161koly ma zl\u00e1kalo bankovn\u00edctvo, v ktorom som pracoval a\u017e do roku 2019.<\/p><p>V roku 2019 som za\u010dala op\u00e4\u0165 ma\u013eova\u0165 ako samouk a neust\u00e1le sa zdokona\u013eujem, v\u00e4\u010d\u0161inou s pomocou internetu, online kurzov a vlastn\u00fdch sk\u00fasenost\u00ed.<\/p><p>Za posledn\u00fdch 5 rokov som dokon\u010dil takmer 500 obrazov, z toho 80-90% na objedn\u00e1vku.<\/p><p>Okrem Ma\u010farska m\u00e1m origin\u00e1ly v \u00cdrsku, Nemecku, Rak\u00fasku, Los Angeles, Kalifornii a Mexiku, v\u0161etky v s\u00fakromn\u00fdch ruk\u00e1ch. Nieko\u013eko zberate\u013eov si odo m\u0148a k\u00fapilo diela, ale s\u00fa aj zberatelia, ktor\u00ed si odo m\u0148a k\u00fapili a objednali viac ako 100 origin\u00e1lov obrazov.<\/p><p>V roku 2021 ma po\u017eiadali, aby som nama\u013eoval ob\u00e1lku knihy. Kniha sa vol\u00e1 Len pre teba. Je o autizme a jeho lie\u010dbe z poh\u013eadu matky.<\/p><p>V roku 2023 som otvoril svoju prv\u00fa gal\u00e9riu v Gy\u0151ri, v malej miestnosti miestnej re\u0161taur\u00e1cie na ulici Ap\u00e1ca, s v\u00fdh\u013eadom na ulicu.V roku 2025 sa mi podarilo pres\u0165ahova\u0165 do v\u00e4\u010d\u0161ej, priestrannej\u0161ej, nez\u00e1vislej gal\u00e9rie, ktor\u00e1 m\u00e1 ve\u013ek\u00e9 okno a viac ako 55 metrov \u0161tvorcov\u00fdch priestoru pre umenie a v\u00fdstavy. Funguje ako skuto\u010dn\u00e1 ART-GALLERY.<\/p><p>V roku 2025 som sa z\u00fa\u010dastnil na umeleckom t\u00e1bore na z\u00e1mku \u00d6ttev\u00e9nyi F\u00f6ldv\u00e1ry, kde v\u0161etky n\u00e1klady hradil majite\u013e z\u00e1mku a na ktorom sa mohli z\u00fa\u010dastni\u0165 len t\u00ed najrenomovanej\u0161\u00ed s\u00fa\u010dasn\u00ed umelci. Niektor\u00e9 z obrazov, ktor\u00e9 tam vznikli, boli spolu s \u010fal\u0161\u00edmi 15 s\u00fa\u010dasn\u00fdmi umelcami, ktor\u00ed tam ma\u013eovali, darovan\u00e9 na charitu. Po nieko\u013ek\u00fdch n\u00e1rodn\u00fdch v\u00fdstav\u00e1ch sa obrazy predaj\u00fa na aukcii v okt\u00f3bri 2025.<\/p><p>Moje pr\u00e1ce s\u00fa roben\u00e9 ru\u010dne, olejom alebo akrylom, \u0161tetcom, tradi\u010dn\u00fdm sp\u00f4sobom. Ku v\u0161etk\u00fdm dielam je prilo\u017een\u00fd certifik\u00e1t pravosti a jedine\u010dn\u00e9 s\u00e9riov\u00e9 \u010d\u00edslo.<\/p><p>Vytv\u00e1ram aj realistick\u00e9, surrealistick\u00e9 a abstraktn\u00e9 obrazy.<\/p><p>Ve\u013emi ma zauj\u00edma svetlo a tie\u0148, r\u00f4zne \u0161trukt\u00fary a 3D.<\/p><p>Je pre m\u0148a d\u00f4le\u017eit\u00e9, aby moje obrazy \u010do najviac sprostredkovali hmatate\u013en\u00fa realitu, akoby vyst\u00fapili z pl\u00e1tna, vn\u00fatorn\u00e9 em\u00f3cie, \u010do fotografia nikdy nedok\u00e1\u017ee. Obraz ukazuje in\u00fa tv\u00e1r v r\u00f4znych denn\u00fdch dob\u00e1ch, vyvol\u00e1va em\u00f3cie a je cenen\u00fd z gener\u00e1cie na gener\u00e1ciu.<\/p><p>St\u00e1le ma\u013eujem na objedn\u00e1vku, ale je potrebn\u00e9 uvies\u0165 po\u017eiadavku s ve\u013ek\u00fdm predstihom, aby sa ma\u013eba mohla dokon\u010di\u0165 v\u010das. Pravidelne organizujem aj samostatn\u00e9 v\u00fdstavy svojich diel vo vlastnej gal\u00e9rii.<\/p><p>Moj\u00edm cie\u013eom je uk\u00e1za\u0165 svet tak, ako ho vid\u00edm ja. \u017diarenie \u013eud\u00ed, iskrenie da\u017e\u010fovej kvapky, slne\u010dn\u00e9 svetlo vych\u00e1dzaj\u00face spoza mrakov, ktor\u00e9 prin\u00e1\u0161a n\u00e1\u0161mu svetu \u0161\u0165astie a kr\u00e1su, d\u00fahu v kvapk\u00e1ch vody, ktor\u00e9 po sebe zanech\u00e1va, a uk\u00e1za\u0165, ak\u00e9 je v\u0161etko kr\u00e1sne, aby to videlo ve\u013ea \u013eud\u00ed a aby si to viac \u013eud\u00ed zachovalo, z\u00e1zrak sveta, v ktorom \u017eijeme.<\/p>\t\t\t\t\t\t\t\t<\/div>\n\t\t\t\t<\/div>\n\t\t\t\t\t<\/div>\n\t\t\t\t<\/div>\n\t\t<div class=\"elementor-element elementor-element-7f0eef0 e-flex e-con-boxed e-con e-parent\" data-id=\"7f0eef0\" data-element_type=\"container\" data-e-type=\"container\">\n\t\t\t\t\t<div class=\"e-con-inner\">\n\t\t\t\t<div class=\"elementor-element elementor-element-0c967ad elementor-widget elementor-widget-video\" data-id=\"0c967ad\" data-element_type=\"widget\" data-e-type=\"widget\" data-settings=\"{&quot;youtube_url&quot;:&quot;https:\\\/\\\/www.youtube.com\\\/embed\\\/ELOy7CGGDSk?si=PFTpwWYcQW39y0l-&quot;,&quot;video_type&quot;:&quot;youtube&quot;,&quot;controls&quot;:&quot;yes&quot;}\" data-widget_type=\"video.default\">\n\t\t\t\t<div class=\"elementor-widget-container\">\n\t\t\t\t\t\t\t<div class=\"elementor-wrapper elementor-open-inline\">\n\t\t\t<div class=\"elementor-video\"><\/div>\t\t<\/div>\n\t\t\t\t\t\t<\/div>\n\t\t\t\t<\/div>\n\t\t\t\t\t<\/div>\n\t\t\t\t<\/div>\n\t\t<div class=\"elementor-element elementor-element-3c8c98d e-grid e-con-boxed e-con e-parent\" data-id=\"3c8c98d\" data-element_type=\"container\" data-e-type=\"container\">\n\t\t\t\t\t<div class=\"e-con-inner\">\n\t\t\t\t<div class=\"elementor-element elementor-element-427ad49 elementor-widget elementor-widget-image\" data-id=\"427ad49\" data-element_type=\"widget\" data-e-type=\"widget\" data-widget_type=\"image.default\">\n\t\t\t\t<div class=\"elementor-widget-container\">\n\t\t\t\t\t\t\t\t\t\t\t\t\t\t\t<img fetchpriority=\"high\" decoding=\"async\" width=\"768\" height=\"1024\" src=\"https:\/\/ottevenyikastely.hu\/wp-content\/uploads\/2025\/04\/IMG_0895-768x1024.jpg\" class=\"attachment-large size-large wp-image-12815\" alt=\"\" srcset=\"https:\/\/ottevenyikastely.hu\/wp-content\/uploads\/2025\/04\/IMG_0895-768x1024.jpg 768w, https:\/\/ottevenyikastely.hu\/wp-content\/uploads\/2025\/04\/IMG_0895-225x300.jpg 225w, https:\/\/ottevenyikastely.hu\/wp-content\/uploads\/2025\/04\/IMG_0895-1152x1536.jpg 1152w, https:\/\/ottevenyikastely.hu\/wp-content\/uploads\/2025\/04\/IMG_0895-1536x2048.jpg 1536w, https:\/\/ottevenyikastely.hu\/wp-content\/uploads\/2025\/04\/IMG_0895-9x12.jpg 9w, https:\/\/ottevenyikastely.hu\/wp-content\/uploads\/2025\/04\/IMG_0895-scaled.jpg 1920w\" sizes=\"(max-width: 768px) 100vw, 768px\" title=\"\">\t\t\t\t\t\t\t\t\t\t\t\t\t\t\t<\/div>\n\t\t\t\t<\/div>\n\t\t\t\t<div class=\"elementor-element elementor-element-4359f5e elementor-widget elementor-widget-image\" data-id=\"4359f5e\" data-element_type=\"widget\" data-e-type=\"widget\" data-widget_type=\"image.default\">\n\t\t\t\t<div class=\"elementor-widget-container\">\n\t\t\t\t\t\t\t\t\t\t\t\t\t\t\t<img decoding=\"async\" width=\"768\" height=\"1024\" src=\"https:\/\/ottevenyikastely.hu\/wp-content\/uploads\/2025\/04\/IMG_3256-768x1024.jpeg\" class=\"attachment-large size-large wp-image-12817\" alt=\"\" srcset=\"https:\/\/ottevenyikastely.hu\/wp-content\/uploads\/2025\/04\/IMG_3256-768x1024.jpeg 768w, https:\/\/ottevenyikastely.hu\/wp-content\/uploads\/2025\/04\/IMG_3256-225x300.jpeg 225w, https:\/\/ottevenyikastely.hu\/wp-content\/uploads\/2025\/04\/IMG_3256-1152x1536.jpeg 1152w, https:\/\/ottevenyikastely.hu\/wp-content\/uploads\/2025\/04\/IMG_3256-1536x2048.jpeg 1536w, https:\/\/ottevenyikastely.hu\/wp-content\/uploads\/2025\/04\/IMG_3256-9x12.jpeg 9w, https:\/\/ottevenyikastely.hu\/wp-content\/uploads\/2025\/04\/IMG_3256-scaled.jpeg 1920w\" sizes=\"(max-width: 768px) 100vw, 768px\" title=\"\">\t\t\t\t\t\t\t\t\t\t\t\t\t\t\t<\/div>\n\t\t\t\t<\/div>\n\t\t\t\t<div class=\"elementor-element elementor-element-c66dac4 elementor-widget elementor-widget-image\" data-id=\"c66dac4\" data-element_type=\"widget\" data-e-type=\"widget\" data-widget_type=\"image.default\">\n\t\t\t\t<div class=\"elementor-widget-container\">\n\t\t\t\t\t\t\t\t\t\t\t\t\t\t\t<img decoding=\"async\" width=\"768\" height=\"1024\" src=\"https:\/\/ottevenyikastely.hu\/wp-content\/uploads\/2025\/04\/IMG_3133-768x1024.jpeg\" class=\"attachment-large size-large wp-image-12819\" alt=\"\" srcset=\"https:\/\/ottevenyikastely.hu\/wp-content\/uploads\/2025\/04\/IMG_3133-768x1024.jpeg 768w, https:\/\/ottevenyikastely.hu\/wp-content\/uploads\/2025\/04\/IMG_3133-225x300.jpeg 225w, https:\/\/ottevenyikastely.hu\/wp-content\/uploads\/2025\/04\/IMG_3133-1152x1536.jpeg 1152w, https:\/\/ottevenyikastely.hu\/wp-content\/uploads\/2025\/04\/IMG_3133-1536x2048.jpeg 1536w, https:\/\/ottevenyikastely.hu\/wp-content\/uploads\/2025\/04\/IMG_3133-9x12.jpeg 9w, https:\/\/ottevenyikastely.hu\/wp-content\/uploads\/2025\/04\/IMG_3133-scaled.jpeg 1920w\" sizes=\"(max-width: 768px) 100vw, 768px\" title=\"\">\t\t\t\t\t\t\t\t\t\t\t\t\t\t\t<\/div>\n\t\t\t\t<\/div>\n\t\t\t\t\t<\/div>\n\t\t\t\t<\/div>\n\t\t<div class=\"elementor-element elementor-element-a214101 e-flex e-con-boxed e-con e-parent\" data-id=\"a214101\" data-element_type=\"container\" data-e-type=\"container\">\n\t\t\t\t\t<div class=\"e-con-inner\">\n\t\t\t\t<div class=\"elementor-element elementor-element-4dd3f14 elementor-widget elementor-widget-text-editor\" data-id=\"4dd3f14\" data-element_type=\"widget\" data-e-type=\"widget\" data-widget_type=\"text-editor.default\">\n\t\t\t\t<div class=\"elementor-widget-container\">\n\t\t\t\t\t\t\t\t\t<p>Ak chcete dra\u017ei\u0165 umeleck\u00e9 diela vyroben\u00e9 tu, kliknite na obr\u00e1zok alebo nav\u0161t\u00edvte str\u00e1nku <span style=\"text-decoration: underline;\"><strong><a href=\"https:\/\/foldvaryaukcio.hu\" target=\"_blank\" rel=\"noopener\">foldvaryaukcio.hu<\/a><\/strong><\/span> ak v\u00e1s zauj\u00edmaj\u00fa \u010fal\u0161ie podrobnosti!<\/p>\t\t\t\t\t\t\t\t<\/div>\n\t\t\t\t<\/div>\n\t\t\t\t\t<\/div>\n\t\t\t\t<\/div>\n\t\t<div class=\"elementor-element elementor-element-7e4b2e2 e-grid e-con-boxed e-con e-parent\" data-id=\"7e4b2e2\" data-element_type=\"container\" data-e-type=\"container\">\n\t\t\t\t\t<div class=\"e-con-inner\">\n\t\t\t\t<div class=\"elementor-element elementor-element-4404017 elementor-widget elementor-widget-image\" data-id=\"4404017\" data-element_type=\"widget\" data-e-type=\"widget\" data-widget_type=\"image.default\">\n\t\t\t\t<div class=\"elementor-widget-container\">\n\t\t\t\t\t\t\t\t\t\t\t\t<figure class=\"wp-caption\">\n\t\t\t\t\t\t\t\t\t\t\t<a href=\"https:\/\/foldvaryaukcio.hu\/items\/217\" target=\"_blank\" rel=\"noopener\">\n\t\t\t\t\t\t\t<img loading=\"lazy\" decoding=\"async\" width=\"737\" height=\"1024\" src=\"https:\/\/ottevenyikastely.hu\/wp-content\/uploads\/2025\/04\/Ban-Katalin-217-737x1024.jpeg\" class=\"attachment-large size-large wp-image-12820\" alt=\"\" srcset=\"https:\/\/ottevenyikastely.hu\/wp-content\/uploads\/2025\/04\/Ban-Katalin-217-737x1024.jpeg 737w, https:\/\/ottevenyikastely.hu\/wp-content\/uploads\/2025\/04\/Ban-Katalin-217-216x300.jpeg 216w, https:\/\/ottevenyikastely.hu\/wp-content\/uploads\/2025\/04\/Ban-Katalin-217-768x1067.jpeg 768w, https:\/\/ottevenyikastely.hu\/wp-content\/uploads\/2025\/04\/Ban-Katalin-217-1105x1536.jpeg 1105w, https:\/\/ottevenyikastely.hu\/wp-content\/uploads\/2025\/04\/Ban-Katalin-217-1474x2048.jpeg 1474w, https:\/\/ottevenyikastely.hu\/wp-content\/uploads\/2025\/04\/Ban-Katalin-217-9x12.jpeg 9w, https:\/\/ottevenyikastely.hu\/wp-content\/uploads\/2025\/04\/Ban-Katalin-217-scaled.jpeg 1842w\" sizes=\"(max-width: 737px) 100vw, 737px\" title=\"\">\t\t\t\t\t\t\t\t<\/a>\n\t\t\t\t\t\t\t\t\t\t\t<figcaption class=\"widget-image-caption wp-caption-text\">kliknite sem<\/figcaption>\n\t\t\t\t\t\t\t\t\t\t<\/figure>\n\t\t\t\t\t\t\t\t\t<\/div>\n\t\t\t\t<\/div>\n\t\t\t\t<div class=\"elementor-element elementor-element-2be6fca elementor-widget elementor-widget-image\" data-id=\"2be6fca\" data-element_type=\"widget\" data-e-type=\"widget\" data-widget_type=\"image.default\">\n\t\t\t\t<div class=\"elementor-widget-container\">\n\t\t\t\t\t\t\t\t\t\t\t\t<figure class=\"wp-caption\">\n\t\t\t\t\t\t\t\t\t\t\t<a href=\"https:\/\/foldvaryaukcio.hu\/items\/218\" target=\"_blank\" rel=\"noopener\">\n\t\t\t\t\t\t\t<img loading=\"lazy\" decoding=\"async\" width=\"1024\" height=\"740\" src=\"https:\/\/ottevenyikastely.hu\/wp-content\/uploads\/2025\/04\/Ban-Katalin-218-1024x740.jpeg\" class=\"attachment-large size-large wp-image-12821\" alt=\"\" srcset=\"https:\/\/ottevenyikastely.hu\/wp-content\/uploads\/2025\/04\/Ban-Katalin-218-1024x740.jpeg 1024w, https:\/\/ottevenyikastely.hu\/wp-content\/uploads\/2025\/04\/Ban-Katalin-218-300x217.jpeg 300w, https:\/\/ottevenyikastely.hu\/wp-content\/uploads\/2025\/04\/Ban-Katalin-218-768x555.jpeg 768w, https:\/\/ottevenyikastely.hu\/wp-content\/uploads\/2025\/04\/Ban-Katalin-218-1536x1111.jpeg 1536w, https:\/\/ottevenyikastely.hu\/wp-content\/uploads\/2025\/04\/Ban-Katalin-218-2048x1481.jpeg 2048w, https:\/\/ottevenyikastely.hu\/wp-content\/uploads\/2025\/04\/Ban-Katalin-218-18x12.jpeg 18w\" sizes=\"(max-width: 1024px) 100vw, 1024px\" title=\"\">\t\t\t\t\t\t\t\t<\/a>\n\t\t\t\t\t\t\t\t\t\t\t<figcaption class=\"widget-image-caption wp-caption-text\">kliknite sem<\/figcaption>\n\t\t\t\t\t\t\t\t\t\t<\/figure>\n\t\t\t\t\t\t\t\t\t<\/div>\n\t\t\t\t<\/div>\n\t\t\t\t<div class=\"elementor-element elementor-element-d759f2f elementor-widget elementor-widget-image\" data-id=\"d759f2f\" data-element_type=\"widget\" data-e-type=\"widget\" data-widget_type=\"image.default\">\n\t\t\t\t<div class=\"elementor-widget-container\">\n\t\t\t\t\t\t\t\t\t\t\t\t<figure class=\"wp-caption\">\n\t\t\t\t\t\t\t\t\t\t\t<a href=\"https:\/\/foldvaryaukcio.hu\/items\/219\" target=\"_blank\" rel=\"noopener\">\n\t\t\t\t\t\t\t<img loading=\"lazy\" decoding=\"async\" width=\"766\" height=\"1024\" src=\"https:\/\/ottevenyikastely.hu\/wp-content\/uploads\/2025\/04\/Ban-Katalin-219-766x1024.jpeg\" class=\"attachment-large size-large wp-image-12822\" alt=\"\" srcset=\"https:\/\/ottevenyikastely.hu\/wp-content\/uploads\/2025\/04\/Ban-Katalin-219-766x1024.jpeg 766w, https:\/\/ottevenyikastely.hu\/wp-content\/uploads\/2025\/04\/Ban-Katalin-219-224x300.jpeg 224w, https:\/\/ottevenyikastely.hu\/wp-content\/uploads\/2025\/04\/Ban-Katalin-219-768x1027.jpeg 768w, https:\/\/ottevenyikastely.hu\/wp-content\/uploads\/2025\/04\/Ban-Katalin-219-1149x1536.jpeg 1149w, https:\/\/ottevenyikastely.hu\/wp-content\/uploads\/2025\/04\/Ban-Katalin-219-1532x2048.jpeg 1532w, https:\/\/ottevenyikastely.hu\/wp-content\/uploads\/2025\/04\/Ban-Katalin-219-9x12.jpeg 9w, https:\/\/ottevenyikastely.hu\/wp-content\/uploads\/2025\/04\/Ban-Katalin-219-scaled.jpeg 1915w\" sizes=\"(max-width: 766px) 100vw, 766px\" title=\"\">\t\t\t\t\t\t\t\t<\/a>\n\t\t\t\t\t\t\t\t\t\t\t<figcaption class=\"widget-image-caption wp-caption-text\">kliknite sem<\/figcaption>\n\t\t\t\t\t\t\t\t\t\t<\/figure>\n\t\t\t\t\t\t\t\t\t<\/div>\n\t\t\t\t<\/div>\n\t\t\t\t\t<\/div>\n\t\t\t\t<\/div>\n\t\t<div class=\"elementor-element elementor-element-57d0378 e-flex e-con-boxed e-con e-parent\" data-id=\"57d0378\" data-element_type=\"container\" data-e-type=\"container\">\n\t\t\t\t\t<div class=\"e-con-inner\">\n\t\t\t\t<div class=\"elementor-element elementor-element-0354fe8 elementor-widget elementor-widget-image\" data-id=\"0354fe8\" data-element_type=\"widget\" data-e-type=\"widget\" data-widget_type=\"image.default\">\n\t\t\t\t<div class=\"elementor-widget-container\">\n\t\t\t\t\t\t\t\t\t\t\t\t<figure class=\"wp-caption\">\n\t\t\t\t\t\t\t\t\t\t\t<a href=\"https:\/\/foldvaryaukcio.hu\/items\/220\" target=\"_blank\" rel=\"noopener\">\n\t\t\t\t\t\t\t<img loading=\"lazy\" decoding=\"async\" width=\"561\" height=\"200\" src=\"https:\/\/ottevenyikastely.hu\/wp-content\/uploads\/2025\/04\/Ban-Katalin-220.jpeg\" class=\"attachment-large size-large wp-image-12823\" alt=\"\" srcset=\"https:\/\/ottevenyikastely.hu\/wp-content\/uploads\/2025\/04\/Ban-Katalin-220.jpeg 561w, https:\/\/ottevenyikastely.hu\/wp-content\/uploads\/2025\/04\/Ban-Katalin-220-300x107.jpeg 300w, https:\/\/ottevenyikastely.hu\/wp-content\/uploads\/2025\/04\/Ban-Katalin-220-18x6.jpeg 18w\" sizes=\"(max-width: 561px) 100vw, 561px\" title=\"\">\t\t\t\t\t\t\t\t<\/a>\n\t\t\t\t\t\t\t\t\t\t\t<figcaption class=\"widget-image-caption wp-caption-text\">kliknite sem<\/figcaption>\n\t\t\t\t\t\t\t\t\t\t<\/figure>\n\t\t\t\t\t\t\t\t\t<\/div>\n\t\t\t\t<\/div>\n\t\t\t\t\t<\/div>\n\t\t\t\t<\/div>\n\t\t<div class=\"elementor-element elementor-element-d6fda2d e-flex e-con-boxed e-con e-parent\" data-id=\"d6fda2d\" data-element_type=\"container\" data-e-type=\"container\">\n\t\t\t\t\t<div class=\"e-con-inner\">\n\t\t\t\t<div class=\"elementor-element elementor-element-2611036 elementor-align-right elementor-widget elementor-widget-button\" data-id=\"2611036\" data-element_type=\"widget\" data-e-type=\"widget\" data-widget_type=\"button.default\">\n\t\t\t\t<div class=\"elementor-widget-container\">\n\t\t\t\t\t\t\t\t\t<div class=\"elementor-button-wrapper\">\n\t\t\t\t\t<a class=\"elementor-button elementor-button-link elementor-size-sm\" href=\"https:\/\/www.bankata.hu\/wordpress\/\" id=\"https:\/\/www.bankata.hu\/wordpress\/\" target=\"_blank\" rel=\"noopener\">\n\t\t\t\t\t\t<span class=\"elementor-button-content-wrapper\">\n\t\t\t\t\t\t\t\t\t<span class=\"elementor-button-text\">Webov\u00e1 str\u00e1nka umelca<\/span>\n\t\t\t\t\t<\/span>\n\t\t\t\t\t<\/a>\n\t\t\t\t<\/div>\n\t\t\t\t\t\t\t\t<\/div>\n\t\t\t\t<\/div>\n\t\t\t\t\t<\/div>\n\t\t\t\t<\/div>\n\t\t\t\t<\/div>","protected":false},"excerpt":{"rendered":"<p>B\u00e1n Kata B\u00e1n Kata fest\u0151m\u0171v\u00e9sz vagyok. Magyarorsz\u00e1gon, Gy\u0151r v\u00e1ros\u00e1ban \u00e9lek \u00e9s dolgozom. Rajztan\u00e1rom Karsai Ildik\u00f3, grafikus m\u0171v\u00e9sz volt. M\u00e1r kisiskol\u00e1s koromban d\u00edjat nyertem egy UNICEF \u00e1ltal ki\u00edrt rajzp\u00e1ly\u00e1zaton, amely a vil\u00e1gon \u00e9l\u0151 a sz\u00ednes- \u00e9s feh\u00e9r b\u0151r\u0171 emberek egyenl\u0151s\u00e9g\u00e9r\u0151l sz\u00f3lt. K\u00e9s\u0151bb az iskola rajzszakk\u00f6r\u00e9nek a vezet\u0151je voltam 4 \u00e9vig. Szakk\u00f6z\u00e9p iskola ut\u00e1n elcs\u00e1b\u00edtott a bankszakma [&hellip;]<\/p>","protected":false},"author":7,"featured_media":0,"parent":0,"menu_order":0,"comment_status":"closed","ping_status":"closed","template":"","meta":{"footnotes":""},"class_list":["post-12289","page","type-page","status-publish","hentry","entry"],"_links":{"self":[{"href":"https:\/\/ottevenyikastely.hu\/sk\/wp-json\/wp\/v2\/pages\/12289","targetHints":{"allow":["GET"]}}],"collection":[{"href":"https:\/\/ottevenyikastely.hu\/sk\/wp-json\/wp\/v2\/pages"}],"about":[{"href":"https:\/\/ottevenyikastely.hu\/sk\/wp-json\/wp\/v2\/types\/page"}],"author":[{"embeddable":true,"href":"https:\/\/ottevenyikastely.hu\/sk\/wp-json\/wp\/v2\/users\/7"}],"replies":[{"embeddable":true,"href":"https:\/\/ottevenyikastely.hu\/sk\/wp-json\/wp\/v2\/comments?post=12289"}],"version-history":[{"count":16,"href":"https:\/\/ottevenyikastely.hu\/sk\/wp-json\/wp\/v2\/pages\/12289\/revisions"}],"predecessor-version":[{"id":13543,"href":"https:\/\/ottevenyikastely.hu\/sk\/wp-json\/wp\/v2\/pages\/12289\/revisions\/13543"}],"wp:attachment":[{"href":"https:\/\/ottevenyikastely.hu\/sk\/wp-json\/wp\/v2\/media?parent=12289"}],"curies":[{"name":"wp","href":"https:\/\/api.w.org\/{rel}","templated":true}]}}