{"id":12359,"date":"2025-04-12T09:29:58","date_gmt":"2025-04-12T07:29:58","guid":{"rendered":"https:\/\/ottevenyikastely.hu\/?page_id=12359"},"modified":"2025-05-25T17:50:52","modified_gmt":"2025-05-25T15:50:52","slug":"zsolt-malasits","status":"publish","type":"page","link":"https:\/\/ottevenyikastely.hu\/sk\/zsolt-malasits\/","title":{"rendered":"Zsolt Malasits"},"content":{"rendered":"<div data-elementor-type=\"wp-page\" data-elementor-id=\"12359\" class=\"elementor elementor-12359\" data-elementor-post-type=\"page\">\n\t\t\t\t<div class=\"elementor-element elementor-element-25d60fe e-flex e-con-boxed e-con e-parent\" data-id=\"25d60fe\" data-element_type=\"container\" data-e-type=\"container\">\n\t\t\t\t\t<div class=\"e-con-inner\">\n\t\t\t\t<div class=\"elementor-element elementor-element-b25584d elementor-widget elementor-widget-heading\" data-id=\"b25584d\" data-element_type=\"widget\" data-e-type=\"widget\" data-widget_type=\"heading.default\">\n\t\t\t\t<div class=\"elementor-widget-container\">\n\t\t\t\t\t<h2 class=\"elementor-heading-title elementor-size-default\">Zsolt Malasits<\/h2>\t\t\t\t<\/div>\n\t\t\t\t<\/div>\n\t\t\t\t\t<\/div>\n\t\t\t\t<\/div>\n\t\t<div class=\"elementor-element elementor-element-405e4bb e-flex e-con-boxed e-con e-parent\" data-id=\"405e4bb\" data-element_type=\"container\" data-e-type=\"container\">\n\t\t\t\t\t<div class=\"e-con-inner\">\n\t\t\t\t<div class=\"elementor-element elementor-element-7b2aa12 elementor-widget elementor-widget-image\" data-id=\"7b2aa12\" data-element_type=\"widget\" data-e-type=\"widget\" data-widget_type=\"image.default\">\n\t\t\t\t<div class=\"elementor-widget-container\">\n\t\t\t\t\t\t\t\t\t\t\t\t\t\t\t<img fetchpriority=\"high\" decoding=\"async\" width=\"1024\" height=\"754\" src=\"https:\/\/ottevenyikastely.hu\/wp-content\/uploads\/2025\/03\/1-DSC03633-1-1024x754.jpg\" class=\"attachment-large size-large wp-image-11967\" alt=\"\" srcset=\"https:\/\/ottevenyikastely.hu\/wp-content\/uploads\/2025\/03\/1-DSC03633-1-1024x754.jpg 1024w, https:\/\/ottevenyikastely.hu\/wp-content\/uploads\/2025\/03\/1-DSC03633-1-300x221.jpg 300w, https:\/\/ottevenyikastely.hu\/wp-content\/uploads\/2025\/03\/1-DSC03633-1-768x566.jpg 768w, https:\/\/ottevenyikastely.hu\/wp-content\/uploads\/2025\/03\/1-DSC03633-1-1536x1131.jpg 1536w, https:\/\/ottevenyikastely.hu\/wp-content\/uploads\/2025\/03\/1-DSC03633-1-2048x1508.jpg 2048w, https:\/\/ottevenyikastely.hu\/wp-content\/uploads\/2025\/03\/1-DSC03633-1-16x12.jpg 16w\" sizes=\"(max-width: 1024px) 100vw, 1024px\" title=\"\">\t\t\t\t\t\t\t\t\t\t\t\t\t\t\t<\/div>\n\t\t\t\t<\/div>\n\t\t\t\t<div class=\"elementor-element elementor-element-defd210 elementor-widget elementor-widget-text-editor\" data-id=\"defd210\" data-element_type=\"widget\" data-e-type=\"widget\" data-widget_type=\"text-editor.default\">\n\t\t\t\t<div class=\"elementor-widget-container\">\n\t\t\t\t\t\t\t\t\t<p>Zsolt Malasits sa narodil v roku 1961 v Gy\u0151ri v Ma\u010farsku. Je maliarom, ktor\u00fd tu \u017eije a tvor\u00ed. V rokoch 1989-1993 \u0161tudoval v\u00fdtvarn\u00e9 umenie vo F\u00ednsku a od roku 1984 tvor\u00ed umelecky kvalitn\u00e9 diela. Jeho aplikovan\u00e9 techniky s\u00fa: keramick\u00e9, kamenn\u00e9, bronzov\u00e9 sochy, ru\u010dne ma\u013eovan\u00e9 obrazy na papieri olejom, na pl\u00e1tne akrylom a olejom. V roku 1998 otvoril Gal\u00e9riu Malasits v historickom centre Gy\u0151ru, kde p\u00f4sob\u00ed dodnes.  Jeho hlavn\u00fdm cie\u013eom je h\u013eada\u0165 a nach\u00e1dza\u0165 \"BYTIE\".  Zorganizoval mno\u017estvo samostatn\u00fdch a skupinov\u00fdch v\u00fdstav, kult\u00farnych programov a charitat\u00edvnych podujat\u00ed a darov. Zlep\u0161il dobr\u00e9 meno mesta Gy\u0151r na viacer\u00fdch medzin\u00e1rodn\u00fdch umeleck\u00fdch festivaloch v zahrani\u010d\u00ed.  V roku 2021, pri pr\u00edle\u017eitosti 750. v\u00fdro\u010dia Gy\u0151ru, si mestsk\u00e1 rada objedn\u00e1 ve\u013ek\u00fd obraz (185 x 700 cm) do zasada\u010dky prim\u00e1tora na radnici, ktor\u00fd bude pripom\u00edna\u0165 750. v\u00fdro\u010die Gy\u0151ru.<\/p><p>V roku 2023 je pozvan\u00fd na v\u00fdstavu do Lisztovho ma\u010farsk\u00e9ho kult\u00farneho in\u0161tit\u00fatu v Helsink\u00e1ch. Vystavoval takmer vo v\u0161etk\u00fdch eur\u00f3pskych krajin\u00e1ch mimo svojej domoviny. www.malasitsfestm\u00e9ny.hu<\/p>\t\t\t\t\t\t\t\t<\/div>\n\t\t\t\t<\/div>\n\t\t\t\t\t<\/div>\n\t\t\t\t<\/div>\n\t\t<div class=\"elementor-element elementor-element-d345b3f e-flex e-con-boxed e-con e-parent\" data-id=\"d345b3f\" data-element_type=\"container\" data-e-type=\"container\">\n\t\t\t\t\t<div class=\"e-con-inner\">\n\t\t\t\t<div class=\"elementor-element elementor-element-8657ebf elementor-widget elementor-widget-video\" data-id=\"8657ebf\" data-element_type=\"widget\" data-e-type=\"widget\" data-settings=\"{&quot;youtube_url&quot;:&quot;https:\\\/\\\/www.youtube.com\\\/embed\\\/80Uj0uvzLqU?si=rjVIEv16JMLhqTmu&quot;,&quot;video_type&quot;:&quot;youtube&quot;,&quot;controls&quot;:&quot;yes&quot;}\" data-widget_type=\"video.default\">\n\t\t\t\t<div class=\"elementor-widget-container\">\n\t\t\t\t\t\t\t<div class=\"elementor-wrapper elementor-open-inline\">\n\t\t\t<div class=\"elementor-video\"><\/div>\t\t<\/div>\n\t\t\t\t\t\t<\/div>\n\t\t\t\t<\/div>\n\t\t\t\t\t<\/div>\n\t\t\t\t<\/div>\n\t\t<div class=\"elementor-element elementor-element-64dea69 e-grid e-con-boxed e-con e-parent\" data-id=\"64dea69\" data-element_type=\"container\" data-e-type=\"container\">\n\t\t\t\t\t<div class=\"e-con-inner\">\n\t\t\t\t<div class=\"elementor-element elementor-element-7574ed1 elementor-widget elementor-widget-image\" data-id=\"7574ed1\" data-element_type=\"widget\" data-e-type=\"widget\" data-widget_type=\"image.default\">\n\t\t\t\t<div class=\"elementor-widget-container\">\n\t\t\t\t\t\t\t\t\t\t\t\t\t\t\t<img decoding=\"async\" width=\"637\" height=\"1024\" src=\"https:\/\/ottevenyikastely.hu\/wp-content\/uploads\/2025\/04\/IMG_3274-637x1024.jpeg\" class=\"attachment-large size-large wp-image-12920\" alt=\"\" srcset=\"https:\/\/ottevenyikastely.hu\/wp-content\/uploads\/2025\/04\/IMG_3274-637x1024.jpeg 637w, https:\/\/ottevenyikastely.hu\/wp-content\/uploads\/2025\/04\/IMG_3274-187x300.jpeg 187w, https:\/\/ottevenyikastely.hu\/wp-content\/uploads\/2025\/04\/IMG_3274-768x1234.jpeg 768w, https:\/\/ottevenyikastely.hu\/wp-content\/uploads\/2025\/04\/IMG_3274-956x1536.jpeg 956w, https:\/\/ottevenyikastely.hu\/wp-content\/uploads\/2025\/04\/IMG_3274-1275x2048.jpeg 1275w, https:\/\/ottevenyikastely.hu\/wp-content\/uploads\/2025\/04\/IMG_3274-7x12.jpeg 7w, https:\/\/ottevenyikastely.hu\/wp-content\/uploads\/2025\/04\/IMG_3274-scaled.jpeg 1593w\" sizes=\"(max-width: 637px) 100vw, 637px\" title=\"\">\t\t\t\t\t\t\t\t\t\t\t\t\t\t\t<\/div>\n\t\t\t\t<\/div>\n\t\t\t\t<div class=\"elementor-element elementor-element-7f7b923 elementor-widget elementor-widget-image\" data-id=\"7f7b923\" data-element_type=\"widget\" data-e-type=\"widget\" data-widget_type=\"image.default\">\n\t\t\t\t<div class=\"elementor-widget-container\">\n\t\t\t\t\t\t\t\t\t\t\t\t\t\t\t<img decoding=\"async\" width=\"768\" height=\"1024\" src=\"https:\/\/ottevenyikastely.hu\/wp-content\/uploads\/2025\/04\/IMG_3288-768x1024.jpeg\" class=\"attachment-large size-large wp-image-12922\" alt=\"\" srcset=\"https:\/\/ottevenyikastely.hu\/wp-content\/uploads\/2025\/04\/IMG_3288-768x1024.jpeg 768w, https:\/\/ottevenyikastely.hu\/wp-content\/uploads\/2025\/04\/IMG_3288-225x300.jpeg 225w, https:\/\/ottevenyikastely.hu\/wp-content\/uploads\/2025\/04\/IMG_3288-1152x1536.jpeg 1152w, https:\/\/ottevenyikastely.hu\/wp-content\/uploads\/2025\/04\/IMG_3288-1536x2048.jpeg 1536w, https:\/\/ottevenyikastely.hu\/wp-content\/uploads\/2025\/04\/IMG_3288-9x12.jpeg 9w, https:\/\/ottevenyikastely.hu\/wp-content\/uploads\/2025\/04\/IMG_3288-scaled.jpeg 1920w\" sizes=\"(max-width: 768px) 100vw, 768px\" title=\"\">\t\t\t\t\t\t\t\t\t\t\t\t\t\t\t<\/div>\n\t\t\t\t<\/div>\n\t\t\t\t<div class=\"elementor-element elementor-element-54c0cf4 elementor-widget elementor-widget-image\" data-id=\"54c0cf4\" data-element_type=\"widget\" data-e-type=\"widget\" data-widget_type=\"image.default\">\n\t\t\t\t<div class=\"elementor-widget-container\">\n\t\t\t\t\t\t\t\t\t\t\t\t\t\t\t<img loading=\"lazy\" decoding=\"async\" width=\"469\" height=\"780\" src=\"https:\/\/ottevenyikastely.hu\/wp-content\/uploads\/2025\/04\/IMG_3206.jpg\" class=\"attachment-large size-large wp-image-12923\" alt=\"\" srcset=\"https:\/\/ottevenyikastely.hu\/wp-content\/uploads\/2025\/04\/IMG_3206.jpg 469w, https:\/\/ottevenyikastely.hu\/wp-content\/uploads\/2025\/04\/IMG_3206-180x300.jpg 180w, https:\/\/ottevenyikastely.hu\/wp-content\/uploads\/2025\/04\/IMG_3206-7x12.jpg 7w\" sizes=\"(max-width: 469px) 100vw, 469px\" title=\"\">\t\t\t\t\t\t\t\t\t\t\t\t\t\t\t<\/div>\n\t\t\t\t<\/div>\n\t\t\t\t\t<\/div>\n\t\t\t\t<\/div>\n\t\t<div class=\"elementor-element elementor-element-b3aeef2 e-flex e-con-boxed e-con e-parent\" data-id=\"b3aeef2\" data-element_type=\"container\" data-e-type=\"container\">\n\t\t\t\t\t<div class=\"e-con-inner\">\n\t\t\t\t<div class=\"elementor-element elementor-element-64fbd64 elementor-widget elementor-widget-text-editor\" data-id=\"64fbd64\" data-element_type=\"widget\" data-e-type=\"widget\" data-widget_type=\"text-editor.default\">\n\t\t\t\t<div class=\"elementor-widget-container\">\n\t\t\t\t\t\t\t\t\t<p>Ak chcete dra\u017ei\u0165 umeleck\u00e9 diela vyroben\u00e9 tu, kliknite na obr\u00e1zok alebo nav\u0161t\u00edvte str\u00e1nku <span style=\"text-decoration: underline;\"><strong><a href=\"https:\/\/foldvaryaukcio.hu\" target=\"_blank\" rel=\"noopener\">foldvaryaukcio.hu<\/a><\/strong><\/span> ak v\u00e1s zauj\u00edmaj\u00fa \u010fal\u0161ie podrobnosti!<\/p>\t\t\t\t\t\t\t\t<\/div>\n\t\t\t\t<\/div>\n\t\t\t\t\t<\/div>\n\t\t\t\t<\/div>\n\t\t<div class=\"elementor-element elementor-element-bb17c16 e-grid e-con-boxed e-con e-parent\" data-id=\"bb17c16\" data-element_type=\"container\" data-e-type=\"container\">\n\t\t\t\t\t<div class=\"e-con-inner\">\n\t\t\t\t<div class=\"elementor-element elementor-element-e50e299 elementor-widget elementor-widget-image\" data-id=\"e50e299\" data-element_type=\"widget\" data-e-type=\"widget\" data-widget_type=\"image.default\">\n\t\t\t\t<div class=\"elementor-widget-container\">\n\t\t\t\t\t\t\t\t\t\t\t\t<figure class=\"wp-caption\">\n\t\t\t\t\t\t\t\t\t\t\t<a href=\"https:\/\/foldvaryaukcio.hu\/items\/312\" target=\"_blank\" rel=\"noopener\">\n\t\t\t\t\t\t\t<img loading=\"lazy\" decoding=\"async\" width=\"220\" height=\"300\" src=\"https:\/\/ottevenyikastely.hu\/wp-content\/uploads\/2025\/05\/SZERELEMVARO-III.-44X34-cm-Olaj-Kezmuvespapir-2025.--220x300.jpg\" class=\"attachment-medium size-medium wp-image-13505\" alt=\"\" srcset=\"https:\/\/ottevenyikastely.hu\/wp-content\/uploads\/2025\/05\/SZERELEMVARO-III.-44X34-cm-Olaj-Kezmuvespapir-2025.--220x300.jpg 220w, https:\/\/ottevenyikastely.hu\/wp-content\/uploads\/2025\/05\/SZERELEMVARO-III.-44X34-cm-Olaj-Kezmuvespapir-2025.--751x1024.jpg 751w, https:\/\/ottevenyikastely.hu\/wp-content\/uploads\/2025\/05\/SZERELEMVARO-III.-44X34-cm-Olaj-Kezmuvespapir-2025.--768x1048.jpg 768w, https:\/\/ottevenyikastely.hu\/wp-content\/uploads\/2025\/05\/SZERELEMVARO-III.-44X34-cm-Olaj-Kezmuvespapir-2025.--1126x1536.jpg 1126w, https:\/\/ottevenyikastely.hu\/wp-content\/uploads\/2025\/05\/SZERELEMVARO-III.-44X34-cm-Olaj-Kezmuvespapir-2025.--1501x2048.jpg 1501w, https:\/\/ottevenyikastely.hu\/wp-content\/uploads\/2025\/05\/SZERELEMVARO-III.-44X34-cm-Olaj-Kezmuvespapir-2025.--9x12.jpg 9w, https:\/\/ottevenyikastely.hu\/wp-content\/uploads\/2025\/05\/SZERELEMVARO-III.-44X34-cm-Olaj-Kezmuvespapir-2025.--scaled.jpg 1876w\" sizes=\"(max-width: 220px) 100vw, 220px\" title=\"\">\t\t\t\t\t\t\t\t<\/a>\n\t\t\t\t\t\t\t\t\t\t\t<figcaption class=\"widget-image-caption wp-caption-text\">kliknite sem<\/figcaption>\n\t\t\t\t\t\t\t\t\t\t<\/figure>\n\t\t\t\t\t\t\t\t\t<\/div>\n\t\t\t\t<\/div>\n\t\t\t\t<div class=\"elementor-element elementor-element-7c81f2d elementor-widget elementor-widget-image\" data-id=\"7c81f2d\" data-element_type=\"widget\" data-e-type=\"widget\" data-widget_type=\"image.default\">\n\t\t\t\t<div class=\"elementor-widget-container\">\n\t\t\t\t\t\t\t\t\t\t\t\t<figure class=\"wp-caption\">\n\t\t\t\t\t\t\t\t\t\t\t<a href=\"https:\/\/foldvaryaukcio.hu\/items\/313\" target=\"_blank\" rel=\"noopener\">\n\t\t\t\t\t\t\t<img loading=\"lazy\" decoding=\"async\" width=\"223\" height=\"300\" src=\"https:\/\/ottevenyikastely.hu\/wp-content\/uploads\/2025\/05\/SZERELEMVARO-V.-44X34-cm-Olaj-Kezmuvespapir-2025.--223x300.jpg\" class=\"attachment-medium size-medium wp-image-13506\" alt=\"\" srcset=\"https:\/\/ottevenyikastely.hu\/wp-content\/uploads\/2025\/05\/SZERELEMVARO-V.-44X34-cm-Olaj-Kezmuvespapir-2025.--223x300.jpg 223w, https:\/\/ottevenyikastely.hu\/wp-content\/uploads\/2025\/05\/SZERELEMVARO-V.-44X34-cm-Olaj-Kezmuvespapir-2025.--761x1024.jpg 761w, https:\/\/ottevenyikastely.hu\/wp-content\/uploads\/2025\/05\/SZERELEMVARO-V.-44X34-cm-Olaj-Kezmuvespapir-2025.--768x1033.jpg 768w, https:\/\/ottevenyikastely.hu\/wp-content\/uploads\/2025\/05\/SZERELEMVARO-V.-44X34-cm-Olaj-Kezmuvespapir-2025.--1142x1536.jpg 1142w, https:\/\/ottevenyikastely.hu\/wp-content\/uploads\/2025\/05\/SZERELEMVARO-V.-44X34-cm-Olaj-Kezmuvespapir-2025.--1522x2048.jpg 1522w, https:\/\/ottevenyikastely.hu\/wp-content\/uploads\/2025\/05\/SZERELEMVARO-V.-44X34-cm-Olaj-Kezmuvespapir-2025.--9x12.jpg 9w, https:\/\/ottevenyikastely.hu\/wp-content\/uploads\/2025\/05\/SZERELEMVARO-V.-44X34-cm-Olaj-Kezmuvespapir-2025.--scaled.jpg 1903w\" sizes=\"(max-width: 223px) 100vw, 223px\" title=\"\">\t\t\t\t\t\t\t\t<\/a>\n\t\t\t\t\t\t\t\t\t\t\t<figcaption class=\"widget-image-caption wp-caption-text\">kliknite sem<\/figcaption>\n\t\t\t\t\t\t\t\t\t\t<\/figure>\n\t\t\t\t\t\t\t\t\t<\/div>\n\t\t\t\t<\/div>\n\t\t\t\t\t<\/div>\n\t\t\t\t<\/div>\n\t\t<div class=\"elementor-element elementor-element-f58082b e-grid e-con-boxed e-con e-parent\" data-id=\"f58082b\" data-element_type=\"container\" data-e-type=\"container\">\n\t\t\t\t\t<div class=\"e-con-inner\">\n\t\t\t\t<div class=\"elementor-element elementor-element-ad8a7a1 elementor-widget elementor-widget-image\" data-id=\"ad8a7a1\" data-element_type=\"widget\" data-e-type=\"widget\" data-widget_type=\"image.default\">\n\t\t\t\t<div class=\"elementor-widget-container\">\n\t\t\t\t\t\t\t\t\t\t\t\t<figure class=\"wp-caption\">\n\t\t\t\t\t\t\t\t\t\t\t<a href=\"https:\/\/foldvaryaukcio.hu\/items\/238\" target=\"_blank\" rel=\"noopener\">\n\t\t\t\t\t\t\t<img loading=\"lazy\" decoding=\"async\" width=\"225\" height=\"300\" src=\"https:\/\/ottevenyikastely.hu\/wp-content\/uploads\/2025\/04\/Malasits-Zsolt-238-225x300.jpeg\" class=\"attachment-medium size-medium wp-image-12918\" alt=\"\" srcset=\"https:\/\/ottevenyikastely.hu\/wp-content\/uploads\/2025\/04\/Malasits-Zsolt-238-225x300.jpeg 225w, https:\/\/ottevenyikastely.hu\/wp-content\/uploads\/2025\/04\/Malasits-Zsolt-238-769x1024.jpeg 769w, https:\/\/ottevenyikastely.hu\/wp-content\/uploads\/2025\/04\/Malasits-Zsolt-238-768x1023.jpeg 768w, https:\/\/ottevenyikastely.hu\/wp-content\/uploads\/2025\/04\/Malasits-Zsolt-238-1154x1536.jpeg 1154w, https:\/\/ottevenyikastely.hu\/wp-content\/uploads\/2025\/04\/Malasits-Zsolt-238-1538x2048.jpeg 1538w, https:\/\/ottevenyikastely.hu\/wp-content\/uploads\/2025\/04\/Malasits-Zsolt-238-9x12.jpeg 9w, https:\/\/ottevenyikastely.hu\/wp-content\/uploads\/2025\/04\/Malasits-Zsolt-238-scaled.jpeg 1923w\" sizes=\"(max-width: 225px) 100vw, 225px\" title=\"\">\t\t\t\t\t\t\t\t<\/a>\n\t\t\t\t\t\t\t\t\t\t\t<figcaption class=\"widget-image-caption wp-caption-text\">kliknite sem<\/figcaption>\n\t\t\t\t\t\t\t\t\t\t<\/figure>\n\t\t\t\t\t\t\t\t\t<\/div>\n\t\t\t\t<\/div>\n\t\t\t\t<div class=\"elementor-element elementor-element-68b17a5 elementor-widget elementor-widget-image\" data-id=\"68b17a5\" data-element_type=\"widget\" data-e-type=\"widget\" data-widget_type=\"image.default\">\n\t\t\t\t<div class=\"elementor-widget-container\">\n\t\t\t\t\t\t\t\t\t\t\t\t<figure class=\"wp-caption\">\n\t\t\t\t\t\t\t\t\t\t\t<a href=\"https:\/\/foldvaryaukcio.hu\/items\/239\" target=\"_blank\" rel=\"noopener\">\n\t\t\t\t\t\t\t<img loading=\"lazy\" decoding=\"async\" width=\"225\" height=\"300\" src=\"https:\/\/ottevenyikastely.hu\/wp-content\/uploads\/2025\/04\/Malasits-Zsolt-0239-225x300.jpeg\" class=\"attachment-medium size-medium wp-image-12919\" alt=\"\" srcset=\"https:\/\/ottevenyikastely.hu\/wp-content\/uploads\/2025\/04\/Malasits-Zsolt-0239-225x300.jpeg 225w, https:\/\/ottevenyikastely.hu\/wp-content\/uploads\/2025\/04\/Malasits-Zsolt-0239-769x1024.jpeg 769w, https:\/\/ottevenyikastely.hu\/wp-content\/uploads\/2025\/04\/Malasits-Zsolt-0239-768x1022.jpeg 768w, https:\/\/ottevenyikastely.hu\/wp-content\/uploads\/2025\/04\/Malasits-Zsolt-0239-1154x1536.jpeg 1154w, https:\/\/ottevenyikastely.hu\/wp-content\/uploads\/2025\/04\/Malasits-Zsolt-0239-1539x2048.jpeg 1539w, https:\/\/ottevenyikastely.hu\/wp-content\/uploads\/2025\/04\/Malasits-Zsolt-0239-9x12.jpeg 9w, https:\/\/ottevenyikastely.hu\/wp-content\/uploads\/2025\/04\/Malasits-Zsolt-0239-scaled.jpeg 1923w\" sizes=\"(max-width: 225px) 100vw, 225px\" title=\"\">\t\t\t\t\t\t\t\t<\/a>\n\t\t\t\t\t\t\t\t\t\t\t<figcaption class=\"widget-image-caption wp-caption-text\">kliknite sem<\/figcaption>\n\t\t\t\t\t\t\t\t\t\t<\/figure>\n\t\t\t\t\t\t\t\t\t<\/div>\n\t\t\t\t<\/div>\n\t\t\t\t\t<\/div>\n\t\t\t\t<\/div>\n\t\t<div class=\"elementor-element elementor-element-d2bd622 e-flex e-con-boxed e-con e-parent\" data-id=\"d2bd622\" data-element_type=\"container\" data-e-type=\"container\">\n\t\t\t\t\t<div class=\"e-con-inner\">\n\t\t\t\t<div class=\"elementor-element elementor-element-1695d5d elementor-align-right elementor-widget elementor-widget-button\" data-id=\"1695d5d\" data-element_type=\"widget\" data-e-type=\"widget\" data-widget_type=\"button.default\">\n\t\t\t\t<div class=\"elementor-widget-container\">\n\t\t\t\t\t\t\t\t\t<div class=\"elementor-button-wrapper\">\n\t\t\t\t\t<a class=\"elementor-button elementor-button-link elementor-size-sm\" href=\"https:\/\/galeriamalasits.hu\" id=\"https:\/\/galeriamalasits.hu\" target=\"_blank\" rel=\"noopener\">\n\t\t\t\t\t\t<span class=\"elementor-button-content-wrapper\">\n\t\t\t\t\t\t\t\t\t<span class=\"elementor-button-text\">Webov\u00e1 str\u00e1nka umelca<\/span>\n\t\t\t\t\t<\/span>\n\t\t\t\t\t<\/a>\n\t\t\t\t<\/div>\n\t\t\t\t\t\t\t\t<\/div>\n\t\t\t\t<\/div>\n\t\t\t\t\t<\/div>\n\t\t\t\t<\/div>\n\t\t\t\t<\/div>","protected":false},"excerpt":{"rendered":"<p>Malasits Zsolt Malasits Zsolt 1961-ben Magyarorsz\u00e1gon, Gy\u0151rben sz\u00fcletett. Ugyan itt \u00e9l\u0151 \u00e9s alkot\u00f3 fest\u0151m\u0171v\u00e9sz. K\u00e9pz\u0151m\u0171v\u00e9szeti tanulm\u00e1nyait 1989-1993 k\u00f6z\u00f6tt Finnorsz\u00e1gban folytatja. 1984 \u00f3ta k\u00e9sz\u00edt m\u0171v\u00e9szi sz\u00ednvonal\u00fa m\u0171t\u00e1rgyakat. Alkalmazott technik\u00e1i: ker\u00e1mia-, k\u0151-, bronz-szobrok, k\u00e9zm\u0171ves pap\u00edrra olajjal, v\u00e1szonra akrillal \u00e9s olajjal k\u00e9sz\u00edtett festm\u00e9nyek. 1998-ban megnyitja Gy\u0151r t\u00f6rt\u00e9nelmi belv\u00e1ros\u00e1ban a Malasits Gal\u00e9ri\u00e1t, ahol a mai napig alkot.\u00a0 F\u0151 c\u00e9lja [&hellip;]<\/p>","protected":false},"author":7,"featured_media":0,"parent":0,"menu_order":0,"comment_status":"closed","ping_status":"closed","template":"","meta":{"footnotes":""},"class_list":["post-12359","page","type-page","status-publish","hentry","entry"],"_links":{"self":[{"href":"https:\/\/ottevenyikastely.hu\/sk\/wp-json\/wp\/v2\/pages\/12359","targetHints":{"allow":["GET"]}}],"collection":[{"href":"https:\/\/ottevenyikastely.hu\/sk\/wp-json\/wp\/v2\/pages"}],"about":[{"href":"https:\/\/ottevenyikastely.hu\/sk\/wp-json\/wp\/v2\/types\/page"}],"author":[{"embeddable":true,"href":"https:\/\/ottevenyikastely.hu\/sk\/wp-json\/wp\/v2\/users\/7"}],"replies":[{"embeddable":true,"href":"https:\/\/ottevenyikastely.hu\/sk\/wp-json\/wp\/v2\/comments?post=12359"}],"version-history":[{"count":19,"href":"https:\/\/ottevenyikastely.hu\/sk\/wp-json\/wp\/v2\/pages\/12359\/revisions"}],"predecessor-version":[{"id":13509,"href":"https:\/\/ottevenyikastely.hu\/sk\/wp-json\/wp\/v2\/pages\/12359\/revisions\/13509"}],"wp:attachment":[{"href":"https:\/\/ottevenyikastely.hu\/sk\/wp-json\/wp\/v2\/media?parent=12359"}],"curies":[{"name":"wp","href":"https:\/\/api.w.org\/{rel}","templated":true}]}}