{"id":12430,"date":"2025-04-12T09:56:40","date_gmt":"2025-04-12T07:56:40","guid":{"rendered":"https:\/\/ottevenyikastely.hu\/?page_id=12430"},"modified":"2025-05-18T12:34:19","modified_gmt":"2025-05-18T10:34:19","slug":"judit-takacs","status":"publish","type":"page","link":"https:\/\/ottevenyikastely.hu\/sk\/judit-takacs\/","title":{"rendered":"Judit Tak\u00e1cs"},"content":{"rendered":"<div data-elementor-type=\"wp-page\" data-elementor-id=\"12430\" class=\"elementor elementor-12430\" data-elementor-post-type=\"page\">\n\t\t\t\t<div class=\"elementor-element elementor-element-ea0fdba e-flex e-con-boxed e-con e-parent\" data-id=\"ea0fdba\" data-element_type=\"container\" data-e-type=\"container\">\n\t\t\t\t\t<div class=\"e-con-inner\">\n\t\t\t\t<div class=\"elementor-element elementor-element-3ab6c40 elementor-widget elementor-widget-heading\" data-id=\"3ab6c40\" data-element_type=\"widget\" data-e-type=\"widget\" data-widget_type=\"heading.default\">\n\t\t\t\t<div class=\"elementor-widget-container\">\n\t\t\t\t\t<h2 class=\"elementor-heading-title elementor-size-default\">Judit Tak\u00e1cs<\/h2>\t\t\t\t<\/div>\n\t\t\t\t<\/div>\n\t\t\t\t\t<\/div>\n\t\t\t\t<\/div>\n\t\t<div class=\"elementor-element elementor-element-62e93a7 e-flex e-con-boxed e-con e-parent\" data-id=\"62e93a7\" data-element_type=\"container\" data-e-type=\"container\">\n\t\t\t\t\t<div class=\"e-con-inner\">\n\t\t\t\t<div class=\"elementor-element elementor-element-9c76a6b elementor-widget elementor-widget-text-editor\" data-id=\"9c76a6b\" data-element_type=\"widget\" data-e-type=\"widget\" data-widget_type=\"text-editor.default\">\n\t\t\t\t<div class=\"elementor-widget-container\">\n\t\t\t\t\t\t\t\t\t<p class=\"s3\"><span class=\"s2\">Narodil som sa v roku 1971 <\/span><span class=\"s2\">Budape\u0161\u0165<\/span><span class=\"s2\">, st\u00e1le tu<\/span><span class=\"s2\">\u017dijem a tvor\u00edm<\/span><span class=\"s2\">.<\/span><a name=\"_GoBack\"><\/a><\/p><p class=\"s3\"><span class=\"s2\">A<\/span> <span class=\"s2\">Crea<\/span><span class=\"s2\"> \u0160kola environment\u00e1lneho dizajnu<\/span><span class=\"s2\">M\u00e1m stredo\u0161kolsk\u00fd diplom z grafick\u00e9ho dizajnu<\/span><span class=\"s2\">,<\/span><span class=\"s2\">potom vy\u0161tudoval umenie a vizu\u00e1lnu komunik\u00e1ciu na Filozofickej fakulte Univerzity v Kaposv\u00e1ri. <\/span><span class=\"s2\">Potom <\/span><span class=\"s2\">a<\/span><span class=\"s2\">z<\/span><span class=\"s2\">Absolvovala som 2,5 roka na Univerzite v P\u00e9csi, odbor zobrazovanie - ma\u013eba, a z\u00e1rove\u0148 som absolvovala 2 roky postgradu\u00e1lneho vzdel\u00e1vania ako arteterapeutka na Univerzite v P\u00e9csi.<\/span><span class=\"s2\"> je .<\/span><span class=\"s2\"> \u010cas\u0165<\/span><span class=\"s2\">Z\u00edskan\u00e9 z<\/span><span class=\"s2\">.<\/span><\/p><p class=\"s3\"><span class=\"s2\">F<\/span><span class=\"s2\">U\u010dila som deti na z\u00e1kladn\u00fdch umeleck\u00fdch \u0161kol\u00e1ch, dospel\u00fdch v kurzoch ma\u013eovania a vo vlastnom umeleckom ateli\u00e9ri. V s\u00fa\u010dasnosti pracujem ako maliarka na vo\u013enej nohe a tie\u017e vyu\u010dujem kreslenie a ma\u013eovanie vo vlastnom ateli\u00e9ri a online. <\/span><\/p><p class=\"s3\"><span class=\"s2\">Pravidelne sa z\u00fa\u010dast\u0148ujem na n\u00e1rodn\u00fdch a medzin\u00e1rodn\u00fdch<\/span><span class=\"s2\">na v\u00fdstav\u00e1ch, v umeleck\u00fdch centr\u00e1ch<\/span><span class=\"s2\">.<\/span><\/p><p class=\"s3\"><span class=\"s2\">Obraz <\/span><span class=\"s2\">b\u00farliv\u00e1, celo\u017eivotn\u00e1 cesta pre m\u0148a, rovnako pln\u00e1 n\u00e1razov a hrbolov<\/span><span class=\"s2\">,<\/span><span class=\"s2\"> ako aj z\u00e1zraky a povzn\u00e1\u0161aj\u00face kr\u00e1sy. <\/span><\/p><p class=\"s3\"><span class=\"s2\">T\u00e1to cesta m\u00f4\u017ee by\u0165 o putovan\u00ed po vonkaj\u0161\u00edch krajin\u00e1ch, svetl\u00e1ch, farb\u00e1ch, o<\/span><span class=\"s2\">spozna\u0165 r\u00f4zne chute a n\u00e1lady,<\/span><span class=\"s2\"> sn\u00edvanie v obraze. Hra, vzru\u0161uj\u00face objavovanie, v\u00e1\u0161e\u0148. Niekedy v\u0161ak toto v\u0161etko nahrad\u00ed vn\u00fatorn\u00e1 cesta, konfront\u00e1cia s niekedy bolestiv\u00fdmi, inokedy vzru\u0161uj\u00facimi odhaleniami pri h\u013eadan\u00ed v hlbin\u00e1ch du\u0161e. Tieto odhalenia m\u00f4\u017eu nadobudn\u00fa\u0165 podobu aj pomocou \u0161tetca. Tieto pocity, prejavuj\u00face sa v hmotnej podobe, mo\u017eno potom sk\u00fama\u0165, milova\u0165 alebo nemilova\u0165, ale vy\u017eaduj\u00fa si pozornos\u0165 a s\u00fastredenie, a t\u00e1to cesta sa st\u00e1va vn\u00fatornou cestou du\u0161e, ktor\u00e1 chce spozna\u0165 samu seba. T\u00e1to cesta sebapozn\u00e1vania <\/span><span class=\"s2\">prostredn\u00edctvom tvorby <\/span><span class=\"s2\">je pre m\u0148a rovnako d\u00f4le\u017eit\u00e1 ako hra s hmotnou realitou.<\/span><\/p>\t\t\t\t\t\t\t\t<\/div>\n\t\t\t\t<\/div>\n\t\t\t\t\t<\/div>\n\t\t\t\t<\/div>\n\t\t<div class=\"elementor-element elementor-element-a83c70f e-flex e-con-boxed e-con e-parent\" data-id=\"a83c70f\" data-element_type=\"container\" data-e-type=\"container\">\n\t\t\t\t\t<div class=\"e-con-inner\">\n\t\t\t\t<div class=\"elementor-element elementor-element-c875150 elementor-widget elementor-widget-video\" data-id=\"c875150\" data-element_type=\"widget\" data-e-type=\"widget\" data-settings=\"{&quot;youtube_url&quot;:&quot;https:\\\/\\\/www.youtube.com\\\/embed\\\/dbM0dRmW4bw?si=cabIRvcfmumY9u4i&quot;,&quot;video_type&quot;:&quot;youtube&quot;,&quot;controls&quot;:&quot;yes&quot;}\" data-widget_type=\"video.default\">\n\t\t\t\t<div class=\"elementor-widget-container\">\n\t\t\t\t\t\t\t<div class=\"elementor-wrapper elementor-open-inline\">\n\t\t\t<div class=\"elementor-video\"><\/div>\t\t<\/div>\n\t\t\t\t\t\t<\/div>\n\t\t\t\t<\/div>\n\t\t\t\t\t<\/div>\n\t\t\t\t<\/div>\n\t\t<div class=\"elementor-element elementor-element-5ee5a5b e-grid e-con-boxed e-con e-parent\" data-id=\"5ee5a5b\" data-element_type=\"container\" data-e-type=\"container\">\n\t\t\t\t\t<div class=\"e-con-inner\">\n\t\t\t\t<div class=\"elementor-element elementor-element-01939f9 elementor-widget elementor-widget-image\" data-id=\"01939f9\" data-element_type=\"widget\" data-e-type=\"widget\" data-widget_type=\"image.default\">\n\t\t\t\t<div class=\"elementor-widget-container\">\n\t\t\t\t\t\t\t\t\t\t\t\t\t\t\t<img fetchpriority=\"high\" decoding=\"async\" width=\"768\" height=\"1024\" src=\"https:\/\/ottevenyikastely.hu\/wp-content\/uploads\/2025\/04\/Takacs-Judit1-768x1024.jpeg\" class=\"attachment-large size-large wp-image-12683\" alt=\"\" srcset=\"https:\/\/ottevenyikastely.hu\/wp-content\/uploads\/2025\/04\/Takacs-Judit1-768x1024.jpeg 768w, https:\/\/ottevenyikastely.hu\/wp-content\/uploads\/2025\/04\/Takacs-Judit1-225x300.jpeg 225w, https:\/\/ottevenyikastely.hu\/wp-content\/uploads\/2025\/04\/Takacs-Judit1-1152x1536.jpeg 1152w, https:\/\/ottevenyikastely.hu\/wp-content\/uploads\/2025\/04\/Takacs-Judit1-1536x2048.jpeg 1536w, https:\/\/ottevenyikastely.hu\/wp-content\/uploads\/2025\/04\/Takacs-Judit1-9x12.jpeg 9w, https:\/\/ottevenyikastely.hu\/wp-content\/uploads\/2025\/04\/Takacs-Judit1-scaled.jpeg 1920w\" sizes=\"(max-width: 768px) 100vw, 768px\" title=\"\">\t\t\t\t\t\t\t\t\t\t\t\t\t\t\t<\/div>\n\t\t\t\t<\/div>\n\t\t\t\t<div class=\"elementor-element elementor-element-0486480 elementor-widget elementor-widget-image\" data-id=\"0486480\" data-element_type=\"widget\" data-e-type=\"widget\" data-widget_type=\"image.default\">\n\t\t\t\t<div class=\"elementor-widget-container\">\n\t\t\t\t\t\t\t\t\t\t\t\t\t\t\t<img decoding=\"async\" width=\"768\" height=\"1024\" src=\"https:\/\/ottevenyikastely.hu\/wp-content\/uploads\/2025\/04\/Takacs-Judit-3-768x1024.jpeg\" class=\"attachment-large size-large wp-image-12682\" alt=\"\" srcset=\"https:\/\/ottevenyikastely.hu\/wp-content\/uploads\/2025\/04\/Takacs-Judit-3-768x1024.jpeg 768w, https:\/\/ottevenyikastely.hu\/wp-content\/uploads\/2025\/04\/Takacs-Judit-3-225x300.jpeg 225w, https:\/\/ottevenyikastely.hu\/wp-content\/uploads\/2025\/04\/Takacs-Judit-3-1152x1536.jpeg 1152w, https:\/\/ottevenyikastely.hu\/wp-content\/uploads\/2025\/04\/Takacs-Judit-3-1536x2048.jpeg 1536w, https:\/\/ottevenyikastely.hu\/wp-content\/uploads\/2025\/04\/Takacs-Judit-3-9x12.jpeg 9w, https:\/\/ottevenyikastely.hu\/wp-content\/uploads\/2025\/04\/Takacs-Judit-3-scaled.jpeg 1920w\" sizes=\"(max-width: 768px) 100vw, 768px\" title=\"\">\t\t\t\t\t\t\t\t\t\t\t\t\t\t\t<\/div>\n\t\t\t\t<\/div>\n\t\t\t\t<div class=\"elementor-element elementor-element-427b2c2 elementor-widget elementor-widget-image\" data-id=\"427b2c2\" data-element_type=\"widget\" data-e-type=\"widget\" data-widget_type=\"image.default\">\n\t\t\t\t<div class=\"elementor-widget-container\">\n\t\t\t\t\t\t\t\t\t\t\t\t\t\t\t<img decoding=\"async\" width=\"768\" height=\"1024\" src=\"https:\/\/ottevenyikastely.hu\/wp-content\/uploads\/2025\/04\/IMG_3053-768x1024.jpeg\" class=\"attachment-large size-large wp-image-12594\" alt=\"\" srcset=\"https:\/\/ottevenyikastely.hu\/wp-content\/uploads\/2025\/04\/IMG_3053-768x1024.jpeg 768w, https:\/\/ottevenyikastely.hu\/wp-content\/uploads\/2025\/04\/IMG_3053-225x300.jpeg 225w, https:\/\/ottevenyikastely.hu\/wp-content\/uploads\/2025\/04\/IMG_3053-1152x1536.jpeg 1152w, https:\/\/ottevenyikastely.hu\/wp-content\/uploads\/2025\/04\/IMG_3053-1536x2048.jpeg 1536w, https:\/\/ottevenyikastely.hu\/wp-content\/uploads\/2025\/04\/IMG_3053-9x12.jpeg 9w, https:\/\/ottevenyikastely.hu\/wp-content\/uploads\/2025\/04\/IMG_3053-scaled.jpeg 1920w\" sizes=\"(max-width: 768px) 100vw, 768px\" title=\"\">\t\t\t\t\t\t\t\t\t\t\t\t\t\t\t<\/div>\n\t\t\t\t<\/div>\n\t\t\t\t\t<\/div>\n\t\t\t\t<\/div>\n\t\t<div class=\"elementor-element elementor-element-f3cf365 e-flex e-con-boxed e-con e-parent\" data-id=\"f3cf365\" data-element_type=\"container\" data-e-type=\"container\">\n\t\t\t\t\t<div class=\"e-con-inner\">\n\t\t\t\t<div class=\"elementor-element elementor-element-38988d9 elementor-widget elementor-widget-spacer\" data-id=\"38988d9\" data-element_type=\"widget\" data-e-type=\"widget\" data-widget_type=\"spacer.default\">\n\t\t\t\t<div class=\"elementor-widget-container\">\n\t\t\t\t\t\t\t<div class=\"elementor-spacer\">\n\t\t\t<div class=\"elementor-spacer-inner\"><\/div>\n\t\t<\/div>\n\t\t\t\t\t\t<\/div>\n\t\t\t\t<\/div>\n\t\t\t\t\t<\/div>\n\t\t\t\t<\/div>\n\t\t<div class=\"elementor-element elementor-element-b60280d e-flex e-con-boxed e-con e-parent\" data-id=\"b60280d\" data-element_type=\"container\" data-e-type=\"container\">\n\t\t\t\t\t<div class=\"e-con-inner\">\n\t\t\t\t<div class=\"elementor-element elementor-element-63a08f4 elementor-widget elementor-widget-text-editor\" data-id=\"63a08f4\" data-element_type=\"widget\" data-e-type=\"widget\" data-widget_type=\"text-editor.default\">\n\t\t\t\t<div class=\"elementor-widget-container\">\n\t\t\t\t\t\t\t\t\t<p>Ak chcete dra\u017ei\u0165 umeleck\u00e9 diela vyroben\u00e9 tu, kliknite na obr\u00e1zok alebo nav\u0161t\u00edvte str\u00e1nku <span style=\"text-decoration: underline;\"><strong><a href=\"https:\/\/foldvaryaukcio.hu\" target=\"_blank\" rel=\"noopener\">foldvaryaukcio.hu<\/a><\/strong><\/span> ak v\u00e1s zauj\u00edmaj\u00fa \u010fal\u0161ie podrobnosti!<\/p>\t\t\t\t\t\t\t\t<\/div>\n\t\t\t\t<\/div>\n\t\t\t\t\t<\/div>\n\t\t\t\t<\/div>\n\t\t<div class=\"elementor-element elementor-element-a211cec e-grid e-con-boxed e-con e-parent\" data-id=\"a211cec\" data-element_type=\"container\" data-e-type=\"container\">\n\t\t\t\t\t<div class=\"e-con-inner\">\n\t\t\t\t<div class=\"elementor-element elementor-element-1f797d6 elementor-widget elementor-widget-image\" data-id=\"1f797d6\" data-element_type=\"widget\" data-e-type=\"widget\" data-widget_type=\"image.default\">\n\t\t\t\t<div class=\"elementor-widget-container\">\n\t\t\t\t\t\t\t\t\t\t\t\t<figure class=\"wp-caption\">\n\t\t\t\t\t\t\t\t\t\t\t<a href=\"https:\/\/foldvaryaukcio.hu\/items\/245\" target=\"_blank\" rel=\"noopener\">\n\t\t\t\t\t\t\t<img loading=\"lazy\" decoding=\"async\" width=\"300\" height=\"257\" src=\"https:\/\/ottevenyikastely.hu\/wp-content\/uploads\/2025\/04\/Takacs-Judit-245-300x257.jpeg\" class=\"attachment-medium size-medium wp-image-12992\" alt=\"\" srcset=\"https:\/\/ottevenyikastely.hu\/wp-content\/uploads\/2025\/04\/Takacs-Judit-245-300x257.jpeg 300w, https:\/\/ottevenyikastely.hu\/wp-content\/uploads\/2025\/04\/Takacs-Judit-245-1024x878.jpeg 1024w, https:\/\/ottevenyikastely.hu\/wp-content\/uploads\/2025\/04\/Takacs-Judit-245-768x659.jpeg 768w, https:\/\/ottevenyikastely.hu\/wp-content\/uploads\/2025\/04\/Takacs-Judit-245-1536x1317.jpeg 1536w, https:\/\/ottevenyikastely.hu\/wp-content\/uploads\/2025\/04\/Takacs-Judit-245-2048x1756.jpeg 2048w, https:\/\/ottevenyikastely.hu\/wp-content\/uploads\/2025\/04\/Takacs-Judit-245-14x12.jpeg 14w\" sizes=\"(max-width: 300px) 100vw, 300px\" title=\"\">\t\t\t\t\t\t\t\t<\/a>\n\t\t\t\t\t\t\t\t\t\t\t<figcaption class=\"widget-image-caption wp-caption-text\">kliknite sem<\/figcaption>\n\t\t\t\t\t\t\t\t\t\t<\/figure>\n\t\t\t\t\t\t\t\t\t<\/div>\n\t\t\t\t<\/div>\n\t\t\t\t<div class=\"elementor-element elementor-element-6b5fa2e elementor-widget elementor-widget-image\" data-id=\"6b5fa2e\" data-element_type=\"widget\" data-e-type=\"widget\" data-widget_type=\"image.default\">\n\t\t\t\t<div class=\"elementor-widget-container\">\n\t\t\t\t\t\t\t\t\t\t\t\t<figure class=\"wp-caption\">\n\t\t\t\t\t\t\t\t\t\t\t<a href=\"https:\/\/foldvaryaukcio.hu\/items\/244\" target=\"_blank\" rel=\"noopener\">\n\t\t\t\t\t\t\t<img loading=\"lazy\" decoding=\"async\" width=\"214\" height=\"300\" src=\"https:\/\/ottevenyikastely.hu\/wp-content\/uploads\/2025\/04\/Takacs-Judit-244-214x300.jpeg\" class=\"attachment-medium size-medium wp-image-12991\" alt=\"\" srcset=\"https:\/\/ottevenyikastely.hu\/wp-content\/uploads\/2025\/04\/Takacs-Judit-244-214x300.jpeg 214w, https:\/\/ottevenyikastely.hu\/wp-content\/uploads\/2025\/04\/Takacs-Judit-244-731x1024.jpeg 731w, https:\/\/ottevenyikastely.hu\/wp-content\/uploads\/2025\/04\/Takacs-Judit-244-768x1076.jpeg 768w, https:\/\/ottevenyikastely.hu\/wp-content\/uploads\/2025\/04\/Takacs-Judit-244-1097x1536.jpeg 1097w, https:\/\/ottevenyikastely.hu\/wp-content\/uploads\/2025\/04\/Takacs-Judit-244-1462x2048.jpeg 1462w, https:\/\/ottevenyikastely.hu\/wp-content\/uploads\/2025\/04\/Takacs-Judit-244-9x12.jpeg 9w, https:\/\/ottevenyikastely.hu\/wp-content\/uploads\/2025\/04\/Takacs-Judit-244-scaled.jpeg 1828w\" sizes=\"(max-width: 214px) 100vw, 214px\" title=\"\">\t\t\t\t\t\t\t\t<\/a>\n\t\t\t\t\t\t\t\t\t\t\t<figcaption class=\"widget-image-caption wp-caption-text\">kliknite sem<\/figcaption>\n\t\t\t\t\t\t\t\t\t\t<\/figure>\n\t\t\t\t\t\t\t\t\t<\/div>\n\t\t\t\t<\/div>\n\t\t\t\t\t<\/div>\n\t\t\t\t<\/div>\n\t\t<div class=\"elementor-element elementor-element-171a2c4 e-flex e-con-boxed e-con e-parent\" data-id=\"171a2c4\" data-element_type=\"container\" data-e-type=\"container\">\n\t\t\t\t\t<div class=\"e-con-inner\">\n\t\t\t\t<div class=\"elementor-element elementor-element-a0981bd elementor-align-right elementor-widget elementor-widget-button\" data-id=\"a0981bd\" data-element_type=\"widget\" data-e-type=\"widget\" data-widget_type=\"button.default\">\n\t\t\t\t<div class=\"elementor-widget-container\">\n\t\t\t\t\t\t\t\t\t<div class=\"elementor-button-wrapper\">\n\t\t\t\t\t<a class=\"elementor-button elementor-button-link elementor-size-sm\" href=\"https:\/\/www.facebook.com\/Judithtakacsfineart\/\" id=\"https:\/\/www.facebook.com\/Judithtakacsfineart\/\" target=\"_blank\" rel=\"noopener\">\n\t\t\t\t\t\t<span class=\"elementor-button-content-wrapper\">\n\t\t\t\t\t\t\t\t\t<span class=\"elementor-button-text\">Webov\u00e1 str\u00e1nka umelca<\/span>\n\t\t\t\t\t<\/span>\n\t\t\t\t\t<\/a>\n\t\t\t\t<\/div>\n\t\t\t\t\t\t\t\t<\/div>\n\t\t\t\t<\/div>\n\t\t\t\t\t<\/div>\n\t\t\t\t<\/div>\n\t\t<div class=\"elementor-element elementor-element-fb3b6b1 e-flex e-con-boxed e-con e-parent\" data-id=\"fb3b6b1\" data-element_type=\"container\" data-e-type=\"container\">\n\t\t\t\t\t<div class=\"e-con-inner\">\n\t\t\t\t<div class=\"elementor-element elementor-element-79741e7 elementor-widget elementor-widget-video\" data-id=\"79741e7\" data-element_type=\"widget\" data-e-type=\"widget\" data-settings=\"{&quot;youtube_url&quot;:&quot;https:\\\/\\\/youtu.be\\\/dbM0dRmW4bw&quot;,&quot;video_type&quot;:&quot;youtube&quot;,&quot;controls&quot;:&quot;yes&quot;}\" data-widget_type=\"video.default\">\n\t\t\t\t<div class=\"elementor-widget-container\">\n\t\t\t\t\t\t\t<div class=\"elementor-wrapper elementor-open-inline\">\n\t\t\t<div class=\"elementor-video\"><\/div>\t\t<\/div>\n\t\t\t\t\t\t<\/div>\n\t\t\t\t<\/div>\n\t\t\t\t\t<\/div>\n\t\t\t\t<\/div>\n\t\t\t\t<\/div>","protected":false},"excerpt":{"rendered":"<p>Judit Tak\u00e1cs Narodila som sa v Budape\u0161ti v roku 1971, odvtedy p\u00ed\u0161em a tvor\u00edm. Vy\u0161tudovala som \u0161kolu environment\u00e1lneho dizajnu Krea s diplomom z grafick\u00e9ho dizajnu a potom Univerzitu v Kaposv\u00e1ri, Fakultu umenia, s diplomom z vizu\u00e1lnej komunik\u00e1cie. Potom som absolvoval 2,5 roka na Univerzite v Kaposv\u00e1ri, odbor obrazov\u00e9 stv\u00e1rnenie - ma\u013eba, a z\u00e1rove\u0148 som absolvoval 2-ro\u010dn\u00e9 postgradu\u00e1lne \u0161t\u00fadium arteterapie na Univerzite v P\u00e9csi. Ako u\u010dite\u013eka ma\u013eby a kresby som u\u010dila deti [...]<\/p>","protected":false},"author":7,"featured_media":0,"parent":0,"menu_order":0,"comment_status":"closed","ping_status":"closed","template":"","meta":{"footnotes":""},"class_list":["post-12430","page","type-page","status-publish","hentry","entry"],"_links":{"self":[{"href":"https:\/\/ottevenyikastely.hu\/sk\/wp-json\/wp\/v2\/pages\/12430","targetHints":{"allow":["GET"]}}],"collection":[{"href":"https:\/\/ottevenyikastely.hu\/sk\/wp-json\/wp\/v2\/pages"}],"about":[{"href":"https:\/\/ottevenyikastely.hu\/sk\/wp-json\/wp\/v2\/types\/page"}],"author":[{"embeddable":true,"href":"https:\/\/ottevenyikastely.hu\/sk\/wp-json\/wp\/v2\/users\/7"}],"replies":[{"embeddable":true,"href":"https:\/\/ottevenyikastely.hu\/sk\/wp-json\/wp\/v2\/comments?post=12430"}],"version-history":[{"count":19,"href":"https:\/\/ottevenyikastely.hu\/sk\/wp-json\/wp\/v2\/pages\/12430\/revisions"}],"predecessor-version":[{"id":13455,"href":"https:\/\/ottevenyikastely.hu\/sk\/wp-json\/wp\/v2\/pages\/12430\/revisions\/13455"}],"wp:attachment":[{"href":"https:\/\/ottevenyikastely.hu\/sk\/wp-json\/wp\/v2\/media?parent=12430"}],"curies":[{"name":"wp","href":"https:\/\/api.w.org\/{rel}","templated":true}]}}