{"id":13565,"date":"2025-06-17T10:07:14","date_gmt":"2025-06-17T08:07:14","guid":{"rendered":"https:\/\/ottevenyikastely.hu\/?page_id=13565"},"modified":"2025-06-17T10:26:16","modified_gmt":"2025-06-17T08:26:16","slug":"ako-podat-ponuku","status":"publish","type":"page","link":"https:\/\/ottevenyikastely.hu\/sk\/ako-podat-ponuku\/","title":{"rendered":"Ako poda\u0165 ponuku"},"content":{"rendered":"<div data-elementor-type=\"wp-page\" data-elementor-id=\"13565\" class=\"elementor elementor-13565\" data-elementor-post-type=\"page\">\n\t\t\t\t<div class=\"elementor-element elementor-element-6895549 e-flex e-con-boxed e-con e-parent\" data-id=\"6895549\" data-element_type=\"container\" data-e-type=\"container\">\n\t\t\t\t\t<div class=\"e-con-inner\">\n\t\t\t\t<div class=\"elementor-element elementor-element-e23fdda elementor-widget elementor-widget-heading\" data-id=\"e23fdda\" data-element_type=\"widget\" data-e-type=\"widget\" data-widget_type=\"heading.default\">\n\t\t\t\t<div class=\"elementor-widget-container\">\n\t\t\t\t\t<h2 class=\"elementor-heading-title elementor-size-default\">N\u00e1vod na pou\u017eitie<\/h2>\t\t\t\t<\/div>\n\t\t\t\t<\/div>\n\t\t\t\t\t<\/div>\n\t\t\t\t<\/div>\n\t\t<div class=\"elementor-element elementor-element-2196db1 e-flex e-con-boxed e-con e-parent\" data-id=\"2196db1\" data-element_type=\"container\" data-e-type=\"container\">\n\t\t\t\t\t<div class=\"e-con-inner\">\n\t\t\t\t<div class=\"elementor-element elementor-element-2e33fae elementor-widget elementor-widget-video\" data-id=\"2e33fae\" data-element_type=\"widget\" data-e-type=\"widget\" data-settings=\"{&quot;youtube_url&quot;:&quot;https:\\\/\\\/www.youtube.com\\\/watch?v=XHOmBV4js_E&quot;,&quot;video_type&quot;:&quot;youtube&quot;,&quot;controls&quot;:&quot;yes&quot;}\" data-widget_type=\"video.default\">\n\t\t\t\t<div class=\"elementor-widget-container\">\n\t\t\t\t\t\t\t<div class=\"elementor-wrapper elementor-open-inline\">\n\t\t\t<div class=\"elementor-video\"><\/div>\t\t<\/div>\n\t\t\t\t\t\t<\/div>\n\t\t\t\t<\/div>\n\t\t\t\t\t<\/div>\n\t\t\t\t<\/div>\n\t\t<div class=\"elementor-element elementor-element-0867f94 e-flex e-con-boxed e-con e-parent\" data-id=\"0867f94\" data-element_type=\"container\" data-e-type=\"container\">\n\t\t\t\t\t<div class=\"e-con-inner\">\n\t\t\t\t<div class=\"elementor-element elementor-element-9b3a32c elementor-widget elementor-widget-text-editor\" data-id=\"9b3a32c\" data-element_type=\"widget\" data-e-type=\"widget\" data-widget_type=\"text-editor.default\">\n\t\t\t\t<div class=\"elementor-widget-container\">\n\t\t\t\t\t\t\t\t\t<h2 data-start=\"44\" data-end=\"84\">1. Zaregistrujte sa a po\u017eiadajte o disk \ud83d\udcdd<\/h2>\n<ol data-start=\"86\" data-end=\"251\">\n<li data-start=\"86\" data-end=\"128\">\n<p data-start=\"89\" data-end=\"128\"><span class=\"relative -mx-px my-[-0.2rem] rounded px-px py-[0.2rem] transition-colors duration-100 ease-in-out\">Zaregistrujte sa na <strong data-start=\"14\" data-end=\"39\"><a href=\"http:\/\/www.foldvaryaukcio.hu\/\" target=\"_new\" rel=\"noopener noreferrer\" data-start=\"16\" data-end=\"37\" data-is-only-node=\"\">www.foldvaryaukcio.hu<\/a><\/strong> pred aukciou.<\/span><\/p>\n<\/li>\n<li data-start=\"129\" data-end=\"210\">\n<p data-start=\"132\" data-end=\"210\"><span class=\"relative -mx-px my-[-0.2rem] rounded px-px py-[0.2rem] transition-colors duration-100 ease-in-out\">Pri registr\u00e1cii za\u0161krtnite pol\u00ed\u010dko, aby ste prijali pravidl\u00e1<\/span><\/p>\n<\/li>\n<li data-start=\"211\" data-end=\"251\">\n<p data-start=\"214\" data-end=\"251\"><span class=\"relative -mx-px my-[-0.2rem] rounded px-px py-[0.2rem] transition-colors duration-100 ease-in-out\">po\u017eiadajte o svoj dra\u017eobn\u00fd l\u00edstok najnesk\u00f4r 24 hod\u00edn pred aukciou (vy\u017eaduje sa aj pri online \u00fa\u010dasti).<\/span><\/p>\n<\/li>\n<\/ol>\n<hr data-start=\"253\" data-end=\"256\">\n<h2 data-start=\"258\" data-end=\"280\">2. Met\u00f3dy predkladania pon\u00fak<\/h2>\n<ul data-start=\"282\" data-end=\"527\">\n<li data-start=\"282\" data-end=\"323\">\n<p data-start=\"284\" data-end=\"323\"><span class=\"relative -mx-px my-[-0.2rem] rounded px-px py-[0.2rem] transition-colors duration-100 ease-in-out\"><strong data-start=\"0\" data-end=\"15\" data-is-only-node=\"\">Osobne<\/strong>: pomocou \u010d\u00edseln\u00edka na mieste. Registrovan\u00ed hostia si ho m\u00f4\u017eu vyzdvihn\u00fa\u0165 na recepcii pri pr\u00edchode<\/span><\/p>\n<\/li>\n<li data-start=\"324\" data-end=\"365\">\n<p data-start=\"326\" data-end=\"365\"><span class=\"relative -mx-px my-[-0.2rem] rounded px-px py-[0.2rem] transition-colors duration-100 ease-in-out\"><strong data-start=\"0\" data-end=\"10\" data-is-only-node=\"\">Online<\/strong>: kliknite na tla\u010didlo \"Licitova\u0165\" ved\u013ea produktu v aplik\u00e1cii.<\/span><\/p>\n<\/li>\n<li data-start=\"366\" data-end=\"446\">\n<p data-start=\"368\" data-end=\"446\"><span class=\"relative -mx-px my-[-0.2rem] rounded px-px py-[0.2rem] transition-colors duration-100 ease-in-out\"><strong data-start=\"0\" data-end=\"19\" data-is-only-node=\"\">K\u00fapna objedn\u00e1vka<\/strong>: je mo\u017en\u00e9 stla\u010den\u00edm tla\u010didla pre vybran\u00fd objekt. Zad\u00e1te predbe\u017en\u00e9 pokyny pre maxim\u00e1lnu realiza\u010dn\u00fa cenu a zaplat\u00edte z\u00e1lohu 20 %&nbsp;<\/span><\/p>\n<\/li>\n<li data-start=\"447\" data-end=\"527\">\n<p data-start=\"449\" data-end=\"527\"><span class=\"relative -mx-px my-[-0.2rem] rounded px-px py-[0.2rem] transition-colors duration-100 ease-in-out\"><strong data-start=\"0\" data-end=\"19\" data-is-only-node=\"\">Telefonick\u00e1 ponuka<\/strong>: pre vybran\u00fd objekt je mo\u017en\u00e9 stla\u010den\u00edm tla\u010didla. Vopred d\u00e1te pokyn na maxim\u00e1lnu realiza\u010dn\u00fa cenu a zaplat\u00edte z\u00e1lohu vo v\u00fd\u0161ke 20 %<\/span><\/p>\n<\/li>\n<\/ul>\n<hr data-start=\"529\" data-end=\"532\">\n<h2 data-start=\"534\" data-end=\"551\">3. Licen\u010dn\u00e1 ni\u0165<\/h2>\n<ol data-start=\"553\" data-end=\"853\">\n<li data-start=\"553\" data-end=\"597\">\n<p data-start=\"556\" data-end=\"597\"><span class=\"relative -mx-px my-[-0.2rem] rounded px-px py-[0.2rem] transition-colors duration-100 ease-in-out\">Aukciu bude vies\u0165 licit\u00e1tor, ktor\u00fd ozn\u00e1mi auk\u010dn\u00fa cenu na mieste aukcie a na webovej str\u00e1nke, a to vidite\u013en\u00fdm a po\u010dute\u013en\u00fdm sp\u00f4sobom pre v\u0161etk\u00fdch registrovan\u00fdch host\u00ed.<\/span><\/p>\n<\/li>\n<li data-start=\"598\" data-end=\"683\">\n<p data-start=\"601\" data-end=\"683\"><span class=\"relative -mx-px my-[-0.2rem] rounded px-px py-[0.2rem] transition-colors duration-100 ease-in-out\">Prv\u00e1 ponuka mus\u00ed by\u0165 aspo\u0148 vo v\u00fd\u0161ke vyvol\u00e1vacej ceny, dra\u017ei\u0165 je mo\u017en\u00e9 na mieste aj na webe<\/span><\/p>\n<\/li>\n<li data-start=\"684\" data-end=\"769\">\n<p data-start=\"687\" data-end=\"769\"><span class=\"relative -mx-px my-[-0.2rem] rounded px-px py-[0.2rem] transition-colors duration-100 ease-in-out\">Pr\u00edrastky ponuky sa l\u00ed\u0161ia v z\u00e1vislosti od hodnoty polo\u017eky (napr. od 100 000 do 1 000 000 HUF, pr\u00edrastok 10 000 HUF), podrobnosti n\u00e1jdete v pravidl\u00e1ch<\/span><\/p>\n<\/li>\n<li data-start=\"770\" data-end=\"853\">\n<p data-start=\"773\" data-end=\"853\"><span class=\"relative -mx-px my-[-0.2rem] rounded px-px py-[0.2rem] transition-colors duration-100 ease-in-out\">Dra\u017eba sa skon\u010d\u00ed, ke\u010f licit\u00e1tor tret\u00edkr\u00e1t vyhl\u00e1si \"u\u017e nikto\" a udrie kladivkom. \u00dadaje zobrazen\u00e9 na projekcii a spolu s \u0148ou aj na ozn\u00e1men\u00ed o aukcii s\u00fa smerodajn\u00e9.&nbsp;<\/span><\/p>\n<\/li>\n<\/ol>\n<hr data-start=\"855\" data-end=\"858\">\n<h2 data-start=\"860\" data-end=\"883\">4. Poklad\u0148a a platba<\/h2>\n<ul data-start=\"885\" data-end=\"1181\">\n<li data-start=\"885\" data-end=\"969\">\n<p data-start=\"887\" data-end=\"969\"><span class=\"relative -mx-px my-[-0.2rem] rounded px-px py-[0.2rem] transition-colors duration-100 ease-in-out\">A <strong data-start=\"2\" data-end=\"16\">realiza\u010dn\u00e1 cena<\/strong> + <strong data-start=\"19\" data-end=\"38\">23 Komisia %<\/strong><\/span><\/p>\n<\/li>\n<li data-start=\"970\" data-end=\"1013\">\n<p data-start=\"972\" data-end=\"1013\"><span class=\"relative -mx-px my-[-0.2rem] rounded px-px py-[0.2rem] transition-colors duration-100 ease-in-out\">Ak vyhr\u00e1te, dostanete automatick\u00fd potvrdzuj\u00faci e-mail.<\/span><\/p>\n<\/li>\n<li data-start=\"1014\" data-end=\"1098\">\n<p data-start=\"1016\" data-end=\"1098\"><span class=\"relative -mx-px my-[-0.2rem] rounded px-px py-[0.2rem] transition-colors duration-100 ease-in-out\">Cel\u00e1 k\u00fapna cena mus\u00ed by\u0165 zaplaten\u00e1 do 8 pracovn\u00fdch dn\u00ed (kreditnou kartou, v hotovosti, bankov\u00fdm prevodom<\/span><\/p>\n<\/li>\n<li data-start=\"1099\" data-end=\"1181\">\n<p data-start=\"1101\" data-end=\"1181\"><span class=\"relative -mx-px my-[-0.2rem] rounded px-px py-[0.2rem] transition-colors duration-100 ease-in-out\">Ak zaplat\u00edte po term\u00edne, o tovar pr\u00eddete a budete musie\u0165 zaplati\u0165 n\u00e1hradu.<\/span><\/p>\n<\/li>\n<li data-start=\"1099\" data-end=\"1181\">V\u0161etky ponuky s\u00fa overen\u00e9 not\u00e1rom, tak\u017ee s\u00fa platn\u00e9 a neodvolate\u013en\u00e9<\/li>\n<\/ul>\n<hr data-start=\"1183\" data-end=\"1186\">\n<h2 data-start=\"1188\" data-end=\"1219\">5. Prijatie a prevzatie vlastn\u00edctva<\/h2>\n<ul data-start=\"1221\" data-end=\"1432\">\n<li data-start=\"1221\" data-end=\"1264\">\n<p data-start=\"1223\" data-end=\"1264\"><span class=\"relative -mx-px my-[-0.2rem] rounded px-px py-[0.2rem] transition-colors duration-100 ease-in-out\">K\u00fapna zmluva je uzavret\u00e1 podpisom zmluvy.<\/span><\/p>\n<\/li>\n<li data-start=\"1265\" data-end=\"1349\">\n<p data-start=\"1267\" data-end=\"1349\"><span class=\"relative -mx-px my-[-0.2rem] rounded px-px py-[0.2rem] transition-colors duration-100 ease-in-out\">Tovar sa mus\u00ed odviez\u0165 do 30 dn\u00ed od prevodu vlastn\u00edctva; za oneskoren\u00e9 uskladnenie sa \u00fa\u010dtuje poplatok 1 000 HUF za de\u0148<\/span><\/p>\n<\/li>\n<li data-start=\"1350\" data-end=\"1432\">\n<p data-start=\"1352\" data-end=\"1432\"><span class=\"relative -mx-px my-[-0.2rem] rounded px-px py-[0.2rem] transition-colors duration-100 ease-in-out\">Fakt\u00fara zaslan\u00e1 organiz\u00e1torom elektronicky<\/span> <span class=\"\" data-state=\"closed\"><span class=\"ms-1 inline-flex max-w-full items-center relative top-[-0.094rem] animate-[show_150ms_ease-in]\"><a class=\"flex h-4.5 overflow-hidden rounded-xl px-2 text-[0.5625em] font-medium text-token-text-secondary! bg-[#F4F4F4]! dark:bg-[#303030]! transition-colors duration-150 ease-in-out\" href=\"https:\/\/ottevenyikastely.hu\/sk\/pravidla-arveres\/?utm_source=chatgpt.com\" target=\"_blank\" rel=\"noopener\"><span class=\"relative start-0 bottom-0 flex h-full w-full items-center\"><span class=\"flex h-4 w-full items-center justify-between overflow-hidden\"><span class=\"max-w-full grow truncate overflow-hidden text-center\">ottevenyikastely.hu<\/span><\/span><\/span><\/a><\/span><\/span>.<\/p>\n<\/li>\n<\/ul>\n<hr data-start=\"1434\" data-end=\"1437\">\n<h3 data-start=\"1439\" data-end=\"1468\">Zhrnutie v tabu\u013eke<\/h3>\n<div class=\"_tableContainer_16hzy_1\">\n<div class=\"_tableWrapper_16hzy_14 group flex w-fit flex-col-reverse\" tabindex=\"-1\">\n<table class=\"w-fit min-w-(--thread-content-width)\" data-start=\"1470\" data-end=\"1933\">\n<thead data-start=\"1470\" data-end=\"1506\">\n<tr data-start=\"1470\" data-end=\"1506\">\n<th data-start=\"1470\" data-end=\"1491\" data-col-size=\"sm\">Krok za krokom<\/th>\n<th data-start=\"1491\" data-end=\"1506\" data-col-size=\"sm\">\u010co by ste mali urobi\u0165?<\/th>\n<\/tr>\n<\/thead>\n<tbody data-start=\"1544\" data-end=\"1933\">\n<tr data-start=\"1544\" data-end=\"1601\">\n<td data-start=\"1544\" data-end=\"1566\" data-col-size=\"sm\">\ud83c\udfab Registr\u00e1cia<\/td>\n<td data-col-size=\"sm\" data-start=\"1566\" data-end=\"1601\">webov\u00e9 str\u00e1nky, prijatie pravidiel<\/td>\n<\/tr>\n<tr data-start=\"1602\" data-end=\"1652\">\n<td data-start=\"1602\" data-end=\"1623\" data-col-size=\"sm\">\ud83d\udd22 \u017diados\u0165 o disk<\/td>\n<td data-start=\"1623\" data-end=\"1652\" data-col-size=\"sm\">24 hod\u00edn pred aukciou<\/td>\n<\/tr>\n<tr data-start=\"1653\" data-end=\"1707\">\n<td data-start=\"1653\" data-end=\"1678\" data-col-size=\"sm\">\ud83d\udcbb V\u00fdber re\u017eimu licencie<\/td>\n<td data-start=\"1678\" data-end=\"1707\" data-col-size=\"sm\">online, n\u00e1kup, telef\u00f3n<\/td>\n<\/tr>\n<tr data-start=\"1708\" data-end=\"1770\">\n<td data-start=\"1708\" data-end=\"1730\" data-col-size=\"sm\">\ud83d\udcc8 Ponuky<\/td>\n<td data-start=\"1730\" data-end=\"1770\" data-col-size=\"sm\">minim\u00e1lna po\u010diato\u010dn\u00e1 cena, pr\u00edrastky ponuky<\/td>\n<\/tr>\n<tr data-start=\"1771\" data-end=\"1821\">\n<td data-start=\"1771\" data-end=\"1792\" data-col-size=\"sm\">\ud83d\udd28 Pravopis<\/td>\n<td data-start=\"1792\" data-end=\"1821\" data-col-size=\"sm\">\"nikto viac\" + kladivo<\/td>\n<\/tr>\n<tr data-start=\"1822\" data-end=\"1878\">\n<td data-start=\"1822\" data-end=\"1844\" data-col-size=\"sm\">\ud83d\udcb0 Platba<\/td>\n<td data-start=\"1844\" data-end=\"1878\" data-col-size=\"sm\">8 pracovn\u00fdch dn\u00ed, 23 % prov\u00edzia<\/td>\n<\/tr>\n<tr data-start=\"1879\" data-end=\"1933\">\n<td data-start=\"1879\" data-end=\"1901\" data-col-size=\"sm\">\ud83d\udce6 Pr\u00edjem<\/td>\n<td data-start=\"1901\" data-end=\"1933\" data-col-size=\"sm\">do 30 dn\u00ed, poplatok za uskladnenie<\/td>\n<\/tr>\n<\/tbody>\n<\/table>\n<div class=\"sticky end-(--thread-content-margin) h-0 self-end select-none\">\n<div class=\"absolute end-0 flex items-end\">&nbsp;<\/div>\n<\/div>\n<\/div>\n<\/div>\n<hr data-start=\"1935\" data-end=\"1938\">\t\t\t\t\t\t\t\t<\/div>\n\t\t\t\t<\/div>\n\t\t\t\t\t<\/div>\n\t\t\t\t<\/div>\n\t\t\t\t<\/div>","protected":false},"excerpt":{"rendered":"<p>N\u00e1vod na pou\u017eitie https:\/\/www.youtube.com\/watch?v=XHOmBV4js_E 1. Zaregistrujte sa a vy\u017eiadajte si koleso \ud83d\udcdd Zaregistrujte sa na www.foldvaryaukcio.hu pred aukciou. 2. To si m\u00f4\u017eete vyzdvihn\u00fa\u0165 pri priehradke pri pr\u00edchode do [...].<\/p>","protected":false},"author":7,"featured_media":0,"parent":0,"menu_order":0,"comment_status":"closed","ping_status":"closed","template":"","meta":{"footnotes":""},"class_list":["post-13565","page","type-page","status-publish","hentry","entry"],"_links":{"self":[{"href":"https:\/\/ottevenyikastely.hu\/sk\/wp-json\/wp\/v2\/pages\/13565","targetHints":{"allow":["GET"]}}],"collection":[{"href":"https:\/\/ottevenyikastely.hu\/sk\/wp-json\/wp\/v2\/pages"}],"about":[{"href":"https:\/\/ottevenyikastely.hu\/sk\/wp-json\/wp\/v2\/types\/page"}],"author":[{"embeddable":true,"href":"https:\/\/ottevenyikastely.hu\/sk\/wp-json\/wp\/v2\/users\/7"}],"replies":[{"embeddable":true,"href":"https:\/\/ottevenyikastely.hu\/sk\/wp-json\/wp\/v2\/comments?post=13565"}],"version-history":[{"count":10,"href":"https:\/\/ottevenyikastely.hu\/sk\/wp-json\/wp\/v2\/pages\/13565\/revisions"}],"predecessor-version":[{"id":13575,"href":"https:\/\/ottevenyikastely.hu\/sk\/wp-json\/wp\/v2\/pages\/13565\/revisions\/13575"}],"wp:attachment":[{"href":"https:\/\/ottevenyikastely.hu\/sk\/wp-json\/wp\/v2\/media?parent=13565"}],"curies":[{"name":"wp","href":"https:\/\/api.w.org\/{rel}","templated":true}]}}