{"id":14286,"date":"2025-09-01T09:47:09","date_gmt":"2025-09-01T07:47:09","guid":{"rendered":"https:\/\/ottevenyikastely.hu\/?page_id=14286"},"modified":"2025-09-01T09:47:15","modified_gmt":"2025-09-01T07:47:15","slug":"blahozelania-k-narodeninam","status":"publish","type":"page","link":"https:\/\/ottevenyikastely.hu\/sk\/blahozelania-k-narodeninam\/","title":{"rendered":"\u010eakujem v\u00e1m za narodeniny"},"content":{"rendered":"<div data-elementor-type=\"wp-page\" data-elementor-id=\"14286\" class=\"elementor elementor-14286\" data-elementor-post-type=\"page\">\n\t\t\t\t<div class=\"elementor-element elementor-element-aefd7f8 e-flex e-con-boxed e-con e-parent\" data-id=\"aefd7f8\" data-element_type=\"container\" data-e-type=\"container\">\n\t\t\t\t\t<div class=\"e-con-inner\">\n\t\t\t\t<div class=\"elementor-element elementor-element-49c0f2e elementor-widget elementor-widget-heading\" data-id=\"49c0f2e\" data-element_type=\"widget\" data-e-type=\"widget\" data-widget_type=\"heading.default\">\n\t\t\t\t<div class=\"elementor-widget-container\">\n\t\t\t\t\t<h2 class=\"elementor-heading-title elementor-size-default\">\u010eakujeme, \u017ee ste n\u00e1s kontaktovali!<\/h2>\t\t\t\t<\/div>\n\t\t\t\t<\/div>\n\t\t\t\t<div class=\"elementor-element elementor-element-14d4e5e elementor-widget elementor-widget-text-editor\" data-id=\"14d4e5e\" data-element_type=\"widget\" data-e-type=\"widget\" data-widget_type=\"text-editor.default\">\n\t\t\t\t<div class=\"elementor-widget-container\">\n\t\t\t\t\t\t\t\t\t<p>Na va\u0161u spr\u00e1vu \u010doskoro odpovieme. Na\u0161i kolegovia v\u00e1s bud\u00fa \u010do najsk\u00f4r kontaktova\u0165 prostredn\u00edctvom uveden\u00fdch kontaktn\u00fdch \u00fadajov.<br \/>Skontrolujte si, pros\u00edm, svoju po\u0161tov\u00fa schr\u00e1nku (a prie\u010dinok s propag\u00e1ciou\/spamom).<\/p>\t\t\t\t\t\t\t\t<\/div>\n\t\t\t\t<\/div>\n\t\t\t\t<div class=\"elementor-element elementor-element-83c6e1b elementor-align-center elementor-widget elementor-widget-button\" data-id=\"83c6e1b\" data-element_type=\"widget\" data-e-type=\"widget\" data-widget_type=\"button.default\">\n\t\t\t\t<div class=\"elementor-widget-container\">\n\t\t\t\t\t\t\t\t\t<div class=\"elementor-button-wrapper\">\n\t\t\t\t\t<a class=\"elementor-button elementor-button-link elementor-size-sm\" href=\"https:\/\/ottevenyikastely.hu\/sk\/\">\n\t\t\t\t\t\t<span class=\"elementor-button-content-wrapper\">\n\t\t\t\t\t\t\t\t\t<span class=\"elementor-button-text\">Sp\u00e4\u0165 na hlavn\u00fa str\u00e1nku<\/span>\n\t\t\t\t\t<\/span>\n\t\t\t\t\t<\/a>\n\t\t\t\t<\/div>\n\t\t\t\t\t\t\t\t<\/div>\n\t\t\t\t<\/div>\n\t\t\t\t\t<\/div>\n\t\t\t\t<\/div>\n\t\t\t\t<\/div>","protected":false},"excerpt":{"rendered":"<p>K\u00f6sz\u00f6nj\u00fck, hogy felvette vel\u00fcnk a kapcsolatot! Hamarosan v\u00e1laszolunk az \u00fczenet\u00e9re. Koll\u00e9g\u00e1ink a lehet\u0151 legr\u00f6videbb id\u0151n bel\u00fcl felkeresik \u00d6nt a megadott el\u00e9rhet\u0151s\u00e9gein.K\u00e9rj\u00fck, ellen\u0151rizze postal\u00e1d\u00e1j\u00e1t (\u00e9s a prom\u00f3ci\u00f3s\/spam mapp\u00e1t is). Vissza a f\u0151oldalra<\/p>","protected":false},"author":3,"featured_media":0,"parent":0,"menu_order":0,"comment_status":"closed","ping_status":"closed","template":"elementor_header_footer","meta":{"footnotes":""},"class_list":["post-14286","page","type-page","status-publish","hentry","entry"],"_links":{"self":[{"href":"https:\/\/ottevenyikastely.hu\/sk\/wp-json\/wp\/v2\/pages\/14286","targetHints":{"allow":["GET"]}}],"collection":[{"href":"https:\/\/ottevenyikastely.hu\/sk\/wp-json\/wp\/v2\/pages"}],"about":[{"href":"https:\/\/ottevenyikastely.hu\/sk\/wp-json\/wp\/v2\/types\/page"}],"author":[{"embeddable":true,"href":"https:\/\/ottevenyikastely.hu\/sk\/wp-json\/wp\/v2\/users\/3"}],"replies":[{"embeddable":true,"href":"https:\/\/ottevenyikastely.hu\/sk\/wp-json\/wp\/v2\/comments?post=14286"}],"version-history":[{"count":4,"href":"https:\/\/ottevenyikastely.hu\/sk\/wp-json\/wp\/v2\/pages\/14286\/revisions"}],"predecessor-version":[{"id":14290,"href":"https:\/\/ottevenyikastely.hu\/sk\/wp-json\/wp\/v2\/pages\/14286\/revisions\/14290"}],"wp:attachment":[{"href":"https:\/\/ottevenyikastely.hu\/sk\/wp-json\/wp\/v2\/media?parent=14286"}],"curies":[{"name":"wp","href":"https:\/\/api.w.org\/{rel}","templated":true}]}}