{"id":14404,"date":"2025-10-21T15:48:36","date_gmt":"2025-10-21T13:48:36","guid":{"rendered":"https:\/\/ottevenyikastely.hu\/cookie-policy-eu\/"},"modified":"2025-10-21T15:48:36","modified_gmt":"2025-10-21T13:48:36","slug":"zasady-pouzivania-suborov-cookie-eu","status":"publish","type":"page","link":"https:\/\/ottevenyikastely.hu\/sk\/zasady-pouzivania-suborov-cookie-eu\/","title":{"rendered":"Cookie Policy (EU)"},"content":{"rendered":"<!-- Legal document generated by Complianz | GDPR\/CCPA Cookie Consent https:\/\/wordpress.org\/plugins\/complianz-gdpr -->\n<div id=\"cmplz-document\" class=\"cmplz-document cookie-statement cmplz-document-eu\"><p><i>This Cookie Policy was last updated on 2025.12.11. and applies to citizens and legal permanent residents of the European Economic Area and Switzerland.<\/i><br><\/p><h2>1. \u00davod<\/h2><p>Na\u0161a webov\u00e1 str\u00e1nka, <a href=\"https:\/\/ottevenyikastely.hu\/sk\">https:\/\/ottevenyikastely.hu\/sk<\/a> (\u010falej len \"webov\u00e1 lokalita\") pou\u017e\u00edva s\u00fabory cookie a \u010fal\u0161ie s\u00favisiace technol\u00f3gie (pre zjednodu\u0161enie sa v\u0161etky technol\u00f3gie ozna\u010duj\u00fa ako \"s\u00fabory cookie\"). S\u00fabory cookie umiest\u0148uj\u00fa aj tretie strany, ktor\u00e9 sme si najali. V ni\u017e\u0161ie uvedenom dokumente v\u00e1s informujeme o pou\u017e\u00edvan\u00ed s\u00faborov cookie na na\u0161ej webovej lokalite.<\/p><h2>2. \u010co s\u00fa to s\u00fabory cookie?<\/h2><p>S\u00fabor cookie je mal\u00fd jednoduch\u00fd s\u00fabor, ktor\u00fd sa odosiela spolu so str\u00e1nkami tejto webovej lokality a uklad\u00e1 sa vo va\u0161om prehliada\u010di na pevn\u00fd disk v\u00e1\u0161ho po\u010d\u00edta\u010da alebo in\u00e9ho zariadenia. Inform\u00e1cie v \u0148om ulo\u017een\u00e9 sa m\u00f4\u017eu pri \u010fal\u0161ej n\u00e1v\u0161teve vr\u00e1ti\u0165 na na\u0161e servery alebo na servery pr\u00edslu\u0161n\u00fdch tret\u00edch str\u00e1n.<\/p><h2>3. \u010co s\u00fa to skripty?<\/h2><p>Skript je \u010das\u0165 programov\u00e9ho k\u00f3du, ktor\u00fd sa pou\u017e\u00edva na spr\u00e1vne a interakt\u00edvne fungovanie na\u0161ich webov\u00fdch str\u00e1nok. Tento k\u00f3d sa vykon\u00e1va na na\u0161om serveri alebo vo va\u0161om zariaden\u00ed.<\/p><h2>4. \u010co je to webov\u00fd maj\u00e1k?<\/h2><p>Webov\u00fd maj\u00e1k (alebo pixelov\u00fd tag) je mal\u00fd, nevidite\u013en\u00fd k\u00fasok textu alebo obr\u00e1zku na webovej lokalite, ktor\u00fd sa pou\u017e\u00edva na monitorovanie n\u00e1v\u0161tevnosti webovej lokality. Na tento \u00fa\u010del sa pomocou webov\u00fdch maj\u00e1kov ukladaj\u00fa r\u00f4zne \u00fadaje o v\u00e1s.<\/p><h2>5. cookies<\/h2><p class=\"cmplz-subtitle\">5.1 Technick\u00e9 alebo funk\u010dn\u00e9 s\u00fabory cookie<\/p><p>Niektor\u00e9 s\u00fabory cookie zabezpe\u010duj\u00fa spr\u00e1vne fungovanie ur\u010dit\u00fdch \u010dast\u00ed webovej lokality a va\u0161e pou\u017e\u00edvate\u013esk\u00e9 preferencie. Umiestnen\u00edm funk\u010dn\u00fdch s\u00faborov cookie v\u00e1m u\u013eah\u010dujeme n\u00e1v\u0161tevu na\u0161ej webovej lokality. V\u010faka tomu nemus\u00edte pri n\u00e1v\u0161teve na\u0161ej webovej lokality opakovane zad\u00e1va\u0165 rovnak\u00e9 \u00fadaje a napr\u00edklad tovar zostane v n\u00e1kupnom ko\u0161\u00edku, k\u00fdm nezaplat\u00edte. Tieto s\u00fabory cookie m\u00f4\u017eeme umiestni\u0165 bez v\u00e1\u0161ho s\u00fahlasu.<\/p><p class=\"cmplz-subtitle\">5.2 \u0160tatistick\u00e9 s\u00fabory cookie<\/p><p>Pou\u017e\u00edvame \u0161tatistick\u00e9 s\u00fabory cookie na optimaliz\u00e1ciu pou\u017e\u00edvania webovej str\u00e1nky na\u0161imi pou\u017e\u00edvate\u013emi. Pomocou t\u00fdchto \u0161tatistick\u00fdch s\u00faborov cookie z\u00edskavame preh\u013ead o pou\u017e\u00edvan\u00ed na\u0161ej webovej str\u00e1nky. \u017diadame v\u00e1s o s\u00fahlas s umiestnen\u00edm \u0161tatistick\u00fdch s\u00faborov cookie.<\/p><p class=\"cmplz-subtitle\">5.3 Reklamn\u00e9 s\u00fabory cookie<\/p><p>Na tejto webovej str\u00e1nke pou\u017e\u00edvame reklamn\u00e9 s\u00fabory cookie, ktor\u00e9 n\u00e1m umo\u017e\u0148uj\u00fa z\u00edska\u0165 preh\u013ead o v\u00fdsledkoch kampan\u00ed. Deje sa tak na z\u00e1klade profilu, ktor\u00fd vytvor\u00edme na z\u00e1klade v\u00e1\u0161ho spr\u00e1vania na <a href=\"https:\/\/ottevenyikastely.hu\/sk\">https:\/\/ottevenyikastely.hu\/sk<\/a>. Pomocou t\u00fdchto s\u00faborov cookie ste ako n\u00e1v\u0161tevn\u00edk webovej str\u00e1nky prepojen\u00ed s jedine\u010dn\u00fdm ID, ale tieto s\u00fabory cookie neprofiluj\u00fa va\u0161e spr\u00e1vanie a z\u00e1ujmy, aby v\u00e1m mohli zobrazova\u0165 prisp\u00f4soben\u00e9 reklamy.<\/p><p class=\"cmplz-subtitle\">5.4 Marketingov\u00e9\/sledovacie s\u00fabory cookie<\/p><p>Marketingov\u00e9\/sledovacie s\u00fabory cookie s\u00fa s\u00fabory cookie alebo ak\u00e1ko\u013evek in\u00e1 forma miestneho ukladania, ktor\u00e9 sa pou\u017e\u00edvaj\u00fa na vytvorenie pou\u017e\u00edvate\u013esk\u00fdch profilov na zobrazovanie reklamy alebo na sledovanie pou\u017e\u00edvate\u013ea na tejto webovej lokalite alebo na viacer\u00fdch webov\u00fdch lokalit\u00e1ch na podobn\u00e9 marketingov\u00e9 \u00fa\u010dely.<\/p><p>Ke\u010f\u017ee tieto s\u00fabory cookie s\u00fa ozna\u010den\u00e9 ako sledovacie s\u00fabory cookie, \u017eiadame v\u00e1s o s\u00fahlas s ich umiestnen\u00edm.<\/p><p class=\"cmplz-subtitle\">5.5 Soci\u00e1lne m\u00e9di\u00e1<\/p><p>On our website, we have included content from Facebook, TikTok and Instagram to promote web pages (e.g. \u201clike\u201d, \u201cpin\u201d) or share (e.g. \u201ctweet\u201d) on social networks like Facebook, TikTok and Instagram. This content is embedded with code derived from Facebook, TikTok and Instagram and places cookies. This content might store and process certain information for personalized advertising.<\/p><p>Please read the privacy statement of these social networks (which can change regularly) to read what they do with your (personal) data which they process using these cookies. The data that is retrieved is anonymized as much as possible. Facebook, TikTok and Instagram are located in the United States.<\/p><h2>6. Umiestnen\u00e9 s\u00fabory cookie<\/h2><div id=\"cmplz-cookies-overview\"><details class=\"cmplz-dropdown cmplz-service-desc cmplz-dropdown-cookiepolicy\">\n\t<summary class=\"cmplz-service-header\"><div>\n\t\t<h3>Miscellaneous<\/h3>\n\t\t<p>Purpose pending investigation<\/p>\n\t\t<label for=\"cmplz_service_miscellaneous\" class=\"cmplz_consent_per_service_label\"><span class=\"screen-reader-text\">Consent to service miscellaneous<\/span><\/label>\n\t\t<input type=\"checkbox\" id=\"cmplz_service_miscellaneous\" class=\"cmplz-accept-service cmplz-hidden\" data-service=\"miscellaneous\" data-category=\"functional\"><\/div>\n\t<\/summary>\n\t<div class=\"cmplz-service-description\">\n\t\t<h4>Usage<\/h4>\n\t\t<p><\/p>\n\t<\/div>\n\t<div class=\"cmplz-sharing-data\">\n\t\t<h4>Sharing data<\/h4>\n\t\t<p>Sharing of data is pending investigation<\/p>\n\t<\/div>\n\t<div class=\"cookies-per-purpose\">\n    <div class=\"purpose\"><h4>Purpose pending investigation<\/h4><\/div>\n    <div class=\"name-header\">\n\t<h5>Meno<\/h5>\n<\/div>\n<div class=\"name\">OptiMonkShopAttributes<\/div>\n<div class=\"retention-header\">\n\t<h5>Exspir\u00e1cia<\/h5>\n<\/div>\n<div class=\"retention\"><\/div>\n<div class=\"function-header\">\n\t<h5>Function<\/h5>\n<\/div>\n<div class=\"function\"><\/div>\n<div class=\"name-header\">\n\t<h5>Meno<\/h5>\n<\/div>\n<div class=\"name\">lastExternalReferrer<\/div>\n<div class=\"retention-header\">\n\t<h5>Exspir\u00e1cia<\/h5>\n<\/div>\n<div class=\"retention\"><\/div>\n<div class=\"function-header\">\n\t<h5>Function<\/h5>\n<\/div>\n<div class=\"function\"><\/div>\n<div class=\"name-header\">\n\t<h5>Meno<\/h5>\n<\/div>\n<div class=\"name\">OptiMonkVisitorAttributes<\/div>\n<div class=\"retention-header\">\n\t<h5>Exspir\u00e1cia<\/h5>\n<\/div>\n<div class=\"retention\"><\/div>\n<div class=\"function-header\">\n\t<h5>Function<\/h5>\n<\/div>\n<div class=\"function\"><\/div>\n<div class=\"name-header\">\n\t<h5>Meno<\/h5>\n<\/div>\n<div class=\"name\">mp_150605b3b9f979922f2ac5a52e2dcfe9_mixpanel<\/div>\n<div class=\"retention-header\">\n\t<h5>Exspir\u00e1cia<\/h5>\n<\/div>\n<div class=\"retention\"><\/div>\n<div class=\"function-header\">\n\t<h5>Function<\/h5>\n<\/div>\n<div class=\"function\"><\/div>\n<div class=\"name-header\">\n\t<h5>Meno<\/h5>\n<\/div>\n<div class=\"name\">lastExternalReferrerTime<\/div>\n<div class=\"retention-header\">\n\t<h5>Exspir\u00e1cia<\/h5>\n<\/div>\n<div class=\"retention\"><\/div>\n<div class=\"function-header\">\n\t<h5>Function<\/h5>\n<\/div>\n<div class=\"function\"><\/div>\n<div class=\"name-header\">\n\t<h5>Meno<\/h5>\n<\/div>\n<div class=\"name\">om-krajina<\/div>\n<div class=\"retention-header\">\n\t<h5>Exspir\u00e1cia<\/h5>\n<\/div>\n<div class=\"retention\"><\/div>\n<div class=\"function-header\">\n\t<h5>Function<\/h5>\n<\/div>\n<div class=\"function\"><\/div>\n<div class=\"name-header\">\n\t<h5>Meno<\/h5>\n<\/div>\n<div class=\"name\">om-ip_block<\/div>\n<div class=\"retention-header\">\n\t<h5>Exspir\u00e1cia<\/h5>\n<\/div>\n<div class=\"retention\"><\/div>\n<div class=\"function-header\">\n\t<h5>Function<\/h5>\n<\/div>\n<div class=\"function\"><\/div>\n<div class=\"name-header\">\n\t<h5>Meno<\/h5>\n<\/div>\n<div class=\"name\">wpEmojiSettingsSupports<\/div>\n<div class=\"retention-header\">\n\t<h5>Exspir\u00e1cia<\/h5>\n<\/div>\n<div class=\"retention\"><\/div>\n<div class=\"function-header\">\n\t<h5>Function<\/h5>\n<\/div>\n<div class=\"function\"><\/div>\n<div class=\"name-header\">\n\t<h5>Meno<\/h5>\n<\/div>\n<div class=\"name\">mp_gen_new_tab_id_mixpanel_150605b3b9f979922f2ac5a52e2dcfe9<\/div>\n<div class=\"retention-header\">\n\t<h5>Exspir\u00e1cia<\/h5>\n<\/div>\n<div class=\"retention\"><\/div>\n<div class=\"function-header\">\n\t<h5>Function<\/h5>\n<\/div>\n<div class=\"function\"><\/div>\n<div class=\"name-header\">\n\t<h5>Meno<\/h5>\n<\/div>\n<div class=\"name\">_cltk<\/div>\n<div class=\"retention-header\">\n\t<h5>Exspir\u00e1cia<\/h5>\n<\/div>\n<div class=\"retention\"><\/div>\n<div class=\"function-header\">\n\t<h5>Function<\/h5>\n<\/div>\n<div class=\"function\"><\/div>\n<div class=\"name-header\">\n\t<h5>Meno<\/h5>\n<\/div>\n<div class=\"name\">mp_tab_id_mixpanel_150605b3b9f979922f2ac5a52e2dcfe9<\/div>\n<div class=\"retention-header\">\n\t<h5>Exspir\u00e1cia<\/h5>\n<\/div>\n<div class=\"retention\"><\/div>\n<div class=\"function-header\">\n\t<h5>Function<\/h5>\n<\/div>\n<div class=\"function\"><\/div>\n<div class=\"name-header\">\n\t<h5>Meno<\/h5>\n<\/div>\n<div class=\"name\">_clsk<\/div>\n<div class=\"retention-header\">\n\t<h5>Exspir\u00e1cia<\/h5>\n<\/div>\n<div class=\"retention\"><\/div>\n<div class=\"function-header\">\n\t<h5>Function<\/h5>\n<\/div>\n<div class=\"function\"><\/div>\n<div class=\"name-header\">\n\t<h5>Meno<\/h5>\n<\/div>\n<div class=\"name\">_fbp<\/div>\n<div class=\"retention-header\">\n\t<h5>Exspir\u00e1cia<\/h5>\n<\/div>\n<div class=\"retention\"><\/div>\n<div class=\"function-header\">\n\t<h5>Function<\/h5>\n<\/div>\n<div class=\"function\"><\/div>\n<div class=\"name-header\">\n\t<h5>Meno<\/h5>\n<\/div>\n<div class=\"name\">cookieyes-consent<\/div>\n<div class=\"retention-header\">\n\t<h5>Exspir\u00e1cia<\/h5>\n<\/div>\n<div class=\"retention\"><\/div>\n<div class=\"function-header\">\n\t<h5>Function<\/h5>\n<\/div>\n<div class=\"function\"><\/div>\n<div class=\"name-header\">\n\t<h5>Meno<\/h5>\n<\/div>\n<div class=\"name\">optiMonkClient<\/div>\n<div class=\"retention-header\">\n\t<h5>Exspir\u00e1cia<\/h5>\n<\/div>\n<div class=\"retention\"><\/div>\n<div class=\"function-header\">\n\t<h5>Function<\/h5>\n<\/div>\n<div class=\"function\"><\/div>\n<div class=\"name-header\">\n\t<h5>Meno<\/h5>\n<\/div>\n<div class=\"name\">_hjSessionUser_5038277<\/div>\n<div class=\"retention-header\">\n\t<h5>Exspir\u00e1cia<\/h5>\n<\/div>\n<div class=\"retention\"><\/div>\n<div class=\"function-header\">\n\t<h5>Function<\/h5>\n<\/div>\n<div class=\"function\"><\/div>\n<div class=\"name-header\">\n\t<h5>Meno<\/h5>\n<\/div>\n<div class=\"name\">trp_language<\/div>\n<div class=\"retention-header\">\n\t<h5>Exspir\u00e1cia<\/h5>\n<\/div>\n<div class=\"retention\"><\/div>\n<div class=\"function-header\">\n\t<h5>Function<\/h5>\n<\/div>\n<div class=\"function\"><\/div>\n<div class=\"name-header\">\n\t<h5>Meno<\/h5>\n<\/div>\n<div class=\"name\">_hjSession_5038277<\/div>\n<div class=\"retention-header\">\n\t<h5>Exspir\u00e1cia<\/h5>\n<\/div>\n<div class=\"retention\"><\/div>\n<div class=\"function-header\">\n\t<h5>Function<\/h5>\n<\/div>\n<div class=\"function\"><\/div>\n<div class=\"name-header\">\n\t<h5>Meno<\/h5>\n<\/div>\n<div class=\"name\">_clck<\/div>\n<div class=\"retention-header\">\n\t<h5>Exspir\u00e1cia<\/h5>\n<\/div>\n<div class=\"retention\"><\/div>\n<div class=\"function-header\">\n\t<h5>Function<\/h5>\n<\/div>\n<div class=\"function\"><\/div>\n<div class=\"name-header\">\n\t<h5>Meno<\/h5>\n<\/div>\n<div class=\"name\">optiMonkSession<\/div>\n<div class=\"retention-header\">\n\t<h5>Exspir\u00e1cia<\/h5>\n<\/div>\n<div class=\"retention\"><\/div>\n<div class=\"function-header\">\n\t<h5>Function<\/h5>\n<\/div>\n<div class=\"function\"><\/div>\n<div class=\"name-header\">\n\t<h5>Meno<\/h5>\n<\/div>\n<div class=\"name\">optiMonkClientId<\/div>\n<div class=\"retention-header\">\n\t<h5>Exspir\u00e1cia<\/h5>\n<\/div>\n<div class=\"retention\"><\/div>\n<div class=\"function-header\">\n\t<h5>Function<\/h5>\n<\/div>\n<div class=\"function\"><\/div>\n<div class=\"name-header\">\n\t<h5>Meno<\/h5>\n<\/div>\n<div class=\"name\">wp-settings-3<\/div>\n<div class=\"retention-header\">\n\t<h5>Exspir\u00e1cia<\/h5>\n<\/div>\n<div class=\"retention\"><\/div>\n<div class=\"function-header\">\n\t<h5>Function<\/h5>\n<\/div>\n<div class=\"function\"><\/div>\n<div class=\"name-header\">\n\t<h5>Meno<\/h5>\n<\/div>\n<div class=\"name\">wp-settings-time-3<\/div>\n<div class=\"retention-header\">\n\t<h5>Exspir\u00e1cia<\/h5>\n<\/div>\n<div class=\"retention\"><\/div>\n<div class=\"function-header\">\n\t<h5>Function<\/h5>\n<\/div>\n<div class=\"function\"><\/div>\n<div class=\"name-header\">\n\t<h5>Meno<\/h5>\n<\/div>\n<div class=\"name\">wfwaf-authcookie-3c558ec299dd06af703b065a1da8d061<\/div>\n<div class=\"retention-header\">\n\t<h5>Exspir\u00e1cia<\/h5>\n<\/div>\n<div class=\"retention\"><\/div>\n<div class=\"function-header\">\n\t<h5>Function<\/h5>\n<\/div>\n<div class=\"function\"><\/div>\n<div class=\"name-header\">\n\t<h5>Meno<\/h5>\n<\/div>\n<div class=\"name\">_lscache_vary<\/div>\n<div class=\"retention-header\">\n\t<h5>Exspir\u00e1cia<\/h5>\n<\/div>\n<div class=\"retention\"><\/div>\n<div class=\"function-header\">\n\t<h5>Function<\/h5>\n<\/div>\n<div class=\"function\"><\/div>\n<div class=\"name-header\">\n\t<h5>Meno<\/h5>\n<\/div>\n<div class=\"name\">wordpress_logged_in_d4ce816f911f8827e0383a82fddd148c<\/div>\n<div class=\"retention-header\">\n\t<h5>Exspir\u00e1cia<\/h5>\n<\/div>\n<div class=\"retention\"><\/div>\n<div class=\"function-header\">\n\t<h5>Function<\/h5>\n<\/div>\n<div class=\"function\"><\/div>\n<div class=\"name-header\">\n\t<h5>Meno<\/h5>\n<\/div>\n<div class=\"name\">wordpress_test_cookie<\/div>\n<div class=\"retention-header\">\n\t<h5>Exspir\u00e1cia<\/h5>\n<\/div>\n<div class=\"retention\"><\/div>\n<div class=\"function-header\">\n\t<h5>Function<\/h5>\n<\/div>\n<div class=\"function\"><\/div>\n<div class=\"name-header\">\n\t<h5>Meno<\/h5>\n<\/div>\n<div class=\"name\">cmplz_functional<\/div>\n<div class=\"retention-header\">\n\t<h5>Exspir\u00e1cia<\/h5>\n<\/div>\n<div class=\"retention\">365 days<\/div>\n<div class=\"function-header\">\n\t<h5>Function<\/h5>\n<\/div>\n<div class=\"function\"><\/div>\n<div class=\"name-header\">\n\t<h5>Meno<\/h5>\n<\/div>\n<div class=\"name\">cmplz_statistics<\/div>\n<div class=\"retention-header\">\n\t<h5>Exspir\u00e1cia<\/h5>\n<\/div>\n<div class=\"retention\">365 days<\/div>\n<div class=\"function-header\">\n\t<h5>Function<\/h5>\n<\/div>\n<div class=\"function\"><\/div>\n<div class=\"name-header\">\n\t<h5>Meno<\/h5>\n<\/div>\n<div class=\"name\">cmplz_preferences<\/div>\n<div class=\"retention-header\">\n\t<h5>Exspir\u00e1cia<\/h5>\n<\/div>\n<div class=\"retention\">365 days<\/div>\n<div class=\"function-header\">\n\t<h5>Function<\/h5>\n<\/div>\n<div class=\"function\"><\/div>\n<div class=\"name-header\">\n\t<h5>Meno<\/h5>\n<\/div>\n<div class=\"name\">cmplz_marketing<\/div>\n<div class=\"retention-header\">\n\t<h5>Exspir\u00e1cia<\/h5>\n<\/div>\n<div class=\"retention\">365 days<\/div>\n<div class=\"function-header\">\n\t<h5>Function<\/h5>\n<\/div>\n<div class=\"function\"><\/div>\n<div class=\"name-header\">\n\t<h5>Meno<\/h5>\n<\/div>\n<div class=\"name\">cmplz_user_data<\/div>\n<div class=\"retention-header\">\n\t<h5>Exspir\u00e1cia<\/h5>\n<\/div>\n<div class=\"retention\">365 days<\/div>\n<div class=\"function-header\">\n\t<h5>Function<\/h5>\n<\/div>\n<div class=\"function\"><\/div>\n<div class=\"name-header\">\n\t<h5>Meno<\/h5>\n<\/div>\n<div class=\"name\">cmplz_banner-status<\/div>\n<div class=\"retention-header\">\n\t<h5>Exspir\u00e1cia<\/h5>\n<\/div>\n<div class=\"retention\">365 days<\/div>\n<div class=\"function-header\">\n\t<h5>Function<\/h5>\n<\/div>\n<div class=\"function\"><\/div>\n<div class=\"name-header\">\n\t<h5>Meno<\/h5>\n<\/div>\n<div class=\"name\">cmplz_consented_services<\/div>\n<div class=\"retention-header\">\n\t<h5>Exspir\u00e1cia<\/h5>\n<\/div>\n<div class=\"retention\">365 days<\/div>\n<div class=\"function-header\">\n\t<h5>Function<\/h5>\n<\/div>\n<div class=\"function\"><\/div>\n<div class=\"name-header\">\n\t<h5>Meno<\/h5>\n<\/div>\n<div class=\"name\">cmplz_policy_id<\/div>\n<div class=\"retention-header\">\n\t<h5>Exspir\u00e1cia<\/h5>\n<\/div>\n<div class=\"retention\">365 days<\/div>\n<div class=\"function-header\">\n\t<h5>Function<\/h5>\n<\/div>\n<div class=\"function\"><\/div>\n<div class=\"name-header\">\n\t<h5>Meno<\/h5>\n<\/div>\n<div class=\"name\">elementor<\/div>\n<div class=\"retention-header\">\n\t<h5>Exspir\u00e1cia<\/h5>\n<\/div>\n<div class=\"retention\"><\/div>\n<div class=\"function-header\">\n\t<h5>Function<\/h5>\n<\/div>\n<div class=\"function\"><\/div>\n<div class=\"name-header\">\n\t<h5>Meno<\/h5>\n<\/div>\n<div class=\"name\">topicsLastReferenceTime<\/div>\n<div class=\"retention-header\">\n\t<h5>Exspir\u00e1cia<\/h5>\n<\/div>\n<div class=\"retention\"><\/div>\n<div class=\"function-header\">\n\t<h5>Function<\/h5>\n<\/div>\n<div class=\"function\"><\/div>\n<div class=\"name-header\">\n\t<h5>Meno<\/h5>\n<\/div>\n<div class=\"name\">e_globals<\/div>\n<div class=\"retention-header\">\n\t<h5>Exspir\u00e1cia<\/h5>\n<\/div>\n<div class=\"retention\"><\/div>\n<div class=\"function-header\">\n\t<h5>Function<\/h5>\n<\/div>\n<div class=\"function\"><\/div>\n<div class=\"name-header\">\n\t<h5>Meno<\/h5>\n<\/div>\n<div class=\"name\">e_kit-elements-defaults<\/div>\n<div class=\"retention-header\">\n\t<h5>Exspir\u00e1cia<\/h5>\n<\/div>\n<div class=\"retention\"><\/div>\n<div class=\"function-header\">\n\t<h5>Function<\/h5>\n<\/div>\n<div class=\"function\"><\/div>\n<div class=\"name-header\">\n\t<h5>Meno<\/h5>\n<\/div>\n<div class=\"name\">_ga<\/div>\n<div class=\"retention-header\">\n\t<h5>Exspir\u00e1cia<\/h5>\n<\/div>\n<div class=\"retention\"><\/div>\n<div class=\"function-header\">\n\t<h5>Function<\/h5>\n<\/div>\n<div class=\"function\"><\/div>\n<div class=\"name-header\">\n\t<h5>Meno<\/h5>\n<\/div>\n<div class=\"name\">_ga_LVTHHMRK6T<\/div>\n<div class=\"retention-header\">\n\t<h5>Exspir\u00e1cia<\/h5>\n<\/div>\n<div class=\"retention\"><\/div>\n<div class=\"function-header\">\n\t<h5>Function<\/h5>\n<\/div>\n<div class=\"function\"><\/div>\n<div class=\"name-header\">\n\t<h5>Meno<\/h5>\n<\/div>\n<div class=\"name\">hjViewportId<\/div>\n<div class=\"retention-header\">\n\t<h5>Exspir\u00e1cia<\/h5>\n<\/div>\n<div class=\"retention\"><\/div>\n<div class=\"function-header\">\n\t<h5>Function<\/h5>\n<\/div>\n<div class=\"function\"><\/div>\n\n<\/div>\n<\/details>\n<\/div><h2>7. S\u00fahlas<\/h2><p>Ke\u010f prv\u00fdkr\u00e1t nav\u0161t\u00edvite na\u0161u webov\u00fa lokalitu, zobraz\u00ed sa vyskakovacie okno s vysvetlen\u00edm o s\u00faboroch cookie. Hne\u010f ako kliknete na \"Ulo\u017ei\u0165\", s\u00fahlas\u00edte s pou\u017e\u00edvan\u00edm kateg\u00f3ri\u00ed s\u00faborov cookie a doplnkov, ktor\u00e9 ste vybrali vo vyskakovacom okne, ako je op\u00edsan\u00e9 v t\u00fdchto z\u00e1sad\u00e1ch pou\u017e\u00edvania s\u00faborov cookie. Pou\u017e\u00edvanie s\u00faborov cookie m\u00f4\u017eete zak\u00e1za\u0165 prostredn\u00edctvom prehliada\u010da, ale upozor\u0148ujeme, \u017ee na\u0161a webov\u00e1 lokalita u\u017e nemus\u00ed fungova\u0165 spr\u00e1vne.<\/p><p class=\"cmplz-subtitle\">7.1 Spr\u00e1va nastaven\u00ed s\u00fahlasu<\/p><div id=\"cmplz-manage-consent-container-nojavascript\">You have loaded the Cookie Policy without javascript support.&nbsp;On AMP, you can use the manage consent button on the bottom of the page.<\/div><div id=\"cmplz-manage-consent-container\" class=\"cmplz-manage-consent-container\"><\/div><h2>8. Povolenie\/vypnutie a vymazanie s\u00faborov cookie<\/h2><p>Pomocou internetov\u00e9ho prehliada\u010da m\u00f4\u017eete automaticky alebo ru\u010dne odstr\u00e1ni\u0165 s\u00fabory cookie alebo m\u00f4\u017eete ur\u010di\u0165, \u017ee sa ur\u010dit\u00e9 s\u00fabory cookie nesm\u00fa uklada\u0165. \u010eal\u0161ou mo\u017enos\u0165ou je zmeni\u0165 nastavenia internetov\u00e9ho prehliada\u010da tak, aby ste pri ka\u017edom ulo\u017een\u00ed s\u00faboru cookie dostali spr\u00e1vu. Viac inform\u00e1ci\u00ed o t\u00fdchto mo\u017enostiach n\u00e1jdete v pokynoch v \u010dasti Pomocn\u00edk v\u00e1\u0161ho prehliada\u010da.<\/p><p>Upozor\u0148ujeme, \u017ee na\u0161a webov\u00e1 lokalita nemus\u00ed fungova\u0165 spr\u00e1vne, ak s\u00fa v\u0161etky s\u00fabory cookie vypnut\u00e9. Ak s\u00fabory cookie vo svojom prehliada\u010di vyma\u017eete, bud\u00fa po va\u0161om s\u00fahlase pri \u010fal\u0161ej n\u00e1v\u0161teve na\u0161ej webovej str\u00e1nky op\u00e4\u0165 umiestnen\u00e9.<\/p><h2>9. Va\u0161e pr\u00e1va t\u00fdkaj\u00face sa osobn\u00fdch \u00fadajov<\/h2><p>V s\u00favislosti s va\u0161imi osobn\u00fdmi \u00fadajmi m\u00e1te tieto pr\u00e1va:<\/p><ul>\n                    <li>M\u00e1te pr\u00e1vo vedie\u0165, pre\u010do s\u00fa va\u0161e osobn\u00e9 \u00fadaje potrebn\u00e9, \u010do sa s nimi stane a ako dlho sa bud\u00fa uchov\u00e1va\u0165.<\/li>\n                    <li>Pr\u00e1vo na pr\u00edstup: M\u00e1te pr\u00e1vo na pr\u00edstup k va\u0161im osobn\u00fdm \u00fadajom, ktor\u00e9 s\u00fa n\u00e1m zn\u00e1me.<\/li>\n                    <li>Pr\u00e1vo na opravu: m\u00e1te pr\u00e1vo doplni\u0165, opravi\u0165, vymaza\u0165 alebo zablokova\u0165 svoje osobn\u00e9 \u00fadaje, kedyko\u013evek si to \u017eel\u00e1te.<\/li>\n                    <li>Ak n\u00e1m udel\u00edte s\u00fahlas na spracovanie va\u0161ich \u00fadajov, m\u00e1te pr\u00e1vo tento s\u00fahlas odvola\u0165 a po\u017eiada\u0165 o vymazanie va\u0161ich osobn\u00fdch \u00fadajov.<\/li>\n                    <li>Pr\u00e1vo na prenos va\u0161ich \u00fadajov: m\u00e1te pr\u00e1vo vy\u017eiada\u0165 si od prev\u00e1dzkovate\u013ea v\u0161etky va\u0161e osobn\u00e9 \u00fadaje a prenies\u0165 ich v plnom rozsahu in\u00e9mu prev\u00e1dzkovate\u013eovi.<\/li>\n                    <li>Pr\u00e1vo namieta\u0165: m\u00f4\u017eete namieta\u0165 proti spracovaniu va\u0161ich \u00fadajov. Toto pr\u00e1vo dodr\u017eiavame, pokia\u013e neexistuj\u00fa opr\u00e1vnen\u00e9 d\u00f4vody na spracovanie.<\/li>\n                <\/ul><p>Ak chcete uplatni\u0165 tieto pr\u00e1va, kontaktujte n\u00e1s.Kontaktn\u00e9 \u00fadaje n\u00e1jdete na konci t\u00fdchto z\u00e1sad pou\u017e\u00edvania s\u00faborov cookie.Ak m\u00e1te s\u0165a\u017enos\u0165 na to, ako naklad\u00e1me s va\u0161imi \u00fadajmi, budeme radi, ak sa n\u00e1m ozvete, ale m\u00e1te tie\u017e pr\u00e1vo poda\u0165 s\u0165a\u017enos\u0165 dozorn\u00e9mu org\u00e1nu (\u00faradu na ochranu \u00fadajov).<\/p><h2>10. Kontaktn\u00e9 \u00fadaje<\/h2><p>V pr\u00edpade ot\u00e1zok a\/alebo pripomienok t\u00fdkaj\u00facich sa na\u0161ich z\u00e1sad pou\u017e\u00edvania s\u00faborov cookie a tohto vyhl\u00e1senia n\u00e1s kontaktujte prostredn\u00edctvom nasleduj\u00facich kontaktn\u00fdch \u00fadajov:<\/p><p><span class=\"cmplz-contact-organisation\">Garzon Plaza Ltd.<\/span><br>\n                      <span class=\"cmplz-contact-address\">9024 Gy\u0151r, Vasv\u00e1ri P\u00e1l utca 1. B. \u00e9p.<\/span><br>\n                      <span class=\"cmplz-contact-country\">Ma\u010farsko<\/span><br>\n                    Webov\u00e1 lokalita: <span class=\"cmplz-contact-domain\"><a href=\"https:\/\/ottevenyikastely.hu\/sk\">https:\/\/ottevenyikastely.hu\/sk<\/a><\/span><br>\n                    E-mail: <span class=\"cmplz-contact-email\">office@garzonplaza.hu<\/span><br>\n                    <span class=\"cmplz-contact-telephone\">Telef\u00f3nne \u010d\u00edslo: +36302307598<\/span><\/p><p>Tieto z\u00e1sady pou\u017e\u00edvania s\u00faborov cookie boli synchronizovan\u00e9 s <a href=\"https:\/\/cookiedatabase.org\/\" target=\"_blank\" rel=\"noopener\">cookiedatabase.org<\/a> on 2026.03.31..<\/p><\/div>","protected":false},"excerpt":{"rendered":"","protected":false},"author":3,"featured_media":0,"parent":0,"menu_order":0,"comment_status":"closed","ping_status":"closed","template":"","meta":{"footnotes":""},"class_list":["post-14404","page","type-page","status-publish","hentry","entry"],"_links":{"self":[{"href":"https:\/\/ottevenyikastely.hu\/sk\/wp-json\/wp\/v2\/pages\/14404","targetHints":{"allow":["GET"]}}],"collection":[{"href":"https:\/\/ottevenyikastely.hu\/sk\/wp-json\/wp\/v2\/pages"}],"about":[{"href":"https:\/\/ottevenyikastely.hu\/sk\/wp-json\/wp\/v2\/types\/page"}],"author":[{"embeddable":true,"href":"https:\/\/ottevenyikastely.hu\/sk\/wp-json\/wp\/v2\/users\/3"}],"replies":[{"embeddable":true,"href":"https:\/\/ottevenyikastely.hu\/sk\/wp-json\/wp\/v2\/comments?post=14404"}],"version-history":[{"count":0,"href":"https:\/\/ottevenyikastely.hu\/sk\/wp-json\/wp\/v2\/pages\/14404\/revisions"}],"wp:attachment":[{"href":"https:\/\/ottevenyikastely.hu\/sk\/wp-json\/wp\/v2\/media?parent=14404"}],"curies":[{"name":"wp","href":"https:\/\/api.w.org\/{rel}","templated":true}]}}