{"id":14747,"date":"2026-03-02T20:06:38","date_gmt":"2026-03-02T19:06:38","guid":{"rendered":"https:\/\/ottevenyikastely.hu\/?page_id=14747"},"modified":"2026-03-02T20:07:23","modified_gmt":"2026-03-02T19:07:23","slug":"hazirend","status":"publish","type":"page","link":"https:\/\/ottevenyikastely.hu\/sk\/hazirend\/","title":{"rendered":"Pravidl\u00e1 dom\u00e1cnosti"},"content":{"rendered":"<div data-elementor-type=\"wp-page\" data-elementor-id=\"14747\" class=\"elementor elementor-14747\" data-elementor-post-type=\"page\">\n\t\t\t\t<div class=\"elementor-element elementor-element-2b91b16 e-flex e-con-boxed e-con e-parent\" data-id=\"2b91b16\" data-element_type=\"container\" data-e-type=\"container\">\n\t\t\t\t\t<div class=\"e-con-inner\">\n\t\t\t\t<div class=\"elementor-element elementor-element-c1d5fd4 elementor-widget elementor-widget-heading\" data-id=\"c1d5fd4\" data-element_type=\"widget\" data-e-type=\"widget\" data-widget_type=\"heading.default\">\n\t\t\t\t<div class=\"elementor-widget-container\">\n\t\t\t\t\t<h2 class=\"elementor-heading-title elementor-size-default\">F\u00d6LDV\u00c1RY HRAD - PRAVIDL\u00c1 PRE DOM\u00c1CNOSTI\u00a0<\/h2>\t\t\t\t<\/div>\n\t\t\t\t<\/div>\n\t\t\t\t<div class=\"elementor-element elementor-element-432731a elementor-widget elementor-widget-text-editor\" data-id=\"432731a\" data-element_type=\"widget\" data-e-type=\"widget\" data-widget_type=\"text-editor.default\">\n\t\t\t\t<div class=\"elementor-widget-container\">\n\t\t\t\t\t\t\t\t\t<p><span data-ccp-props=\"{&quot;335551550&quot;:2,&quot;335551620&quot;:2,&quot;469777462&quot;:[5075,6772],&quot;469777927&quot;:[0,0],&quot;469777928&quot;:[1,1]}\">\u00a0<\/span><\/p><p><i><span data-contrast=\"none\">(Pre podujatia, pren\u00e1jom a ubytovacie slu\u017eby)<\/span><\/i><span data-ccp-props=\"{&quot;134233117&quot;:true,&quot;134233118&quot;:true,&quot;335551550&quot;:2,&quot;335551620&quot;:2}\">\u00a0<\/span><\/p><p><span data-contrast=\"none\">Hrad F\u00f6ldv\u00e1ry m\u00e1 mimoriadnu historick\u00fa a pr\u00edrodn\u00fa hodnotu. V\u0161etci \u00fa\u010dastn\u00edci a hostia s\u00fa povinn\u00ed dodr\u017eiava\u0165 nasleduj\u00face pravidl\u00e1 a predpisy pri \u00fa\u010dasti na podujatiach, pren\u00e1jme alebo pobyte na hrade a v jeho are\u00e1li. Cie\u013eom t\u00fdchto pravidiel je chr\u00e1ni\u0165 budovu hradu, jeho zariadenie, artefakty a okolie a zachova\u0165 pokoj v tejto oblasti.<\/span><span data-ccp-props=\"{&quot;134233117&quot;:true,&quot;134233118&quot;:true}\">\u00a0<\/span><\/p><p><span data-ccp-props=\"{}\">\u00a0<\/span><\/p><ol><li><b><span data-contrast=\"none\"> \u00c1ltal\u00e1nos magatart\u00e1si szab\u00e1lyok<\/span><\/b><\/li><\/ol><p><span data-contrast=\"none\">1.1 Pri vyu\u017e\u00edvan\u00ed hradu a jeho are\u00e1lu musia v\u0161etci hostia re\u0161pektova\u0165 hodnotu historickej budovy a jej artefaktov, ako aj charakteristiky pr\u00edrodnej rezerv\u00e1cie.<\/span>\u00a0<br \/><span data-contrast=\"none\">1.2 Po\u010das podujat\u00ed a pou\u017e\u00edvania hradu je zak\u00e1zan\u00e1 ak\u00e1ko\u013evek nez\u00e1konn\u00e1 \u010dinnos\u0165.<\/span>\u00a0<br \/><span data-contrast=\"none\">1.3 Hostia musia dodr\u017eiava\u0165 v\u0161etky pokyny person\u00e1lu.<\/span><span data-ccp-props=\"{&quot;134233117&quot;:true,&quot;134233118&quot;:true}\">\u00a0<\/span><\/p><p><span data-ccp-props=\"{}\">\u00a0<\/span><\/p><ol start=\"2\"><li><b><span data-contrast=\"none\"> Nyugalom \u00e9s zajterhel\u00e9s korl\u00e1toz\u00e1sa<\/span><\/b><\/li><\/ol><p><span data-contrast=\"none\">2.1. A kast\u00e9ly udvar\u00e1n \u00e9s k\u00fcls\u0151 terein\u202f<\/span><b><span data-contrast=\"none\">po 22:00<\/span><\/b><span data-contrast=\"none\">\u202fb\u00e1rmilyen zajjal j\u00e1r\u00f3 tev\u00e9kenys\u00e9g \u2013 \u00edgy k\u00fcl\u00f6n\u00f6sen t\u0171zij\u00e1t\u00e9k, zen\u00e9s m\u0171sor, hangos zene, medencehaszn\u00e1lat \u2013\u202f<\/span><b><span data-contrast=\"none\">pr\u00edsne zak\u00e1zan\u00e9<\/span><\/b><span data-contrast=\"none\">.<\/span>\u00a0<br \/><span data-contrast=\"none\">2.2. A szab\u00e1ly betart\u00e1s\u00e1\u00e9rt a\u202f<\/span><b><span data-contrast=\"none\">ORGANIZ\u00c1TOR<\/span><\/b><span data-contrast=\"none\">\u202fteljes k\u00f6r\u0171 felel\u0151ss\u00e9get v\u00e1llal. A zajv\u00e9delmi szab\u00e1lyok megszeg\u00e9se eset\u00e9n a rendezv\u00e9ny azonnali megszak\u00edt\u00e1sra ker\u00fclhet, k\u00e1rt\u00e9r\u00edt\u00e9si k\u00f6telezetts\u00e9g mellett.<\/span><span data-ccp-props=\"{&quot;134233117&quot;:true,&quot;134233118&quot;:true}\">\u00a0<\/span><\/p><p><span data-ccp-props=\"{}\">\u00a0<\/span><\/p><ol start=\"3\"><li><b><span data-contrast=\"none\"> L\u00e9gkondicion\u00e1l\u00e1s \u00e9s ny\u00edl\u00e1sz\u00e1r\u00f3k<\/span><\/b><\/li><\/ol><p><span data-contrast=\"none\">3.1. A kast\u00e9ly l\u00e9gkondicion\u00e1l\u00f3 rendszerrel \u00fczemel. Ennek hat\u00e9kony m\u0171k\u00f6d\u00e9se \u00e9s a szomsz\u00e9dok nyugalm\u00e1nak meg\u0151rz\u00e9se \u00e9rdek\u00e9ben\u202f<\/span><b><span data-contrast=\"none\">je zak\u00e1zan\u00e9 otv\u00e1ra\u0165 okn\u00e1 a nech\u00e1va\u0165 dvere otvoren\u00e9 dlh\u0161\u00ed \u010das.<\/span><\/b><span data-contrast=\"none\">.<\/span>\u00a0<br \/><span data-contrast=\"none\">3.2 V pr\u00edpade poru\u0161enia tohto pravidla je z\u00e1kazn\u00edk zodpovedn\u00fd za v\u0161etky vzniknut\u00e9 dodato\u010dn\u00e9 prev\u00e1dzkov\u00e9 n\u00e1klady.<\/span><span data-ccp-props=\"{&quot;134233117&quot;:true,&quot;134233118&quot;:true}\">\u00a0<\/span><\/p><p><span data-ccp-props=\"{}\">\u00a0<\/span><\/p><ol start=\"4\"><li><b><span data-contrast=\"none\"> A kast\u00e9ly berendez\u00e9seinek \u00e9s m\u0171t\u00e1rgyainak v\u00e9delme<\/span><\/b><\/li><\/ol><p><span data-contrast=\"none\">4.1. Zhotovite\u013e je povinn\u00fd vyu\u017e\u00edva\u0165 budovu, zariadenie a vybavenie hradu na ur\u010den\u00fd \u00fa\u010del a chr\u00e1ni\u0165 umeleck\u00e9 diela mimoriadnej hodnoty, ktor\u00e9 sa v \u0148om nach\u00e1dzaj\u00fa, a urobi\u0165 v\u0161etko pre zachovanie ich celistvosti.<\/span>\u00a0<br \/><span data-contrast=\"none\">4.2. Amennyiben a MEGRENDEL\u0150 vagy vend\u00e9ge(i) magatart\u00e1sa k\u00f6vetkezt\u00e9ben v\u00e9tlen vagy sz\u00e1nd\u00e9kos k\u00e1rokoz\u00e1s t\u00f6rt\u00e9nik, a kast\u00e9lyban vagy a m\u0171t\u00e1rgyakban b\u00e1rmilyen k\u00e1r keletkezik, a MEGRENDEL\u0150 k\u00f6teles azt marad\u00e9ktalanul, a VEND\u00c9GL\u00c1T\u00d3 \u00edr\u00e1sbeli felsz\u00f3l\u00edt\u00e1s\u00e1t k\u00f6vet\u0151\u202f<\/span><b><span data-contrast=\"none\">uhradi\u0165 bankov\u00fdm prevodom do 8 (\u00f4smich) dn\u00ed.<\/span><\/b><span data-contrast=\"none\">.<\/span>\u00a0<br \/><span data-contrast=\"none\">4.3 V\u00fd\u0161ka n\u00e1hrady je odhadovan\u00e1 hodnota uveden\u00e1 v evidencii Auk\u010dn\u00e9ho domu F\u00f6ldv\u00e1ry v pr\u00edpade umeleck\u00e9ho predmetu a re\u0161taura\u010dn\u00e1 alebo n\u00e1hradn\u00e1 cena uveden\u00e1 PRED\u00c1VAJ\u00daCIM v pr\u00edpade ostatn\u00fdch predmetov.<\/span><span data-ccp-props=\"{&quot;134233117&quot;:true,&quot;134233118&quot;:true}\">\u00a0<\/span><\/p><p><span data-ccp-props=\"{}\">\u00a0<\/span><\/p><ol start=\"5\"><li><b><span data-contrast=\"none\"> Sz\u00e1llodai szob\u00e1k rendje<\/span><\/b><\/li><\/ol><p><span data-contrast=\"none\">5.1 Check-in je mo\u017en\u00fd od 15:00 v de\u0148 registr\u00e1cie, check-out najnesk\u00f4r do 11:00.<\/span>\u00a0<br \/><span data-contrast=\"none\">5.2. A sz\u00e1ll\u00e1shelyen\u202f<\/span><b><span data-contrast=\"none\">z\u00e1kaz faj\u010denia<\/span><\/b><span data-contrast=\"none\">, s v\u00fdnimkou ur\u010den\u00fdch faj\u010diarskych priestorov.<\/span>\u00a0<br \/><span data-contrast=\"none\">5.3 V izb\u00e1ch nie s\u00fa povolen\u00e9 elektrick\u00e9 spotrebi\u010de na varenie alebo vykurovanie.<\/span>\u00a0<br \/><span data-contrast=\"none\">5.4 Zariadenie v miestnostiach sa nesmie prestavova\u0165 ani odstra\u0148ova\u0165 z miestnosti.<\/span>\u00a0<br \/><span data-contrast=\"none\">5.5 V pr\u00edpade straty k\u013e\u00fa\u010da alebo pr\u00edstupovej karty je hos\u0165 povinn\u00fd uhradi\u0165 n\u00e1klady na v\u00fdmenu z\u00e1mku alebo v\u00fdmenu karty.<\/span><span data-ccp-props=\"{&quot;134233117&quot;:true,&quot;134233118&quot;:true}\">\u00a0<\/span><\/p><p><span data-ccp-props=\"{}\">\u00a0<\/span><\/p><ol start=\"6\"><li><b><span data-contrast=\"none\"> Kast\u00e9lypark \u00e9s \u0151spark haszn\u00e1lata<\/span><\/b><\/li><\/ol><p><span data-contrast=\"none\">6.1 Po\u0161kodzovanie rastl\u00edn, kvetinov\u00fdch z\u00e1honov a historick\u00fdch z\u00e1hradn\u00fdch prvkov v parku je pr\u00edsne zak\u00e1zan\u00e9.<\/span>\u00a0<br \/><span data-contrast=\"none\">6.2. A parkban tal\u00e1lhat\u00f3\u202f<\/span><b><span data-contrast=\"none\">k\u0155menie, ru\u0161enie, pla\u0161enie zvierat na farme jele\u0148ov<\/span><\/b><span data-contrast=\"none\">\u202ftilos.<\/span>\u00a0<br \/><span data-contrast=\"none\">6.3 Hostia sa m\u00f4\u017eu pohybova\u0165 len po vyzna\u010den\u00fdch tras\u00e1ch v parku a nesm\u00fa vstupova\u0165 do pr\u00edrodn\u00fdch rezerv\u00e1ci\u00ed.<\/span><span data-ccp-props=\"{&quot;134233117&quot;:true,&quot;134233118&quot;:true}\">\u00a0<\/span><\/p><p><span data-ccp-props=\"{}\">\u00a0<\/span><\/p><ol start=\"7\"><li><b><span data-contrast=\"none\"> Medencehaszn\u00e1lat<\/span><\/b><\/li><\/ol><p><span data-contrast=\"none\">7.1 Baz\u00e9n sa m\u00f4\u017ee vyu\u017e\u00edva\u0165 ako s\u00fa\u010das\u0165 podujatia alebo ubytovac\u00edch slu\u017eieb len s predch\u00e1dzaj\u00facim s\u00fahlasom DOD\u00c1VATE\u013dA.<\/span>\u00a0<br \/><span data-contrast=\"none\">7.2.\u202f<\/span><b><span data-contrast=\"none\">Z\u00e1kaz pou\u017e\u00edvania baz\u00e9na po 22:00<\/span><\/b><span data-contrast=\"none\">.<\/span>\u00a0<br \/><span data-contrast=\"none\">7.3 K\u00fapanie v baz\u00e9ne je na vlastn\u00e9 riziko a deti sa m\u00f4\u017eu v baz\u00e9ne k\u00fapa\u0165 len pod doh\u013eadom dospel\u00fdch.<\/span><span data-ccp-props=\"{&quot;134233117&quot;:true,&quot;134233118&quot;:true}\">\u00a0<\/span><\/p><p><span data-ccp-props=\"{}\">\u00a0<\/span><\/p><ol start=\"8\"><li><b><span data-contrast=\"none\"> Biztons\u00e1gi el\u0151\u00edr\u00e1sok<\/span><\/b><\/li><\/ol><p><span data-contrast=\"none\">8.1 Dodr\u017eiavanie predpisov o po\u017eiarnej bezpe\u010dnosti je povinn\u00e9, pri\u010dom \u00fanikov\u00e9 cesty a n\u00fadzov\u00e9 v\u00fdchody musia zosta\u0165 vo\u013en\u00e9.<\/span>\u00a0<br \/><span data-contrast=\"none\">8.2 Pou\u017e\u00edvanie otvoren\u00e9ho oh\u0148a (svie\u010dky, fakle, grily, ohne) je mo\u017en\u00e9 len s predch\u00e1dzaj\u00facim p\u00edsomn\u00fdm s\u00fahlasom Z\u00c1KAZN\u00cdKA.<\/span>\u00a0<br \/><span data-contrast=\"none\">8.3. Pirotechnikai eszk\u00f6z\u00f6k (t\u0171zij\u00e1t\u00e9k, pet\u00e1rda) haszn\u00e1lata\u202f<\/span><b><span data-contrast=\"none\">pr\u00edsne zak\u00e1zan\u00e9<\/span><\/b><span data-contrast=\"none\">.<\/span><span data-ccp-props=\"{&quot;134233117&quot;:true,&quot;134233118&quot;:true}\">\u00a0<\/span><\/p><p><span data-ccp-props=\"{}\">\u00a0<\/span><\/p><ol start=\"9\"><li><b><span data-contrast=\"none\"> Felel\u0151ss\u00e9g \u00e9s k\u00e1rt\u00e9r\u00edt\u00e9s<\/span><\/b><\/li><\/ol><p><span data-contrast=\"none\">9.1 ZHOTOVITE\u013d je plne zodpovedn\u00fd za svoje spr\u00e1vanie a spr\u00e1vanie svojich host\u00ed.<\/span>\u00a0<br \/><span data-contrast=\"none\">9.2 OBJEDN\u00c1VATE\u013d je povinn\u00fd nahradi\u0165 sp\u00f4soben\u00fa \u0161kodu v hodnote ur\u010denej OBJEDN\u00c1VATE\u013dOM.<\/span>\u00a0<br \/><span data-contrast=\"none\">9.3 Poru\u0161enie t\u00fdchto pravidiel m\u00f4\u017ee ma\u0165 za n\u00e1sledok okam\u017eit\u00e9 ukon\u010denie slu\u017eby a zodpovednos\u0165 za \u0161kodu.<\/span><span data-ccp-props=\"{&quot;134233117&quot;:true,&quot;134233118&quot;:true}\">\u00a0<\/span><\/p><p><span data-ccp-props=\"{}\">\u00a0<\/span><\/p><ol start=\"10\"><li><b><span data-contrast=\"none\"> Z\u00e1r\u00f3 rendelkez\u00e9sek<\/span><\/b><\/li><\/ol><p><span data-contrast=\"none\">10.1 Tieto z\u00e1sady s\u00fa podmienkou pre vyu\u017eitie podujatia alebo ubytovania, ktor\u00fdch prijatie potvrdzuje KLIENT podpisom zmluvy.<\/span>\u00a0<br \/><span data-contrast=\"none\">10.2 \u00da\u010delom domov\u00e9ho poriadku je chr\u00e1ni\u0165 hodnoty hradu a bezpe\u010dnos\u0165 host\u00ed, preto ak\u00e9ko\u013evek poru\u0161enie pravidiel m\u00f4\u017ee ma\u0165 za n\u00e1sledok okam\u017eit\u00e9 ukon\u010denie pr\u00e1vneho vz\u0165ahu.<\/span><span data-ccp-props=\"{&quot;134233117&quot;:true,&quot;134233118&quot;:true}\">\u00a0<\/span><\/p><p><span data-ccp-props=\"{&quot;469777462&quot;:[5075,6772],&quot;469777927&quot;:[0,0],&quot;469777928&quot;:[1,1]}\">\u00a0<\/span><\/p>\t\t\t\t\t\t\t\t<\/div>\n\t\t\t\t<\/div>\n\t\t\t\t\t<\/div>\n\t\t\t\t<\/div>\n\t\t\t\t<\/div>","protected":false},"excerpt":{"rendered":"<p>F\u00d6LDV\u00c1RY KAST\u00c9LY \u2013 H\u00c1ZIREND\u00a0 \u00a0 (Rendezv\u00e9nyek, b\u00e9rleti haszn\u00e1lat \u00e9s sz\u00e1ll\u00e1shely-szolg\u00e1ltat\u00e1s eset\u00e9re)\u00a0 A F\u00f6ldv\u00e1ry Kast\u00e9ly k\u00fcl\u00f6nleges t\u00f6rt\u00e9nelmi \u00e9s term\u00e9szeti \u00e9rt\u00e9ket k\u00e9pvisel. A kast\u00e9lyban \u00e9s ter\u00fclet\u00e9n rendezett esem\u00e9nyek, b\u00e9rleti haszn\u00e1lat \u00e9s sz\u00e1ll\u00e1s ig\u00e9nybev\u00e9tele sor\u00e1n minden r\u00e9sztvev\u0151 \u00e9s vend\u00e9g k\u00f6teles betartani az al\u00e1bbi h\u00e1zirendet. A szab\u00e1lyok c\u00e9lja a kast\u00e9ly \u00e9p\u00fclet\u00e9nek, berendez\u00e9seinek, m\u0171t\u00e1rgyainak \u00e9s k\u00f6rnyezet\u00e9nek v\u00e9delme, valamint a k\u00f6rny\u00e9k [&hellip;]<\/p>","protected":false},"author":7,"featured_media":0,"parent":0,"menu_order":0,"comment_status":"closed","ping_status":"closed","template":"","meta":{"footnotes":""},"class_list":["post-14747","page","type-page","status-publish","hentry","entry"],"_links":{"self":[{"href":"https:\/\/ottevenyikastely.hu\/sk\/wp-json\/wp\/v2\/pages\/14747","targetHints":{"allow":["GET"]}}],"collection":[{"href":"https:\/\/ottevenyikastely.hu\/sk\/wp-json\/wp\/v2\/pages"}],"about":[{"href":"https:\/\/ottevenyikastely.hu\/sk\/wp-json\/wp\/v2\/types\/page"}],"author":[{"embeddable":true,"href":"https:\/\/ottevenyikastely.hu\/sk\/wp-json\/wp\/v2\/users\/7"}],"replies":[{"embeddable":true,"href":"https:\/\/ottevenyikastely.hu\/sk\/wp-json\/wp\/v2\/comments?post=14747"}],"version-history":[{"count":4,"href":"https:\/\/ottevenyikastely.hu\/sk\/wp-json\/wp\/v2\/pages\/14747\/revisions"}],"predecessor-version":[{"id":14751,"href":"https:\/\/ottevenyikastely.hu\/sk\/wp-json\/wp\/v2\/pages\/14747\/revisions\/14751"}],"wp:attachment":[{"href":"https:\/\/ottevenyikastely.hu\/sk\/wp-json\/wp\/v2\/media?parent=14747"}],"curies":[{"name":"wp","href":"https:\/\/api.w.org\/{rel}","templated":true}]}}