{"id":4007,"date":"2023-06-12T12:12:22","date_gmt":"2023-06-12T10:12:22","guid":{"rendered":"https:\/\/ottevenyikastely.hu\/?page_id=4007"},"modified":"2024-03-11T14:20:47","modified_gmt":"2024-03-11T13:20:47","slug":"stara-gastronomia","status":"publish","type":"page","link":"https:\/\/ottevenyikastely.hu\/sk\/stara-gastronomia\/","title":{"rendered":"Gastron\u00f3mia-star\u00fd"},"content":{"rendered":"<div  class=\"one withsmallpadding ppb_text_image withbg parallax\" style=\"background-image:url(https:\/\/ottevenyikastely.hu\/wp-content\/uploads\/2023\/07\/elegant-restaurant-table-setting-service-for-recep-2022-12-16-00-11-59-utc.jpg);background-position: center top;text-align:center;padding:280px 0 280px 0;color:#ffffff !important;\" >\n<div class=\"overlay_background\" style=\"background:#000000;background:rgb(0,0,0,0.3);background:rgba(0,0,0,0.3);\"><\/div>\n<div class=\"standard_wrapper\">\n<div class=\"page_content_wrapper\">\n<div class=\"inner\">\n<div style=\"margin:auto;width:65%\">\n<h1 style=\"color: #fff; font-size: 46px;\"><\/h1>\n<h2 class=\"widgettitle\" style=\"color: #fff; border-color: #fff; margin-top: 20px;\"><\/h2>\n<h1 style=\"color: #fff; font-size: 60px;\">GASTRON\u00d3MIA<\/h1>\n<h2 class=\"widgettitle\" style=\"color: #fff; border-color: #0000; font-size: 28px; text-align: center;\">PROFESION\u00c1LNY T\u00cdM, EXKLUZ\u00cdVNE PROSTREDIE, PRVOTRIEDNE SLU\u017dBY<\/h2>\n<\/div>\n<\/div>\n<\/div>\n<\/div>\n<\/div>\n<div  class=\"ppb_image_half_boxed_fixed_width one\" style=\"margin-top:40px;margin-bottom:40px;\" >\n<div class=\"standard_wrapper\">\n<div class=\"page_content_wrapper\">\n<div class=\"inner\">\n<div class=\"one_half content_middle fixed\" style=\"padding:30px; text-align:center;min-height:1000px;background-color:#ffffff;\">\n<div class=\"content_middle_wrapper\">\n<div class=\"content_middle_content\">\n<h2 class=\"ppb_title\" style=\"color:#000000;\">KUCH\u00c1RSKA HVIEZDA V KUCHYNI<\/h2>\n<div class=\"ppb_header_content\">\n<p style=\"text-align: justify;\">S hrdos\u0165ou odpor\u00fa\u010dame gastronomick\u00e9 majstrovsk\u00e9 diela \u0161\u00e9fkuch\u00e1ra Suga P\u00e9ter a jeho skvel\u00e9ho t\u00edmu. Aby bola va\u0161a udalos\u0165 nezabudnute\u013en\u00e1, sna\u017e\u00edme sa pripravi\u0165 tie najvhodnej\u0161ie jedl\u00e1 a n\u00e1poje pod\u013ea va\u0161ich \u017eelan\u00ed. Ku ka\u017edej udalosti pristupujeme individu\u00e1lne, \u010di u\u017e ide o svadbu, konferenciu alebo in\u00e9 podujatie.<br \/>\nNa svadby pon\u00fakame rezerv\u00e1ciu miest pre 160 os\u00f4b pri okr\u00fahlych stoloch s tanierov\u00fdm servisom, na konferencie pon\u00fakame rezerv\u00e1ciu miest pre 200 os\u00f4b pri okr\u00fahlych stoloch a pri organizovan\u00ed v\u00e4\u010d\u0161\u00edch podujat\u00ed m\u00f4\u017eeme zabezpe\u010di\u0165 servis pre 300 os\u00f4b na recepcii v stoji v centr\u00e1lnej re\u0161taur\u00e1cii hradu.<br \/>\nSuga P\u00e9ter je uzn\u00e1van\u00fd \u0161\u00e9fkuch\u00e1r, ktor\u00fd za\u010dal svoju kari\u00e9ru v Mi\u0161kolci a cez budape\u0161tianske re\u0161taur\u00e1cie Gundel, Paradiso a Kempinski sa pres\u0165ahoval do Gy\u0151ru, kde pokra\u010doval ako \u0161\u00e9fkuch\u00e1r v re\u0161taur\u00e1cii Pati\u00f3 a nesk\u00f4r v re\u0161taur\u00e1cii La mareda. Medzi jeho eur\u00f3pske \u00faspechy na s\u00fa\u0165a\u017eiach patr\u00ed olympijsk\u00e9 striebro a zlato z majstrovstiev sveta. Suga P\u00e9ter vytv\u00e1ra menu pre tematick\u00e9 ve\u010dere, organizuje v\u00ednne ve\u010dery s najprest\u00ed\u017enej\u0161\u00edmi vin\u00e1rmi, zalo\u017eil kuch\u00e1rsky klub a z\u00fa\u010dast\u0148uje sa na s\u00fa\u0165a\u017en\u00fdch porot\u00e1ch a komorn\u00fdch sk\u00fa\u0161kach. Jej meno je synonymom kvalitnej gastron\u00f3mie.<br \/>\nZverte n\u00e1m svoje gastronomick\u00e9 z\u00e1\u017eitky a nechajte sa zl\u00e1ka\u0165 t\u00fdmi najchutnej\u0161\u00edmi k\u00faskami, sn\u00e1\u010f v\u00e1m to pom\u00f4\u017ee!<br \/>\nOdkazy na prezent\u00e1cie n\u00e1jdete tu: : <a href=\"https:\/\/ottevenyikastely.hu\/sk\/?galleries=gallery-flow&#038;lang=hu\">V gal\u00e9rii<\/a><\/p>\n<\/div>\n<\/div>\n<\/div>\n<\/div>\n<div class=\"one_half content_middle last\" style=\"background-image:url(https:\/\/ottevenyikastely.hu\/wp-content\/uploads\/2023\/06\/HBP04444_retus.jpg);min-height:1000px;\"><\/div>\n<p><br class=\"clear\"\/><\/div>\n<\/div>\n<\/div>\n<\/div>\n<div  class=\"one ppb_fullwidth_button\" style=\"padding:40px 0 40px 0;background-color:#ffffff;\" >\n<div class=\"standard_wrapper\">\n<h2 class=\"title\" style=\"color:;\">OVEROVANIE REZERV\u00c1CI\u00cd A STRETNUT\u00cd<\/h2>\n<p><a href=\"https:\/\/ottevenyikastely.hu\/sk\/obsadene2\/\" class=\"button\" >Rezerv\u00e1cia<\/a><\/div>\n<\/div>\n<div  class=\"ppb_image_half_boxed_fixed_width one\" style=\"margin-top:40px;\" >\n<div class=\"standard_wrapper\">\n<div class=\"page_content_wrapper\">\n<div class=\"inner\">\n<div class=\"one_half content_middle\" style=\"background-image:url(https:\/\/ottevenyikastely.hu\/wp-content\/uploads\/2023\/07\/torta_20220923_104916.jpg);min-height:1000px;\"><\/div>\n<div class=\"one_half last content_middle fixed\" style=\"padding:40px;text-align:center;min-height:1000px; background-color:#ffffff;\">\n<div class=\"content_middle_wrapper\">\n<div class=\"content_middle_content\">\n<h2 class=\"ppb_title\" style=\"\">OBJAVTE \u0160PECIALITY CUKR\u00c1RNE S KRISZTI\u00c1NOM VARGA<\/h2>\n<div class=\"ppb_header_content\">\n<p style=\"text-align: justify;\">... u\u017e viac ako tri desa\u0165ro\u010dia vern\u00fd majster cukr\u00e1rskeho umenia! Kriszti\u00e1n riadi <strong>Cukr\u00e1re\u0148 Toscana<\/strong> v Gy\u0151ri ako majster cukr\u00e1r, ktor\u00fd hrdo reprezentuje tradi\u010dn\u00e9 cukr\u00e1rske umenie a pracuje len s pr\u00edrodn\u00fdmi surovinami a pravou smotanou. Ak si ho vyberiete pre svoju svadobn\u00fa tortu, ur\u010dite nebudete sklaman\u00ed.<\/p>\n<p style=\"text-align: justify;\">Nerozhodujte sa naslepo! Ochutnajte jedine\u010dn\u00fa chu\u0165 \u010derstvo pripraven\u00fdch sladkost\u00ed v cukr\u00e1rni Toscana v Gy\u0151ri a poc\u00edtite skuto\u010dn\u00fa kvalitu. Okrem tort pon\u00fakame aj sladk\u00e9 a slan\u00e9 pe\u010divo a pripravujeme rozl\u00fa\u010dkov\u00e9 bal\u00ed\u010dky, aby ste mohli svojim hos\u0165om da\u0165 vhodn\u00fd dar\u010dek ako po\u010fakovanie.<\/p>\n<p style=\"text-align: justify;\">Objednajte si tortu za cenu z Gy\u0151ru, ale v prvotriednej kvalite! Nav\u0161t\u00edvte webov\u00fa str\u00e1nku cukr\u00e1rne Toscana,<\/p>\n<div class=\"standard_wrapper\" style=\"text-align: justify;\">\n<p style=\"text-align: center;\"><a class=\"button\" href=\"https:\/\/toscanacukraszda.hu\/eskuvoi-tortak\/?utm_source=kastely_honlap&#038;utm_medium=Referral&#038;utm_campaign=kastely_honlap\" target=\"_blank\" rel=\"noopener\">Tosk\u00e1nsko web<\/a><\/p>\n<p>alebo si pozrite na\u0161u gal\u00e9riu svadobn\u00fdch tort!<\/p>\n<\/div>\n<div class=\"standard_wrapper\" style=\"text-align: center;\"><a class=\"button\" href=\"https:\/\/ottevenyikastely.hu\/sk\/galleries\/toscana-cukraszda-eskuvoi-tortai\/\">Gal\u00e9ria tort<\/a><\/div>\n<div style=\"text-align: justify;\"><\/div>\n<div class=\"standard_wrapper\" style=\"text-align: justify;\">\n<p style=\"text-align: justify;\">Ak potrebujete pomoc, obr\u00e1\u0165te sa na niektor\u00e9ho z na\u0161ich pracovn\u00edkov alebo nap\u00ed\u0161te priamo majstrovi a po\u017eiadajte o individu\u00e1lnu ponuku na adrese <a href=\"mailto:rendeles@toscanacukraszda.hu\">rendeles@toscanacukraszda.hu<\/a>korunova\u0165 najd\u00f4le\u017eitej\u0161ie momenty!<\/p>\n<\/div>\n<\/div>\n<\/div>\n<\/div>\n<\/div>\n<p><br class=\"clear\"\/><\/div>\n<\/div>\n<\/div>\n<\/div>\n<div  class=\"one ppb_fullwidth_button\" style=\"padding:35px 0 35px 0;background-color:#ffffff;margin-top:40px;\" >\n<div class=\"standard_wrapper\"><a href=\"https:\/\/ottevenyikastely.hu\/de\/essens-und-getraenkekonsum\/\" class=\"button\">Odpor\u00fa\u010dania t\u00fdkaj\u00face sa jed\u00e1l a n\u00e1pojov<\/a><\/div>\n<\/div>\n<div  class=\"one withsmallpadding ppb_header parallax withbg\" style=\"background-image:url(https:\/\/ottevenyikastely.hu\/wp-content\/uploads\/2023\/07\/elegant-catering-table-set-service-with-silverware-2021-09-03-07-43-23-utc.jpg);background-position: center center;text-align:center;padding:280px 0 280px 0;color:#ffffff;\" >\n<div class=\"overlay_background\" style=\"background:#000000;background:rgb(0,0,0,0.2);background:rgba(0,0,0,0.2);\"><\/div>\n<div class=\"standard_wrapper\">\n<div class=\"page_content_wrapper\">\n<div class=\"inner\">\n<div style=\"margin:auto;width:75%\"><\/div>\n<\/div>\n<\/div>\n<\/div>\n<\/div>","protected":false},"excerpt":{"rendered":"<p>GASTRON\u00d3MIA PROFESION\u00c1LNY T\u00cdM, EXKLUZ\u00cdVNE SLU\u017dBY, PREMIUM SERVIS Hviezdny \u0161\u00e9fkuch\u00e1r v kuchyni S hrdos\u0165ou v\u00e1m odpor\u00fa\u010dame gastronomick\u00e9 diela \u0161\u00e9fkuch\u00e1ra Suga P\u00e9ter a jeho skvel\u00e9ho t\u00edmu. Aby sa va\u0161a udalos\u0165 stala nezabudnute\u013enou, sna\u017e\u00edme sa pripravi\u0165 tie najvhodnej\u0161ie jedl\u00e1 a n\u00e1poje pod\u013ea va\u0161ich \u017eelan\u00ed. Ku ka\u017edej udalosti pristupujeme individu\u00e1lne, \u010di u\u017e ide o svadbu, [...]<\/p>","protected":false},"author":3,"featured_media":0,"parent":0,"menu_order":0,"comment_status":"closed","ping_status":"closed","template":"","meta":{"footnotes":""},"class_list":["post-4007","page","type-page","status-publish","hentry","entry"],"_links":{"self":[{"href":"https:\/\/ottevenyikastely.hu\/sk\/wp-json\/wp\/v2\/pages\/4007","targetHints":{"allow":["GET"]}}],"collection":[{"href":"https:\/\/ottevenyikastely.hu\/sk\/wp-json\/wp\/v2\/pages"}],"about":[{"href":"https:\/\/ottevenyikastely.hu\/sk\/wp-json\/wp\/v2\/types\/page"}],"author":[{"embeddable":true,"href":"https:\/\/ottevenyikastely.hu\/sk\/wp-json\/wp\/v2\/users\/3"}],"replies":[{"embeddable":true,"href":"https:\/\/ottevenyikastely.hu\/sk\/wp-json\/wp\/v2\/comments?post=4007"}],"version-history":[{"count":0,"href":"https:\/\/ottevenyikastely.hu\/sk\/wp-json\/wp\/v2\/pages\/4007\/revisions"}],"wp:attachment":[{"href":"https:\/\/ottevenyikastely.hu\/sk\/wp-json\/wp\/v2\/media?parent=4007"}],"curies":[{"name":"wp","href":"https:\/\/api.w.org\/{rel}","templated":true}]}}