{"id":4013,"date":"2023-06-12T12:18:17","date_gmt":"2023-06-12T10:18:17","guid":{"rendered":"https:\/\/ottevenyikastely.hu\/?page_id=4013"},"modified":"2023-11-20T14:00:29","modified_gmt":"2023-11-20T13:00:29","slug":"svadba","status":"publish","type":"page","link":"https:\/\/ottevenyikastely.hu\/sk\/svadba\/","title":{"rendered":"Svadba"},"content":{"rendered":"<div  class=\"one withsmallpadding ppb_header_youtube withbg parallax\" data-jarallax-video=\"https:\/\/www.youtube.com\/watch?v=qHenFX9im3Y\"  style=\"text-align:center;padding:265px 0 265px 0;\" >\n<div class=\"standard_wrapper\">\n<div class=\"page_content_wrapper\">\n<div class=\"inner\">\n<div style=\"margin:auto;width:100%\">\n<div class=\"ppb_header_content\">\n<h1 style=\"color:#fff;font-size:60px;\">Svadba na hrade<\/h1>\n<h2 class=\"widgettitle\" style=\"color:#fff;border-color:#0000;font-size:28px;text-align: center\">Bu\u010fte vojvodom a vojvodky\u0148ou hradu \u00d6ttev\u00e9ny vo svoj ve\u013ek\u00fd de\u0148<\/h2>\n<\/div>\n<\/div>\n<\/div>\n<\/div>\n<\/div>\n<\/div>\n<div  class=\"ppb_image_half_boxed_fixed_width one\" style=\"margin-top:40px;margin-bottom:40px;\" >\n<div class=\"standard_wrapper\">\n<div class=\"page_content_wrapper\">\n<div class=\"inner\">\n<div class=\"one_half content_middle fixed\" style=\"padding:30px; text-align:center;min-height:1000px;background-color:#ffffff;\">\n<div class=\"content_middle_wrapper\">\n<div class=\"content_middle_content\">\n<h2 class=\"ppb_title\" style=\"\">Sta\u0148te sa vojvodom a vojvodky\u0148ou hradu \u00d6ttev\u00e9ny<\/h2>\n<div class=\"ppb_header_content\">\n<p style=\"color: #374151; text-align: justify;\">...a spl\u0148te si s nami svoje sny! Exkluz\u00edvne miesto na svadobn\u00fa sez\u00f3nu 2024 m\u00f4\u017eete vyu\u017ei\u0165 spolu s na\u0161ou profesion\u00e1lnou organiz\u00e1torkou svadieb. Na\u0161a organiz\u00e1torka podujat\u00ed na hrade Marianna Iv\u00e1nkovics m\u00e1 viac ako 10 rokov sk\u00fasenost\u00ed a zaru\u010duje, \u017ee v\u0161etko bude dokonal\u00e9 od najmen\u0161\u00edch detailov a\u017e po koniec noci, tak\u017ee sa budete musie\u0165 s\u00fastredi\u0165 len na nezabudnute\u013en\u00e9 chv\u00edle. Za catering, ktor\u00fd zodpoved\u00e1 \u0161tandardu hradu, zodpoved\u00e1 majster kuch\u00e1r P\u00e9ter Suga a jeho t\u00edm, tak\u017ee ka\u017ed\u00e9 pod\u00e1van\u00e9 jedlo je pripraven\u00e9 z t\u00fdch najkvalitnej\u0161\u00edch produktov, \u010derstv\u00fdch surov\u00edn a s osobitnou pozornos\u0165ou. Po predch\u00e1dzaj\u00facej dohode si m\u00f4\u017eete vybra\u0165 z troch mo\u017enost\u00ed menu (tradi\u010dn\u00e9, gurm\u00e1nske, aristokratick\u00e9) to, ktor\u00e9 najlep\u0161ie vyhovuje va\u0161ej chuti.<\/p>\n<p style=\"color: #374151; text-align: justify;\">N\u00e1\u0161 historick\u00fd park s rozlohou 2,6 hekt\u00e1ra m\u00f4\u017ee by\u0165 vynikaj\u00facim miestom pre obrad a, samozrejme, aj pre n\u00e1sledn\u00fa oslavu a\u017e do svitania. \u010ci u\u017e chcete vyslovi\u0165 svoj ve\u010dn\u00fd s\u013eub v na\u0161ej z\u00e1hrade plnej jarn\u00fdch kvetov, po\u010das pr\u00edjemn\u00e9ho letn\u00e9ho ve\u010dera, medzi padaj\u00facim jesenn\u00fdm l\u00edst\u00edm alebo v zimnej krajine z\u00e1zrakov, z\u00e1mok \u00d6ttev\u00e9ny pon\u00faka bezkonkuren\u010dn\u00e9 prostredie po\u010das cel\u00e9ho roka. Na\u0161a elegantn\u00e1 tane\u010dn\u00e1 s\u00e1la pojme 160 host\u00ed a va\u0161i najd\u00f4le\u017eitej\u0161\u00ed rodinn\u00ed pr\u00edslu\u0161n\u00edci si m\u00f4\u017eu vybra\u0165 zo 14 \u0161peci\u00e1lne zariaden\u00fdch hotelov\u00fdch izieb vr\u00e1tane 3 apartm\u00e1nov s k\u00fape\u013e\u0148ami Versace. Pre nevestu a \u017een\u00edcha je n\u00e1\u0161 exkluz\u00edvny apartm\u00e1n \"Honeymoon\" s int\u00edmnou atmosf\u00e9rou ide\u00e1lnou vo\u013ebou na ich prv\u00fa noc ako man\u017eelsk\u00e9ho p\u00e1ru.<\/p>\n<p style=\"color: #374151; text-align: justify;\">Nav\u0161t\u00edvte n\u00e1s a nechajte sa o\u010dari\u0165 malebnou kr\u00e1sou n\u00e1\u0161ho hradu. Cel\u00fa lokalitu si m\u00f4\u017eete prenaja\u0165 od 1. m\u00e1ja 2024 za ve\u013emi priazniv\u00fa cenu 4000 EUR za podujatie, alebo ak chcete naozaj komplexn\u00fd z\u00e1\u017eitok zo z\u00e1mku, je mo\u017en\u00e9 si ho prenaja\u0165 aj na cel\u00fd v\u00edkend (piatok, sobota a nede\u013ea) za 8000 EUR.<\/p>\n<p style=\"color: #374151; text-align: justify;\"><strong>Hrad v s\u00fa\u010dasnosti prech\u00e1dza kompletnou rekon\u0161trukciou, a preto ho v s\u00fa\u010dasnosti nie je mo\u017en\u00e9 nav\u0161t\u00edvi\u0165.Jeho sl\u00e1vnostn\u00e9 otvorenie v plnej kr\u00e1se je napl\u00e1novan\u00e9 na 30. apr\u00edla 2024.<\/strong><\/p>\n<\/div>\n<\/div>\n<\/div>\n<\/div>\n<div class=\"one_half content_middle last\" style=\"background-image:url(https:\/\/ottevenyikastely.hu\/wp-content\/uploads\/2023\/06\/Kepernyofoto-2023-06-11-6.28.14-2.jpeg);min-height:1000px;\"><\/div>\n<p><br class=\"clear\"\/><\/div>\n<\/div>\n<\/div>\n<\/div>\n<div  class=\"one withsmallpadding ppb_header parallax withbg\" style=\"background-image:url(https:\/\/ottevenyikastely.hu\/wp-content\/uploads\/2023\/07\/wedding-table.jpg);background-position: center top;text-align:center;padding:285px 0 285px 0;color:#ffffff;\" >\n<div class=\"overlay_background\" style=\"background:#000000;background:rgb(0,0,0,0.2);background:rgba(0,0,0,0.2);\"><\/div>\n<div class=\"standard_wrapper\">\n<div class=\"page_content_wrapper\">\n<div class=\"inner\">\n<div style=\"margin:auto;width:100%\">\n<div class=\"ppb_header_content\">\n<h1 style=\"color:#fff;font-size:60px;\">Knie\u017eacia slu\u017eba<\/h1>\n<h2 class=\"widgettitle\" style=\"color:#fff;border-color:#0000;font-size:28px;text-align: center\">Usporiadanie sedenia s okr\u00fahlymi stolmi pre 160 os\u00f4b<\/h2>\n<\/div>\n<\/div>\n<\/div>\n<\/div>\n<\/div>\n<\/div>\n<div  class=\"ppb_image_half_boxed_fixed_width one\" style=\"margin-top:40px;margin-bottom:40px;\" >\n<div class=\"standard_wrapper\">\n<div class=\"page_content_wrapper\">\n<div class=\"inner\">\n<div class=\"one_half content_middle\" style=\"background-image:url(https:\/\/ottevenyikastely.hu\/wp-content\/uploads\/2017\/05\/bride.jpg);min-height:630px;\"><\/div>\n<div class=\"one_half last content_middle fixed\" style=\"padding:40px;text-align:center;min-height:630px; background-color:#ffffff;\">\n<div class=\"content_middle_wrapper\">\n<div class=\"content_middle_content\">\n<h2 class=\"ppb_title\" style=\"\">Prenechajte organiz\u00e1ciu na n\u00e1s<\/h2>\n<div class=\"ppb_header_content\">\n<p style=\"color: #374151; text-align: justify;\">N\u00e1\u0161 svadobn\u00fd servis sa postar\u00e1 o to, aby ste si svoj ve\u013ek\u00fd de\u0148 mohli u\u017ei\u0165 bez starost\u00ed!<\/p>\n<p style=\"color: #374151; text-align: justify;\">Pren\u00e1jom cel\u00e9ho hradu vr\u00e1tane n\u00e1kladov na svadobn\u00e9ho organiz\u00e1tora <strong>4000 EUR<\/strong> za noc alebo <strong>8000 EUR<\/strong> na v\u00edkend (piatok-sobota-nede\u013ea).<\/p>\n<p style=\"color: #374151; text-align: justify;\">Na\u0161e slu\u017eby pl\u00e1novania svadby s\u00fa bezplatn\u00e9, ale samozrejme mus\u00edte zaplati\u0165 za vybran\u00fdch umelcov a \u010fal\u0161ie slu\u017eby, ako je objednanie kvetov, fotografa, letiskov\u00fdch transferov, cateringu.<\/p>\n<\/div>\n<\/div>\n<\/div>\n<\/div>\n<p><br class=\"clear\"\/><\/div>\n<\/div>\n<\/div>\n<\/div>\n<div  class=\"one ppb_fullwidth_button\" style=\"padding:40px 0 40px 0;background-color:#ffffff;margin-top:40px;margin-bottom:40px;\" >\n<div class=\"standard_wrapper\">\n<h2 class=\"title\" style=\"color:;\">OVEROVANIE REZERV\u00c1CI\u00cd A STRETNUT\u00cd<\/h2>\n<p><a href=\"https:\/\/ottevenyikastely.hu\/de\/buchung\/\" class=\"button\" >Rezerv\u00e1cia<\/a><\/div>\n<\/div>\n<div  class=\"ppb_image_half_boxed_fixed_width one\" style=\"margin-top:40px;margin-bottom:40px;\" >\n<div class=\"standard_wrapper\">\n<div class=\"page_content_wrapper\">\n<div class=\"inner\">\n<div class=\"one_half content_middle fixed\" style=\"padding:40px; text-align:center;min-height:1000px;background-color:#ffffff;\">\n<div class=\"content_middle_wrapper\">\n<div class=\"content_middle_content\">\n<h2 class=\"ppb_title\" style=\"\"> Na\u0161e bezplatn\u00e9 slu\u017eby pl\u00e1novania a organiz\u00e1cie<\/h2>\n<div class=\"ppb_header_content\">\n<p style=\"color: #374151; text-align: justify;\">Pl\u00e1novanie a koordin\u00e1cia: na\u0161i zamestnanci v\u00e1m pom\u00f4\u017eu napl\u00e1nova\u0165 v\u0161etko do najmen\u0161\u00edch detailov a bud\u00fa pr\u00edtomn\u00ed po\u010das celej svadby, aby zabezpe\u010dili, \u017ee v\u0161etko p\u00f4jde pod\u013ea pl\u00e1nu, a pom\u00f4\u017eu v\u00e1m napl\u00e1nova\u0165 udalos\u0165 do najmen\u0161\u00edch detailov, aby sa eliminoval aj ten najmen\u0161\u00ed priestor na chybu. V\u00fdzdoba a dekor\u00e1cie: Hoci je n\u00e1\u0161 z\u00e1mok p\u00f4sobiv\u00fd s\u00e1m o sebe, spr\u00e1vna v\u00fdzdoba m\u00f4\u017ee jeho vzh\u013ead e\u0161te viac vylep\u0161i\u0165. Na\u0161i zamestnanci pom\u00f4\u017eu vyzdobi\u0165 miesto konania svadby tak, aby \u010do najefekt\u00edvnej\u0161ie vyhovovalo \u0161t\u00fdlu p\u00e1ru a t\u00e9me svadby. Pom\u00f4\u017eeme nielen vybra\u0165 a objedna\u0165 spr\u00e1vneho poskytovate\u013ea slu\u017eieb, ale aj riadi\u0165 proces v\u00fdzdoby. Catering: Z\u00e1mky maj\u00fa plne vybaven\u00e9 kuchyne a koktailov\u00e9 bary a na\u0161i \u0161pecialisti zaru\u010duj\u00fa pr\u00edpravu \u010derstv\u00fdch, zdrav\u00fdch a chutn\u00fdch jed\u00e1l. Na\u0161\u00edm poslan\u00edm je dokonale zladi\u0165 pod\u00e1van\u00e9 menu s chu\u0165ou nevesty a \u017een\u00edcha a atmosf\u00e9rou svadby. V na\u0161ej vinot\u00e9ke n\u00e1jdete najlep\u0161ie v\u00edna z ma\u010farsk\u00fdch aj zahrani\u010dn\u00fdch vin\u00e1rstiev. V na\u0161om koktailovom bare pon\u00fakame najlep\u0161ie alkoholick\u00e9 n\u00e1poje v kombin\u00e1cii s profesion\u00e1lnym servisom. Foto a video slu\u017eby: Hrad F\u00f6ldv\u00e1ry pon\u00faka p\u00f4sobiv\u00e9 kulisy na fotografovanie a nat\u00e1\u010danie vide\u00ed. N\u00e1\u0161 person\u00e1l v\u00e1m pom\u00f4\u017ee n\u00e1js\u0165 vhodn\u00e9ho fotografa a\/alebo kameramana, aby ste \u010do najlep\u0161ie vyu\u017eili mo\u017enosti, ktor\u00e9 hrad pon\u00faka. Organiz\u00e1cia podujatia: Samozrejme, \u017ee bez hudby nie je svadba, preto v\u00e1m radi pom\u00f4\u017eeme n\u00e1js\u0165 \u017eiv\u00fa kapelu alebo DJ-a, navy\u0161e je tu mo\u017enos\u0165 oh\u0148ostroja alebo jazdy v ko\u010di. N\u00e1\u0161 tane\u010dn\u00fd parket je vybaven\u00fd vhodnou zvukovou technikou a je vhodn\u00fd na uspokojenie a nahr\u00e1vanie ak\u00e9hoko\u013evek druhu vyst\u00fapenia. Koordin\u00e1cia ubytovania: Po\u010das podujatia n\u00e1\u0161 hrad pon\u00faka bezplatn\u00e9 ubytovanie pre va\u0161ich host\u00ed, celkovo je k dispoz\u00edcii 14 izieb na hrade a \u010fal\u0161\u00edch 53 izieb je k dispoz\u00edcii v hoteli Garzonplaza**** v Gy\u0151ri za poplatok, kam host\u00ed bezplatne preprav\u00edme na\u0161\u00edm exkluz\u00edvnym mikrobusom, ktor\u00fd zabezpe\u010duje kyvadlov\u00fa dopravu po\u010das cel\u00e9ho ve\u010dera. Na\u0161i zamestnanci v\u00e1m pom\u00f4\u017eu napl\u00e1nova\u0165 ubytovanie pre va\u0161ich pr\u00edbuzn\u00fdch, vr\u00e1tane ubytovania v in\u00fdch hoteloch. Transfery: Na\u0161e slu\u017eby zah\u0155\u0148aj\u00fa organiz\u00e1ciu transferov za rozumn\u00fa cenu, aby sa ka\u017ed\u00fd dostal na miesto \u013eahko a pohodlne.<\/p>\n<p style=\"color: #374151; text-align: justify;\">Pom\u00f4\u017eeme v\u00e1m s v\u00fdberom a objednan\u00edm, ale n\u00e1klady na slu\u017eby mus\u00ed vo v\u0161etk\u00fdch pr\u00edpadoch uhradi\u0165 klient.<\/p>\n<\/div>\n<\/div>\n<\/div>\n<\/div>\n<div class=\"one_half content_middle last\" style=\"background-image:url(https:\/\/ottevenyikastely.hu\/wp-content\/uploads\/2023\/06\/Kepernyofoto-2023-06-11-6.24.56-2.jpeg);min-height:1000px;\"><\/div>\n<p><br class=\"clear\"\/><\/div>\n<\/div>\n<\/div>\n<\/div>\n<div  class=\"ppb_image_half_boxed_fixed_width one\" style=\"margin-top:40px;margin-bottom:40px;\" >\n<div class=\"standard_wrapper\">\n<div class=\"page_content_wrapper\">\n<div class=\"inner\">\n<div class=\"one_half content_middle\" style=\"background-image:url(https:\/\/ottevenyikastely.hu\/wp-content\/uploads\/2023\/06\/355159639_790598029218866_5332026251753184102_n.jpg);min-height:705px;\"><\/div>\n<div class=\"one_half last content_middle fixed\" style=\"padding:50px;text-align:center;min-height:705px; background-color:#ffffff;\">\n<div class=\"content_middle_wrapper\">\n<div class=\"content_middle_content\">\n<h2 class=\"ppb_title\" style=\"\">Marianna Ivankovits<\/h2>\n<div class=\"page_tagline\" style=\"\">Spr\u00e1vca hradu<\/div>\n<div class=\"ppb_header_content\">\n<p style=\"text-align: justify;\"><span style=\"color: #374151;\">M\u00e1 viac ako 15 rokov sk\u00fasenost\u00ed v oblasti pl\u00e1novania svadieb, hotelov\u00e9ho mana\u017ementu a cateringu. Po ukon\u010den\u00ed \u0161t\u00fadia v Taliansku str\u00e1vila viac ako desa\u0165 rokov v Anglicku, kde z\u00edskala bohat\u00e9 profesion\u00e1lne sk\u00fasenosti. Posledn\u00fdch osem rokov bola mana\u017e\u00e9rkou \u0161tvorhviezdi\u010dkov\u00e9ho hotela Garzon Plaza patriaceho do skupiny, kde organizovala a viedla mno\u017estvo podujat\u00ed a konferenci\u00ed vr\u00e1tane n\u00e1rodn\u00fdch a medzin\u00e1rodn\u00fdch \u0161portov\u00fdch podujat\u00ed a svadieb. V minulosti spravovala z\u00e1mok F\u00f6ldv\u00e1ry po\u010das dvoch svadobn\u00fdch sez\u00f3n a po rekon\u0161trukcii bude na\u010falej s nad\u0161en\u00edm pracova\u0165 ako mana\u017e\u00e9rka podujat\u00ed a spr\u00e1vky\u0148a z\u00e1mku. <\/span><\/p>\n<p style=\"text-align: justify;\"><span style=\"color: #374151;\">Mariannu m\u00f4\u017eete kontaktova\u0165 priamo na adrese <a href=\"tel:+36 70 379 2950\">+36 70 379 2950<\/a> alebo e-mailom na adresu <\/span><a style=\"font-weight: 500; color: var(--tw-prose-links);\" href=\"mailto:info@foldvarykastely.hu\" target=\"_new\" rel=\"noopener\">info@foldvarykastely.hu<\/a><span style=\"color: #374151;\">.<\/span><\/p>\n<\/div>\n<\/div>\n<\/div>\n<\/div>\n<p><br class=\"clear\"\/><\/div>\n<\/div>\n<\/div>\n<\/div>","protected":false},"excerpt":{"rendered":"<p>Svadba na z\u00e1mku Sta\u0148te sa vojvodom a vojvodky\u0148ou z\u00e1mku \u00d6ttev\u00e9ny vo svoj ve\u013ek\u00fd de\u0148 Sta\u0148te sa vojvodom a vojvodky\u0148ou z\u00e1mku \u00d6ttev\u00e9ny ...a spl\u0148te si s nami svoje sny! Exkluz\u00edvne miesto na svadby v sez\u00f3ne 2024 m\u00f4\u017eete vyu\u017ei\u0165 spolu s na\u0161ou profesion\u00e1lnou organiz\u00e1torkou svadieb. Na\u0161a organiz\u00e1torka podujat\u00ed na hrade, Marianna Iv\u00e1nkovics, m\u00e1 viac ako 10 rokov sk\u00fasenost\u00ed s organizovan\u00edm svadieb na hrade a [...]<\/p>","protected":false},"author":3,"featured_media":0,"parent":0,"menu_order":0,"comment_status":"closed","ping_status":"closed","template":"","meta":{"footnotes":""},"class_list":["post-4013","page","type-page","status-publish","hentry","entry"],"_links":{"self":[{"href":"https:\/\/ottevenyikastely.hu\/sk\/wp-json\/wp\/v2\/pages\/4013","targetHints":{"allow":["GET"]}}],"collection":[{"href":"https:\/\/ottevenyikastely.hu\/sk\/wp-json\/wp\/v2\/pages"}],"about":[{"href":"https:\/\/ottevenyikastely.hu\/sk\/wp-json\/wp\/v2\/types\/page"}],"author":[{"embeddable":true,"href":"https:\/\/ottevenyikastely.hu\/sk\/wp-json\/wp\/v2\/users\/3"}],"replies":[{"embeddable":true,"href":"https:\/\/ottevenyikastely.hu\/sk\/wp-json\/wp\/v2\/comments?post=4013"}],"version-history":[{"count":0,"href":"https:\/\/ottevenyikastely.hu\/sk\/wp-json\/wp\/v2\/pages\/4013\/revisions"}],"wp:attachment":[{"href":"https:\/\/ottevenyikastely.hu\/sk\/wp-json\/wp\/v2\/media?parent=4013"}],"curies":[{"name":"wp","href":"https:\/\/api.w.org\/{rel}","templated":true}]}}