{"id":4077,"date":"2023-06-12T15:15:55","date_gmt":"2023-06-12T13:15:55","guid":{"rendered":"https:\/\/ottevenyikastely.hu\/?page_id=4077"},"modified":"2023-11-20T14:00:06","modified_gmt":"2023-11-20T13:00:06","slug":"svadby","status":"publish","type":"page","link":"https:\/\/ottevenyikastely.hu\/sk\/svadby\/","title":{"rendered":"Svadby"},"content":{"rendered":"<div  class=\"one withsmallpadding ppb_header_youtube withbg parallax\" data-jarallax-video=\"https:\/\/www.youtube.com\/watch?v=qHenFX9im3Y\"  style=\"text-align:center;padding:265px 0 265px 0;\" >\n<div class=\"standard_wrapper\">\n<div class=\"page_content_wrapper\">\n<div class=\"inner\">\n<div style=\"margin:auto;width:100%\">\n<div class=\"ppb_header_content\">\n<h1 style=\"color:#fff;font-size:60px;\">SVADBA NA Z\u00c1MKU<\/h1>\n<h2 class=\"widgettitle\" style=\"color:#fff;border-color:#0000;font-size:28px;text-align: center\">Sta\u0148te sa princami hradu \u00d6ttev\u00e9ny vo svoj ve\u013ek\u00fd de\u0148<\/h2>\n<\/div>\n<\/div>\n<\/div>\n<\/div>\n<\/div>\n<\/div>\n<div  class=\"ppb_image_half_boxed_fixed_width one\" style=\"margin-top:40px;margin-bottom:40px;\" >\n<div class=\"standard_wrapper\">\n<div class=\"page_content_wrapper\">\n<div class=\"inner\">\n<div class=\"one_half content_middle fixed\" style=\"padding:30px; text-align:center;min-height:1000px;background-color:#ffffff;\">\n<div class=\"content_middle_wrapper\">\n<div class=\"content_middle_content\">\n<h2 class=\"ppb_title\" style=\"\">Sta\u0148te sa princovsk\u00fdm p\u00e1rom na hrade \u00d6ttev\u00e9ny a spl\u0148te si s nami svoje sny!<\/h2>\n<div class=\"ppb_header_content\">\n<p style=\"text-align: justify;\">V svadobnej sez\u00f3ne 2024 m\u00f4\u017eete vyu\u017ei\u0165 na\u0161e s\u00fakromn\u00e9 priestory spolu s na\u0161ou profesion\u00e1lnou svadobnou organiz\u00e1torkou. Na\u0161a organiz\u00e1torka podujat\u00ed na hrade Marianna Iv\u00e1nkovicsov\u00e1 s viac ako 10-ro\u010dn\u00fdmi sk\u00fasenos\u0165ami sa postar\u00e1 o to, aby bolo v\u0161etko dokonal\u00e9 od najmen\u0161ieho detailu a\u017e po koniec ve\u010dera, tak\u017ee sa budete musie\u0165 s\u00fastredi\u0165 len na to, aby ste pre\u017eili nezabudnute\u013en\u00e9 chv\u00edle. O catering sa star\u00e1 majster kuch\u00e1r Peter \u0160uga so svoj\u00edm t\u00edmom tak, aby sp\u013a\u0148al \u0161tandard hradu, tak\u017ee ka\u017ed\u00e9 pod\u00e1van\u00e9 jedlo je tej najlep\u0161ej kvality, pripraven\u00e9 z \u010derstv\u00fdch surov\u00edn so \u0161peci\u00e1lnou starostlivos\u0165ou. Po predbe\u017enej konzult\u00e1cii si m\u00f4\u017eete vybra\u0165 z troch sekvenci\u00ed menu (tradi\u010dn\u00e9, gurm\u00e1nske, noblesn\u00e9), ktor\u00e9 najlep\u0161ie vyhovuj\u00fa va\u0161ej chuti. N\u00e1\u0161 2,6-hekt\u00e1rov\u00fd starobyl\u00fd park m\u00f4\u017ee by\u0165 vynikaj\u00facim miestom pre obrad a, samozrejme, aj pre ve\u010dierok trvaj\u00faci a\u017e do svitania, ktor\u00fd po \u0148om nasleduje. \u010ci u\u017e by ste si chceli s\u013e\u00fabi\u0165 ve\u010dn\u00fa vernos\u0165 v z\u00e1hrade plnej jarn\u00fdch kvetov, po\u010das balzamovej letnej noci, medzi padaj\u00facim jesenn\u00fdm l\u00edst\u00edm alebo v zimnej krajine z\u00e1zrakov, z\u00e1mok \u00d6ttev\u00e9ny poskytuje jedine\u010dn\u00fd poh\u013ead po cel\u00fd rok. Na\u0161a elegantn\u00e1 tane\u010dn\u00e1 s\u00e1la pojme 160 host\u00ed a va\u0161i najd\u00f4le\u017eitej\u0161\u00ed pr\u00edbuzn\u00ed si m\u00f4\u017eu vybra\u0165 zo 14 \u0161peci\u00e1lne zariaden\u00fdch hotelov\u00fdch izieb, z ktor\u00fdch tri s\u00fa apartm\u00e1ny s k\u00fape\u013e\u0148ami Versace. Pre novoman\u017eelov je int\u00edmna atmosf\u00e9ra n\u00e1\u0161ho exkluz\u00edvnej\u0161ieho apartm\u00e1nu \"Honeymoon\" ide\u00e1lnou vo\u013ebou na prv\u00fa noc v man\u017eelskom zv\u00e4zku.<\/p>\n<p style=\"text-align: justify;\">Nav\u0161t\u00edvte n\u00e1s a nechajte sa o\u010dari\u0165 na\u0161\u00edm malebn\u00fdm z\u00e1mkom. Cel\u00fd objekt si m\u00f4\u017eete prenaja\u0165 od 1. m\u00e1ja 2024 za ve\u013emi v\u00fdhodn\u00fa cenu 4000 \u20ac na jednu pr\u00edle\u017eitos\u0165. Ak t\u00fa\u017eite po skuto\u010dnom komplexnom z\u00e1\u017eitku zo z\u00e1mku, je mo\u017en\u00e9 si ho prenaja\u0165 na cel\u00fd v\u00edkend (piatok-nede\u013ea) za 8000 \u20ac.<\/p>\n<h5 style=\"text-align: center;\">Hrad v s\u00fa\u010dasnosti prech\u00e1dza kompletnou rekon\u0161trukciou, tak\u017ee ho moment\u00e1lne nie je mo\u017en\u00e9 nav\u0161t\u00edvi\u0165, otvorenie v plnej kr\u00e1se sa uskuto\u010dn\u00ed 30. apr\u00edla 2024.<\/h5>\n<\/div>\n<\/div>\n<\/div>\n<\/div>\n<div class=\"one_half content_middle last\" style=\"background-image:url(https:\/\/ottevenyikastely.hu\/wp-content\/uploads\/2023\/06\/Kepernyofoto-2023-06-11-6.28.14-2.jpeg);min-height:1000px;\"><\/div>\n<p><br class=\"clear\"\/><\/div>\n<\/div>\n<\/div>\n<\/div>\n<div  class=\"one withsmallpadding ppb_header parallax withbg\" style=\"background-image:url(https:\/\/ottevenyikastely.hu\/wp-content\/uploads\/2023\/07\/wedding-table.jpg);background-position: center top;text-align:center;padding:285px 0 285px 0;color:#ffffff;\" >\n<div class=\"overlay_background\" style=\"background:#000000;background:rgb(0,0,0,0.2);background:rgba(0,0,0,0.2);\"><\/div>\n<div class=\"standard_wrapper\">\n<div class=\"page_content_wrapper\">\n<div class=\"inner\">\n<div style=\"margin:auto;width:100%\">\n<div class=\"ppb_header_content\">\n<h1 style=\"color:#fff;font-size:60px;\">KNIE\u017dACIA SLU\u017dBA<\/h1>\n<h2 class=\"widgettitle\" style=\"color:#fff;border-color:#0000;font-size:28px;text-align: center\">Okr\u00fahly st\u00f4l pre 160 os\u00f4b<\/h2>\n<\/div>\n<\/div>\n<\/div>\n<\/div>\n<\/div>\n<\/div>\n<div  class=\"ppb_image_half_boxed_fixed_width one\" style=\"margin-top:40px;margin-bottom:40px;\" >\n<div class=\"standard_wrapper\">\n<div class=\"page_content_wrapper\">\n<div class=\"inner\">\n<div class=\"one_half content_middle\" style=\"background-image:url(https:\/\/ottevenyikastely.hu\/wp-content\/uploads\/2017\/05\/bride.jpg);min-height:630px;\"><\/div>\n<div class=\"one_half last content_middle fixed\" style=\"padding:40px;text-align:center;min-height:630px; background-color:#ffffff;\">\n<div class=\"content_middle_wrapper\">\n<div class=\"content_middle_content\">\n<h2 class=\"ppb_title\" style=\"\">Royal service - nechajte stres z organiz\u00e1cie na n\u00e1s <\/h2>\n<div class=\"ppb_header_content\">\n<p style=\"text-align: justify;\">N\u00e1\u0161 svadobn\u00fd servis v\u00e1m zaru\u010d\u00ed, \u017ee si svoj ve\u013ek\u00fd de\u0148 u\u017eijete bez stresu<\/p>\n<p style=\"text-align: justify;\">Pren\u00e1jom cel\u00e9ho hradu so svadobn\u00fdm pl\u00e1nova\u010dom stoj\u00ed <strong>4000 EUR<\/strong> \/ noc alebo <strong>8000 EUR \/ v\u00edkend (piatok-sobota-nede\u013ea)<\/strong>.<\/p>\n<p style=\"text-align: justify;\">Na\u0161a slu\u017eba pl\u00e1novania svadby je <strong>zadarmo<\/strong> zadarmo, ale samozrejme, za vybran\u00fdch \u00fa\u010dinkuj\u00facich a \u010fal\u0161ie slu\u017eby, ako je objedn\u00e1vka kvetov, fotograf, letiskov\u00fd transfer a catering, sa mus\u00ed zaplati\u0165.<\/p>\n<\/div>\n<\/div>\n<\/div>\n<\/div>\n<p><br class=\"clear\"\/><\/div>\n<\/div>\n<\/div>\n<\/div>\n<div  class=\"one ppb_fullwidth_button\" style=\"padding:40px 0 40px 0;background-color:#ffffff;\" >\n<div class=\"standard_wrapper\">\n<h2 class=\"title\" style=\"color:;\">Rezerv\u00e1cia a overovanie<\/h2>\n<p><a href=\"\" class=\"button\" >Rezerv\u00e1cia<\/a><\/div>\n<\/div>\n<div  class=\"ppb_image_half_boxed_fixed_width one\" style=\"margin-top:40px;margin-bottom:40px;\" >\n<div class=\"standard_wrapper\">\n<div class=\"page_content_wrapper\">\n<div class=\"inner\">\n<div class=\"one_half content_middle fixed\" style=\"padding:40px; text-align:center;min-height:1000px;background-color:#ffffff;\">\n<div class=\"content_middle_wrapper\">\n<div class=\"content_middle_content\">\n<h2 class=\"ppb_title\" style=\"\">NA\u0160E BEZPLATN\u00c9 SLU\u017dBY <\/h2>\n<div class=\"ppb_header_content\">\n<p style=\"text-align: justify;\"><strong>Pl\u00e1novanie a koordin\u00e1cia<\/strong>: N\u00e1\u0161 person\u00e1l pom\u00e1ha pri pl\u00e1novan\u00ed najmen\u0161\u00edch detailov a je pr\u00edtomn\u00fd po\u010das celej svadby, aby zabezpe\u010dil, \u017ee v\u0161etko p\u00f4jde pod\u013ea pl\u00e1nu. Pom\u00e1hame zostavi\u0165 sled udalost\u00ed do najmen\u0161\u00edch detailov, aby sme eliminovali aj t\u00fa najmen\u0161iu mo\u017enos\u0165 chyby.<br \/>\n<strong>Dekor\u00e1cie a ozdoby:<\/strong> Aj ke\u010f je n\u00e1\u0161 hrad p\u00f4sobiv\u00fd s\u00e1m o sebe, vhodn\u00e1 v\u00fdzdoba m\u00f4\u017ee jeho \u010daro e\u0161te umocni\u0165. Na\u0161i zamestnanci pom\u00e1haj\u00fa pri optim\u00e1lnej a n\u00e1kladovo efekt\u00edvnej v\u00fdzdobe miesta v s\u00falade so \u0161t\u00fdlom p\u00e1ru a t\u00e9mou svadby. Pom\u00e1hame nielen vybra\u0165 a objedna\u0165 vhodn\u00e9ho dod\u00e1vate\u013ea slu\u017eieb, ale star\u00e1me sa aj o proces v\u00fdzdoby.<br \/>\n<strong>Stravovanie:<\/strong> Z\u00e1mok je vybaven\u00fd plne zariadenou kuchy\u0148ou a koktail barom a na\u0161i profesion\u00e1li zaru\u010duj\u00fa pr\u00edpravu \u010derstv\u00fdch, zdrav\u00fdch a chutn\u00fdch jed\u00e1l. Na\u0161\u00edm poslan\u00edm je zabezpe\u010di\u0165, aby pod\u00e1van\u00e9 menu dokonale zodpovedalo chuti mlad\u00e9ho p\u00e1ru a atmosf\u00e9re svadby.<br \/>\n<strong>Fotografick\u00e9 a video slu\u017eby:<\/strong> Hrad F\u00f6ldv\u00e1ry poskytuje \u00fa\u017easn\u00e9 pozadie pre fotografie a vide\u00e1. Na\u0161i zamestnanci v\u00e1m pom\u00f4\u017eu n\u00e1js\u0165 spr\u00e1vneho fotografa a\/alebo kameramana, aby ste maxim\u00e1lne vyu\u017eili potenci\u00e1l, ktor\u00fd hrad pon\u00faka.<br \/>\n<strong>Hudba a in\u00e9:<\/strong> Samozrejme, \u017eiadna svadba sa nezaob\u00edde bez hudby, preto v\u00e1m radi pom\u00f4\u017eeme n\u00e1js\u0165 \u017eiv\u00fa kapelu alebo DJ-a. Nech\u00fdba ani mo\u017enos\u0165 oh\u0148ostroja alebo jazdy na ko\u010di. N\u00e1\u0161 tane\u010dn\u00fd parket, vybaven\u00fd adekv\u00e1tnou zvukovou technikou, je vhodn\u00fd pre ka\u017ed\u00e9ho \u00fa\u010dinkuj\u00faceho. Koordin\u00e1cia ubytovania: Po\u010das podujatia poskytuje n\u00e1\u0161 hrad pre va\u0161ich host\u00ed bezplatn\u00e9 ubytovanie, pri\u010dom na hrade je k dispoz\u00edcii celkovo 14 izieb, a okrem toho je k dispoz\u00edcii \u010fal\u0161\u00edch 53 izieb za poplatok v hoteli Garzonplaza **** v Gy\u0151ri, do ktor\u00e9ho zabezpe\u010dujeme bezplatn\u00fa dopravu host\u00ed po\u010das celej noci na\u0161\u00edm exkluz\u00edvnym mikrobusom. N\u00e1\u0161 person\u00e1l pom\u00e1ha pri pl\u00e1novan\u00ed ubytovania pr\u00edbuzn\u00fdch aj v in\u00fdch hoteloch.<br \/>\n<strong>Prevod:<\/strong> S\u00fa\u010das\u0165ou na\u0161ich slu\u017eieb je aj organiz\u00e1cia cenovo v\u00fdhodn\u00e9ho transferu, aby sa ka\u017ed\u00fd dostal na miesto konania \u013eahko a pohodlne.<\/p>\n<p style=\"text-align: justify;\">(Pom\u00e1hame pri v\u00fdbere a objedn\u00e1van\u00ed, n\u00e1klady na slu\u017eby vo v\u0161etk\u00fdch pr\u00edpadoch hrad\u00ed objedn\u00e1vate\u013e)<\/p>\n<\/div>\n<\/div>\n<\/div>\n<\/div>\n<div class=\"one_half content_middle last\" style=\"background-image:url(https:\/\/ottevenyikastely.hu\/wp-content\/uploads\/2023\/06\/Kepernyofoto-2023-06-11-6.24.56-2.jpeg);min-height:1000px;\"><\/div>\n<p><br class=\"clear\"\/><\/div>\n<\/div>\n<\/div>\n<\/div>\n<div  class=\"ppb_image_half_boxed_fixed_width one\" style=\"margin-top:40px;margin-bottom:40px;\" >\n<div class=\"standard_wrapper\">\n<div class=\"page_content_wrapper\">\n<div class=\"inner\">\n<div class=\"one_half content_middle\" style=\"background-image:url(https:\/\/ottevenyikastely.hu\/wp-content\/uploads\/2023\/06\/355159639_790598029218866_5332026251753184102_n.jpg);min-height:705px;\"><\/div>\n<div class=\"one_half last content_middle fixed\" style=\"padding:50px;text-align:center;min-height:705px; background-color:#ffffff;\">\n<div class=\"content_middle_wrapper\">\n<div class=\"content_middle_content\">\n<h2 class=\"ppb_title\" style=\"\">Marianna Ivankovits<\/h2>\n<div class=\"page_tagline\" style=\"\">Spr\u00e1vca hradu <\/div>\n<div class=\"ppb_header_content\">\n<p style=\"text-align: justify;\">M\u00e1 viac ako <strong>15 rokov sk\u00fasenost\u00ed<\/strong> v oblasti svadobn\u00e9ho pl\u00e1novania, hotelov\u00e9ho mana\u017ementu a pohostinstva. <strong>bakal\u00e1rsky titul v Taliansku<\/strong>, str\u00e1vila viac ako desa\u0165 rokov v zahrani\u010d\u00ed v Anglicku, kde z\u00edskala bohat\u00e9 odborn\u00e9 sk\u00fasenosti. Posledn\u00fdch osem rokov p\u00f4sobila ako <strong>mana\u017e\u00e9r hotela Garzon Plaza<\/strong>, \u0161tvorhviezdi\u010dkov\u00e9ho \u010dlena na\u0161ej firemnej skupiny, kde organizovala a viedla mno\u017estvo podujat\u00ed a konferenci\u00ed vr\u00e1tane dom\u00e1cich a medzin\u00e1rodn\u00fdch \u0161portov\u00fdch podujat\u00ed a svadieb. V minulosti viedla z\u00e1mok F\u00f6ldv\u00e1ry po\u010das dvoch svadobn\u00fdch sez\u00f3n a po rekon\u0161trukcii bude s ve\u013ek\u00fdm entuziazmom pokra\u010dova\u0165 v pr\u00e1ci organiz\u00e1torky podujat\u00ed.<\/p>\n<p style=\"text-align: justify;\">Kontaktujte priamo Mariannu na adrese <a href=\"tel:+36 70 379 2950\"><strong>+36 70 379 2950<\/strong><\/a> alebo na <strong><a href=\"mailto:info@foldvarykastely.hu\">info@foldvarykastely.hu<\/a><\/strong><\/p>\n<\/div>\n<\/div>\n<\/div>\n<\/div>\n<p><br class=\"clear\"\/><\/div>\n<\/div>\n<\/div>\n<\/div>","protected":false},"excerpt":{"rendered":"<p>SVADBA NA Z\u00c1MKU Sta\u0148te sa princami z\u00e1mku \u00d6ttev\u00e9ny vo svoj ve\u013ek\u00fd de\u0148 Sta\u0148te sa princovsk\u00fdm p\u00e1rom z\u00e1mku \u00d6ttev\u00e9ny a spl\u0148te si s nami svoje sny! V svadobnej sez\u00f3ne 2024 m\u00f4\u017eete vyu\u017ei\u0165 na\u0161e s\u00fakromn\u00e9 priestory spolu s na\u0161ou profesion\u00e1lnou svadobnou organiz\u00e1torkou. Na\u0161a organiz\u00e1torka podujat\u00ed na z\u00e1mku, Marianna [...]<\/p>","protected":false},"author":3,"featured_media":0,"parent":0,"menu_order":0,"comment_status":"closed","ping_status":"closed","template":"","meta":{"footnotes":""},"class_list":["post-4077","page","type-page","status-publish","hentry","entry"],"_links":{"self":[{"href":"https:\/\/ottevenyikastely.hu\/sk\/wp-json\/wp\/v2\/pages\/4077","targetHints":{"allow":["GET"]}}],"collection":[{"href":"https:\/\/ottevenyikastely.hu\/sk\/wp-json\/wp\/v2\/pages"}],"about":[{"href":"https:\/\/ottevenyikastely.hu\/sk\/wp-json\/wp\/v2\/types\/page"}],"author":[{"embeddable":true,"href":"https:\/\/ottevenyikastely.hu\/sk\/wp-json\/wp\/v2\/users\/3"}],"replies":[{"embeddable":true,"href":"https:\/\/ottevenyikastely.hu\/sk\/wp-json\/wp\/v2\/comments?post=4077"}],"version-history":[{"count":0,"href":"https:\/\/ottevenyikastely.hu\/sk\/wp-json\/wp\/v2\/pages\/4077\/revisions"}],"wp:attachment":[{"href":"https:\/\/ottevenyikastely.hu\/sk\/wp-json\/wp\/v2\/media?parent=4077"}],"curies":[{"name":"wp","href":"https:\/\/api.w.org\/{rel}","templated":true}]}}