{"id":4084,"date":"2023-06-12T15:19:14","date_gmt":"2023-06-12T13:19:14","guid":{"rendered":"https:\/\/ottevenyikastely.hu\/?page_id=4084"},"modified":"2023-08-08T14:29:22","modified_gmt":"2023-08-08T12:29:22","slug":"historia-hradu","status":"publish","type":"page","link":"https:\/\/ottevenyikastely.hu\/sk\/historia-hradu\/","title":{"rendered":"Hist\u00f3ria hradu"},"content":{"rendered":"<div  class=\"ppb_image_half_boxed_fixed_width one\" >\n<div class=\"standard_wrapper\">\n<div class=\"page_content_wrapper\">\n<div class=\"inner\">\n<div class=\"one_half content_middle fixed\" style=\"padding:0px; text-align:left;min-height:420px;\">\n<div class=\"content_middle_wrapper\">\n<div class=\"content_middle_content\">\n<div class=\"ppb_header_content\">\n<p style=\"text-align: justify;\">Hrad F\u00f6ldv\u00e1ry sa nach\u00e1dza v z\u00e1padnom regi\u00f3ne, 15 km od Gy\u0151ru, v obci \u00d6ttev\u00e9ny. Obec, ktor\u00e1 v priebehu \u010dasu pre\u0161la mnoh\u00fdmi historick\u00fdmi zmenami, si st\u00e1le zachov\u00e1va svoj historick\u00fd v\u00fdznam a bohat\u00e9 dedi\u010dstvo. V p\u00edsomn\u00fdch prame\u0148och sa prv\u00fdkr\u00e1t spom\u00edna v 13. storo\u010d\u00ed pod n\u00e1zvom \u00d6ttev\u00e9ny, ale jej hist\u00f3ria siaha ove\u013ea \u010falej, pri\u010dom archeologick\u00e9 n\u00e1lezy nazna\u010duj\u00fa, \u017ee t\u00e1to oblas\u0165 bola os\u00eddlen\u00e1 u\u017e v dobe bronzovej. V stredoveku obec patrila k \u00fazemiu hradu Kom\u00e1rom, potom sa vy\u013eudnila po\u010das tureckej \u00e9ry.<\/p>\n<\/div>\n<\/div>\n<\/div>\n<\/div>\n<p><br class=\"clear\"\/><\/div>\n<\/div>\n<\/div>\n<\/div>\n<div  class=\"ppb_image_half_boxed_fixed_width one\" >\n<div class=\"standard_wrapper\">\n<div class=\"page_content_wrapper\">\n<div class=\"inner\">\n<div class=\"one_half content_middle fixed\" style=\"padding:0px; text-align:left;min-height:420px;\">\n<div class=\"content_middle_wrapper\">\n<div class=\"content_middle_content\">\n<div class=\"ppb_header_content\">\n<p style=\"text-align: justify;\">Z\u00e1mok dal postavi\u0165 bar\u00f3n Mikl\u00f3s F\u00f6ldv\u00e1ry de Bern\u00e1tfalva (1840-1914), jeden z najv\u00e4\u010d\u0161\u00edch ve\u013ekostatk\u00e1rov svojej doby, pre svoju man\u017eelku v roku 1870. Odvtedy sa stal symbolom obce. Budova bola p\u00f4vodne \"ka\u0161tie\u013eom\", ale nesk\u00f4r bola roz\u0161\u00edren\u00e1 na z\u00e1mok. Po smrti Mikl\u00f3sa F\u00f6ldv\u00e1ry ho zdedila jeho dc\u00e9ra Val\u00e9ria (1872-1964), ktor\u00e1 sa v roku 1895 vydala za gr\u00f3fa K\u00e1rolya Cs\u00e1kyho (1873-1945). Gr\u00f3f Cs\u00e1ky bol v tom \u010dase ministrom obrany.<\/p>\n<\/div>\n<\/div>\n<\/div>\n<\/div>\n<p><br class=\"clear\"\/><\/div>\n<\/div>\n<\/div>\n<\/div>\n<div  class=\"one withsmallpadding ppb_header\" style=\"text-align:left;padding:30px 0 30px 0;\" >\n<div class=\"overlay_background\" style=\"background:#000000;background:rgb(0,0,0,1);background:rgba(0,0,0,1);\"><\/div>\n<div class=\"standard_wrapper\">\n<div class=\"page_content_wrapper\">\n<div class=\"inner\">\n<div style=\"margin:auto;width:100%\"><\/div>\n<\/div>\n<\/div>\n<\/div>\n<\/div>\n<div  class=\"ppb_image_half_boxed_fixed_width one\" >\n<div class=\"standard_wrapper\">\n<div class=\"page_content_wrapper\">\n<div class=\"inner\">\n<div class=\"one_half content_middle fixed\" style=\"padding:0px; text-align:left;min-height:420px;\">\n<div class=\"content_middle_wrapper\">\n<div class=\"content_middle_content\">\n<div class=\"ppb_header_content\">\n<p style=\"text-align: justify;\">V\u010faka svojej polohe pri hlavnej ceste Viede\u0148-Bratislava-Budape\u0161\u0165 bol hrad pravideln\u00fdm miestom stretnut\u00ed vtedaj\u0161ej politickej elity. Pod\u013ea legiend sa tu skuto\u010dne prij\u00edmali mnoh\u00e9 rozhodnutia celo\u0161t\u00e1tneho v\u00fdznamu.<\/p>\n<\/div>\n<\/div>\n<\/div>\n<\/div>\n<p><br class=\"clear\"\/><\/div>\n<\/div>\n<\/div>\n<\/div>\n<div  class=\"ppb_image_half_boxed_fixed_width one\" >\n<div class=\"standard_wrapper\">\n<div class=\"page_content_wrapper\">\n<div class=\"inner\">\n<div class=\"one_half content_middle fixed\" style=\"padding:0px; text-align:left;min-height:420px;\">\n<div class=\"content_middle_wrapper\">\n<div class=\"content_middle_content\">\n<div class=\"ppb_header_content\">\n<p style=\"text-align: justify;\">Syn Val\u00e9rie a K\u00e1rolyho, gr\u00f3f Andor Cs\u00e1ky, \u0161\u013eachtic a nad\u0161enec umenia, zdedil majetok \u00d6ttev\u00e9ny po svojej matke. V prv\u00fdch rokoch \u017eivota ho najprv pri\u0165ahovala po\u00e9zia, p\u00edsal ver\u0161e, potom hospod\u00e1rske \u010dl\u00e1nky, ale nakoniec ho najviac zaujala fotografia. N\u00e1sledne odi\u0161iel na nieko\u013ekoro\u010dn\u00fa \u0161tudijn\u00fa cestu do Nemecka a Franc\u00fazska, kde sa obozn\u00e1mil s filmov\u00fdm priemyslom. Kore\u0161pondoval si aj s Americkou filmovou asoci\u00e1ciou, s ktorou konzultoval svoj pripravovan\u00fd film. V roku 1931 na panstve \u00d6ttev\u00e9ny nakr\u00fatil kr\u00e1tkometr\u00e1\u017enu nem\u00fa filmov\u00fa dr\u00e1mu v dvoch dejstv\u00e1ch. Obsadenie tvorili \u0161tudenti herectva, amat\u00e9rski herci a jeho zamestnanci.<\/p>\n<\/div>\n<\/div>\n<\/div>\n<\/div>\n<p><br class=\"clear\"\/><\/div>\n<\/div>\n<\/div>\n<\/div>","protected":false},"excerpt":{"rendered":"<p>The F\u00f6ldv\u00e1ry Castle is located in the Western region, 15 km away from Gy\u0151r, in the village of \u00d6ttev\u00e9ny. The village, which has undergone numerous historical changes over time, still preserves its historical significance and rich heritage. It was first mentioned in written sources in the 13th century, under the name \u00d6ttev\u00e9ny, but its history [&hellip;]<\/p>","protected":false},"author":3,"featured_media":3740,"parent":0,"menu_order":0,"comment_status":"closed","ping_status":"closed","template":"","meta":{"footnotes":""},"class_list":["post-4084","page","type-page","status-publish","has-post-thumbnail","hentry","entry","has-media"],"_links":{"self":[{"href":"https:\/\/ottevenyikastely.hu\/sk\/wp-json\/wp\/v2\/pages\/4084","targetHints":{"allow":["GET"]}}],"collection":[{"href":"https:\/\/ottevenyikastely.hu\/sk\/wp-json\/wp\/v2\/pages"}],"about":[{"href":"https:\/\/ottevenyikastely.hu\/sk\/wp-json\/wp\/v2\/types\/page"}],"author":[{"embeddable":true,"href":"https:\/\/ottevenyikastely.hu\/sk\/wp-json\/wp\/v2\/users\/3"}],"replies":[{"embeddable":true,"href":"https:\/\/ottevenyikastely.hu\/sk\/wp-json\/wp\/v2\/comments?post=4084"}],"version-history":[{"count":0,"href":"https:\/\/ottevenyikastely.hu\/sk\/wp-json\/wp\/v2\/pages\/4084\/revisions"}],"wp:featuredmedia":[{"embeddable":true,"href":"https:\/\/ottevenyikastely.hu\/sk\/wp-json\/wp\/v2\/media\/3740"}],"wp:attachment":[{"href":"https:\/\/ottevenyikastely.hu\/sk\/wp-json\/wp\/v2\/media?parent=4084"}],"curies":[{"name":"wp","href":"https:\/\/api.w.org\/{rel}","templated":true}]}}