{"id":4104,"date":"2023-06-12T15:33:46","date_gmt":"2023-06-12T13:33:46","guid":{"rendered":"https:\/\/ottevenyikastely.hu\/?page_id=4104"},"modified":"2023-08-08T15:07:18","modified_gmt":"2023-08-08T13:07:18","slug":"konferencia-3","status":"publish","type":"page","link":"https:\/\/ottevenyikastely.hu\/sk\/konferencia-3\/","title":{"rendered":"Konferencia"},"content":{"rendered":"<div  class=\"one withsmallpadding ppb_header_youtube withbg parallax\"  style=\"text-align:left;padding:30px 0 30px 0;\" >\n<div class=\"overlay_background\" style=\"background:#000000;background:rgb(0,0,0,1);background:rgba(0,0,0,1);\"><\/div>\n<div class=\"standard_wrapper\">\n<div class=\"page_content_wrapper\">\n<div class=\"inner\">\n<div style=\"margin:auto;width:100%\"><\/div>\n<\/div>\n<\/div>\n<\/div>\n<\/div>\n<div  class=\"ppb_image_half_boxed_fixed_width one\" >\n<div class=\"standard_wrapper\">\n<div class=\"page_content_wrapper\">\n<div class=\"inner\">\n<div class=\"one_half content_middle fixed\" style=\"padding:0px; text-align:left;min-height:420px;\">\n<div class=\"content_middle_wrapper\">\n<div class=\"content_middle_content\">\n<h2 class=\"ppb_title\" style=\"\">JEDINE\u010cN\u00c9 MIESTO: HRAD<\/h2>\n<div class=\"ppb_header_content\">\n<p style=\"text-align: justify;\">Dovo\u013ete n\u00e1m, aby sme v\u00e1s o\u010darili farebn\u00fdm v\u00edrom n\u00e1\u0161ho hradu, kde m\u00f4\u017eete po\u010d\u00fava\u0165 harmonick\u00fa symf\u00f3niu hist\u00f3rie a modern\u00e9ho sveta! Dokonale sa hod\u00ed ako m\u00f3lo na m\u00f3dne prehliadky, v\u00fdnimo\u010dn\u00e9 miesto na filmov\u00e9 nat\u00e1\u010danie, ve\u013ekolep\u00e9 p\u00f3dium na obchodn\u00e9 prezent\u00e1cie alebo ak\u00e9ko\u013evek in\u00e9 obchodn\u00e9 podujatia. Na\u0161e vn\u00fatorn\u00e9 priestory s\u00fa p\u00f4sobiv\u00e9 a exkluz\u00edvne, s\u00fakromn\u00e9 prostredie z\u00e1mku zaru\u010duje, \u017ee sa va\u0161a udalos\u0165 stane jedine\u010dn\u00fdm, vysokokvalitn\u00fdm z\u00e1\u017eitkom. Z\u00e1mok je k dispoz\u00edcii po\u010das d\u0148a v pracovn\u00fdch d\u0148och za pau\u0161\u00e1lnu cenu len 2000 EUR \/ de\u0148, aby pre v\u00e1s vytvoril \u010darovn\u00e9 spomienky.<\/p>\n<\/div>\n<\/div>\n<\/div>\n<\/div>\n<p><br class=\"clear\"\/><\/div>\n<\/div>\n<\/div>\n<\/div>\n<div  class=\"ppb_image_half_boxed_fixed_width one\" >\n<div class=\"standard_wrapper\">\n<div class=\"page_content_wrapper\">\n<div class=\"inner\">\n<div class=\"one_half content_middle fixed\" style=\"padding:0px; text-align:left;min-height:420px;\">\n<div class=\"content_middle_wrapper\">\n<div class=\"content_middle_content\">\n<h2 class=\"ppb_title\" style=\"\">NA\u0160A KONFEREN\u010cN\u00c1 S\u00c1LA JAZDIARNE SA OTVOR\u00cd V DRUHEJ POLOVICI ROKA 2024 <\/h2>\n<div class=\"ppb_header_content\">\n<p style=\"text-align: justify;\">Je integrovan\u00e1 s budovou kaplnky a pojme a\u017e 300 os\u00f4b. Miestnos\u0165 bude vybaven\u00e1 najmodernej\u0161ou osvet\u013eovacou a zvukovou technikou, \u010do zabezpe\u010d\u00ed dokonal\u00e9 prevedenie v\u0161etk\u00fdch podujat\u00ed. Dymov\u00fd stroj a LED stena s rozmermi 10 \u00d7 3 metre umiestnen\u00e1 za p\u00f3diom prispej\u00fa k uspokojeniu v\u0161etk\u00fdch po\u017eiadaviek na konferencie, prezent\u00e1cie, prezent\u00e1cie v\u00fdrobkov alebo podujatia v\u00e4\u010d\u0161ieho rozsahu. S pren\u00e1jmom konferen\u010dnej miestnosti je mo\u017en\u00e9 v hrade organizova\u0165 aj recepcie a coffee breaky. Konferen\u010dn\u00e1 miestnos\u0165 je k dispoz\u00edcii na pren\u00e1jom za denn\u00fa sadzbu 2000 EUR.<\/p>\n<h3 class=\"LC20lb MBeuO DKV0Md\" style=\"text-align: center;\">Predplatn\u00e9 nov\u00edn<\/h3>\n<p style=\"text-align: center;\">\n<div class=\"wpcf7 no-js\" id=\"wpcf7-f4816-o2\" lang=\"hu-HU\" dir=\"ltr\">\n<div class=\"screen-reader-response\">\n<p role=\"status\" aria-live=\"polite\" aria-atomic=\"true\">\n<ul><\/ul>\n<\/div>\n<form action=\"\/wp-admin\/post.php#wpcf7-f4816-o2\" method=\"post\" class=\"wpcf7-form init\" aria-label=\"Kontaktn\u00fd formul\u00e1r\" novalidate=\"novalidate\" data-status=\"init\" data-trp-original-action=\"\/wp-admin\/post.php#wpcf7-f4816-o2\">\n<div style=\"display: none;\">\n<input type=\"hidden\" name=\"_wpcf7\" value=\"4816\" \/><br \/>\n<input type=\"hidden\" name=\"_wpcf7_version\" value=\"5.8\" \/><br \/>\n<input type=\"hidden\" name=\"_wpcf7_locale\" value=\"hu_HU\" \/><br \/>\n<input type=\"hidden\" name=\"_wpcf7_unit_tag\" value=\"wpcf7-f4816-o2\" \/><br \/>\n<input type=\"hidden\" name=\"_wpcf7_container_post\" value=\"0\" \/><br \/>\n<input type=\"hidden\" name=\"_wpcf7_posted_data_hash\" value=\"\" \/>\n<\/div>\n<p><label> Krstn\u00e9 meno<br \/>\n<span class=\"wpcf7-form-control-wrap\" data-name=\"FNAME\"><input size=\"40\" class=\"wpcf7-form-control wpcf7-text wpcf7-validates-as-required\" aria-required=\"true\" aria-invalid=\"false\" value=\"\" type=\"text\" name=\"FNAME\" \/><\/span> <\/label>\n<\/p>\n<p><label> E-mail<br \/>\n<span class=\"wpcf7-form-control-wrap\" data-name=\"your-email\"><input size=\"40\" class=\"wpcf7-form-control wpcf7-email wpcf7-validates-as-required wpcf7-text wpcf7-validates-as-email\" autocomplete=\"email\" aria-required=\"true\" aria-invalid=\"false\" value=\"\" type=\"email\" name=\"your-email\" \/><\/span> <\/label>\n<\/p>\n<p><input type=\"hidden\" name=\"tags\" value=\"9319859\" \/>\n<\/p>\n<p><!-- Mailchimp for WordPress v4.9.6 - https:\/\/www.mc4wp.com\/ --><input type=\"hidden\" name=\"_mc4wp_subscribe_contact-form-7\" value=\"0\" \/><span class=\"mc4wp-checkbox mc4wp-checkbox-contact-form-7\" ><label><input type=\"checkbox\" name=\"_mc4wp_subscribe_contact-form-7\" value=\"1\"  \/><span>S\u00fahlas\u00edm s ozn\u00e1men\u00edm o ochrane osobn\u00fdch \u00fadajov. <\/span><\/label><\/span><!-- \/ Mailchimp for WordPress -->\n<\/p>\n<p><input class=\"wpcf7-form-control wpcf7-submit has-spinner\" type=\"submit\" value=\"Prihl\u00e1si\u0165 sa na\" \/>\n<\/p>\n<div class=\"wpcf7-response-output\" aria-hidden=\"true\"><\/div>\n<input type=\"hidden\" name=\"trp-form-language\" value=\"sk\"\/><\/form>\n<\/div>\n<\/div>\n<\/div>\n<\/div>\n<\/div>\n<p><br class=\"clear\"\/><\/div>\n<\/div>\n<\/div>\n<\/div>\n<div  class=\"ppb_image_half_boxed_fixed_width one\" >\n<div class=\"standard_wrapper\">\n<div class=\"page_content_wrapper\">\n<div class=\"inner\">\n<div class=\"one_half content_middle fixed\" style=\"padding:0px; text-align:left;min-height:420px;\">\n<div class=\"content_middle_wrapper\">\n<div class=\"content_middle_content\">\n<h2 class=\"ppb_title\" style=\"\">\u010eal\u0161ie slu\u017eby<\/h2>\n<div class=\"ppb_header_content\">\n<p style=\"text-align: justify;\">Na hrade je k dispoz\u00edcii aj mno\u017estvo doplnkov\u00fdch slu\u017eieb, tak\u017ee ak m\u00e1te \u010fal\u0161ie potreby, nev\u00e1hajte n\u00e1s kontaktova\u0165. Prest\u00e1vky na k\u00e1vu je mo\u017en\u00e9 obohati\u0165 o mal\u00e9 sladk\u00e9 a slan\u00e9 pe\u010divo, nealkoholick\u00e9 n\u00e1poje a k\u00e1vu, ovocn\u00e9 misy za pr\u00edplatok 10 EUR \/ osoba. Hlavn\u00e9 jedl\u00e1 alebo ra\u0148ajky je mo\u017en\u00e9 zabezpe\u010di\u0165 v sede pri okr\u00fahlych stoloch pre maxim\u00e1lne 200 os\u00f4b a v bufetovom syst\u00e9me pre v\u00e4\u010d\u0161ie skupiny, v\u0161etko v budove hradu. Jedlo formou bufetu stoj\u00ed pribli\u017ene 35 EUR\/osoba, zatia\u013e \u010do 3-chodov\u00e9 jedlo pod\u00e1van\u00e9 v sede na tanieroch stoj\u00ed 45 EUR\/osoba. T\u00edm na z\u00e1mku v \u00d6ttev\u00e9ny sa sna\u017e\u00ed poskytova\u0165 slu\u017eby na najvy\u0161\u0161ej \u00farovni ka\u017ed\u00e9mu hos\u0165ovi a d\u00fafame, \u017ee \u010doskoro budeme m\u00f4c\u0165 prispie\u0165 k v\u00e1\u0161mu \u00faspechu (Upozor\u0148ujeme, \u017ee konferen\u010dn\u00fa miestnos\u0165 je mo\u017en\u00e9 vyu\u017e\u00edva\u0165 len po\u010das denn\u00e9ho svetla).<\/p>\n<\/div>\n<\/div>\n<\/div>\n<\/div>\n<p><br class=\"clear\"\/><\/div>\n<\/div>\n<\/div>\n<\/div>","protected":false},"excerpt":{"rendered":"<p>UNIQUE VENUE: THE CASTLE Allow us to enchant you with the colourful whirl of our castle, where you can listen to the harmonious symphony of history and the modern world! It is perfectly suited as a runway for fashion shows, an extraordinary location for film shoots, a grandiose stage for business presentations or any other [&hellip;]<\/p>","protected":false},"author":3,"featured_media":0,"parent":0,"menu_order":0,"comment_status":"closed","ping_status":"closed","template":"","meta":{"footnotes":""},"class_list":["post-4104","page","type-page","status-publish","hentry","entry"],"_links":{"self":[{"href":"https:\/\/ottevenyikastely.hu\/sk\/wp-json\/wp\/v2\/pages\/4104","targetHints":{"allow":["GET"]}}],"collection":[{"href":"https:\/\/ottevenyikastely.hu\/sk\/wp-json\/wp\/v2\/pages"}],"about":[{"href":"https:\/\/ottevenyikastely.hu\/sk\/wp-json\/wp\/v2\/types\/page"}],"author":[{"embeddable":true,"href":"https:\/\/ottevenyikastely.hu\/sk\/wp-json\/wp\/v2\/users\/3"}],"replies":[{"embeddable":true,"href":"https:\/\/ottevenyikastely.hu\/sk\/wp-json\/wp\/v2\/comments?post=4104"}],"version-history":[{"count":0,"href":"https:\/\/ottevenyikastely.hu\/sk\/wp-json\/wp\/v2\/pages\/4104\/revisions"}],"wp:attachment":[{"href":"https:\/\/ottevenyikastely.hu\/sk\/wp-json\/wp\/v2\/media?parent=4104"}],"curies":[{"name":"wp","href":"https:\/\/api.w.org\/{rel}","templated":true}]}}