{"id":4109,"date":"2023-06-12T15:34:00","date_gmt":"2023-06-12T13:34:00","guid":{"rendered":"https:\/\/ottevenyikastely.hu\/?page_id=4109"},"modified":"2023-08-09T15:47:20","modified_gmt":"2023-08-09T13:47:20","slug":"konferencia-2","status":"publish","type":"page","link":"https:\/\/ottevenyikastely.hu\/sk\/konferencia-2\/","title":{"rendered":"Konferencia"},"content":{"rendered":"<div  class=\"one withsmallpadding ppb_header_youtube withbg parallax\" data-jarallax-video=\"https:\/\/youtu.be\/36ltuadkC4Y\"  style=\"text-align:center;padding:400px 0 400px 0;\" >\n<div class=\"standard_wrapper\">\n<div class=\"page_content_wrapper\">\n<div class=\"inner\">\n<div style=\"margin:auto;width:100%\"><\/div>\n<\/div>\n<\/div>\n<\/div>\n<\/div>\n<div  class=\"ppb_image_half_boxed_fixed_width one\" style=\"margin-top:40px;margin-bottom:40px;\" >\n<div class=\"standard_wrapper\">\n<div class=\"page_content_wrapper\">\n<div class=\"inner\">\n<div class=\"one_half content_middle\" style=\"background-image:url(https:\/\/ottevenyikastely.hu\/wp-content\/uploads\/2023\/06\/IMG_0916.jpg);min-height:575px;\"><\/div>\n<div class=\"one_half last content_middle fixed\" style=\"padding:30px;text-align:center;min-height:575px; background-color:#ffffff;\">\n<div class=\"content_middle_wrapper\">\n<div class=\"content_middle_content\">\n<h2 class=\"ppb_title\" style=\"\">Jedine\u010dn\u00fdm miestom je hrad<\/h2>\n<div class=\"ppb_header_content\">\n<p style=\"text-align: justify;\"><span style=\"color: #374151;\">Nechajte sa o\u010dari\u0165 pestrou rozmanitos\u0165ou n\u00e1\u0161ho hradu, kde po\u010dujete harmonick\u00fa symf\u00f3niu hist\u00f3rie a modern\u00e9ho sveta! Je ide\u00e1lny ako prehliadkov\u00e9 m\u00f3lo pre m\u00f3dne prehliadky, \u0161peci\u00e1lne miesto pre filmov\u00e9 nat\u00e1\u010danie, ve\u013ekolep\u00e9 prostredie pre obchodn\u00e9 prezent\u00e1cie alebo in\u00e9 obchodn\u00e9 podujatia. Na\u0161e interi\u00e9ry s\u00fa impozantn\u00e9 a exkluz\u00edvne, uzavret\u00e9 prostredie hradu zaru\u010duje, \u017ee va\u0161e podujatie bude jedine\u010dn\u00fdm a kvalitn\u00fdm z\u00e1\u017eitkom. Hrad je k dispoz\u00edcii po\u010das d\u0148a v pracovn\u00fdch d\u0148och za jednotn\u00fa cenu len <strong>2000 EUR<\/strong> denne, aby v\u00e1m vytvorili \u010darovn\u00e9 spomienky.<\/span><\/p>\n<\/div>\n<\/div>\n<\/div>\n<\/div>\n<p><br class=\"clear\"\/><\/div>\n<\/div>\n<\/div>\n<\/div>\n<div  class=\"ppb_image_half_boxed_fixed_width one\" style=\"margin-top:40px;margin-bottom:40px;\" >\n<div class=\"standard_wrapper\">\n<div class=\"page_content_wrapper\">\n<div class=\"inner\">\n<div class=\"one_half content_middle fixed\" style=\"padding:40px; text-align:center;min-height:1000px;background-color:#ffffff;\">\n<div class=\"content_middle_wrapper\">\n<div class=\"content_middle_content\">\n<h2 class=\"ppb_title\" style=\"\">Konferen\u010dn\u00e1 miestnos\u0165 jazdiarne bude otvoren\u00e1 v druhej polovici roka 2024<\/h2>\n<div class=\"ppb_header_content\">\n<p style=\"text-align: justify;\"><span style=\"color: #374151;\">Jazdeck\u00e1 s\u00e1la - konferen\u010dn\u00e1 miestnos\u0165 sa buduje v hradnom komplexe a do prev\u00e1dzky bude uveden\u00e1 v druhej polovici roka 2024. Impozantn\u00fd komplex, ktor\u00fd sa buduje spolu s budovou kaplnky, pojme a\u017e 300 os\u00f4b. S\u00e1la bude vybaven\u00e1 najmodernej\u0161ou osvet\u013eovacou a zvukovou technikou, ktor\u00e1 zabezpe\u010d\u00ed bezchybn\u00fd priebeh ka\u017ed\u00e9ho podujatia. Dymov\u00fd stroj a LED stena s rozmermi 10 \u00d7 3 metre za p\u00f3diom pom\u00f4\u017eu zabezpe\u010di\u0165, aby konferencie, prezent\u00e1cie, prezent\u00e1cie produktov alebo v\u00e4\u010d\u0161ie podujatia sp\u013a\u0148ali v\u0161etky po\u017eiadavky. Pri pren\u00e1jme konferen\u010dnej miestnosti je mo\u017en\u00e9 v z\u00e1mku usporiada\u0165 aj recepciu a prest\u00e1vky na k\u00e1vu. Konferen\u010dn\u00e1 miestnos\u0165 je k dispoz\u00edcii na pren\u00e1jom za 2000 EUR na de\u0148.<\/span><\/p>\n<p style=\"text-align: justify;\">\n<div class=\"wpcf7 no-js\" id=\"wpcf7-f4815-o1\" lang=\"hu-HU\" dir=\"ltr\">\n<div class=\"screen-reader-response\">\n<p role=\"status\" aria-live=\"polite\" aria-atomic=\"true\">\n<ul><\/ul>\n<\/div>\n<form action=\"\/wp-admin\/post.php#wpcf7-f4815-o1\" method=\"post\" class=\"wpcf7-form init\" aria-label=\"Kontaktn\u00fd formul\u00e1r\" novalidate=\"novalidate\" data-status=\"init\" data-trp-original-action=\"\/wp-admin\/post.php#wpcf7-f4815-o1\">\n<div style=\"display: none;\">\n<input type=\"hidden\" name=\"_wpcf7\" value=\"4815\" \/><br \/>\n<input type=\"hidden\" name=\"_wpcf7_version\" value=\"5.8\" \/><br \/>\n<input type=\"hidden\" name=\"_wpcf7_locale\" value=\"hu_HU\" \/><br \/>\n<input type=\"hidden\" name=\"_wpcf7_unit_tag\" value=\"wpcf7-f4815-o1\" \/><br \/>\n<input type=\"hidden\" name=\"_wpcf7_container_post\" value=\"0\" \/><br \/>\n<input type=\"hidden\" name=\"_wpcf7_posted_data_hash\" value=\"\" \/>\n<\/div>\n<p><label> Krstn\u00e9 meno<br \/>\n<span class=\"wpcf7-form-control-wrap\" data-name=\"FNAME\"><input size=\"40\" class=\"wpcf7-form-control wpcf7-text wpcf7-validates-as-required\" id=\"FNAME\" aria-required=\"true\" aria-invalid=\"false\" value=\"\" type=\"text\" name=\"FNAME\" \/><\/span> <\/label>\n<\/p>\n<p><label> E-mail<br \/>\n<span class=\"wpcf7-form-control-wrap\" data-name=\"your-email\"><input size=\"40\" class=\"wpcf7-form-control wpcf7-email wpcf7-validates-as-required wpcf7-text wpcf7-validates-as-email\" autocomplete=\"email\" aria-required=\"true\" aria-invalid=\"false\" value=\"\" type=\"email\" name=\"your-email\" \/><\/span> <\/label>\n<\/p>\n<p><input type=\"hidden\" name=\"tags\" value=\"9319859\" \/>\n<\/p>\n<p><!-- Mailchimp for WordPress v4.9.6 - https:\/\/www.mc4wp.com\/ --><input type=\"hidden\" name=\"_mc4wp_subscribe_contact-form-7\" value=\"0\" \/><span class=\"mc4wp-checkbox mc4wp-checkbox-contact-form-7\" ><label><input type=\"checkbox\" name=\"_mc4wp_subscribe_contact-form-7\" value=\"1\"  \/><span>S\u00fahlas\u00edm so z\u00e1sadami ochrany osobn\u00fdch \u00fadajov. S\u00fahlas\u00edm s predpismi o spracovan\u00ed \u00fadajov. S\u00fahlas\u00edm so z\u00e1sadami ochrany osobn\u00fdch \u00fadajov.<\/span><\/label><\/span><!-- \/ Mailchimp for WordPress -->\n<\/p>\n<p><input class=\"wpcf7-form-control wpcf7-submit has-spinner\" type=\"submit\" value=\"Registr\u00e1cia\" \/>\n<\/p>\n<div class=\"wpcf7-response-output\" aria-hidden=\"true\"><\/div>\n<input type=\"hidden\" name=\"trp-form-language\" value=\"sk\"\/><\/form>\n<\/div>\n<\/div>\n<\/div>\n<\/div>\n<\/div>\n<div class=\"one_half content_middle last\" style=\"background-image:url(https:\/\/ottevenyikastely.hu\/wp-content\/uploads\/2023\/06\/ceges_rendezveny_kastelyban-scaled.jpg);min-height:1000px;\"><\/div>\n<p><br class=\"clear\"\/><\/div>\n<\/div>\n<\/div>\n<\/div>\n<div  class=\"one ppb_fullwidth_button\" style=\"padding:35px 0 35px 0;background-color:#ffffff;margin-top:40px;margin-bottom:40px;\" >\n<div class=\"standard_wrapper\">\n<h2 class=\"title\" style=\"color:;\">OVEROVANIE REZERV\u00c1CI\u00cd A STRETNUT\u00cd<\/h2>\n<p><a href=\"https:\/\/ottevenyikastely.hu\/de\/buchung\/\" class=\"button\" style=\"background-color:#e45d5d;border-color:#e45d5d;\">KNIHA <\/a><\/div>\n<\/div>\n<div  class=\"ppb_image_half_boxed_fixed_width one\" style=\"margin-top:40px;margin-bottom:40px;\" >\n<div class=\"standard_wrapper\">\n<div class=\"page_content_wrapper\">\n<div class=\"inner\">\n<div class=\"one_half content_middle\" style=\"background-image:url(https:\/\/ottevenyikastely.hu\/wp-content\/uploads\/2023\/06\/62473513_938984119779383_7640517665054266117_n.jpg);min-height:670px;\"><\/div>\n<div class=\"one_half last content_middle fixed\" style=\"padding:40px;text-align:center;min-height:670px; background-color:#ffffff;\">\n<div class=\"content_middle_wrapper\">\n<div class=\"content_middle_content\">\n<h2 class=\"ppb_title\" style=\"\">DOPLNKOV\u00c9 SLU\u017dBY<\/h2>\n<div class=\"ppb_header_content\">\n<p style=\"text-align: justify;\"><span style=\"color: #374151;\">Na hrade je k dispoz\u00edcii aj mno\u017estvo \u010fal\u0161\u00edch slu\u017eieb, preto n\u00e1s nev\u00e1hajte kontaktova\u0165, ak m\u00e1te ak\u00e9ko\u013evek \u010fal\u0161ie potreby. Na po\u017eiadanie je mo\u017en\u00e9 podpori\u0165 prest\u00e1vky na k\u00e1vu mal\u00fdm sladk\u00fdm a slan\u00fdm pe\u010divom, pripraven\u00fdmi n\u00e1pojmi a k\u00e1vov\u00fdmi a ovocn\u00fdmi miskami za 10 EUR na osobu. Hlavn\u00e9 jedlo alebo ra\u0148ajky m\u00f4\u017eeme zabezpe\u010di\u0165 a\u017e pre 200 os\u00f4b pri okr\u00fahlych stoloch a mimo nich formou bufetu v budove z\u00e1mku. Hlavn\u00e9 jedlo formou bufetu stoj\u00ed pribli\u017ene 35 EUR na osobu a trojchodov\u00e9 jedlo v sede s tanierov\u00fdm servisom m\u00f4\u017eeme pon\u00faknu\u0165 za 45 EUR na osobu. T\u00edm na z\u00e1mku \u00d6ttev\u00e9ny sa sna\u017e\u00ed poskytova\u0165 slu\u017eby na najvy\u0161\u0161ej \u00farovni ka\u017ed\u00e9mu hos\u0165ovi a d\u00fafame, \u017ee \u010doskoro budeme m\u00f4c\u0165 by\u0165 s\u00fa\u010das\u0165ou v\u00e1\u0161ho \u00faspechu. (Konferen\u010dn\u00fa miestnos\u0165 je mo\u017en\u00e9 vyu\u017e\u00edva\u0165 len po\u010das d\u0148a)<\/span><\/p>\n<\/div>\n<\/div>\n<\/div>\n<\/div>\n<p><br class=\"clear\"\/><\/div>\n<\/div>\n<\/div>\n<\/div>","protected":false},"excerpt":{"rendered":"<p>Jedine\u010dn\u00fdm miestom je hrad Nechajte sa o\u010dari\u0165 pestrou rozmanitos\u0165ou n\u00e1\u0161ho hradu, v ktorom po\u010du\u0165 harmonick\u00fa symf\u00f3niu hist\u00f3rie a modern\u00e9ho sveta! N\u00e1\u0161 z\u00e1mok je ide\u00e1lny ako prehliadkov\u00e9 m\u00f3lo pre m\u00f3dne prehliadky, ako \u0161peci\u00e1lne miesto pre filmov\u00e9 nat\u00e1\u010danie, ako ve\u013ekolep\u00e1 kulisa pre obchodn\u00e9 prezent\u00e1cie alebo in\u00e9 obchodn\u00e9 podujatia, na\u0161e interi\u00e9ry s\u00fa impozantn\u00e9 a [...]<\/p>","protected":false},"author":3,"featured_media":0,"parent":0,"menu_order":0,"comment_status":"closed","ping_status":"closed","template":"","meta":{"footnotes":""},"class_list":["post-4109","page","type-page","status-publish","hentry","entry"],"_links":{"self":[{"href":"https:\/\/ottevenyikastely.hu\/sk\/wp-json\/wp\/v2\/pages\/4109","targetHints":{"allow":["GET"]}}],"collection":[{"href":"https:\/\/ottevenyikastely.hu\/sk\/wp-json\/wp\/v2\/pages"}],"about":[{"href":"https:\/\/ottevenyikastely.hu\/sk\/wp-json\/wp\/v2\/types\/page"}],"author":[{"embeddable":true,"href":"https:\/\/ottevenyikastely.hu\/sk\/wp-json\/wp\/v2\/users\/3"}],"replies":[{"embeddable":true,"href":"https:\/\/ottevenyikastely.hu\/sk\/wp-json\/wp\/v2\/comments?post=4109"}],"version-history":[{"count":0,"href":"https:\/\/ottevenyikastely.hu\/sk\/wp-json\/wp\/v2\/pages\/4109\/revisions"}],"wp:attachment":[{"href":"https:\/\/ottevenyikastely.hu\/sk\/wp-json\/wp\/v2\/media?parent=4109"}],"curies":[{"name":"wp","href":"https:\/\/api.w.org\/{rel}","templated":true}]}}