{"id":4117,"date":"2023-06-12T15:37:26","date_gmt":"2023-06-12T13:37:26","guid":{"rendered":"https:\/\/ottevenyikastely.hu\/?page_id=4117"},"modified":"2024-03-11T14:20:07","modified_gmt":"2024-03-11T13:20:07","slug":"pohostinnost-stara","status":"publish","type":"page","link":"https:\/\/ottevenyikastely.hu\/sk\/pohostinnost-stara\/","title":{"rendered":"Hospitality-old"},"content":{"rendered":"<div  class=\"one withsmallpadding ppb_text_image withbg parallax\" style=\"background-image:url(https:\/\/ottevenyikastely.hu\/wp-content\/uploads\/2023\/07\/elegant-restaurant-table-setting-service-for-recep-2022-12-16-00-11-59-utc.jpg);background-position: center top;text-align:center;padding:280px 0 280px 0;color:#ffffff !important;\" >\n<div class=\"overlay_background\" style=\"background:#000000;background:rgb(0,0,0,0.3);background:rgba(0,0,0,0.3);\"><\/div>\n<div class=\"standard_wrapper\">\n<div class=\"page_content_wrapper\">\n<div class=\"inner\">\n<div style=\"margin:auto;width:65%\">\n<h1 style=\"color:#fff;font-size:60px;\">Pohostinstvo<\/h1>\n<h2 class=\"widgettitle\" style=\"color:#fff;border-color:#0000;font-size:28px;text-align: center\">Profesion\u00e1lny t\u00edm, exkluz\u00edvne prostredie, pr\u00e9miov\u00e9 slu\u017eby<\/h2>\n<\/div>\n<\/div>\n<\/div>\n<\/div>\n<\/div>\n<div  class=\"ppb_image_half_boxed_fixed_width one\" style=\"margin-top:40px;margin-bottom:40px;\" >\n<div class=\"standard_wrapper\">\n<div class=\"page_content_wrapper\">\n<div class=\"inner\">\n<div class=\"one_half content_middle fixed\" style=\"padding:30px; text-align:center;min-height:960px;background-color:#ffffff;\">\n<div class=\"content_middle_wrapper\">\n<div class=\"content_middle_content\">\n<h2 class=\"ppb_title\" style=\"color:#000000;\">Sl\u00e1vny \u0161\u00e9fkuch\u00e1r v kuchyni<\/h2>\n<div class=\"ppb_header_content\">\n<p style=\"text-align: justify;\">N\u00e1\u0161 v\u00fdkonn\u00fd riadite\u013e <strong>\u0160\u00e9fkuch\u00e1r Peter<\/strong> Suga a jeho v\u00fdnimo\u010dn\u00fd t\u00edm hrdo pon\u00fakaj\u00fa gastronomick\u00e9 majstrovsk\u00e9 diela pre va\u0161e podujatia. S\u00fa odhodlan\u00ed poskytn\u00fa\u0165 tie najlep\u0161ie kulin\u00e1rske z\u00e1\u017eitky prisp\u00f4soben\u00e9 va\u0161im \u0161pecifick\u00fdm potreb\u00e1m. \u010ci u\u017e ide o svadbu, konferenciu alebo ak\u00fako\u013evek odli\u0161n\u00fa udalos\u0165, zaru\u010dujeme, \u017ee v\u00fdber jed\u00e1l a n\u00e1pojov bezchybne zos\u00falad\u00edme s t\u00e9mou a osobn\u00fdmi preferenciami va\u0161ej udalosti. Na svadby sa m\u00f4\u017eeme prisp\u00f4sobi\u0165 <strong>a\u017e 160 host\u00ed<\/strong>pri okr\u00fahlom stole, v sede a s pod\u00e1van\u00edm tanierov. Na konferencie poskytujeme sedenie pri okr\u00fahlom stole a\u017e pre <strong>200 host\u00ed<\/strong>, zatia\u013e \u010do pri v\u00e4\u010d\u0161\u00edch podujatiach m\u00f4\u017eeme zorganizova\u0165 recepcie na st\u00e1tie a\u017e pre <strong>300 host\u00ed<\/strong>, a to v\u0161etko v hlavnej jed\u00e1lenskej \u010dasti hradu.<\/p>\n<p style=\"text-align: justify;\">\u0160\u00e9fkuch\u00e1r P\u00e9ter Suga je zn\u00e1mou osobnos\u0165ou kulin\u00e1rskeho sveta. Svoju kulin\u00e1rsku cestu za\u010dal v Mi\u0161kolci a jeho kari\u00e9ra viedla cez prest\u00ed\u017ene podniky, ako s\u00fa re\u0161taur\u00e1cie Gundel, Paradiso a Kempinski v Budape\u0161ti. Pres\u0165ahoval sa do Gy\u0151ru, kde p\u00f4sobil ako \u0161\u00e9fkuch\u00e1r v re\u0161taur\u00e1cii Pati\u00f3 a nesk\u00f4r v re\u0161taur\u00e1cii La Mareda. Medzi eur\u00f3pske kulin\u00e1rske \u00faspechy \u0161\u00e9fkuch\u00e1ra Suga patr\u00ed strieborn\u00e1 olympijsk\u00e1 medaila a zlat\u00e1 medaila z majstrovstiev sveta. Zostavoval menu pre tematick\u00e9 ve\u010dere, organizoval v\u00ednne ve\u010dere s renomovan\u00fdmi vin\u00e1rmi, zalo\u017eil kuch\u00e1rsky klub a z\u00fa\u010dast\u0148oval sa na hodnoten\u00ed kulin\u00e1rskych s\u00fa\u0165a\u017e\u00ed a komorn\u00fdch sk\u00fa\u0161ok. Jeho meno je synonymom kvalitnej gastron\u00f3mie.<\/p>\n<p style=\"text-align: justify;\">Zverte n\u00e1m vytvorenie svojich gastronomick\u00fdch z\u00e1\u017eitkov a nechajte sa zvies\u0165 t\u00fdmi najlahodnej\u0161\u00edmi jedlami.<\/p>\n<p style=\"text-align: justify;\">Odkazy na na\u0161e prezent\u00e1cie n\u00e1jdete tu, v <a style=\"text-align: center;\" href=\"https:\/\/ottevenyikastely.hu\/sk\/?galleries=gallery-flow&#038;lang=hu\">Gal\u00e9ria<\/a><\/p>\n<\/div>\n<\/div>\n<\/div>\n<\/div>\n<div class=\"one_half content_middle last\" style=\"background-image:url(https:\/\/ottevenyikastely.hu\/wp-content\/uploads\/2023\/06\/HBP04444_retus.jpg);min-height:960px;\"><\/div>\n<p><br class=\"clear\"\/><\/div>\n<\/div>\n<\/div>\n<\/div>\n<div  class=\"one ppb_fullwidth_button\" style=\"padding:40px 0 40px 0;background-color:#ffffff;\" >\n<div class=\"standard_wrapper\">\n<h2 class=\"title\" style=\"color:;\">Rezerv\u00e1cia a overovanie<\/h2>\n<p><a href=\"\" class=\"button\" >Rezerv\u00e1cia<\/a><\/div>\n<\/div>\n<div  class=\"ppb_image_half_boxed_fixed_width one\" style=\"margin-top:40px;margin-bottom:40px;\" >\n<div class=\"standard_wrapper\">\n<div class=\"page_content_wrapper\">\n<div class=\"inner\">\n<div class=\"one_half content_middle\" style=\"background-image:url(https:\/\/ottevenyikastely.hu\/wp-content\/uploads\/2023\/06\/21317687_1871672549513998_2662758619158888645_n.jpg);min-height:1000px;\"><\/div>\n<div class=\"one_half last content_middle fixed\" style=\"padding:40px;text-align:center;min-height:1000px; background-color:#ffffff;\">\n<div class=\"content_middle_wrapper\">\n<div class=\"content_middle_content\">\n<h2 class=\"ppb_title\" style=\"\">Objavte cukr\u00e1rsku \u0161pecialitu s Kriszti\u00e1nom Vargom<\/h2>\n<div class=\"ppb_header_content\">\n<p style=\"text-align: justify;\">Kriszti\u00e1n je majstrom cukr\u00e1rom v cukr\u00e1rni Toscana v Gy\u0151ri, kde hrdo reprezentuje tradi\u010dn\u00fd smer cukr\u00e1rskeho umenia a pracuje len s pr\u00edrodn\u00fdmi surovinami a pravou smotanou. Ak si ho vyberiete pre svoju svadobn\u00fa tortu, budete z v\u00fdsledku nepochybne nad\u0161en\u00ed.<\/p>\n<p style=\"text-align: justify;\">Nerobte rozhodnutia naslepo! Vysk\u00fa\u0161ajte jedine\u010dn\u00fa chu\u0165 \u010derstvo pripraven\u00fdch sladkost\u00ed v cukr\u00e1rni Toscana v Gy\u0151ri a ochutnajte skuto\u010dn\u00fa kvalitu. Okrem tort v na\u0161ej ponuke n\u00e1jdete aj sladk\u00e9 a slan\u00e9 pe\u010divo. Pre va\u0161ich host\u00ed pripravujeme aj dar\u010dekov\u00e9 bal\u00ed\u010dky ako vhodn\u00fa spomienku, ktor\u00fa si m\u00f4\u017eu odnies\u0165 z va\u0161ej akcie.<\/p>\n<p style=\"text-align: justify;\">Objednajte si tortu za ni\u017e\u0161iu cenu, ale v prvotriednej kvalite! Nav\u0161t\u00edvte webov\u00fa str\u00e1nku cukr\u00e1rne Toscana:<\/p>\n<div class=\"standard_wrapper\" style=\"text-align: center;\">\n<p><a class=\"button\" href=\"https:\/\/toscanacukraszda.hu\/eskuvoi-tortak\/?utm_source=kastely_honlap&#038;utm_medium=Referral&#038;utm_campaign=kastely_honlap\" target=\"_blank\" rel=\"noopener\">Tosk\u00e1nsko web<\/a><\/p>\n<p>alebo si pozrite na\u0161u gal\u00e9riu svadobn\u00fdch tort!<\/p>\n<\/div>\n<div class=\"standard_wrapper\" style=\"text-align: center;\"><a class=\"button\" href=\"https:\/\/ottevenyikastely.hu\/sk\/galleries\/toscana-cukraszda-eskuvoi-tortai\/\">Gal\u00e9ria svadobn\u00fdch tort<\/a><\/div>\n<div><\/div>\n<p style=\"text-align: justify;\">Ak potrebujete pomoc, obr\u00e1\u0165te sa na n\u00e1\u0161 person\u00e1l alebo nap\u00ed\u0161te priamo majstrovi, ktor\u00fd v\u00e1m poskytne individu\u00e1lnu ponuku na adrese <a href=\"mailto:rendeles@toscanacukraszda.hu\">rendeles@toscanacukraszda.hu<\/a>a dovo\u013ete n\u00e1m doda\u0165 sladk\u00fd n\u00e1dych va\u0161im najv\u00fdznamnej\u0161\u00edm okamihom!<\/p>\n<\/div>\n<\/div>\n<\/div>\n<\/div>\n<p><br class=\"clear\"\/><\/div>\n<\/div>\n<\/div>\n<\/div>\n<div  class=\"one ppb_fullwidth_button\" style=\"padding:0px 0 0px 0;margin-bottom:40px;\" >\n<div class=\"standard_wrapper\"><a href=\"https:\/\/ottevenyikastely.hu\/en\/food-and-drink-consumption\/\" class=\"button\">N\u00e1poje a n\u00e1poje <\/a><\/div>\n<\/div>\n<div  class=\"one withsmallpadding ppb_header parallax withbg\" style=\"background-image:url(https:\/\/ottevenyikastely.hu\/wp-content\/uploads\/2023\/07\/elegant-catering-table-set-service-with-silverware-2021-09-03-07-43-23-utc.jpg);background-position: center top;text-align:center;padding:280px 0 280px 0;color:#ffffff;margin-top:40px;margin-bottom:40px;\" >\n<div class=\"overlay_background\" style=\"background:#000000;background:rgb(0,0,0,0.2);background:rgba(0,0,0,0.2);\"><\/div>\n<div class=\"standard_wrapper\">\n<div class=\"page_content_wrapper\">\n<div class=\"inner\">\n<div style=\"margin:auto;width:100%\"><\/div>\n<\/div>\n<\/div>\n<\/div>\n<\/div>","protected":false},"excerpt":{"rendered":"<p>Hospitalty Profesion\u00e1lny t\u00edm, exkluz\u00edvne prostredie, pr\u00e9miov\u00e9 slu\u017eby Sl\u00e1vny \u0161\u00e9fkuch\u00e1r v kuchyni N\u00e1\u0161 \u0161\u00e9fkuch\u00e1r P\u00e9ter Suga a jeho v\u00fdnimo\u010dn\u00fd t\u00edm s hrdos\u0165ou pon\u00fakaj\u00fa gastronomick\u00e9 majstrovsk\u00e9 diela pre va\u0161e podujatia. S\u00fa odhodlan\u00ed poskytn\u00fa\u0165 tie najlep\u0161ie kulin\u00e1rske z\u00e1\u017eitky prisp\u00f4soben\u00e9 va\u0161im \u0161pecifick\u00fdm potreb\u00e1m. \u010ci u\u017e ide o svadbu, konferenciu alebo ak\u00e9ko\u013evek in\u00e9 v\u00fdnimo\u010dn\u00e9 podujatie, zaru\u010dujeme v\u00e1m, \u017ee [...]<\/p>","protected":false},"author":3,"featured_media":0,"parent":0,"menu_order":0,"comment_status":"closed","ping_status":"closed","template":"","meta":{"footnotes":""},"class_list":["post-4117","page","type-page","status-publish","hentry","entry"],"_links":{"self":[{"href":"https:\/\/ottevenyikastely.hu\/sk\/wp-json\/wp\/v2\/pages\/4117","targetHints":{"allow":["GET"]}}],"collection":[{"href":"https:\/\/ottevenyikastely.hu\/sk\/wp-json\/wp\/v2\/pages"}],"about":[{"href":"https:\/\/ottevenyikastely.hu\/sk\/wp-json\/wp\/v2\/types\/page"}],"author":[{"embeddable":true,"href":"https:\/\/ottevenyikastely.hu\/sk\/wp-json\/wp\/v2\/users\/3"}],"replies":[{"embeddable":true,"href":"https:\/\/ottevenyikastely.hu\/sk\/wp-json\/wp\/v2\/comments?post=4117"}],"version-history":[{"count":0,"href":"https:\/\/ottevenyikastely.hu\/sk\/wp-json\/wp\/v2\/pages\/4117\/revisions"}],"wp:attachment":[{"href":"https:\/\/ottevenyikastely.hu\/sk\/wp-json\/wp\/v2\/media?parent=4117"}],"curies":[{"name":"wp","href":"https:\/\/api.w.org\/{rel}","templated":true}]}}