{"id":4163,"date":"2023-06-12T17:02:21","date_gmt":"2023-06-12T15:02:21","guid":{"rendered":"https:\/\/ottevenyikastely.hu\/?page_id=4163"},"modified":"2023-11-20T13:52:32","modified_gmt":"2023-11-20T12:52:32","slug":"domov-sk","status":"publish","type":"page","link":"https:\/\/ottevenyikastely.hu\/sk\/domov-sk\/","title":{"rendered":"Domov-EN"},"content":{"rendered":"<div  class=\"one withsmallpadding ppb_text_image withbg parallax\" style=\"background-image:url(https:\/\/ottevenyikastely.hu\/wp-content\/uploads\/2023\/08\/nyeremenyjatek-2.jpg);background-position: center top;text-align:left;padding:205px 0 205px 0;\" >\n<div class=\"standard_wrapper\">\n<div class=\"page_content_wrapper\">\n<div class=\"inner\">\n<div style=\"margin:auto;width:100%\">\n<h1 style=\"color: #fff; font-size: 55px;\">Chateau F\u00f6ldv\u00e1ry<\/h1>\n<h1 class=\"widgettitle\" style=\"color: #fff; border-color: #fff; margin-top: 20px; font-size: 35px;\">Sl\u00e1vnostn\u00e9 otvorenie 1. m\u00e1ja 2024.<\/h1>\n<\/div>\n<\/div>\n<\/div>\n<\/div>\n<\/div>\n<div  class=\"ppb_image_half_boxed_fixed_width one\" style=\"margin-top:40px;margin-bottom:40px;\" >\n<div class=\"standard_wrapper\">\n<div class=\"page_content_wrapper\">\n<div class=\"inner\">\n<div class=\"one_half content_middle\" style=\"background-image:url(https:\/\/ottevenyikastely.hu\/wp-content\/uploads\/2023\/06\/1486930_763125647105896_2599009561480863766_n-Enhanced.jpg);min-height:405px;\"><\/div>\n<div class=\"one_half last content_middle fixed\" style=\"padding:40px;text-align:center;min-height:405px; background-color:#ffffff;\">\n<div class=\"content_middle_wrapper\">\n<div class=\"content_middle_content\">\n<h2 class=\"ppb_title\" style=\"\">SVADBY<\/h2>\n<div class=\"ppb_header_content\">\n<blockquote>\n<p style=\"text-align: justify;\">N\u00e1\u0161 z\u00e1mok je dokonale vhodn\u00fd na usporiadanie svadby s okr\u00fahlym stolom pre 160 os\u00f4b. S pren\u00e1jmom z\u00e1mku v\u00e1m m\u00f4\u017eeme poskytn\u00fa\u0165 \u00fapln\u00fa exkluzivitu pre dokonal\u00fa realiz\u00e1ciu s\u00fakromnej udalosti.<\/p>\n<p style=\"text-align: left;\"><a href=\"https:\/\/ottevenyikastely.hu\/en\/weddings\/\">Z\u00c1MOK AKO MIESTO SVADBY<\/a><\/p>\n<\/blockquote>\n<\/div>\n<\/div>\n<\/div>\n<\/div>\n<p><br class=\"clear\"\/><\/div>\n<\/div>\n<\/div>\n<\/div>\n<div  class=\"ppb_image_half_boxed_fixed_width one\" style=\"margin-top:40px;margin-bottom:40px;\" >\n<div class=\"standard_wrapper\">\n<div class=\"page_content_wrapper\">\n<div class=\"inner\">\n<div class=\"one_half content_middle fixed\" style=\"padding:40px; text-align:center;min-height:450px;background-color:#ffffff;\">\n<div class=\"content_middle_wrapper\">\n<div class=\"content_middle_content\">\n<h2 class=\"ppb_title\" style=\"\">Na\u0161e slu\u017eby <\/h2>\n<div class=\"ppb_header_content\">\n<ul>\n<li>\n<blockquote>\n<p>Organiz\u00e1cia svadieb a podujat\u00ed<\/p>\n<\/blockquote>\n<\/li>\n<li>\n<blockquote>\n<p>Poskytovanie lokal\u00edt pre filmov\u00e9 produkcie a profesion\u00e1lne fotografie<\/p>\n<\/blockquote>\n<\/li>\n<li>\n<blockquote>\n<p>Bezplatn\u00e9 fotografick\u00e9 lokality pre svadobn\u00e9 p\u00e1ry<\/p>\n<\/blockquote>\n<\/li>\n<li>\n<blockquote>\n<p>Teambuilding a firemn\u00e9 podujatia<\/p>\n<\/blockquote>\n<\/li>\n<li>\n<blockquote>\n<p><strong><a title=\"Pohostinstvo\" href=\"https:\/\/ottevenyikastely.hu\/en\/hospitality\/\">Stravovacie slu\u017eby<\/a><\/strong><\/p>\n<\/blockquote>\n<\/li>\n<\/ul>\n<blockquote>\n<p style=\"color: #374151;\"><\/blockquote>\n<\/div>\n<\/div>\n<\/div>\n<\/div>\n<div class=\"one_half content_middle last\" style=\"background-image:url(https:\/\/ottevenyikastely.hu\/wp-content\/uploads\/2023\/06\/287356032_996920847685811_7607236231232610045_n.jpg);min-height:450px;\"><\/div>\n<p><br class=\"clear\"\/><\/div>\n<\/div>\n<\/div>\n<\/div>\n<div  class=\"one withsmallpadding ppb_text_image withbg parallax\" style=\"background-image:url(https:\/\/ottevenyikastely.hu\/wp-content\/uploads\/2023\/06\/IMG_0856-1.jpg);background-position: center top;text-align:center;padding:280px 0 280px 0;color:#ffffff !important;\" >\n<div class=\"overlay_background\" style=\"background:#000000;background:rgb(0,0,0,0.2);background:rgba(0,0,0,0.2);\"><\/div>\n<div class=\"standard_wrapper\">\n<div class=\"page_content_wrapper\">\n<div class=\"inner\">\n<div style=\"margin:auto;width:55%\">\n<h1 style=\"color:#fff;font-size:55px;\">Chateau F\u00f6ldv\u00e1ry<\/h1>\n<h1 class=\"widgettitle\" style=\"color:#fff;border-color:#fff;margin-top:20px;font-size:35px;\">Sl\u00e1vnostn\u00e9 otvorenie 1. m\u00e1ja 2024.<\/h1>\n<\/div>\n<\/div>\n<\/div>\n<\/div>\n<\/div>\n<div  class=\"ppb_image_half_boxed_fixed_width one\" style=\"margin-top:40px;margin-bottom:40px;\" >\n<div class=\"standard_wrapper\">\n<div class=\"page_content_wrapper\">\n<div class=\"inner\">\n<div class=\"one_half content_middle fixed\" style=\"padding:40px; text-align:center;min-height:600px;background-color:#ffffff;\">\n<div class=\"content_middle_wrapper\">\n<div class=\"content_middle_content\">\n<h2 class=\"ppb_title\" style=\"\">O hrade <\/h2>\n<div class=\"ppb_header_content\">\n<blockquote>\n<p style=\"text-align: justify;\">Hrad F\u00f6ldv\u00e1ry sa nach\u00e1dza v obci \u00d6ttev\u00e9ny, 15 km od Gy\u0151ru, v z\u00e1padnej \u010dasti Ma\u010farska. Obec, ktor\u00e1 v priebehu \u010dasu pre\u0161la mnoh\u00fdmi historick\u00fdmi zmenami, si dodnes zachovala svoj historick\u00fd v\u00fdznam a bohat\u00e9 dedi\u010dstvo. Z\u00e1mok dal v roku 1870 postavi\u0165 na hlavnej trase Viede\u0148-Bratislava-Budape\u0161\u0165 bar\u00f3n Mikl\u00f3s F\u00f6ldv\u00e1ry (1840-1914), jeden z najv\u00e4\u010d\u0161\u00edch vtedaj\u0161\u00edch statk\u00e1rov, pre svoju man\u017eelku a odvtedy sa stal symbolom obce.<\/p>\n<p style=\"text-align: justify;\"><a href=\"https:\/\/ottevenyikastely.hu\/sk\/hu\/home-wedding-venue\/\">Dozvedie\u0165 sa viac<\/a><\/p>\n<\/blockquote>\n<\/div>\n<\/div>\n<\/div>\n<\/div>\n<div class=\"one_half content_middle last\" style=\"background-image:url(https:\/\/ottevenyikastely.hu\/wp-content\/uploads\/2023\/06\/IMG_0867-2.jpg);min-height:600px;\"><\/div>\n<p><br class=\"clear\"\/><\/div>\n<\/div>\n<\/div>\n<\/div>\n<div  class=\"one withsmallpadding ppb_header parallax withbg\" style=\"background-image:url(https:\/\/ottevenyikastely.hu\/wp-content\/uploads\/2023\/06\/Kepernyofoto-2023-06-11-6.29.59-2.jpeg);background-position: center top;text-align:center;padding:285px 0 285px 0;color:#ffffff;\" >\n<div class=\"overlay_background\" style=\"background:#000000;background:rgb(0,0,0,0.2);background:rgba(0,0,0,0.2);\"><\/div>\n<div class=\"standard_wrapper\">\n<div class=\"page_content_wrapper\">\n<div class=\"inner\">\n<div style=\"margin:auto;width:100%\"><\/div>\n<\/div>\n<\/div>\n<\/div>\n<\/div>","protected":false},"excerpt":{"rendered":"<p>Chateau F\u00f6ldv\u00e1ry Sl\u00e1vnostn\u00e9 otvorenie 2024 1. m\u00e1j Svadby N\u00e1\u0161 z\u00e1mok je dokonale vhodn\u00fd na usporiadanie svadby s okr\u00fahlym stolom pre 160 os\u00f4b. S pren\u00e1jmom z\u00e1mku vieme zabezpe\u010di\u0165 \u00fapln\u00fa exkluzivitu pre dokonal\u00fa realiz\u00e1ciu s\u00fakromnej udalosti. Z\u00c1MOK AKO SVADOBN\u00c9 MIESTO Na\u0161e slu\u017eby Organiz\u00e1cia svadieb a podujat\u00ed Zabezpe\u010denie [...]<\/p>","protected":false},"author":3,"featured_media":0,"parent":0,"menu_order":0,"comment_status":"closed","ping_status":"closed","template":"","meta":{"footnotes":""},"class_list":["post-4163","page","type-page","status-publish","hentry","entry"],"_links":{"self":[{"href":"https:\/\/ottevenyikastely.hu\/sk\/wp-json\/wp\/v2\/pages\/4163","targetHints":{"allow":["GET"]}}],"collection":[{"href":"https:\/\/ottevenyikastely.hu\/sk\/wp-json\/wp\/v2\/pages"}],"about":[{"href":"https:\/\/ottevenyikastely.hu\/sk\/wp-json\/wp\/v2\/types\/page"}],"author":[{"embeddable":true,"href":"https:\/\/ottevenyikastely.hu\/sk\/wp-json\/wp\/v2\/users\/3"}],"replies":[{"embeddable":true,"href":"https:\/\/ottevenyikastely.hu\/sk\/wp-json\/wp\/v2\/comments?post=4163"}],"version-history":[{"count":0,"href":"https:\/\/ottevenyikastely.hu\/sk\/wp-json\/wp\/v2\/pages\/4163\/revisions"}],"wp:attachment":[{"href":"https:\/\/ottevenyikastely.hu\/sk\/wp-json\/wp\/v2\/media?parent=4163"}],"curies":[{"name":"wp","href":"https:\/\/api.w.org\/{rel}","templated":true}]}}