{"id":5316,"date":"2023-07-21T13:25:14","date_gmt":"2023-07-21T11:25:14","guid":{"rendered":"https:\/\/ottevenyikastely.hu\/?page_id=5316"},"modified":"2023-08-09T16:19:26","modified_gmt":"2023-08-09T14:19:26","slug":"spotreba-potravin-a-napojov-2","status":"publish","type":"page","link":"https:\/\/ottevenyikastely.hu\/sk\/spotreba-potravin-a-napojov-2\/","title":{"rendered":"Spotreba potrav\u00edn a n\u00e1pojov"},"content":{"rendered":"<div  class=\"one ppb_image_fullwidth\" style=\"padding:0px 0 0px 0;\" >\n<div class=\"one withbg\" style=\"background-image:url(https:\/\/ottevenyikastely.hu\/wp-content\/uploads\/2023\/07\/elegant-restaurant-table-setting-service-for-recep-2022-12-15-23-39-04-utc.jpg);background-size:cover;background-position:center top;height:600px;position:relative;\"><\/div>\n<\/div>\n<div  class=\"one withsmallpadding ppb_header\" style=\"text-align:left;padding:40px 0 40px 0;background-color:#ffffff;\" >\n<div class=\"standard_wrapper\">\n<div class=\"page_content_wrapper\">\n<div class=\"inner\">\n<div style=\"margin:auto;width:100%\">\n<h2 class=\"ppb_title\" style=\"\">BAL\u00cd\u010cKY N\u00c1POJOV<\/h2>\n<\/div>\n<\/div>\n<\/div>\n<\/div>\n<\/div>\n<div  class=\"ppb_image_half_boxed_fixed_width one\" style=\"margin-top:40px;margin-bottom:40px;\" >\n<div class=\"standard_wrapper\">\n<div class=\"page_content_wrapper\">\n<div class=\"inner\">\n<div class=\"one_half content_middle\" style=\"background-image:url(https:\/\/ottevenyikastely.hu\/wp-content\/uploads\/2023\/07\/italcsomag1.jpg);min-height:425px;\"><\/div>\n<div class=\"one_half last content_middle fixed\" style=\"padding:30px;text-align:center;min-height:425px; background-color:#ffffff;\">\n<div class=\"content_middle_wrapper\">\n<div class=\"content_middle_content\">\n<h2 class=\"ppb_title\" style=\"\">balenie n\u00e1pojov bez alkoholu <\/h2>\n<div class=\"page_tagline\" style=\"\">950 HUF \/ OSOBA \/ HODINA. MINIM\u00c1LNE 4 HODINY<\/div>\n<div class=\"ppb_header_content\">\n<ul>\n<li style=\"font-weight: inherit; font-style: inherit; text-align: left;\">Ovocn\u00e9 \u0161\u0165avy Cappy (100% pomaran\u010dov\u00fd d\u017e\u00fas, brosky\u0148ov\u00fd d\u017e\u00fas, jablkov\u00fd d\u017e\u00fas)<\/li>\n<li style=\"font-weight: inherit; font-style: inherit; text-align: left;\">Miner\u00e1lne vody NaturAqua<\/li>\n<li style=\"font-weight: inherit; font-style: inherit; text-align: left;\">Dom\u00e1ce sirupy (malinov\u00fd, jahodov\u00fd, kivi, citrusov\u00fd, levandu\u013eov\u00fd, bazov\u00fd)<\/li>\n<li style=\"font-weight: inherit; font-style: inherit; text-align: left;\">Coca-Cola, Coke Zero, Fanta, Tonic, Ginger, Sprite<\/li>\n<li style=\"font-weight: inherit; font-style: inherit; text-align: left;\">FuzeTea s pr\u00edchu\u0165ou citr\u00f3na a broskyne<\/li>\n<li style=\"font-weight: inherit; font-style: inherit; text-align: left;\">K\u00e1va, \u010daj<\/li>\n<\/ul>\n<\/div>\n<\/div>\n<\/div>\n<\/div>\n<p><br class=\"clear\"\/><\/div>\n<\/div>\n<\/div>\n<\/div>\n<div  class=\"ppb_image_half_boxed_fixed_width one\" style=\"margin-top:40px;margin-bottom:40px;\" >\n<div class=\"standard_wrapper\">\n<div class=\"page_content_wrapper\">\n<div class=\"inner\">\n<div class=\"one_half content_middle fixed\" style=\"padding:40px; text-align:center;min-height:685px;background-color:#ffffff;\">\n<div class=\"content_middle_wrapper\">\n<div class=\"content_middle_content\">\n<h2 class=\"ppb_title\" style=\"\">Bal\u00ed\u010dek piva a v\u00edna<\/h2>\n<div class=\"page_tagline\" style=\"\">1 400 HUF \/ OSOBA \/ HODINA. MINIM\u00c1LNE 4 HODINY<\/div>\n<div class=\"ppb_header_content\">\n<ul>\n<li style=\"font-weight: inherit; font-style: inherit; text-align: left;\">Ovocn\u00e9 \u0161\u0165avy Cappy (100% pomaran\u010dov\u00fd d\u017e\u00fas, brosky\u0148ov\u00fd d\u017e\u00fas, jablkov\u00fd d\u017e\u00fas)<\/li>\n<li style=\"font-weight: inherit; font-style: inherit; text-align: left;\">Miner\u00e1lne vody NaturAqua<\/li>\n<li style=\"font-weight: inherit; font-style: inherit; text-align: left;\">Dom\u00e1ce sirupy (malinov\u00fd, jahodov\u00fd, z \u010diernych r\u00edbezl\u00ed, \u010dere\u0161\u0148ov\u00fd, z\u00e1zvorov\u00fd, bazov\u00fd)<\/li>\n<li style=\"font-weight: inherit; font-style: inherit; text-align: left;\">Coca-Cola, Coke Zero, Fanta, Tonic, Ginger, Sprite<\/li>\n<li style=\"font-weight: inherit; font-style: inherit; text-align: left;\">FuzeTea s pr\u00edchu\u0165ou citr\u00f3na a broskyne<\/li>\n<li style=\"font-weight: inherit; font-style: inherit; text-align: left;\">Soproni a \u010dapovan\u00e9 pivo Heineken<\/li>\n<li style=\"font-weight: inherit; font-style: inherit; text-align: left;\">Nealkoholick\u00e9 pivo Heineken a G\u00f6sser Natur Zitrone, Miller<\/li>\n<li style=\"font-weight: inherit; font-style: inherit; text-align: left;\">V\u00edna Pannonhalma (Savignon Blanc, Tricolis Ros\u00e9, Hemina)<\/li>\n<li style=\"font-weight: inherit; font-style: inherit; text-align: left;\">Energetick\u00fd n\u00e1poj<\/li>\n<li style=\"font-weight: inherit; font-style: inherit; text-align: left;\">\u0160umiv\u00e9 v\u00edno (sladk\u00e9, such\u00e9) pre deti<\/li>\n<li style=\"font-weight: inherit; font-style: inherit; text-align: left;\">K\u00e1va, \u010daj<\/li>\n<\/ul>\n<p style=\"text-align: left;\"><span style=\"color: #374151;\">V\u0161etky piv\u00e1 a v\u00edna, ktor\u00fdch cena je ni\u017e\u0161ia ako 1 500 HUF \/ dl<\/span><\/p>\n<\/div>\n<\/div>\n<\/div>\n<\/div>\n<div class=\"one_half content_middle last\" style=\"background-image:url(https:\/\/ottevenyikastely.hu\/wp-content\/uploads\/2023\/07\/waiter-pouring-champagne-in-stylish-glasses-at-lux-2022-02-02-03-59-28-utc.jpg);min-height:685px;\"><\/div>\n<p><br class=\"clear\"\/><\/div>\n<\/div>\n<\/div>\n<\/div>\n<div  class=\"ppb_image_half_boxed_fixed_width one\" style=\"margin-top:40px;margin-bottom:40px;\" >\n<div class=\"standard_wrapper\">\n<div class=\"page_content_wrapper\">\n<div class=\"inner\">\n<div class=\"one_half content_middle\" style=\"background-image:url(https:\/\/ottevenyikastely.hu\/wp-content\/uploads\/2023\/07\/italcsomag31.jpg);min-height:700px;\"><\/div>\n<div class=\"one_half last content_middle fixed\" style=\"padding:40px;text-align:center;min-height:700px; background-color:#ffffff;\">\n<div class=\"content_middle_wrapper\">\n<div class=\"content_middle_content\">\n<h2 class=\"ppb_title\" style=\"\">Bal\u00ed\u010dek n\u00e1pojov so \u0161ortkami<\/h2>\n<div class=\"page_tagline\" style=\"\">1 800 HUF \/ OSOBA \/ HODINA. MINIM\u00c1LNE 4 HODINY<\/div>\n<div class=\"ppb_header_content\">\n<ul>\n<li style=\"font-weight: inherit; font-style: inherit; text-align: left;\">Ovocn\u00e9 \u0161\u0165avy Cappy (100% pomaran\u010dov\u00fd d\u017e\u00fas, brosky\u0148ov\u00fd d\u017e\u00fas, jablkov\u00fd d\u017e\u00fas)<\/li>\n<li style=\"font-weight: inherit; font-style: inherit; text-align: left;\">Miner\u00e1lne vody NaturAqua<\/li>\n<li style=\"font-weight: inherit; font-style: inherit; text-align: left;\">Dom\u00e1ce sirupy (malinov\u00fd, jahodov\u00fd, z \u010diernych r\u00edbezl\u00ed, \u010dere\u0161\u0148ov\u00fd, z\u00e1zvorov\u00fd, bazov\u00fd)<\/li>\n<li style=\"font-weight: inherit; font-style: inherit; text-align: left;\">Coca-Cola, Coke Zero, Fanta, Tonic, Ginger, Sprite<\/li>\n<li style=\"font-weight: inherit; font-style: inherit; text-align: left;\">FuzeTea s pr\u00edchu\u0165ou citr\u00f3na a broskyne<\/li>\n<li style=\"font-weight: inherit; font-style: inherit; text-align: left;\">\u010capovan\u00e9 pivo Soproni a Heineken, Miller<\/li>\n<li style=\"font-weight: inherit; font-style: inherit; text-align: left;\">Nealkoholick\u00e9 pivo Heineken a G\u00f6sser Natur Zitrone<\/li>\n<li style=\"font-weight: inherit; font-style: inherit; text-align: left;\">V\u00edna Pannonhalma (Savignon Blanc, Tricolis Ros\u00e9, Hemina)<\/li>\n<li style=\"font-weight: inherit; font-style: inherit; text-align: left;\">Vodka, Bacardi, Unicum, Jaegermeister, Bailey's, Hubertus, Martini, Jack Daniels, Gin<\/li>\n<li style=\"font-weight: inherit; font-style: inherit; text-align: left;\">Energetick\u00fd n\u00e1poj<\/li>\n<li style=\"font-weight: inherit; font-style: inherit; text-align: left;\">\u0160umiv\u00e9 v\u00edno (sladk\u00e9, such\u00e9) pre deti<\/li>\n<li style=\"font-weight: inherit; font-style: inherit; text-align: left;\">K\u00e1va, \u010daj<\/li>\n<\/ul>\n<p style=\"text-align: left;\"><span style=\"color: #374151;\">V\u0161etky pan\u00e1ky, ktor\u00e9 n\u00e1jdete v bare, v cene do 2 000 HUF \/ 4 cl.<\/span><\/p>\n<\/div>\n<\/div>\n<\/div>\n<\/div>\n<p><br class=\"clear\"\/><\/div>\n<\/div>\n<\/div>\n<\/div>\n<div  class=\"one withsmallpadding ppb_header\" style=\"text-align:left;padding:40px 0 40px 0;background-color:#ffffff;\" >\n<div class=\"standard_wrapper\">\n<div class=\"page_content_wrapper\">\n<div class=\"inner\">\n<div style=\"margin:auto;width:100%\">\n<h2 class=\"ppb_title\" style=\"\">N\u00c1POJE NA PRIV\u00cdTANIE<\/h2>\n<\/div>\n<\/div>\n<\/div>\n<\/div>\n<\/div>\n<div  class=\"ppb_image_half_boxed_fixed_width one\" style=\"margin-top:40px;margin-bottom:40px;\" >\n<div class=\"standard_wrapper\">\n<div class=\"page_content_wrapper\">\n<div class=\"inner\">\n<div class=\"one_half content_middle\" style=\"background-image:url(https:\/\/ottevenyikastely.hu\/wp-content\/uploads\/2023\/06\/IMG_0900.jpg);min-height:595px;\"><\/div>\n<div class=\"one_half last content_middle fixed\" style=\"padding:40px;text-align:left;min-height:595px; background-color:#ffffff;\">\n<div class=\"content_middle_wrapper\">\n<div class=\"content_middle_content\">\n<div class=\"ppb_header_content\">\n<p style=\"color: #374151; text-align: center;\"><strong>Limon\u00e1da WELCOME - 900 HUF \/ osoba<br \/>\n<\/strong>Dom\u00e1ca limon\u00e1da (malinov\u00e1, bazov\u00e1, vzdu\u0161n\u00e1 s \u010derstv\u00fdm ovoc\u00edm)<\/p>\n<p style=\"color: #374151; text-align: center;\"><strong>V\u00fdber v\u00edna WELCOME - 1 400 HUF \/ osoba<br \/>\n<\/strong>Buborczi Pannonhalma \u0161umiv\u00e9 v\u00edno, Vin\u00e1rstvo Babarczi<br \/>\nDom\u00e1ca limon\u00e1da (malinov\u00e1, bazov\u00e1, vzdu\u0161n\u00e1 s \u010derstv\u00fdm ovoc\u00edm)<\/p>\n<p style=\"color: #374151; text-align: center;\"><strong>WELCOME Sparkling Experience - 2 400 HUF \/ osoba<\/strong><br \/>\nSladk\u00e9 a such\u00e9 \u0161umiv\u00e9 v\u00edno T\u00f6rley<br \/>\nDom\u00e1ca limon\u00e1da (malinov\u00e1, bazov\u00e1, vzdu\u0161n\u00e1 s \u010derstv\u00fdm ovoc\u00edm)<\/p>\n<p style=\"color: #374151; text-align: center;\"><strong>WELCOME P\u00e1linka Journey - 3 200 HUF \/ osoba<br \/>\n<\/strong>Panyolai marhu\u013ea, slivka, \u010dierna \u010dere\u0161\u0148a, kdoule p\u00e1linka - Dom\u00e1ca limon\u00e1da (malinov\u00e1, bazov\u00e1, vzdu\u0161n\u00e1 s \u010derstv\u00fdm ovoc\u00edm)<\/p>\n<\/div>\n<\/div>\n<\/div>\n<\/div>\n<p><br class=\"clear\"\/><\/div>\n<\/div>\n<\/div>\n<\/div>\n<div  class=\"one withsmallpadding ppb_header\" style=\"text-align:left;padding:40px 0 40px 0;background-color:#ffffff;\" >\n<div class=\"standard_wrapper\">\n<div class=\"page_content_wrapper\">\n<div class=\"inner\">\n<div style=\"margin:auto;width:100%\">\n<h2 class=\"ppb_title\" style=\"\">Ponuka<\/h2>\n<div class=\"page_tagline\" style=\"\">Pripravili sme pre v\u00e1s dve vzorov\u00e9 ponuky, ktor\u00e9 si m\u00f4\u017eete upravi\u0165 pod\u013ea svojich preferenci\u00ed. Samozrejme, vieme sa prisp\u00f4sobi\u0165 ak\u00fdmko\u013evek citliv\u00fdm stravovac\u00edm n\u00e1vykom, ak n\u00e1m to vopred ozn\u00e1mite, a poskytn\u00fa\u0165 vlastn\u00e9 menu, ktor\u00e9 ponuku nahrad\u00ed.<\/div>\n<\/div>\n<\/div>\n<\/div>\n<\/div>\n<\/div>\n<div  class=\"one ppb_card_two_cols_with_image\" style=\"position:relative;padding:40px 0 40px 0;\" >\n<div class=\"standard_wrapper\">\n<div class=\"page_content_wrapper\">\n<div class=\"inner\">\n<div class=\"one_half parallax_scroll_image\" style=\"width:75%;\">\n<div class=\"image_classic_frame expand\">\n<div class=\"image_wrapper\"><img decoding=\"async\" src=\"https:\/\/ottevenyikastely.hu\/wp-content\/uploads\/2023\/08\/Hortobagyi-Palacsinta.jpg.webp\" alt=\"\" class=\"portfolio_img\" title=\"\"><\/div>\n<\/div>\n<\/div>\n<div class=\"one_half last parallax_scroll\" style=\"width:50%;position:absolute;padding:40px;background:#fff;\" data-stellar-ratio=\"1.3\">\n<h2 class=\"ppb_title\" style=\"\">TRADI\u010cN\u00c9 MA\u010eARSK\u00c9 SVADOBN\u00c9 MENU<\/h2>\n<div class=\"page_tagline\" style=\"\">od 50 \u20ac\/osoba<\/div>\n<div class=\"ppb_header_content\">\n<p style=\"text-align: justify;\"><span style=\"color: #374151;\">Toto tradi\u010dn\u00e9 ma\u010farsk\u00e9 menu zaru\u010dene uspokoj\u00ed ka\u017ed\u00fa chu\u0165. N\u00e1\u0161 sl\u00e1vny \u0161\u00e9fkuch\u00e1r P\u00e9ter Suga a jeho t\u00edm s\u00fa pripraven\u00ed vytvori\u0165 toto nebesk\u00e9 menu pre v\u00e1\u0161 v\u00fdnimo\u010dn\u00fd de\u0148!<\/span><\/p>\n<\/div>\n<\/div>\n<p><br class=\"clear\"\/><\/div>\n<\/div>\n<\/div>\n<\/div>\n<div  class=\"one ppb_card_two_cols_with_image\" style=\"position:relative;padding:40px 0 40px 0;\" >\n<div class=\"standard_wrapper\">\n<div class=\"page_content_wrapper\">\n<div class=\"inner\">\n<div class=\"one_half parallax_scroll\" style=\"width:50%;position:absolute;padding:40px;z-index:2;block !important;background:#fff;\" data-stellar-ratio=\"1.3\">\n<h2 class=\"ppb_title\" style=\"\">GOURMET MENU<\/h2>\n<div class=\"page_tagline\" style=\"\">od 100 \u20ac\/osoba<\/div>\n<div class=\"ppb_header_content\">\n<p><span style=\"color: #374151;\">Chceli by ste, aby v\u00e1m a va\u0161im hos\u0165om serv\u00edrovali \u010da\u0161n\u00edci v bielych rukavi\u010dk\u00e1ch gurm\u00e1nske menu, ktor\u00e9 vytvoril n\u00e1\u0161 sl\u00e1vny \u0161\u00e9fkuch\u00e1r pod pl\u00e1\u0161\u0165om?<\/span><\/p>\n<\/div>\n<\/div>\n<div class=\"one_half parallax_scroll_image last\" style=\"width:75%;\">\n<div class=\"image_classic_frame expand\">\n<div class=\"image_wrapper\"><img decoding=\"async\" src=\"https:\/\/ottevenyikastely.hu\/wp-content\/uploads\/2023\/06\/Alexandre_1770_1844_Dufay_-_The_Banquet_for_the_Marriage_of_Napoleon_Bonaparte_1769-1821_and_Marie-Louise_-_MeisterDrucke-943311-Enhanced.jpg\" alt=\"\" class=\"portfolio_img\" title=\"\"><\/div>\n<\/div>\n<\/div>\n<p><br class=\"clear\"\/><\/div>\n<\/div>\n<\/div>\n<\/div>","protected":false},"excerpt":{"rendered":"<p>N\u00c1POJOV\u00c9 BAL\u00cd\u010cKY Bez alkoholu N\u00c1POJOV\u00dd BAL\u00cd\u010cEK 950 HUF \/ OSOBA \/ HODINA. MINIM\u00c1LNE 4 HODINY Ovocn\u00e9 \u0161\u0165avy Cappy (100% pomaran\u010dov\u00fd d\u017e\u00fas, brosky\u0148ov\u00fd d\u017e\u00fas, jablkov\u00fd d\u017e\u00fas) Miner\u00e1lne vody NaturAqua Dom\u00e1ce sirupy (malinov\u00fd, jahodov\u00fd, kivi, citrusov\u00fd, levandu\u013eov\u00fd, bazov\u00fd) Coca-Cola, Coke Zero, Fanta, Tonic, Ginger, Sprite FuzeTea s citr\u00f3novou a brosky\u0148ovou pr\u00edchu\u0165ou K\u00e1va, \u010daj Pivo a v\u00edno DRINK [...]<\/p>","protected":false},"author":3,"featured_media":0,"parent":0,"menu_order":0,"comment_status":"closed","ping_status":"closed","template":"","meta":{"footnotes":""},"class_list":["post-5316","page","type-page","status-publish","hentry","entry"],"_links":{"self":[{"href":"https:\/\/ottevenyikastely.hu\/sk\/wp-json\/wp\/v2\/pages\/5316","targetHints":{"allow":["GET"]}}],"collection":[{"href":"https:\/\/ottevenyikastely.hu\/sk\/wp-json\/wp\/v2\/pages"}],"about":[{"href":"https:\/\/ottevenyikastely.hu\/sk\/wp-json\/wp\/v2\/types\/page"}],"author":[{"embeddable":true,"href":"https:\/\/ottevenyikastely.hu\/sk\/wp-json\/wp\/v2\/users\/3"}],"replies":[{"embeddable":true,"href":"https:\/\/ottevenyikastely.hu\/sk\/wp-json\/wp\/v2\/comments?post=5316"}],"version-history":[{"count":0,"href":"https:\/\/ottevenyikastely.hu\/sk\/wp-json\/wp\/v2\/pages\/5316\/revisions"}],"wp:attachment":[{"href":"https:\/\/ottevenyikastely.hu\/sk\/wp-json\/wp\/v2\/media?parent=5316"}],"curies":[{"name":"wp","href":"https:\/\/api.w.org\/{rel}","templated":true}]}}