{"id":5393,"date":"2023-07-24T15:12:04","date_gmt":"2023-07-24T13:12:04","guid":{"rendered":"https:\/\/ottevenyikastely.hu\/foglalas-megerositese\/booking-canceled\/"},"modified":"2023-07-24T15:12:04","modified_gmt":"2023-07-24T13:12:04","slug":"zrusena-rezervacia","status":"publish","type":"page","link":"https:\/\/ottevenyikastely.hu\/sk\/vytvorenie-rezervacie\/zrusena-rezervacia\/","title":{"rendered":"Rezerv\u00e1cia zru\u0161en\u00e1"},"content":{"rendered":"<p>Va\u0161a rezerv\u00e1cia je zru\u0161en\u00e1.<\/p>","protected":false},"excerpt":{"rendered":"<p>Va\u0161a rezerv\u00e1cia je zru\u0161en\u00e1.<\/p>","protected":false},"author":3,"featured_media":0,"parent":5391,"menu_order":0,"comment_status":"closed","ping_status":"closed","template":"","meta":{"footnotes":""},"class_list":["post-5393","page","type-page","status-publish","hentry","entry"],"_links":{"self":[{"href":"https:\/\/ottevenyikastely.hu\/sk\/wp-json\/wp\/v2\/pages\/5393","targetHints":{"allow":["GET"]}}],"collection":[{"href":"https:\/\/ottevenyikastely.hu\/sk\/wp-json\/wp\/v2\/pages"}],"about":[{"href":"https:\/\/ottevenyikastely.hu\/sk\/wp-json\/wp\/v2\/types\/page"}],"author":[{"embeddable":true,"href":"https:\/\/ottevenyikastely.hu\/sk\/wp-json\/wp\/v2\/users\/3"}],"replies":[{"embeddable":true,"href":"https:\/\/ottevenyikastely.hu\/sk\/wp-json\/wp\/v2\/comments?post=5393"}],"version-history":[{"count":0,"href":"https:\/\/ottevenyikastely.hu\/sk\/wp-json\/wp\/v2\/pages\/5393\/revisions"}],"up":[{"embeddable":true,"href":"https:\/\/ottevenyikastely.hu\/sk\/wp-json\/wp\/v2\/pages\/5391"}],"wp:attachment":[{"href":"https:\/\/ottevenyikastely.hu\/sk\/wp-json\/wp\/v2\/media?parent=5393"}],"curies":[{"name":"wp","href":"https:\/\/api.w.org\/{rel}","templated":true}]}}