{"id":5787,"date":"2023-07-27T10:36:57","date_gmt":"2023-07-27T08:36:57","guid":{"rendered":"https:\/\/ottevenyikastely.hu\/?page_id=5787"},"modified":"2023-10-02T10:05:26","modified_gmt":"2023-10-02T08:05:26","slug":"pravidla-skladania-prisahy-o-obsadeni-hradu","status":"publish","type":"page","link":"https:\/\/ottevenyikastely.hu\/sk\/pravidla-skladania-prisahy-o-obsadeni-hradu\/","title":{"rendered":"Z\u00c1SADY REZERV\u00c1CIE SVADIEB NA Z\u00c1MKU F\u00d6LDV\u00c1RY"},"content":{"rendered":"<div  class=\"one withsmallpadding ppb_header\" style=\"text-align:left;padding:30px 0 30px 0;\" >\n<div class=\"standard_wrapper\">\n<div class=\"page_content_wrapper\">\n<div class=\"inner\">\n<div style=\"margin:auto;width:100%\">\n<h2 class=\"ppb_title\" style=\"\">Postup rezerv\u00e1cie<\/h2>\n<\/div>\n<\/div>\n<\/div>\n<\/div>\n<\/div>\n<div  class=\"one withsmallpadding ppb_text\" style=\"text-align:left;padding:30px 0 30px 0;\" >\n<div class=\"standard_wrapper\">\n<div class=\"page_content_wrapper\">\n<div class=\"inner\">\n<div style=\"margin:auto;width:100%\">\n<p style=\"text-align: justify;\">1. Vyberte si ide\u00e1lny term\u00edn na na\u0161ej webovej str\u00e1nke a zaregistrujte ho, t\u00fdm ste si u\u017e term\u00edn zabezpe\u010dili.<\/p>\n<p style=\"text-align: justify;\">2. Vypl\u0148te pros\u00edm <a href=\"https:\/\/forms.office.com\/e\/57PcYtssjq\" target=\"_blank\" rel=\"noopener\">n\u00e1\u0161 dotazn\u00edk na pos\u00fadenie potrieb (kliknite sem)<\/a>aby v\u00e1m poskytli presnej\u0161ie inform\u00e1cie.<\/p>\n<p style=\"text-align: justify;\">3. Po vykonan\u00ed t\u00fdchto \u00fakonov v\u00e1s bude kontaktova\u0165 n\u00e1\u0161 svadobn\u00fd pl\u00e1nova\u010d, aby s vami prediskutoval \u010fal\u0161ie kroky a va\u0161e konkr\u00e9tne po\u017eiadavky a n\u00e1sledne pripravil va\u0161u individu\u00e1lnu cenov\u00fa ponuku.<\/p>\n<p>4. Na z\u00e1klade toho, \u010do bolo prerokovan\u00e9, vypracujeme zmluvu o pren\u00e1jme a spr\u00e1ve podujat\u00ed.<\/p>\n<p style=\"text-align: start;\"><span style=\"text-align: justify;\">5. Ako je uveden\u00e9 v zmluve, po\u017eiadame v\u00e1s o z\u00e1lohu vo v\u00fd\u0161ke 2000 EUR. <\/span><span style=\"text-align: justify;\">Bez zaplatenia z\u00e1lohy nebude rezerv\u00e1cia platn\u00e1 a term\u00edn bude automaticky zru\u0161en\u00fd a zmluva zanikne. <\/span><strong style=\"text-align: justify;\">m\u00f4\u017eete bezplatne odst\u00fapi\u0165 po\u010das 60 kalend\u00e1rnych dn\u00ed<\/strong><span style=\"text-align: justify;\">v takom pr\u00edpade v\u00e1m bude rezerva\u010dn\u00fd poplatok vr\u00e1ten\u00fd v plnej v\u00fd\u0161ke.<\/span><\/p>\n<p style=\"text-align: justify;\">6. <strong>splatnos\u0165 60 dn\u00ed pred svadbou<\/strong> zaplatenie z\u00e1lohy 4 000 EUR za pren\u00e1jom hradu.Ak me\u0161kanie presiahne 8 dn\u00ed, rezerv\u00e1cia sa zru\u0161\u00ed a z\u00e1loha sa u\u017e nevracia.<\/p>\n<p style=\"text-align: justify;\">7. Podrobnosti o menu a cateringu musia by\u0165 dokon\u010den\u00e9 najnesk\u00f4r nieko\u013eko t\u00fd\u017ed\u0148ov po zaplaten\u00ed poplatku za pren\u00e1jom hradu s predbe\u017en\u00fdm po\u010dtom os\u00f4b.<\/p>\n<p style=\"text-align: justify;\">8. 50% z ceny bal\u00edka jed\u00e1l a n\u00e1pojov je potrebn\u00e9 zaplati\u0165 30 dn\u00ed pred ve\u013ek\u00fdm d\u0148om, aby bola zachovan\u00e1 platnos\u0165 rezerv\u00e1cie.<\/p>\n<p style=\"text-align: justify;\">9. Po\u010det host\u00ed mus\u00ed by\u0165 kone\u010dn\u00fd 3 dni pred svadbou. Po tomto term\u00edne u\u017e bohu\u017eia\u013e nie s\u00fa mo\u017en\u00e9 \u017eiadne zmeny. V tomto \u010dase je potrebn\u00e9 uhradi\u0165 aj zvy\u0161n\u00fa \u010das\u0165 bal\u00edka jed\u00e1l a n\u00e1pojov.<\/p>\n<p style=\"text-align: justify;\">10. Po skon\u010den\u00ed podujatia bud\u00fa dodato\u010dn\u00e9 objedn\u00e1vky a zvy\u0161n\u00e9 polo\u017eky v koktailovom bare spoplatnen\u00e9.<\/p>\n<\/div>\n<\/div>\n<\/div>\n<\/div>\n<\/div>\n<div  class=\"one withsmallpadding ppb_header\" style=\"text-align:left;padding:30px 0 30px 0;\" >\n<div class=\"standard_wrapper\">\n<div class=\"page_content_wrapper\">\n<div class=\"inner\">\n<div style=\"margin:auto;width:100%\">\n<h2 class=\"ppb_title\" style=\"\">Poplatky a slu\u017eby:<\/h2>\n<\/div>\n<\/div>\n<\/div>\n<\/div>\n<\/div>\n<div  class=\"one withsmallpadding ppb_text\" style=\"text-align:left;padding:30px 0 30px 0;\" >\n<div class=\"standard_wrapper\">\n<div class=\"page_content_wrapper\">\n<div class=\"inner\">\n<div style=\"margin:auto;width:100%\">\n<p style=\"text-align: justify;\">Upozor\u0148ujeme, \u017ee na slu\u017eby spojen\u00e9 s jedlom a n\u00e1pojmi sa automaticky vz\u0165ahuje poplatok za slu\u017eby vo v\u00fd\u0161ke 5%, ktor\u00fd nie je zahrnut\u00fd v cenovej ponuke, a <strong>Podujatia pre menej ako 60 os\u00f4b<\/strong> v pr\u00edpade <strong>1000 EUR<\/strong> sa uplatn\u00ed pr\u00edplatok za person\u00e1lne n\u00e1klady.<\/p>\n<p style=\"text-align: justify;\">D\u00fafame, \u017ee va\u0161a rezerv\u00e1cia a zvolen\u00fd term\u00edn prebehn\u00fa v poriadku. Ak m\u00e1te ak\u00e9ko\u013evek ot\u00e1zky, nev\u00e1hajte sa obr\u00e1ti\u0165 na na\u0161ich zamestnancov.<\/p>\n<p style=\"text-align: justify;\">\u010eakujeme, \u017ee ste si vybrali z\u00e1mok F\u00f6ldv\u00e1ry a te\u0161\u00edme sa, \u017ee budeme m\u00f4c\u0165 prispie\u0165 k tomu, aby bol v\u00e1\u0161 ve\u013ek\u00fd de\u0148 nezabudnute\u013en\u00fd.<\/p>\n<\/div>\n<\/div>\n<\/div>\n<\/div>\n<\/div>","protected":false},"excerpt":{"rendered":"<p>Ako si rezervova\u0165 1. Na na\u0161ej webovej str\u00e1nke si vyberte ide\u00e1lny term\u00edn a zaregistrujte ho, t\u00fdm ste si u\u017e term\u00edn zabezpe\u010dili. 2. Vypl\u0148te n\u00e1\u0161 dotazn\u00edk na pos\u00fadenie potrieb (kliknite sem), aby sme v\u00e1m mohli poskytn\u00fa\u0165 presnej\u0161ie inform\u00e1cie. 3.<\/p>","protected":false},"author":3,"featured_media":0,"parent":0,"menu_order":0,"comment_status":"closed","ping_status":"closed","template":"","meta":{"footnotes":""},"class_list":["post-5787","page","type-page","status-publish","hentry","entry"],"_links":{"self":[{"href":"https:\/\/ottevenyikastely.hu\/sk\/wp-json\/wp\/v2\/pages\/5787","targetHints":{"allow":["GET"]}}],"collection":[{"href":"https:\/\/ottevenyikastely.hu\/sk\/wp-json\/wp\/v2\/pages"}],"about":[{"href":"https:\/\/ottevenyikastely.hu\/sk\/wp-json\/wp\/v2\/types\/page"}],"author":[{"embeddable":true,"href":"https:\/\/ottevenyikastely.hu\/sk\/wp-json\/wp\/v2\/users\/3"}],"replies":[{"embeddable":true,"href":"https:\/\/ottevenyikastely.hu\/sk\/wp-json\/wp\/v2\/comments?post=5787"}],"version-history":[{"count":0,"href":"https:\/\/ottevenyikastely.hu\/sk\/wp-json\/wp\/v2\/pages\/5787\/revisions"}],"wp:attachment":[{"href":"https:\/\/ottevenyikastely.hu\/sk\/wp-json\/wp\/v2\/media?parent=5787"}],"curies":[{"name":"wp","href":"https:\/\/api.w.org\/{rel}","templated":true}]}}