{"id":6509,"date":"2023-09-21T14:25:41","date_gmt":"2023-09-21T12:25:41","guid":{"rendered":"https:\/\/ottevenyikastely.hu\/?page_id=6509"},"modified":"2023-10-05T09:34:26","modified_gmt":"2023-10-05T07:34:26","slug":"booking_castle_proces","status":"publish","type":"page","link":"https:\/\/ottevenyikastely.hu\/sk\/booking_castle_proces\/","title":{"rendered":"Postup pre rodov\u00fa v\u00fdhradu"},"content":{"rendered":"<div  class=\"one withsmallpadding ppb_header\" style=\"text-align:left;padding:30px 0 30px 0;\" >\n<div class=\"standard_wrapper\">\n<div class=\"page_content_wrapper\">\n<div class=\"inner\">\n<div style=\"margin:auto;width:100%\">\n<h2 class=\"ppb_title\" style=\"\">Postup rezerv\u00e1cie<\/h2>\n<\/div>\n<\/div>\n<\/div>\n<\/div>\n<\/div>\n<div  class=\"one withsmallpadding ppb_text\" style=\"text-align:left;padding:30px 0 30px 0;\" >\n<div class=\"standard_wrapper\">\n<div class=\"page_content_wrapper\">\n<div class=\"inner\">\n<div style=\"margin:auto;width:100%\">\n<p style=\"text-align: justify;\">1. vyberte si a zaregistrujte svoj ide\u00e1lny term\u00edn na na\u0161ej webovej str\u00e1nke Potom u\u017e budete ma\u0165 rezervovan\u00fd term\u00edn pre seba.<\/p>\n<p style=\"text-align: justify;\">2. vypl\u0148te, pros\u00edm, n\u00e1\u0161 dotazn\u00edk potrieb <a href=\"https:\/\/forms.office.com\/e\/57PcYtssjq\" target=\"_blank\" rel=\"noopener\">(kliknite sem)<\/a>aby sme v\u00e1m mohli poskytn\u00fa\u0165 podrobnej\u0161ie inform\u00e1cie.<\/p>\n<p style=\"text-align: justify;\">3. po vykonan\u00ed t\u00fdchto \u00fakonov v\u00e1s bude kontaktova\u0165 \u010dlen n\u00e1\u0161ho t\u00edmu pre pl\u00e1novanie svadieb, aby s vami prediskutoval \u010fal\u0161ie kroky a konkr\u00e9tne po\u017eiadavky a poskytol v\u00e1m individu\u00e1lnu cenov\u00fa ponuku.<\/p>\n<p>4. na z\u00e1klade doh\u00f4d vypracujeme zmluvu o pren\u00e1jme a pl\u00e1novan\u00ed podujatia.<\/p>\n<p style=\"text-align: start;\"><span style=\"text-align: justify;\">5.\u00a0 <\/span>V s\u00falade s podmienkami stanoven\u00fdmi v zmluve v\u00e1s \u017eiadame o zlo\u017eenie rezerva\u010dnej z\u00e1lohy. Bez zaplatenia z\u00e1lohy je rezerv\u00e1cia neplatn\u00e1 a term\u00edn sa automaticky ru\u0161\u00ed, zmluva str\u00e1ca platnos\u0165. Rezerv\u00e1ciu m\u00f4\u017eete bezplatne zru\u0161i\u0165 najnesk\u00f4r 2 mesiace pred zvolen\u00fdm term\u00ednom, v takom pr\u00edpade v\u00e1m vr\u00e1time cel\u00fa sumu.<\/p>\n<p style=\"text-align: justify;\">6. 2 mesiace pred svadbou je potrebn\u00e9 uhradi\u0165 zostatok za pren\u00e1jom hradu vo v\u00fd\u0161ke 3000 EUR. Ak me\u0161k\u00e1 viac ako 10 dn\u00ed, rezerv\u00e1cia sa zru\u0161\u00ed a z\u00e1lohu nebudeme m\u00f4c\u0165 vr\u00e1ti\u0165.<\/p>\n<p style=\"text-align: justify;\">7. Po zaplaten\u00ed poplatku za pren\u00e1jom hradu je potrebn\u00e9 najnesk\u00f4r do nieko\u013ek\u00fdch t\u00fd\u017ed\u0148ov dokon\u010di\u0165 menu a podrobnosti o stravovan\u00ed s predbe\u017en\u00fdm po\u010dtom host\u00ed.<\/p>\n<p style=\"text-align: justify;\">8. 2 t\u00fd\u017edne pred ve\u013ek\u00fdm d\u0148om je potrebn\u00e9 zaplati\u0165 50% z ceny bal\u00edka jed\u00e1l a n\u00e1pojov, aby bola rezerv\u00e1cia platn\u00e1.<\/p>\n<p style=\"text-align: justify;\">9. 3 dni pred svadbou mus\u00edte rozhodn\u00fa\u0165 o kone\u010dnom po\u010dte host\u00ed. Po tomto term\u00edne u\u017e nebud\u00fa mo\u017en\u00e9 \u017eiadne zmeny a budete musie\u0165 zaplati\u0165 zost\u00e1vaj\u00facu sumu za bal\u00ed\u010dky jed\u00e1l a n\u00e1pojov.<\/p>\n<p style=\"text-align: justify;\">10. dodato\u010dn\u00e9 objedn\u00e1vky a zvy\u0161n\u00e9 polo\u017eky sa bud\u00fa rie\u0161i\u0165 v koktailovom bare po skon\u010den\u00ed podujatia.<\/p>\n<\/div>\n<\/div>\n<\/div>\n<\/div>\n<\/div>\n<div  class=\"one withsmallpadding ppb_header\" style=\"text-align:left;padding:30px 0 30px 0;\" >\n<div class=\"standard_wrapper\">\n<div class=\"page_content_wrapper\">\n<div class=\"inner\">\n<div style=\"margin:auto;width:100%\">\n<h2 class=\"ppb_title\" style=\"\">POPLATKY A SLU\u017dBY<\/h2>\n<\/div>\n<\/div>\n<\/div>\n<\/div>\n<\/div>\n<div  class=\"one withsmallpadding ppb_text\" style=\"text-align:left;padding:30px 0 30px 0;\" >\n<div class=\"standard_wrapper\">\n<div class=\"page_content_wrapper\">\n<div class=\"inner\">\n<div style=\"margin:auto;width:100%\">\n<p><span style=\"color: #374151;\">Upozor\u0148ujeme, \u017ee automaticky \u00fa\u010dtujeme pr\u00edplatok za slu\u017eby vo v\u00fd\u0161ke 5% za jedlo a n\u00e1poje, ktor\u00e9 nie s\u00fa zahrnut\u00e9 v cenovej ponuke, a pr\u00edplatok za person\u00e1l vo v\u00fd\u0161ke 1000 EUR v pr\u00edpade podujat\u00ed s menej ako 60 osobami.<\/span><\/p>\n<p>D\u00fafame, \u017ee je v\u0161etko v poriadku s va\u0161ou rezerv\u00e1ciou a d\u00e1tumom, ktor\u00fd ste si vybrali. Ak m\u00e1te ak\u00e9ko\u013evek ot\u00e1zky, nev\u00e1hajte sa obr\u00e1ti\u0165 na na\u0161ich zamestnancov.<\/p>\n<p>\u010eakujeme, \u017ee ste si vybrali hrad F\u00f6ldv\u00e1ry, a te\u0161\u00edme sa, \u017ee sme prispeli k nezabudnute\u013en\u00e9mu d\u0148u.<\/p>\n<\/div>\n<\/div>\n<\/div>\n<\/div>\n<\/div>","protected":false},"excerpt":{"rendered":"<p>Postup rezerv\u00e1cie 1. Vyberte si a zaregistrujte svoj ide\u00e1lny term\u00edn na na\u0161ej webovej str\u00e1nke. To znamen\u00e1, \u017ee ste si term\u00edn u\u017e rezervovali. 2. Vypl\u0148te n\u00e1\u0161 dotazn\u00edk potrieb (kliknite sem), aby sme v\u00e1m mohli poskytn\u00fa\u0165 podrobnej\u0161ie inform\u00e1cie. 3. Po vykonan\u00ed tohto \u00fakonu v\u00e1s bude kontaktova\u0165 \u010dlen n\u00e1\u0161ho t\u00edmu pre pl\u00e1novanie svadieb [...].<\/p>","protected":false},"author":3,"featured_media":0,"parent":0,"menu_order":0,"comment_status":"closed","ping_status":"closed","template":"","meta":{"footnotes":""},"class_list":["post-6509","page","type-page","status-publish","hentry","entry"],"_links":{"self":[{"href":"https:\/\/ottevenyikastely.hu\/sk\/wp-json\/wp\/v2\/pages\/6509","targetHints":{"allow":["GET"]}}],"collection":[{"href":"https:\/\/ottevenyikastely.hu\/sk\/wp-json\/wp\/v2\/pages"}],"about":[{"href":"https:\/\/ottevenyikastely.hu\/sk\/wp-json\/wp\/v2\/types\/page"}],"author":[{"embeddable":true,"href":"https:\/\/ottevenyikastely.hu\/sk\/wp-json\/wp\/v2\/users\/3"}],"replies":[{"embeddable":true,"href":"https:\/\/ottevenyikastely.hu\/sk\/wp-json\/wp\/v2\/comments?post=6509"}],"version-history":[{"count":0,"href":"https:\/\/ottevenyikastely.hu\/sk\/wp-json\/wp\/v2\/pages\/6509\/revisions"}],"wp:attachment":[{"href":"https:\/\/ottevenyikastely.hu\/sk\/wp-json\/wp\/v2\/media?parent=6509"}],"curies":[{"name":"wp","href":"https:\/\/api.w.org\/{rel}","templated":true}]}}