{"id":6517,"date":"2023-09-21T14:26:24","date_gmt":"2023-09-21T12:26:24","guid":{"rendered":"https:\/\/ottevenyikastely.hu\/?page_id=6517"},"modified":"2023-10-05T09:34:04","modified_gmt":"2023-10-05T07:34:04","slug":"booking_proces_english","status":"publish","type":"page","link":"https:\/\/ottevenyikastely.hu\/sk\/booking_proces_english\/","title":{"rendered":"Postup rezerv\u00e1cie Angli\u010dtina"},"content":{"rendered":"<div  class=\"one withsmallpadding ppb_header\" style=\"text-align:left;padding:30px 0 30px 0;\" >\n<div class=\"standard_wrapper\">\n<div class=\"page_content_wrapper\">\n<div class=\"inner\">\n<div style=\"margin:auto;width:100%\">\n<h2 class=\"ppb_title\" style=\"\">PROCES REZERV\u00c1CIE<\/h2>\n<\/div>\n<\/div>\n<\/div>\n<\/div>\n<\/div>\n<div  class=\"one withsmallpadding ppb_text\" style=\"text-align:left;padding:30px 0 30px 0;\" >\n<div class=\"standard_wrapper\">\n<div class=\"page_content_wrapper\">\n<div class=\"inner\">\n<div style=\"margin:auto;width:100%\">\n<p style=\"text-align: justify;\">1. Na na\u0161ej webovej str\u00e1nke si vyberte ide\u00e1lny term\u00edn a zaregistrujte ho. T\u00fdmto krokom ste si u\u017e term\u00edn zabezpe\u010dili.<\/p>\n<p style=\"text-align: justify;\">2. Vypl\u0148te n\u00e1\u0161 dotazn\u00edk na pos\u00fadenie potrieb <a href=\"https:\/\/forms.office.com\/e\/57PcYtssjq\" target=\"_blank\" rel=\"noopener\">(kliknite sem)<\/a> aby sme v\u00e1m mohli poskytn\u00fa\u0165 presnej\u0161ie inform\u00e1cie.<\/p>\n<p style=\"text-align: justify;\">Po dokon\u010den\u00ed t\u00fdchto inform\u00e1ci\u00ed v\u00e1s bude kontaktova\u0165 \u010dlen n\u00e1\u0161ho t\u00edmu pre pl\u00e1novanie svadieb, aby s vami prediskutoval \u010fal\u0161ie kroky a konkr\u00e9tne po\u017eiadavky a n\u00e1sledne pre v\u00e1s pripravil jedine\u010dn\u00fa cenov\u00fa ponuku.<\/p>\n<p>4. Na z\u00e1klade diskusi\u00ed priprav\u00edme Zmluvu o pren\u00e1jme a pl\u00e1novan\u00ed podujatia.<\/p>\n<p style=\"text-align: start;\"><span style=\"text-align: justify;\">5.\u00a0 <\/span>Na z\u00e1klade podmienok uveden\u00fdch v zmluve od v\u00e1s po\u017eadujeme z\u00e1lohu za rezerv\u00e1ciu. Bez zaplatenia z\u00e1lohy je rezerv\u00e1cia neplatn\u00e1, term\u00edn sa automaticky vyma\u017ee a zmluva sa stane neplatnou. Rezerv\u00e1ciu m\u00f4\u017eete bezplatne zru\u0161i\u0165 do 2 mesiacov pred zvolen\u00fdm term\u00ednom, v takom pr\u00edpade v\u00e1m rezerva\u010dn\u00fd poplatok v plnej v\u00fd\u0161ke vr\u00e1time.<\/p>\n<p style=\"text-align: justify;\">6. 2 mesiace pred svadbou je potrebn\u00e9 uhradi\u0165 zvy\u0161n\u00fdch 3000 EUR za pren\u00e1jom hradu. Ak d\u00f4jde k ome\u0161kaniu o viac ako 10 dn\u00ed, rezerv\u00e1cia sa zru\u0161\u00ed a z\u00e1lohu u\u017e nem\u00f4\u017eeme vr\u00e1ti\u0165.<\/p>\n<p style=\"text-align: justify;\">Po zaplaten\u00ed poplatku za pren\u00e1jom hradu mus\u00edte najnesk\u00f4r do nieko\u013ek\u00fdch t\u00fd\u017ed\u0148ov dokon\u010di\u0165 menu a detaily pohostenia s predbe\u017en\u00fdm po\u010dtom os\u00f4b.<\/p>\n<p style=\"text-align: justify;\">8. 2 t\u00fd\u017edne pred ve\u013ek\u00fdm d\u0148om je potrebn\u00e9 zaplati\u0165 50% z ceny bal\u00edka jed\u00e1l a n\u00e1pojov, aby bola rezerv\u00e1cia platn\u00e1.<\/p>\n<p style=\"text-align: justify;\">9. 3 dni pred svadbou mus\u00edte dokon\u010di\u0165 po\u010det os\u00f4b. Po tomto okamihu u\u017e bohu\u017eia\u013e nie s\u00fa mo\u017en\u00e9 zmeny. V tomto \u010dase je tie\u017e potrebn\u00e9 uhradi\u0165 zost\u00e1vaj\u00facu sumu za bal\u00ed\u010dky jed\u00e1l a n\u00e1pojov.<\/p>\n<p style=\"text-align: justify;\">10. Po skon\u010den\u00ed podujatia sa dodato\u010dn\u00e9 objedn\u00e1vky a zvy\u0161n\u00e9 polo\u017eky v koktailovom bare vyrovnaj\u00fa.<\/p>\n<\/div>\n<\/div>\n<\/div>\n<\/div>\n<\/div>\n<div  class=\"one withsmallpadding ppb_header\" style=\"text-align:left;padding:30px 0 30px 0;\" >\n<div class=\"standard_wrapper\">\n<div class=\"page_content_wrapper\">\n<div class=\"inner\">\n<div style=\"margin:auto;width:100%\">\n<h2 class=\"ppb_title\" style=\"\">POPLATKY A SLU\u017dBY<\/h2>\n<\/div>\n<\/div>\n<\/div>\n<\/div>\n<\/div>\n<div  class=\"one withsmallpadding ppb_text\" style=\"text-align:left;padding:30px 0 30px 0;\" >\n<div class=\"standard_wrapper\">\n<div class=\"page_content_wrapper\">\n<div class=\"inner\">\n<div style=\"margin:auto;width:100%\">\n<p><span style=\"color: #374151;\">Upozor\u0148ujeme, \u017ee automaticky pripo\u010d\u00edtavame poplatok 5% za slu\u017eby spojen\u00e9 s jedlom a n\u00e1pojmi, ktor\u00fd nie je zahrnut\u00fd v cenovej ponuke, a v pr\u00edpade podujat\u00ed s menej ako 60 \u00fa\u010dastn\u00edkmi \u00fa\u010dtujeme dodato\u010dn\u00fd poplatok za person\u00e1l vo v\u00fd\u0161ke 1000 EUR.<\/span><\/p>\n<p>D\u00fafame, \u017ee s va\u0161ou rezerv\u00e1ciou a zvolen\u00fdm term\u00ednom je v\u0161etko v poriadku. Ak m\u00e1te ak\u00e9ko\u013evek ot\u00e1zky, nev\u00e1hajte sa obr\u00e1ti\u0165 na na\u0161ich zamestnancov.<\/p>\n<p>\u010eakujeme, \u017ee ste si vybrali z\u00e1mok F\u00f6ldv\u00e1ry, a te\u0161\u00edme sa, \u017ee budeme m\u00f4c\u0165 prispie\u0165 k tomu, aby bol v\u00e1\u0161 ve\u013ek\u00fd de\u0148 nezabudnute\u013en\u00fd.<\/p>\n<\/div>\n<\/div>\n<\/div>\n<\/div>\n<\/div>","protected":false},"excerpt":{"rendered":"<p>POSTUP REZERV\u00c1CIE 1. Na na\u0161ej webovej str\u00e1nke si vyberte ide\u00e1lny term\u00edn a zaregistrujte ho. T\u00fdmto ste si u\u017e term\u00edn zabezpe\u010dili. 2. Vypl\u0148te n\u00e1\u0161 dotazn\u00edk na pos\u00fadenie potrieb (kliknite sem), aby sme v\u00e1m mohli poskytn\u00fa\u0165 presnej\u0161ie inform\u00e1cie. 3. Po jeho vyplnen\u00ed v\u00e1m \u010dlen n\u00e1\u0161ho svadobn\u00e9ho [...]<\/p>","protected":false},"author":3,"featured_media":0,"parent":0,"menu_order":0,"comment_status":"closed","ping_status":"closed","template":"","meta":{"footnotes":""},"class_list":["post-6517","page","type-page","status-publish","hentry","entry"],"_links":{"self":[{"href":"https:\/\/ottevenyikastely.hu\/sk\/wp-json\/wp\/v2\/pages\/6517","targetHints":{"allow":["GET"]}}],"collection":[{"href":"https:\/\/ottevenyikastely.hu\/sk\/wp-json\/wp\/v2\/pages"}],"about":[{"href":"https:\/\/ottevenyikastely.hu\/sk\/wp-json\/wp\/v2\/types\/page"}],"author":[{"embeddable":true,"href":"https:\/\/ottevenyikastely.hu\/sk\/wp-json\/wp\/v2\/users\/3"}],"replies":[{"embeddable":true,"href":"https:\/\/ottevenyikastely.hu\/sk\/wp-json\/wp\/v2\/comments?post=6517"}],"version-history":[{"count":0,"href":"https:\/\/ottevenyikastely.hu\/sk\/wp-json\/wp\/v2\/pages\/6517\/revisions"}],"wp:attachment":[{"href":"https:\/\/ottevenyikastely.hu\/sk\/wp-json\/wp\/v2\/media?parent=6517"}],"curies":[{"name":"wp","href":"https:\/\/api.w.org\/{rel}","templated":true}]}}