{"id":8683,"date":"2024-07-24T09:06:02","date_gmt":"2024-07-24T07:06:02","guid":{"rendered":"https:\/\/ottevenyikastely.hu\/?page_id=8683"},"modified":"2026-01-16T19:57:35","modified_gmt":"2026-01-16T18:57:35","slug":"foto-es-video","status":"publish","type":"page","link":"https:\/\/ottevenyikastely.hu\/sk\/foto-es-video\/","title":{"rendered":"Foto a video"},"content":{"rendered":"<div data-elementor-type=\"wp-page\" data-elementor-id=\"8683\" class=\"elementor elementor-8683\" data-elementor-post-type=\"page\">\n\t\t\t\t<div class=\"elementor-element elementor-element-5549e59 e-con-full e-flex e-con e-parent\" data-id=\"5549e59\" data-element_type=\"container\" data-e-type=\"container\" data-settings=\"{&quot;background_background&quot;:&quot;classic&quot;}\">\n\t\t<div class=\"elementor-element elementor-element-662996b e-con-full e-flex e-con e-child\" data-id=\"662996b\" data-element_type=\"container\" data-e-type=\"container\">\n\t\t\t\t<div class=\"elementor-element elementor-element-0aa4627 elementor-widget elementor-widget-heading\" data-id=\"0aa4627\" data-element_type=\"widget\" data-e-type=\"widget\" data-widget_type=\"heading.default\">\n\t\t\t\t<div class=\"elementor-widget-container\">\n\t\t\t\t\t<h1 class=\"elementor-heading-title elementor-size-default\">Fotografovanie a videografia <\/h1>\t\t\t\t<\/div>\n\t\t\t\t<\/div>\n\t\t\t\t<div class=\"elementor-element elementor-element-bbc075a elementor-widget elementor-widget-text-editor\" data-id=\"bbc075a\" data-element_type=\"widget\" data-e-type=\"widget\" data-widget_type=\"text-editor.default\">\n\t\t\t\t<div class=\"elementor-widget-container\">\n\t\t\t\t\t\t\t\t\t<p><span class=\"TextRun SCXW60761869 BCX8\" lang=\"HU-HU\" xml:lang=\"HU-HU\" data-contrast=\"auto\"><span class=\"NormalTextRun SCXW60761869 BCX8\">Cs<\/span><span class=\"NormalTextRun SCXW60761869 BCX8\">o<\/span><span class=\"NormalTextRun SCXW60761869 BCX8\">n\u00e1dhern\u00e9 miesto na fotografovanie a<\/span><span class=\"NormalTextRun SCXW60761869 BCX8\">i<\/span><span class=\"NormalTextRun SCXW60761869 BCX8\">na v\u00fdrobu dezodorantu<\/span><\/span><span class=\"EOP SCXW60761869 BCX8\" data-ccp-props=\"{}\">\u00a0<\/span><\/p>\t\t\t\t\t\t\t\t<\/div>\n\t\t\t\t<\/div>\n\t\t\t\t<\/div>\n\t\t\t\t<\/div>\n\t\t<div class=\"elementor-element elementor-element-455016c e-con-full e-flex e-con e-parent\" data-id=\"455016c\" data-element_type=\"container\" data-e-type=\"container\" data-settings=\"{&quot;background_background&quot;:&quot;classic&quot;}\">\n\t\t<div class=\"elementor-element elementor-element-bc294a8 e-con-full e-flex e-con e-child\" data-id=\"bc294a8\" data-element_type=\"container\" data-e-type=\"container\" data-settings=\"{&quot;background_background&quot;:&quot;classic&quot;}\">\n\t\t\t\t<div class=\"elementor-element elementor-element-65f1353 elementor-hidden-desktop elementor-widget elementor-widget-image\" data-id=\"65f1353\" data-element_type=\"widget\" data-e-type=\"widget\" data-widget_type=\"image.default\">\n\t\t\t\t<div class=\"elementor-widget-container\">\n\t\t\t\t\t\t\t\t\t\t\t\t\t\t\t<img fetchpriority=\"high\" decoding=\"async\" width=\"2560\" height=\"2044\" src=\"https:\/\/ottevenyikastely.hu\/wp-content\/uploads\/2024\/07\/IMG_4678-scaled.jpeg\" class=\"attachment-full size-full wp-image-8519\" alt=\"\" srcset=\"https:\/\/ottevenyikastely.hu\/wp-content\/uploads\/2024\/07\/IMG_4678-scaled.jpeg 2560w, https:\/\/ottevenyikastely.hu\/wp-content\/uploads\/2024\/07\/IMG_4678-300x240.jpeg 300w, https:\/\/ottevenyikastely.hu\/wp-content\/uploads\/2024\/07\/IMG_4678-1024x818.jpeg 1024w, https:\/\/ottevenyikastely.hu\/wp-content\/uploads\/2024\/07\/IMG_4678-768x613.jpeg 768w, https:\/\/ottevenyikastely.hu\/wp-content\/uploads\/2024\/07\/IMG_4678-1536x1226.jpeg 1536w, https:\/\/ottevenyikastely.hu\/wp-content\/uploads\/2024\/07\/IMG_4678-2048x1635.jpeg 2048w, https:\/\/ottevenyikastely.hu\/wp-content\/uploads\/2024\/07\/IMG_4678-15x12.jpeg 15w\" sizes=\"(max-width: 2560px) 100vw, 2560px\" title=\"\">\t\t\t\t\t\t\t\t\t\t\t\t\t\t\t<\/div>\n\t\t\t\t<\/div>\n\t\t\t\t<div class=\"elementor-element elementor-element-eac7be6 elementor-widget elementor-widget-heading\" data-id=\"eac7be6\" data-element_type=\"widget\" data-e-type=\"widget\" data-widget_type=\"heading.default\">\n\t\t\t\t<div class=\"elementor-widget-container\">\n\t\t\t\t\t<h1 class=\"elementor-heading-title elementor-size-default\">V\u00ddBORN\u00c1 LOKALITA NA M\u00d3DNE A SVADOBN\u00c9 FOTOGRAFIE <\/h1>\t\t\t\t<\/div>\n\t\t\t\t<\/div>\n\t\t\t\t<div class=\"elementor-element elementor-element-a8e9bc4 elementor-widget elementor-widget-text-editor\" data-id=\"a8e9bc4\" data-element_type=\"widget\" data-e-type=\"widget\" data-widget_type=\"text-editor.default\">\n\t\t\t\t<div class=\"elementor-widget-container\">\n\t\t\t\t\t\t\t\t\t<p><span data-contrast=\"auto\">F\u00f6ldv\u00e1ry Z\u00e1mok, ide\u00e1lne miesto na romantick\u00e9 a elegantn\u00e9 svadobn\u00e9 a m\u00f3dne fotografovanie. Sofistikovan\u00e9 interi\u00e9ry budovy, roz\u013eahl\u00e9, luxusn\u00e9 miestnosti a po\u0165ahy Versace a tapety Roberto Cavalli prispievaj\u00fa k vytvoreniu jedine\u010dn\u00fdch a \u0161t\u00fdlov\u00fdch fotografi\u00ed. Okolit\u00fd z\u00e1mock\u00fd park s n\u00e1dhern\u00fdmi kvetmi a udr\u017eiavan\u00fdmi chodn\u00edkmi je ide\u00e1lny na snov\u00e9 fotografie v exteri\u00e9ri pri prirodzenom svetle. Svadobn\u00fd pavil\u00f3n z\u00e1mku navy\u0161e poskytuje novoman\u017eelom \u010darovn\u00e9 pozadie, ktor\u00e9 zaru\u010duje, \u017ee fotenie bude nezabudnute\u013en\u00e9 a jedine\u010dn\u00e9.<\/span><span data-ccp-props=\"{}\">\u00a0<\/span><\/p><p><span data-contrast=\"auto\">Na fotografovanie v exteri\u00e9ri nie je potrebn\u00e1 rezerv\u00e1cia, kontaktujte info@foldvarykastely.hu.<\/span><span data-ccp-props=\"{}\">\u00a0<\/span><\/p>\t\t\t\t\t\t\t\t<\/div>\n\t\t\t\t<\/div>\n\t\t\t\t<\/div>\n\t\t<div class=\"elementor-element elementor-element-2f4f8ba e-con-full elementor-hidden-tablet elementor-hidden-mobile e-flex e-con e-child\" data-id=\"2f4f8ba\" data-element_type=\"container\" data-e-type=\"container\">\n\t\t\t\t<div class=\"elementor-element elementor-element-ffb9f30 elementor-widget elementor-widget-image\" data-id=\"ffb9f30\" data-element_type=\"widget\" data-e-type=\"widget\" data-widget_type=\"image.default\">\n\t\t\t\t<div class=\"elementor-widget-container\">\n\t\t\t\t\t\t\t\t\t\t\t\t\t\t\t<img fetchpriority=\"high\" decoding=\"async\" width=\"2560\" height=\"2044\" src=\"https:\/\/ottevenyikastely.hu\/wp-content\/uploads\/2024\/07\/IMG_4678-scaled.jpeg\" class=\"attachment-full size-full wp-image-8519\" alt=\"\" srcset=\"https:\/\/ottevenyikastely.hu\/wp-content\/uploads\/2024\/07\/IMG_4678-scaled.jpeg 2560w, https:\/\/ottevenyikastely.hu\/wp-content\/uploads\/2024\/07\/IMG_4678-300x240.jpeg 300w, https:\/\/ottevenyikastely.hu\/wp-content\/uploads\/2024\/07\/IMG_4678-1024x818.jpeg 1024w, https:\/\/ottevenyikastely.hu\/wp-content\/uploads\/2024\/07\/IMG_4678-768x613.jpeg 768w, https:\/\/ottevenyikastely.hu\/wp-content\/uploads\/2024\/07\/IMG_4678-1536x1226.jpeg 1536w, https:\/\/ottevenyikastely.hu\/wp-content\/uploads\/2024\/07\/IMG_4678-2048x1635.jpeg 2048w, https:\/\/ottevenyikastely.hu\/wp-content\/uploads\/2024\/07\/IMG_4678-15x12.jpeg 15w\" sizes=\"(max-width: 2560px) 100vw, 2560px\" title=\"\">\t\t\t\t\t\t\t\t\t\t\t\t\t\t\t<\/div>\n\t\t\t\t<\/div>\n\t\t\t\t<div class=\"elementor-element elementor-element-9a8c189 elementor-widget elementor-widget-image\" data-id=\"9a8c189\" data-element_type=\"widget\" data-e-type=\"widget\" data-widget_type=\"image.default\">\n\t\t\t\t<div class=\"elementor-widget-container\">\n\t\t\t\t\t\t\t\t\t\t\t\t<figure class=\"wp-caption\">\n\t\t\t\t\t\t\t\t\t\t<img decoding=\"async\" width=\"2040\" height=\"2560\" src=\"https:\/\/ottevenyikastely.hu\/wp-content\/uploads\/2024\/07\/IMG_5223-1-scaled.jpeg\" class=\"attachment-full size-full wp-image-8516\" alt=\"\" srcset=\"https:\/\/ottevenyikastely.hu\/wp-content\/uploads\/2024\/07\/IMG_5223-1-scaled.jpeg 2040w, https:\/\/ottevenyikastely.hu\/wp-content\/uploads\/2024\/07\/IMG_5223-1-239x300.jpeg 239w, https:\/\/ottevenyikastely.hu\/wp-content\/uploads\/2024\/07\/IMG_5223-1-816x1024.jpeg 816w, https:\/\/ottevenyikastely.hu\/wp-content\/uploads\/2024\/07\/IMG_5223-1-768x964.jpeg 768w, https:\/\/ottevenyikastely.hu\/wp-content\/uploads\/2024\/07\/IMG_5223-1-1224x1536.jpeg 1224w, https:\/\/ottevenyikastely.hu\/wp-content\/uploads\/2024\/07\/IMG_5223-1-1632x2048.jpeg 1632w, https:\/\/ottevenyikastely.hu\/wp-content\/uploads\/2024\/07\/IMG_5223-1-10x12.jpeg 10w\" sizes=\"(max-width: 2040px) 100vw, 2040px\" title=\"\">\t\t\t\t\t\t\t\t\t\t\t<figcaption class=\"widget-image-caption wp-caption-text\">Fotografovanie na Rouge Avenue<\/figcaption>\n\t\t\t\t\t\t\t\t\t\t<\/figure>\n\t\t\t\t\t\t\t\t\t<\/div>\n\t\t\t\t<\/div>\n\t\t\t\t<\/div>\n\t\t\t\t<\/div>\n\t\t<div class=\"elementor-element elementor-element-d496fd6 e-con-full e-flex e-con e-parent\" data-id=\"d496fd6\" data-element_type=\"container\" data-e-type=\"container\" data-settings=\"{&quot;background_background&quot;:&quot;classic&quot;}\">\n\t\t<div class=\"elementor-element elementor-element-048de25 e-con-full elementor-hidden-tablet elementor-hidden-mobile e-flex e-con e-child\" data-id=\"048de25\" data-element_type=\"container\" data-e-type=\"container\">\n\t\t\t\t<div class=\"elementor-element elementor-element-996e1a9 elementor-widget elementor-widget-image\" data-id=\"996e1a9\" data-element_type=\"widget\" data-e-type=\"widget\" data-widget_type=\"image.default\">\n\t\t\t\t<div class=\"elementor-widget-container\">\n\t\t\t\t\t\t\t\t\t\t\t\t\t\t\t<img decoding=\"async\" width=\"2560\" height=\"1440\" src=\"https:\/\/ottevenyikastely.hu\/wp-content\/uploads\/2024\/07\/IMG_0670-1-scaled.jpeg\" class=\"attachment-full size-full wp-image-8523\" alt=\"\" srcset=\"https:\/\/ottevenyikastely.hu\/wp-content\/uploads\/2024\/07\/IMG_0670-1-scaled.jpeg 2560w, https:\/\/ottevenyikastely.hu\/wp-content\/uploads\/2024\/07\/IMG_0670-1-300x169.jpeg 300w, https:\/\/ottevenyikastely.hu\/wp-content\/uploads\/2024\/07\/IMG_0670-1-1024x576.jpeg 1024w, https:\/\/ottevenyikastely.hu\/wp-content\/uploads\/2024\/07\/IMG_0670-1-768x432.jpeg 768w, https:\/\/ottevenyikastely.hu\/wp-content\/uploads\/2024\/07\/IMG_0670-1-1536x864.jpeg 1536w, https:\/\/ottevenyikastely.hu\/wp-content\/uploads\/2024\/07\/IMG_0670-1-2048x1152.jpeg 2048w, https:\/\/ottevenyikastely.hu\/wp-content\/uploads\/2024\/07\/IMG_0670-1-18x10.jpeg 18w, https:\/\/ottevenyikastely.hu\/wp-content\/uploads\/2024\/07\/IMG_0670-1-800x450.jpeg 800w\" sizes=\"(max-width: 2560px) 100vw, 2560px\" title=\"\">\t\t\t\t\t\t\t\t\t\t\t\t\t\t\t<\/div>\n\t\t\t\t<\/div>\n\t\t\t\t<div class=\"elementor-element elementor-element-78cf87c elementor-widget elementor-widget-image\" data-id=\"78cf87c\" data-element_type=\"widget\" data-e-type=\"widget\" data-widget_type=\"image.default\">\n\t\t\t\t<div class=\"elementor-widget-container\">\n\t\t\t\t\t\t\t\t\t\t\t\t<figure class=\"wp-caption\">\n\t\t\t\t\t\t\t\t\t\t<img loading=\"lazy\" decoding=\"async\" width=\"1920\" height=\"2560\" src=\"https:\/\/ottevenyikastely.hu\/wp-content\/uploads\/2024\/07\/IMG_0668-scaled.jpeg\" class=\"attachment-full size-full wp-image-8524\" alt=\"\" srcset=\"https:\/\/ottevenyikastely.hu\/wp-content\/uploads\/2024\/07\/IMG_0668-scaled.jpeg 1920w, https:\/\/ottevenyikastely.hu\/wp-content\/uploads\/2024\/07\/IMG_0668-225x300.jpeg 225w, https:\/\/ottevenyikastely.hu\/wp-content\/uploads\/2024\/07\/IMG_0668-768x1024.jpeg 768w, https:\/\/ottevenyikastely.hu\/wp-content\/uploads\/2024\/07\/IMG_0668-1152x1536.jpeg 1152w, https:\/\/ottevenyikastely.hu\/wp-content\/uploads\/2024\/07\/IMG_0668-1536x2048.jpeg 1536w, https:\/\/ottevenyikastely.hu\/wp-content\/uploads\/2024\/07\/IMG_0668-9x12.jpeg 9w\" sizes=\"(max-width: 1920px) 100vw, 1920px\" title=\"\">\t\t\t\t\t\t\t\t\t\t\t<figcaption class=\"widget-image-caption wp-caption-text\">Stre\u013eba v kuchyni po\u013eovn\u00edkov<\/figcaption>\n\t\t\t\t\t\t\t\t\t\t<\/figure>\n\t\t\t\t\t\t\t\t\t<\/div>\n\t\t\t\t<\/div>\n\t\t\t\t<\/div>\n\t\t<div class=\"elementor-element elementor-element-a064a48 e-con-full e-flex e-con e-child\" data-id=\"a064a48\" data-element_type=\"container\" data-e-type=\"container\" data-settings=\"{&quot;background_background&quot;:&quot;classic&quot;}\">\n\t\t\t\t<div class=\"elementor-element elementor-element-e442ae7 elementor-hidden-desktop elementor-widget elementor-widget-image\" data-id=\"e442ae7\" data-element_type=\"widget\" data-e-type=\"widget\" data-widget_type=\"image.default\">\n\t\t\t\t<div class=\"elementor-widget-container\">\n\t\t\t\t\t\t\t\t\t\t\t\t\t\t\t<img decoding=\"async\" width=\"2560\" height=\"1440\" src=\"https:\/\/ottevenyikastely.hu\/wp-content\/uploads\/2024\/07\/IMG_0670-1-scaled.jpeg\" class=\"attachment-full size-full wp-image-8523\" alt=\"\" srcset=\"https:\/\/ottevenyikastely.hu\/wp-content\/uploads\/2024\/07\/IMG_0670-1-scaled.jpeg 2560w, https:\/\/ottevenyikastely.hu\/wp-content\/uploads\/2024\/07\/IMG_0670-1-300x169.jpeg 300w, https:\/\/ottevenyikastely.hu\/wp-content\/uploads\/2024\/07\/IMG_0670-1-1024x576.jpeg 1024w, https:\/\/ottevenyikastely.hu\/wp-content\/uploads\/2024\/07\/IMG_0670-1-768x432.jpeg 768w, https:\/\/ottevenyikastely.hu\/wp-content\/uploads\/2024\/07\/IMG_0670-1-1536x864.jpeg 1536w, https:\/\/ottevenyikastely.hu\/wp-content\/uploads\/2024\/07\/IMG_0670-1-2048x1152.jpeg 2048w, https:\/\/ottevenyikastely.hu\/wp-content\/uploads\/2024\/07\/IMG_0670-1-18x10.jpeg 18w, https:\/\/ottevenyikastely.hu\/wp-content\/uploads\/2024\/07\/IMG_0670-1-800x450.jpeg 800w\" sizes=\"(max-width: 2560px) 100vw, 2560px\" title=\"\">\t\t\t\t\t\t\t\t\t\t\t\t\t\t\t<\/div>\n\t\t\t\t<\/div>\n\t\t\t\t<div class=\"elementor-element elementor-element-ec06e15 elementor-widget elementor-widget-heading\" data-id=\"ec06e15\" data-element_type=\"widget\" data-e-type=\"widget\" data-widget_type=\"heading.default\">\n\t\t\t\t<div class=\"elementor-widget-container\">\n\t\t\t\t\t<h1 class=\"elementor-heading-title elementor-size-default\">IDE\u00c1LNE MIESTO NA NAT\u00c1\u010cANIE <\/h1>\t\t\t\t<\/div>\n\t\t\t\t<\/div>\n\t\t\t\t<div class=\"elementor-element elementor-element-f504b3f elementor-widget elementor-widget-text-editor\" data-id=\"f504b3f\" data-element_type=\"widget\" data-e-type=\"widget\" data-widget_type=\"text-editor.default\">\n\t\t\t\t<div class=\"elementor-widget-container\">\n\t\t\t\t\t\t\t\t\t<p><span class=\"TextRun SCXW184749171 BCX8\" lang=\"HU-HU\" xml:lang=\"HU-HU\" data-contrast=\"auto\"><span class=\"NormalTextRun SCXW184749171 BCX8\">A <\/span><span class=\"NormalTextRun SpellingErrorV2Themed SCXW184749171 BCX8\">F\u00f6ldv\u00e1ry<\/span><span class=\"NormalTextRun SCXW184749171 BCX8\">-k<\/span><span class=\"NormalTextRun SCXW184749171 BCX8\">Ast\u00e9ly, jedna z per\u00e1l Ma\u010farska, je ide\u00e1lnou vo\u013ebou pre filmov\u00e9 lokality. Nach\u00e1dza sa 141 km od Budape\u0161ti, v bl\u00edzkosti dia\u013enice M1, v smere na Gy\u0151r. P\u00f4sobivo zrekon\u0161truovan\u00fd z\u00e1mok postaven\u00fd v roku 1870 a jeho rozsiahly, dobre udr\u017eiavan\u00fd park poskytuj\u00fa vynikaj\u00face kulisy pre historick\u00e9 aj modern\u00e9 filmy. Autentick\u00e9 zariadenie a v\u00fdzdoba z\u00e1mku, ako aj jeho modern\u00e9 technick\u00e9 vybavenie prispievaj\u00fa k bezprobl\u00e9mov\u00e9mu filmovaniu. A <\/span><span class=\"NormalTextRun SpellingErrorV2Themed SCXW184749171 BCX8\">F\u00f6ldv\u00e1ry<\/span><span class=\"NormalTextRun SCXW184749171 BCX8\">-k<\/span><span class=\"NormalTextRun SCXW184749171 BCX8\">ast\u00e9ly nikdy nehral vo ve\u013ekom filme, tak\u017ee <\/span><span class=\"NormalTextRun SCXW184749171 BCX8\">u<\/span><span class=\"NormalTextRun SCXW184749171 BCX8\">nikum pre v\u00fdrobcov <\/span><span class=\"NormalTextRun SCXW184749171 BCX8\">pre<\/span><span class=\"NormalTextRun SCXW184749171 BCX8\">.<\/span><\/span><span class=\"EOP SCXW184749171 BCX8\" data-ccp-props=\"{}\">\u00a0<\/span><\/p>\t\t\t\t\t\t\t\t<\/div>\n\t\t\t\t<\/div>\n\t\t\t\t<\/div>\n\t\t\t\t<\/div>\n\t\t\t\t<\/div>","protected":false},"excerpt":{"rendered":"<p>Fotografovanie a videofotografia N\u00e1dhern\u00e9 miesto na fotografovanie a videofotografovanie VYNIKAJ\u00daCE MIESTO NA SVADOBN\u00c9 A SVADOBN\u00c9 FOTOGRAFOVANIE Hrad F\u00f6ldv\u00e1ry je ide\u00e1lnym miestom na romantick\u00e9 a elegantn\u00e9 svadobn\u00e9 a m\u00f3dne fotografovanie. Sofistikovan\u00e9 interi\u00e9ry budovy, roz\u013eahl\u00e9, luxusn\u00e9 miestnosti a po\u0165ahy Versace a tapety Roberto Cavalli prispievaj\u00fa k vytvoreniu jedine\u010dn\u00fdch a \u0161t\u00fdlov\u00fdch fotografi\u00ed. Okolit\u00e9 prostredie [...]<\/p>","protected":false},"author":3,"featured_media":0,"parent":0,"menu_order":0,"comment_status":"closed","ping_status":"closed","template":"elementor_header_footer","meta":{"footnotes":""},"class_list":["post-8683","page","type-page","status-publish","hentry","entry"],"_links":{"self":[{"href":"https:\/\/ottevenyikastely.hu\/sk\/wp-json\/wp\/v2\/pages\/8683","targetHints":{"allow":["GET"]}}],"collection":[{"href":"https:\/\/ottevenyikastely.hu\/sk\/wp-json\/wp\/v2\/pages"}],"about":[{"href":"https:\/\/ottevenyikastely.hu\/sk\/wp-json\/wp\/v2\/types\/page"}],"author":[{"embeddable":true,"href":"https:\/\/ottevenyikastely.hu\/sk\/wp-json\/wp\/v2\/users\/3"}],"replies":[{"embeddable":true,"href":"https:\/\/ottevenyikastely.hu\/sk\/wp-json\/wp\/v2\/comments?post=8683"}],"version-history":[{"count":15,"href":"https:\/\/ottevenyikastely.hu\/sk\/wp-json\/wp\/v2\/pages\/8683\/revisions"}],"predecessor-version":[{"id":14679,"href":"https:\/\/ottevenyikastely.hu\/sk\/wp-json\/wp\/v2\/pages\/8683\/revisions\/14679"}],"wp:attachment":[{"href":"https:\/\/ottevenyikastely.hu\/sk\/wp-json\/wp\/v2\/media?parent=8683"}],"curies":[{"name":"wp","href":"https:\/\/api.w.org\/{rel}","templated":true}]}}