{"id":9604,"date":"2024-10-05T17:44:17","date_gmt":"2024-10-05T15:44:17","guid":{"rendered":"https:\/\/ottevenyikastely.hu\/?page_id=9604"},"modified":"2024-10-05T18:20:23","modified_gmt":"2024-10-05T16:20:23","slug":"martinska-husacia-vecera","status":"publish","type":"page","link":"https:\/\/ottevenyikastely.hu\/sk\/martinska-husacia-vecera\/","title":{"rendered":"Martinsk\u00e1 husacia ve\u010dera"},"content":{"rendered":"<div data-elementor-type=\"wp-page\" data-elementor-id=\"9604\" class=\"elementor elementor-9604\" data-elementor-post-type=\"page\">\n\t\t\t\t<div class=\"elementor-element elementor-element-74707cd e-flex e-con-boxed e-con e-parent\" data-id=\"74707cd\" data-element_type=\"container\" data-e-type=\"container\">\n\t\t\t\t\t<div class=\"e-con-inner\">\n\t\t\t\t<div class=\"elementor-element elementor-element-9f55229 elementor-widget elementor-widget-heading\" data-id=\"9f55229\" data-element_type=\"widget\" data-e-type=\"widget\" data-widget_type=\"heading.default\">\n\t\t\t\t<div class=\"elementor-widget-container\">\n\t\t\t\t\t<h2 class=\"elementor-heading-title elementor-size-default\">Husacia ve\u010dera a ochutn\u00e1vka v\u00edna<\/h2>\t\t\t\t<\/div>\n\t\t\t\t<\/div>\n\t\t\t\t<div class=\"elementor-element elementor-element-a09e5b7 elementor-widget elementor-widget-text-editor\" data-id=\"a09e5b7\" data-element_type=\"widget\" data-e-type=\"widget\" data-widget_type=\"text-editor.default\">\n\t\t\t\t<div class=\"elementor-widget-container\">\n\t\t\t\t\t\t\t\t\t<p><em>Piatok 8. novembra 2024<\/em><\/p><p>Pripravte sa na nezabudnute\u013en\u00fd gastronomick\u00fd a vin\u00e1rsky z\u00e1\u017eitok, kde sa stretn\u00fa najnov\u0161ie v\u00edna vin\u00e1rskej oblasti Pannonhalma s v\u00fdtvormi hradn\u00e9ho majstra kuch\u00e1ra! \u0160peci\u00e1lny ve\u010der na hrade \u00d6ttev\u00e9nyi F\u00f6ldv\u00e1ry nie je len Gurm\u00e1nska liba ve\u010dera - je to Dom v\u00edna Pannonhalmsk\u00e9ho op\u00e1tstva, ktor\u00fd predstavuje p\u00fdchy n\u00e1\u0161ho regi\u00f3nu, najnov\u0161ie vlajkov\u00e9 v\u00edna.<\/p><p>Objavte stretnutie martinsk\u00fdch trad\u00edci\u00ed a jedine\u010dnej gastron\u00f3mie hradu na tomto ve\u013ekolepom mieste, vysk\u00fa\u0161ajte n\u00e1s!<\/p><ul><li><strong>Predjedlo<\/strong>: Plnen\u00e9 husi<\/li><li><strong>Odvody<\/strong>: Kr\u00e9mov\u00e1 polievka s estrag\u00f3nom a limetkou<\/li><li><strong>Hlavn\u00e9 jedlo<\/strong>: Plnen\u00e1 \u0161tvrtina husi so \u0161ampansk\u00fdm dusenou kapustou, zemiakovou ka\u0161ou s cibu\u013eou<\/li><li><strong>Dezert<\/strong>: \u013dudov\u00fd kol\u00e1\u010d<\/li><\/ul><p><strong>Rezerv\u00e1cie<\/strong><br \/>Miesto na podujat\u00ed si m\u00f4\u017eete rezervova\u0165 tu. Upozor\u0148ujeme, \u017ee k dispoz\u00edcii s\u00fa okr\u00fahle stoly pre 6-8 os\u00f4b. Ak je rezervovan\u00fdch menej ako 6 os\u00f4b, m\u00f4\u017eu sa podeli\u0165 o v\u00e4\u010d\u0161\u00ed st\u00f4l s in\u00fdmi hos\u0165ami.<\/p><p><strong>Podrobnosti o podujat\u00ed<\/strong><br \/>Po ve\u010deri sa na \u00fasvite za\u010dne p\u00e1rty so super DJ-om, ktor\u00fd sa postar\u00e1 o z\u00e1bavu. Cena za ve\u010der <strong>29 500 Ft \/ osoba<\/strong>, ktor\u00e1 zah\u0155\u0148a gurm\u00e1nsku husiu misu, ochutn\u00e1vku v\u00edn Pannonhalma a v\u0161etky nealkoholick\u00e9 n\u00e1poje. Po ve\u010deri je bar otvoren\u00fd pre platiacich host\u00ed.<\/p><p>Nenechajte si ujs\u0165 t\u00fato jedine\u010dn\u00fa pr\u00edle\u017eitos\u0165, kde sa stret\u00e1va gastron\u00f3mia a v\u00edno na historickom mieste!<\/p>\t\t\t\t\t\t\t\t<\/div>\n\t\t\t\t<\/div>\n\t\t\t\t\t<\/div>\n\t\t\t\t<\/div>\n\t\t<div class=\"elementor-element elementor-element-764c35e e-flex e-con-boxed e-con e-parent\" data-id=\"764c35e\" data-element_type=\"container\" data-e-type=\"container\">\n\t\t\t\t\t<div class=\"e-con-inner\">\n\t\t\t\t<div class=\"elementor-element elementor-element-6bfa0cf elementor-widget elementor-widget-image\" data-id=\"6bfa0cf\" data-element_type=\"widget\" data-e-type=\"widget\" data-widget_type=\"image.default\">\n\t\t\t\t<div class=\"elementor-widget-container\">\n\t\t\t\t\t\t\t\t\t\t\t\t\t\t\t<img fetchpriority=\"high\" decoding=\"async\" width=\"1024\" height=\"1024\" src=\"https:\/\/ottevenyikastely.hu\/wp-content\/uploads\/2024\/10\/DALL-E-2024-10-05-17.38.57-A-promotional-poster-for-a-goose-themed-event-at-Ottevenyi-Foldvary-Castle-featuring-a-Hungarian-domestic-goose-as-the-central-image.-The-design-shou.webp\" class=\"attachment-large size-large wp-image-9605\" alt=\"\" srcset=\"\" sizes=\"(max-width: 1024px) 100vw, 1024px\" title=\"\" data-srcset=\"\">\t\t\t\t\t\t\t\t\t\t\t\t\t\t\t<\/div>\n\t\t\t\t<\/div>\n\t\t\t\t<div class=\"elementor-element elementor-element-d7061e4 elementor-widget elementor-widget-text-editor\" data-id=\"d7061e4\" data-element_type=\"widget\" data-e-type=\"widget\" data-widget_type=\"text-editor.default\">\n\t\t\t\t<div class=\"elementor-widget-container\">\n\t\t\t\t\t\t\t\t\t<p><strong>Vin\u00e1rstvo Pannonhalmi - stretnutie trad\u00edcie a inov\u00e1cie<\/strong><\/p><p>Vin\u00e1rstvo Pannonhalmi je d\u00f4stojn\u00fdm pokra\u010dovate\u013eom vin\u00e1rskych a enologick\u00fdch trad\u00edci\u00ed op\u00e1tstva Pannonhalmi s viac ako tis\u00edcro\u010dnou hist\u00f3riou. Osobitn\u00e9 klimatick\u00e9 a p\u00f4dne podmienky vin\u00e1rskej oblasti umo\u017e\u0148uj\u00fa v\u00fdrobu v\u00edn vynikaj\u00facej kvality. Op\u00e1tsky v\u00ednny dom je hrd\u00fd na to, \u017ee vyr\u00e1ba svoje v\u00edna s vyu\u017eit\u00edm modern\u00fdch technol\u00f3gi\u00ed, ale s re\u0161pektom k trad\u00edci\u00e1m a reprezentuje nielen vin\u00e1rsku kult\u00faru regi\u00f3nu, ale aj krajiny.<\/p><p>Na podujat\u00ed sa predstav\u00ed najnov\u0161ie v\u00edno vin\u00e1rstva M\u00e1rtonnapi, ktor\u00e9 odr\u00e1\u017ea jedine\u010dn\u00fd charakter a miestne vlastnosti regi\u00f3nu Pannonhalma. Toto v\u00edno m\u00e1 svie\u017eu ovocn\u00fa chu\u0165 a rafinovan\u00fa kyselinku, ktor\u00e1 dokonale dopln\u00ed chod ve\u010dere. T\u00fdmto nov\u00fdm produktom chce vin\u00e1rstvo e\u0161te viac posilni\u0165 dobr\u00e9 meno vin\u00e1rskej oblasti Pannonhalmi na n\u00e1rodnom a medzin\u00e1rodnom trhu s v\u00ednom.<\/p>\t\t\t\t\t\t\t\t<\/div>\n\t\t\t\t<\/div>\n\t\t\t\t<div class=\"elementor-element elementor-element-3ebc48b elementor-widget elementor-widget-image\" data-id=\"3ebc48b\" data-element_type=\"widget\" data-e-type=\"widget\" data-widget_type=\"image.default\">\n\t\t\t\t<div class=\"elementor-widget-container\">\n\t\t\t\t\t\t\t\t\t\t\t\t\t\t\t<img decoding=\"async\" src=\"https:\/\/ottevenyikastely.hu\/wp-content\/uploads\/2024\/10\/pannonhalmabor2.jpeg\" title=\"\" alt=\"\" loading=\"lazy\">\t\t\t\t\t\t\t\t\t\t\t\t\t\t\t<\/div>\n\t\t\t\t<\/div>\n\t\t\t\t\t<\/div>\n\t\t\t\t<\/div>\n\t\t<div class=\"elementor-element elementor-element-63b70b9 e-flex e-con-boxed e-con e-parent\" data-id=\"63b70b9\" data-element_type=\"container\" data-e-type=\"container\">\n\t\t\t\t\t<div class=\"e-con-inner\">\n\t\t\t\t<div class=\"elementor-element elementor-element-7e61a3b elementor-widget elementor-widget-text-editor\" data-id=\"7e61a3b\" data-element_type=\"widget\" data-e-type=\"widget\" data-widget_type=\"text-editor.default\">\n\t\t\t\t<div class=\"elementor-widget-container\">\n\t\t\t\t\t\t\t\t\t<p><strong>Chcete spa\u0165 na hrade?<\/strong><\/p><p>Na hrade bude k dispoz\u00edcii obmedzen\u00fd po\u010det izieb na pren\u00e1jom. Na\u0161ich 11 \u0161tandardn\u00fdch izieb pre 2 osoby je k dispoz\u00edcii za 200 EUR, na\u0161e 2 apartm\u00e1ny za 250 EUR a n\u00e1\u0161 1 novoman\u017eelsk\u00fd apartm\u00e1n za 300 EUR na noc ve\u010dere Liba. Ra\u0148ajky s\u00fa zahrnut\u00e9 v cene!<\/p>\t\t\t\t\t\t\t\t<\/div>\n\t\t\t\t<\/div>\n\t\t\t\t<div class=\"elementor-element elementor-element-8ce8d93 elementor-widget elementor-widget-image\" data-id=\"8ce8d93\" data-element_type=\"widget\" data-e-type=\"widget\" data-widget_type=\"image.default\">\n\t\t\t\t<div class=\"elementor-widget-container\">\n\t\t\t\t\t\t\t\t\t\t\t\t\t\t\t<img decoding=\"async\" width=\"1000\" height=\"667\" src=\"https:\/\/ottevenyikastely.hu\/wp-content\/uploads\/2024\/06\/Foldvary_kastely_szoba_lila_fotelekkel.jpg\" class=\"attachment-large size-large wp-image-7738\" alt=\"\" srcset=\"https:\/\/ottevenyikastely.hu\/wp-content\/uploads\/2024\/06\/Foldvary_kastely_szoba_lila_fotelekkel.jpg 1000w, https:\/\/ottevenyikastely.hu\/wp-content\/uploads\/2024\/06\/Foldvary_kastely_szoba_lila_fotelekkel-300x200.jpg 300w, https:\/\/ottevenyikastely.hu\/wp-content\/uploads\/2024\/06\/Foldvary_kastely_szoba_lila_fotelekkel-768x512.jpg 768w\" sizes=\"(max-width: 1000px) 100vw, 1000px\" title=\"\">\t\t\t\t\t\t\t\t\t\t\t\t\t\t\t<\/div>\n\t\t\t\t<\/div>\n\t\t\t\t\t<\/div>\n\t\t\t\t<\/div>\n\t\t<div class=\"elementor-element elementor-element-e488c6b e-flex e-con-boxed e-con e-parent\" data-id=\"e488c6b\" data-element_type=\"container\" data-e-type=\"container\">\n\t\t\t\t\t<div class=\"e-con-inner\">\n\t\t\t\t<div class=\"elementor-element elementor-element-5fe5206 elementor-widget elementor-widget-text-editor\" data-id=\"5fe5206\" data-element_type=\"widget\" data-e-type=\"widget\" data-widget_type=\"text-editor.default\">\n\t\t\t\t<div class=\"elementor-widget-container\">\n\t\t\t\t\t\t\t\t\t<p><strong>Programy:<\/strong><\/p><p>18:30 Priv\u00edtanie host\u00ed varen\u00fdm v\u00ednom, pe\u010den\u00fdmi ga\u0161tanmi, pe\u010denou tekvicou a hor\u00facim pun\u010dom.<\/p><p>19:00 Ve\u010dera a ochutn\u00e1vka v\u00edn. Ka\u017ed\u00e9mu chodu bude predch\u00e1dza\u0165 prezent\u00e1cia v\u00edna s ochutn\u00e1vkou, samozrejme, interpretovan\u00e1 vin\u00e1rom vin\u00e1rstva.<\/p><p>21:00 Dj Ak\u00e1rki a bar Cubai v\u00e1s zabavia \u0161irokou ponukou n\u00e1pojov.<\/p>\t\t\t\t\t\t\t\t<\/div>\n\t\t\t\t<\/div>\n\t\t\t\t<div class=\"elementor-element elementor-element-131dfbb elementor-align-center elementor-widget elementor-widget-button\" data-id=\"131dfbb\" data-element_type=\"widget\" data-e-type=\"widget\" data-widget_type=\"button.default\">\n\t\t\t\t<div class=\"elementor-widget-container\">\n\t\t\t\t\t\t\t\t\t<div class=\"elementor-button-wrapper\">\n\t\t\t\t\t<a class=\"elementor-button elementor-button-link elementor-size-sm\" href=\"#\">\n\t\t\t\t\t\t<span class=\"elementor-button-content-wrapper\">\n\t\t\t\t\t\t\t\t\t<span class=\"elementor-button-text\">Rezervujte si miesto u\u017e teraz!  Kliknite sem a rezervujte si miesto!<\/span>\n\t\t\t\t\t<\/span>\n\t\t\t\t\t<\/a>\n\t\t\t\t<\/div>\n\t\t\t\t\t\t\t\t<\/div>\n\t\t\t\t<\/div>\n\t\t\t\t\t<\/div>\n\t\t\t\t<\/div>\n\t\t\t\t<\/div>","protected":false},"excerpt":{"rendered":"<p>Libavacsora &amp; Bork\u00f3stol\u00f3 2024 November 8. p\u00e9ntek K\u00e9sz\u00fclj\u00f6n fel egy felejthetetlen gasztron\u00f3miai \u00e9s borkultur\u00e1lis \u00e9lm\u00e9nyre, ahol a pannonhalmi borvid\u00e9k leg\u00fajabb borai \u00e9s a kast\u00e9ly mesterszak\u00e1cs\u00e1nak alkot\u00e1sai tal\u00e1lkoznak! Az \u00d6ttev\u00e9nyi F\u00f6ldv\u00e1ry Kast\u00e9ly k\u00fcl\u00f6nleges estje nem csup\u00e1n egy Gourmet Liba vacsora \u2013 itt a Pannonhalmi Ap\u00e1ts\u00e1g Borh\u00e1za mutatja be r\u00e9gi\u00f3nk b\u00fcszkes\u00e9geit, legfrissebb z\u00e1szl\u00f3s borait. Fedezze fel a [&hellip;]<\/p>","protected":false},"author":7,"featured_media":0,"parent":0,"menu_order":0,"comment_status":"closed","ping_status":"closed","template":"","meta":{"footnotes":""},"class_list":["post-9604","page","type-page","status-publish","hentry","entry"],"_links":{"self":[{"href":"https:\/\/ottevenyikastely.hu\/sk\/wp-json\/wp\/v2\/pages\/9604","targetHints":{"allow":["GET"]}}],"collection":[{"href":"https:\/\/ottevenyikastely.hu\/sk\/wp-json\/wp\/v2\/pages"}],"about":[{"href":"https:\/\/ottevenyikastely.hu\/sk\/wp-json\/wp\/v2\/types\/page"}],"author":[{"embeddable":true,"href":"https:\/\/ottevenyikastely.hu\/sk\/wp-json\/wp\/v2\/users\/7"}],"replies":[{"embeddable":true,"href":"https:\/\/ottevenyikastely.hu\/sk\/wp-json\/wp\/v2\/comments?post=9604"}],"version-history":[{"count":18,"href":"https:\/\/ottevenyikastely.hu\/sk\/wp-json\/wp\/v2\/pages\/9604\/revisions"}],"predecessor-version":[{"id":9624,"href":"https:\/\/ottevenyikastely.hu\/sk\/wp-json\/wp\/v2\/pages\/9604\/revisions\/9624"}],"wp:attachment":[{"href":"https:\/\/ottevenyikastely.hu\/sk\/wp-json\/wp\/v2\/media?parent=9604"}],"curies":[{"name":"wp","href":"https:\/\/api.w.org\/{rel}","templated":true}]}}