{"id":9647,"date":"2024-10-10T19:44:10","date_gmt":"2024-10-10T17:44:10","guid":{"rendered":"https:\/\/ottevenyikastely.hu\/?page_id=9647"},"modified":"2025-05-05T13:49:17","modified_gmt":"2025-05-05T11:49:17","slug":"pravidla-ochrany-udajov","status":"publish","type":"page","link":"https:\/\/ottevenyikastely.hu\/sk\/pravidla-ochrany-udajov\/","title":{"rendered":"Z\u00e1sady ochrany osobn\u00fdch \u00fadajov"},"content":{"rendered":"<div data-elementor-type=\"wp-page\" data-elementor-id=\"9647\" class=\"elementor elementor-9647\" data-elementor-post-type=\"page\">\n\t\t\t\t<div class=\"elementor-element elementor-element-9496ce6 e-flex e-con-boxed e-con e-parent\" data-id=\"9496ce6\" data-element_type=\"container\" data-e-type=\"container\">\n\t\t\t\t\t<div class=\"e-con-inner\">\n\t\t\t\t<div class=\"elementor-element elementor-element-398a734 elementor-widget elementor-widget-heading\" data-id=\"398a734\" data-element_type=\"widget\" data-e-type=\"widget\" data-widget_type=\"heading.default\">\n\t\t\t\t<div class=\"elementor-widget-container\">\n\t\t\t\t\t<h2 class=\"elementor-heading-title elementor-size-default\">Z\u00e1sady ochrany osobn\u00fdch \u00fadajov<\/h2>\t\t\t\t<\/div>\n\t\t\t\t<\/div>\n\t\t\t\t\t<\/div>\n\t\t\t\t<\/div>\n\t\t<div class=\"elementor-element elementor-element-fa34143 e-flex e-con-boxed e-con e-parent\" data-id=\"fa34143\" data-element_type=\"container\" data-e-type=\"container\">\n\t\t\t\t\t<div class=\"e-con-inner\">\n\t\t\t\t<div class=\"elementor-element elementor-element-50cd95b elementor-widget elementor-widget-image\" data-id=\"50cd95b\" data-element_type=\"widget\" data-e-type=\"widget\" data-widget_type=\"image.default\">\n\t\t\t\t<div class=\"elementor-widget-container\">\n\t\t\t\t\t\t\t\t\t\t\t\t\t\t\t<img fetchpriority=\"high\" decoding=\"async\" width=\"1024\" height=\"418\" src=\"https:\/\/ottevenyikastely.hu\/wp-content\/uploads\/2024\/10\/Kepernyofoto-2024-10-10-19.52.00-1024x418.png\" class=\"attachment-large size-large wp-image-9652\" alt=\"\" srcset=\"https:\/\/ottevenyikastely.hu\/wp-content\/uploads\/2024\/10\/Kepernyofoto-2024-10-10-19.52.00-1024x418.png 1024w, https:\/\/ottevenyikastely.hu\/wp-content\/uploads\/2024\/10\/Kepernyofoto-2024-10-10-19.52.00-300x122.png 300w, https:\/\/ottevenyikastely.hu\/wp-content\/uploads\/2024\/10\/Kepernyofoto-2024-10-10-19.52.00-768x313.png 768w, https:\/\/ottevenyikastely.hu\/wp-content\/uploads\/2024\/10\/Kepernyofoto-2024-10-10-19.52.00-1536x627.png 1536w, https:\/\/ottevenyikastely.hu\/wp-content\/uploads\/2024\/10\/Kepernyofoto-2024-10-10-19.52.00-18x7.png 18w, https:\/\/ottevenyikastely.hu\/wp-content\/uploads\/2024\/10\/Kepernyofoto-2024-10-10-19.52.00.png 1794w\" sizes=\"(max-width: 1024px) 100vw, 1024px\" title=\"\">\t\t\t\t\t\t\t\t\t\t\t\t\t\t\t<\/div>\n\t\t\t\t<\/div>\n\t\t\t\t\t<\/div>\n\t\t\t\t<\/div>\n\t\t<div class=\"elementor-element elementor-element-9df8906 e-flex e-con-boxed e-con e-parent\" data-id=\"9df8906\" data-element_type=\"container\" data-e-type=\"container\">\n\t\t\t\t\t<div class=\"e-con-inner\">\n\t\t\t\t<div class=\"elementor-element elementor-element-b5d8c34 elementor-widget elementor-widget-text-editor\" data-id=\"b5d8c34\" data-element_type=\"widget\" data-e-type=\"widget\" data-widget_type=\"text-editor.default\">\n\t\t\t\t<div class=\"elementor-widget-container\">\n\t\t\t\t\t\t\t\t\t<p><strong>Garzon Plaza Ltd.<\/strong><br \/>Kancel\u00e1ria: 9024 Gy\u0151r, Vasv\u00e1ri P\u00e1l utca 1. B. \u00e9p.<br \/>Registra\u010dn\u00e9 \u010d\u00edslo spolo\u010dnosti: 08 09 015113<br \/>Da\u0148ov\u00e9 \u010d\u00edslo: 13995803-2-08<br \/>Webov\u00e1 str\u00e1nka: www.ottevenyikastely.hu<\/p><p><strong>D\u00e1tum nadobudnutia \u00fa\u010dinnosti: 01.04.2025.<\/strong><\/p><p>Toto ozn\u00e1menie o ochrane osobn\u00fdch \u00fadajov je\u00a0<strong>Garzon Plaza Ltd.<\/strong>\u00a0(\"spr\u00e1vca \u00fadajov\") v s\u00falade s platn\u00fdmi pr\u00e1vnymi predpismi, najm\u00e4 s nariaden\u00edm Eur\u00f3pskeho parlamentu a Rady (E\u00da) 2016\/679 (v\u0161eobecn\u00e9 nariadenie o ochrane \u00fadajov - GDPR).<\/p><ol><li><strong> \u00da\u010del spracovania \u00fadajov<\/strong><\/li><\/ol><p>Prev\u00e1dzkovate\u013e sprac\u00fava osobn\u00e9 \u00fadaje na tieto \u00fa\u010dely:<\/p><ul><li>Prev\u00e1dzka webovej str\u00e1nky a anal\u00fdza \u0161tatist\u00edk n\u00e1v\u0161tevnosti.<\/li><li>Vz\u0165ahy a komunik\u00e1cia.<\/li><li>Poskytovanie slu\u017eieb (napr. objedn\u00e1vky, doru\u010denie domov, \u0161peci\u00e1lne po\u017eiadavky).<\/li><li>Vy\u00fa\u010dtovanie, plnenie z\u00e1konn\u00fdch povinnost\u00ed.<\/li><li>Marketingov\u00e9 \u010dinnosti, zasielanie informa\u010dn\u00fdch bulletinov, ak dotknut\u00e1 osoba udelila svoj predch\u00e1dzaj\u00faci s\u00fahlas.<\/li><li>Vybavovanie s\u0165a\u017enost\u00ed a slu\u017eby z\u00e1kazn\u00edkom.<\/li><\/ul><ol start=\"2\"><li><strong> Pr\u00e1vny z\u00e1klad spracovania<\/strong><\/li><\/ol><p>Spracovanie je zalo\u017een\u00e9 na t\u00fdchto pr\u00e1vnych z\u00e1kladoch:<\/p><ul><li><strong>Pr\u00edspevok<\/strong>: Dotknut\u00e1 osoba dobrovo\u013ene s\u00fahlas\u00ed so spracovan\u00edm svojich osobn\u00fdch \u00fadajov (\u010dl\u00e1nok 6 ods. 1 p\u00edsm. a) GDPR).<\/li><li><strong>Plnenie zmluvy<\/strong>: Spracovanie je nevyhnutn\u00e9 na plnenie zmluvy (\u010dl\u00e1nok 6 ods. 1 p\u00edsm. b) GDPR).<\/li><li><strong>Plnenie z\u00e1konnej povinnosti<\/strong>: Vy\u00fa\u010dtovanie, dodr\u017eiavanie z\u00e1konn\u00fdch po\u017eiadaviek (\u010dl\u00e1nok 6 ods. 1 p\u00edsm. c) GDPR).<\/li><li><strong>Opr\u00e1vnen\u00fd z\u00e1ujem prev\u00e1dzkovate\u013ea \u00fadajov<\/strong>: Napr\u00edklad vybavovanie s\u0165a\u017enost\u00ed na slu\u017eby z\u00e1kazn\u00edkom, anal\u00fdza n\u00e1v\u0161tevnosti webov\u00fdch str\u00e1nok (\u010dl\u00e1nok 6 ods. 1 p\u00edsm. f) GDPR).<\/li><\/ul><ol start=\"3\"><li><strong> Rozsah sprac\u00favan\u00fdch \u00fadajov<\/strong><\/li><\/ol><ul><li><strong>Kontaktn\u00e9 \u00fadaje<\/strong>: meno, e-mailov\u00e1 adresa, telef\u00f3nne \u010d\u00edslo.<\/li><li><strong>Faktura\u010dn\u00e9 \u00fadaje<\/strong>: n\u00e1zov, adresa, da\u0148ov\u00e9 \u010d\u00edslo.<\/li><li><strong>Technick\u00e9 \u00fadaje<\/strong>: IP adresa, hist\u00f3ria prehliadania, spr\u00e1va s\u00faborov cookie.<\/li><li><strong>Inform\u00e1cie o objedn\u00e1van\u00ed<\/strong>: hist\u00f3ria objedn\u00e1vok, preferencie, adresa doru\u010denia.<\/li><\/ul><ol start=\"4\"><li><strong> Trvanie spracovania \u00fadajov<\/strong><\/li><\/ol><p>Spr\u00e1vca \u00fadajov sprac\u00fava \u00fadaje po\u010das obdobia potrebn\u00e9ho na splnenie \u00fa\u010delu:<\/p><ul><li>V pr\u00edpade informa\u010dn\u00e9ho bulletinu a\u017e do odvolania s\u00fahlasu.<\/li><li>V pr\u00edpade faktur\u00e1cie po\u010das obdobia po\u017eadovan\u00e9ho da\u0148ov\u00fdmi predpismi (zvy\u010dajne 8 rokov).<\/li><li>V pr\u00edpade zmluvn\u00fdch vz\u0165ahov 5 rokov po ukon\u010den\u00ed zmluvy.<\/li><\/ul><ol start=\"5\"><li><strong> Prenosy \u00fadajov a spracovatelia \u00fadajov<\/strong><\/li><\/ol><p>Spr\u00e1vca \u00fadajov nebude pren\u00e1\u0161a\u0165 \u00fadaje tret\u00edm stran\u00e1m s v\u00fdnimkou:<\/p><ul><li>org\u00e1nom verejnej moci pri plnen\u00ed z\u00e1konn\u00fdch povinnost\u00ed,<\/li><li>spracovate\u013eom \u00fadajov (napr. kuri\u00e9rom, \u00fa\u010dtovn\u00edkom), ktor\u00ed sprac\u00favaj\u00fa \u00fadaje v\u00fdlu\u010dne na z\u00e1klade poverenia a v nevyhnutnom rozsahu.<\/li><\/ul><ol start=\"6\"><li><strong> Pr\u00e1va dotknut\u00fdch os\u00f4b<\/strong><\/li><\/ol><p>Dotknut\u00e9 osoby maj\u00fa tieto pr\u00e1va:<\/p><ul><li><strong>Pr\u00e1vo na pr\u00edstup<\/strong>: Dotknut\u00e1 osoba m\u00f4\u017ee po\u017eiada\u0165 prev\u00e1dzkovate\u013ea o inform\u00e1cie o osobn\u00fdch \u00fadajoch, ktor\u00e9 sa o nej sprac\u00favaj\u00fa.<\/li><li><strong>Pr\u00e1vo na opravu<\/strong>: Dotknut\u00e1 osoba m\u00f4\u017ee po\u017eiada\u0165 o \u00fapravu alebo opravu svojich \u00fadajov.<\/li><li><strong>Pr\u00e1vo na vymazanie<\/strong>: V ur\u010dit\u00fdch pr\u00edpadoch m\u00f4\u017eete po\u017eiada\u0165 o vymazanie svojich osobn\u00fdch \u00fadajov.<\/li><li><strong>Pr\u00e1vo na obmedzenie spracovania<\/strong>: M\u00f4\u017eete po\u017eiada\u0165 o obmedzenie spracovania va\u0161ich \u00fadajov.<\/li><li><strong>Pr\u00e1vo na prenosnos\u0165 \u00fadajov<\/strong>: Dotknut\u00e1 osoba m\u00f4\u017ee po\u017eiada\u0165 o prenos svojich osobn\u00fdch \u00fadajov k in\u00e9mu prev\u00e1dzkovate\u013eovi.<\/li><li><strong>Pr\u00e1vo vznies\u0165 n\u00e1mietku<\/strong>: M\u00f4\u017eete namieta\u0165 proti spracovaniu, ak je zalo\u017een\u00e9 na opr\u00e1vnenom z\u00e1ujme.<\/li><\/ul>\t\t\t\t\t\t\t\t<\/div>\n\t\t\t\t<\/div>\n\t\t\t\t<div class=\"elementor-element elementor-element-6b7717c elementor-widget elementor-widget-shortcode\" data-id=\"6b7717c\" data-element_type=\"widget\" data-e-type=\"widget\" data-widget_type=\"shortcode.default\">\n\t\t\t\t<div class=\"elementor-widget-container\">\n\t\t\t\t\t\t\t<div class=\"elementor-shortcode\"><div class='fluentform ff-default fluentform_wrapper_27 ffs_default_wrap'><form data-form_id=\"27\" id=\"fluentform_27\" class=\"frm-fluent-form fluent_form_27 ff-el-form-top ff_form_instance_27_1 ff-form-loading ff_has_v3_recptcha ffs_default\" data-form_instance=\"ff_form_instance_27_1\" method=\"POST\" data-recptcha_key=\"6Lcs378qAAAAAMEOlhPdsd1hZXa18vzRxOXiR5Bo\" action=\"\" ><fieldset  style=\"border: none!important;margin: 0!important;padding: 0!important;background-color: transparent!important;box-shadow: none!important;outline: none!important; min-inline-size: 100%;\">\n                    <legend class=\"ff_screen_reader_title\" style=\"display: block; margin: 0!important;padding: 0!important;height: 0!important;text-indent: -999999px;width: 0!important;overflow:hidden;\">Formul\u00e1r na zmenu ochrany \u00fadajov<\/legend>        <div\n                style=\"display: none!important; position: absolute!important; transform: translateX(1000%)!important;\"\n                class=\"ff-el-group ff-hpsf-container\"\n        >\n            <div class=\"ff-el-input--label asterisk-right\">\n                <label for=\"ff_27_item_sf\" aria-label=\"Kontakt\">\n                    Kontakt                <\/label>\n            <\/div>\n            <div class=\"ff-el-input--content\">\n                <input type=\"text\"\n                       name=\"item_27__fluent_sf\"\n                       class=\"ff-el-form-control\"\n                       id=\"ff_27_item_sf\"\n                \/>\n            <\/div>\n        <\/div>\n        <input type='hidden' name='__fluent_form_embded_post_id' value='9647' \/><input type=\"hidden\" id=\"_fluentform_27_fluentformnonce\" name=\"_fluentform_27_fluentformnonce\" value=\"a549d4f6c9\" \/><input type=\"hidden\" name=\"_wp_http_referer\" value=\"\/sk\/wp-json\/wp\/v2\/pages\/9647\" \/><div data-type=\"name-element\" data-name=\"names\" class=\"ff-field_container ff-name-field-wrapper\" ><div class='ff-t-container'><div class='ff-t-cell'><div class='ff-el-group'><div class=\"ff-el-input--label ff-el-is-required asterisk-right\"><label for='ff_27_names_first_name_' >Krstn\u00e9 meno<\/label><\/div><div class='ff-el-input--content'><input type=\"text\" name=\"names[first_name]\" id=\"ff_27_names_first_name_\" class=\"ff-el-form-control\" placeholder=\"Krstn\u00e9 meno\" aria-invalid=\"false\" aria-required=\"true\"><\/div><\/div><\/div><div class='ff-t-cell'><div class='ff-el-group'><div class=\"ff-el-input--label ff-el-is-required asterisk-right\"><label for='ff_27_names_last_name_' >Priezvisko<\/label><\/div><div class='ff-el-input--content'><input type=\"text\" name=\"names[last_name]\" id=\"ff_27_names_last_name_\" class=\"ff-el-form-control\" placeholder=\"Priezvisko\" aria-invalid=\"false\" aria-required=\"true\"><\/div><\/div><\/div><\/div><\/div><div class='ff-el-group'><div class=\"ff-el-input--label ff-el-is-required asterisk-right\"><label for='ff_27_email' aria-label=\"E-mail\">E-mail<\/label><\/div><div class='ff-el-input--content'><input type=\"email\" name=\"email\" id=\"ff_27_email\" class=\"ff-el-form-control\" placeholder=\"E-mailov\u00e1 adresa\" data-name=\"email\"  aria-invalid=\"false\" aria-required=\"true\"><\/div><\/div><div class='ff-el-group'><div class=\"ff-el-input--label ff-el-is-required asterisk-right\"><label  aria-label=\"D\u00f4vod \u017eiadosti\">D\u00f4vod \u017eiadosti<\/label><\/div><div class='ff-el-input--content'><div class='ff-el-form-check ff-el-form-check-'><label class='ff-el-form-check-label' for=\"input_radio_8f9be502953f0a8c431c8ea2fecf6a02\"><input  type=\"radio\" name=\"input_radio\" data-name=\"input_radio\" class=\"ff-el-form-check-input ff-el-form-check-radio\" value=\"Adatok t\u00f6rl\u00e9se\"  id='input_radio_8f9be502953f0a8c431c8ea2fecf6a02' aria-label='Odstr\u00e1nenie \u00fadajov' aria-invalid='false' aria-required=\"true\"> <span>Odstr\u00e1nenie \u00fadajov<\/span><\/label><\/div><div class='ff-el-form-check ff-el-form-check-'><label class='ff-el-form-check-label' for=\"input_radio_bebd6e5df8fd3378594967db7f12f592\"><input  type=\"radio\" name=\"input_radio\" data-name=\"input_radio\" class=\"ff-el-form-check-input ff-el-form-check-radio\" value=\"Adatok m\u00f3dos\u00edt\u00e1sa\"  id='input_radio_bebd6e5df8fd3378594967db7f12f592' aria-label='Zmena \u00fadajov' aria-invalid='false' aria-required=\"true\"> <span>Zmena \u00fadajov<\/span><\/label><\/div><div class='ff-el-form-check ff-el-form-check-'><label class='ff-el-form-check-label' for=\"input_radio_78b142689c09ad536d7eadd2215bdee5\"><input  type=\"radio\" name=\"input_radio\" data-name=\"input_radio\" class=\"ff-el-form-check-input ff-el-form-check-radio\" value=\"Adatok gy\u0171jt\u00e9s\u00e9nek korl\u00e1toz\u00e1sa\"  id='input_radio_78b142689c09ad536d7eadd2215bdee5' aria-label='Obmedzenia zberu \u00fadajov' aria-invalid='false' aria-required=\"true\"> <span>Obmedzenia zberu \u00fadajov<\/span><\/label><\/div><div class='ff-el-form-check ff-el-form-check-'><label class='ff-el-form-check-label' for=\"input_radio_0dae80da9323b6724af79b04ee0b84d7\"><input  type=\"radio\" name=\"input_radio\" data-name=\"input_radio\" class=\"ff-el-form-check-input ff-el-form-check-radio\" value=\"Gy\u0171jt\u00f6tt adatok kik\u00e9r\u00e9se\"  id='input_radio_0dae80da9323b6724af79b04ee0b84d7' aria-label='Vy\u017eiadanie zozbieran\u00fdch \u00fadajov' aria-invalid='false' aria-required=\"true\"> <span>Vy\u017eiadanie zozbieran\u00fdch \u00fadajov<\/span><\/label><\/div><\/div><\/div><div class='ff-el-group    ff-el-input--content'><div class='ff-el-form-check ff-el-tc'><label aria-label='S\u00fahlas\u00edm s t\u00fdm, aby t\u00e1to webov\u00e1 lokalita uchov\u00e1vala moje poskytnut\u00e9 \u00fadaje, aby mohla odpoveda\u0165 na moju po\u017eiadavku!' class='ff-el-form-check-label ff_tc_label' for=\"gdpr-agreement_1cd89790d62370c68b754a84566d9c4f\"><span class='ff_tc_checkbox'><input type=\"checkbox\" name=\"gdpr-agreement\" class=\"ff-el-form-check-input ff_gdpr_field\" data-name=\"gdpr-agreement\" id=\"gdpr-agreement_1cd89790d62370c68b754a84566d9c4f\"  value='on' aria-invalid='false' aria-required=\"true\"><\/span> <div class='ff_t_c'>S\u00fahlas\u00edm s t\u00fdm, aby t\u00e1to webov\u00e1 lokalita uchov\u00e1vala moje poskytnut\u00e9 \u00fadaje, aby mohla odpoveda\u0165 na moju po\u017eiadavku!<\/div><\/label><\/div><\/div><div class='ff-el-group ff-text-left ff_submit_btn_wrapper'><button type=\"submit\" class=\"ff-btn ff-btn-submit ff-btn-md ff_btn_style\" >Odosla\u0165 \u017eiados\u0165<\/button><\/div><\/fieldset><input type=\"hidden\" name=\"trp-form-language\" value=\"sk\"\/><\/form><div id='fluentform_27_errors' class='ff-errors-in-stack ff_form_instance_27_1 ff-form-loading_errors ff_form_instance_27_1_errors'><\/div><\/div>            <script type=\"text\/javascript\">\n                window.fluent_form_ff_form_instance_27_1 = {\"id\":\"27\",\"settings\":{\"layout\":{\"labelPlacement\":\"top\",\"helpMessagePlacement\":\"with_label\",\"errorMessagePlacement\":\"inline\"},\"restrictions\":{\"denyEmptySubmission\":{\"enabled\":false}}},\"form_instance\":\"ff_form_instance_27_1\",\"form_id_selector\":\"fluentform_27\",\"rules\":{\"names[first_name]\":{\"required\":{\"value\":true,\"message\":\"This field is required\",\"global\":true,\"global_message\":\"This field is required\"}},\"names[middle_name]\":{\"required\":{\"value\":false,\"message\":\"This field is required\",\"global\":true,\"global_message\":\"This field is required\"}},\"names[last_name]\":{\"required\":{\"value\":true,\"message\":\"This field is required\",\"global\":true,\"global_message\":\"This field is required\"}},\"email\":{\"required\":{\"value\":true,\"message\":\"This field is required\",\"global\":true,\"global_message\":\"This field is required\"},\"email\":{\"value\":true,\"message\":\"This field must contain a valid email\",\"global\":true,\"global_message\":\"This field must contain a valid email\"}},\"input_radio\":{\"required\":{\"value\":true,\"message\":\"K\\u00f6telez\\u0151 mez\\u0151\",\"global_message\":\"This field is required\",\"global\":false}},\"g-recaptcha-response\":[],\"gdpr-agreement\":{\"required\":{\"value\":true,\"message\":\"This field is required\",\"global_message\":\"This field is required\",\"global\":true}}},\"debounce_time\":300};\n                            <\/script>\n            <\/div>\n\t\t\t\t\t\t<\/div>\n\t\t\t\t<\/div>\n\t\t\t\t<div class=\"elementor-element elementor-element-e13ad46 elementor-widget elementor-widget-text-editor\" data-id=\"e13ad46\" data-element_type=\"widget\" data-e-type=\"widget\" data-widget_type=\"text-editor.default\">\n\t\t\t\t<div class=\"elementor-widget-container\">\n\t\t\t\t\t\t\t\t\t<ol start=\"7\"><li><strong> Manipul\u00e1cia so s\u00fabormi cookie<\/strong><\/li><\/ol><p>Webov\u00e1 str\u00e1nka pou\u017e\u00edva s\u00fabory cookie na zlep\u0161enie pou\u017e\u00edvate\u013esk\u00e9ho z\u00e1\u017eitku a na anal\u00fdzu fungovania webovej str\u00e1nky. Pou\u017e\u00edvate\u013e m\u00f4\u017ee kedyko\u013evek zmeni\u0165 nastavenia s\u00faborov cookie vo svojom prehliada\u010di.<\/p><ol start=\"8\"><li><strong> Zabezpe\u010denie \u00fadajov<\/strong><\/li><\/ol><p>Prev\u00e1dzkovate\u013e zabezpe\u010d\u00ed bezpe\u010dnos\u0165 osobn\u00fdch \u00fadajov, chr\u00e1ni ich pred neopr\u00e1vnen\u00fdm pr\u00edstupom, zmenou, zni\u010den\u00edm bezpe\u010dnostn\u00fdmi opatreniami.<\/p><ol start=\"9\"><li><strong> Vybavovanie s\u0165a\u017enost\u00ed<\/strong><\/li><\/ol><p>Dotknut\u00e9 osoby m\u00f4\u017eu poda\u0165 s\u0165a\u017enos\u0165 na spracovanie \u00fadajov N\u00e1rodn\u00e9mu \u00faradu pre ochranu \u00fadajov a slobodu inform\u00e1ci\u00ed (NAIH):<\/p><ul><li>Adresa: 1055 Budapest, Falk Miksa utca 9-11.<\/li><li>Telef\u00f3n: +36-1-391-1400<\/li><li>E-mail: ugyfelszolgalat@naih.hu<\/li><\/ul><ol start=\"10\"><li><strong> Zmeny a doplnenia ozn\u00e1menia o ochrane osobn\u00fdch \u00fadajov<\/strong><\/li><\/ol><p>Spr\u00e1vca \u00fadajov si vyhradzuje pr\u00e1vo kedyko\u013evek zmeni\u0165 a doplni\u0165 ozn\u00e1menie o ochrane osobn\u00fdch \u00fadajov. V\u0161etky zmeny bud\u00fa uverejnen\u00e9 na webovej str\u00e1nke.<\/p>\t\t\t\t\t\t\t\t<\/div>\n\t\t\t\t<\/div>\n\t\t\t\t\t<\/div>\n\t\t\t\t<\/div>\n\t\t\t\t<\/div>","protected":false},"excerpt":{"rendered":"<p>Z\u00e1sady ochrany osobn\u00fdch \u00fadajov Garzon Plaza Kft.S\u00eddlo: 9024 Gy\u0151r, Vasv\u00e1ri P\u00e1l utca 1. budova B.I\u010cO: 08 09 015113Adresn\u00e9 \u010d\u00edslo: 13995803-2-08Webov\u00e1 str\u00e1nka: www.ottevenyikastely.hu D\u00e1tum nadobudnutia \u00fa\u010dinnosti: 01.04.2025 Tieto z\u00e1sady ochrany osobn\u00fdch \u00fadajov s\u00fa majetkom spolo\u010dnosti Garzon Plaza Kft. (\u010falej len \"prev\u00e1dzkovate\u013e \u00fadajov\") v s\u00falade s platn\u00fdmi pr\u00e1vnymi predpismi, najm\u00e4 s nariaden\u00edm Eur\u00f3pskeho parlamentu a Rady (E\u00da) 2016\/679 z [...].<\/p>","protected":false},"author":7,"featured_media":0,"parent":0,"menu_order":0,"comment_status":"closed","ping_status":"closed","template":"","meta":{"footnotes":""},"class_list":["post-9647","page","type-page","status-publish","hentry","entry"],"_links":{"self":[{"href":"https:\/\/ottevenyikastely.hu\/sk\/wp-json\/wp\/v2\/pages\/9647","targetHints":{"allow":["GET"]}}],"collection":[{"href":"https:\/\/ottevenyikastely.hu\/sk\/wp-json\/wp\/v2\/pages"}],"about":[{"href":"https:\/\/ottevenyikastely.hu\/sk\/wp-json\/wp\/v2\/types\/page"}],"author":[{"embeddable":true,"href":"https:\/\/ottevenyikastely.hu\/sk\/wp-json\/wp\/v2\/users\/7"}],"replies":[{"embeddable":true,"href":"https:\/\/ottevenyikastely.hu\/sk\/wp-json\/wp\/v2\/comments?post=9647"}],"version-history":[{"count":10,"href":"https:\/\/ottevenyikastely.hu\/sk\/wp-json\/wp\/v2\/pages\/9647\/revisions"}],"predecessor-version":[{"id":13197,"href":"https:\/\/ottevenyikastely.hu\/sk\/wp-json\/wp\/v2\/pages\/9647\/revisions\/13197"}],"wp:attachment":[{"href":"https:\/\/ottevenyikastely.hu\/sk\/wp-json\/wp\/v2\/media?parent=9647"}],"curies":[{"name":"wp","href":"https:\/\/api.w.org\/{rel}","templated":true}]}}