{"id":9747,"date":"2024-10-13T13:25:51","date_gmt":"2024-10-13T11:25:51","guid":{"rendered":"https:\/\/ottevenyikastely.hu\/?page_id=9747"},"modified":"2024-10-30T15:51:41","modified_gmt":"2024-10-30T14:51:41","slug":"vetuje-doveru","status":"publish","type":"page","link":"https:\/\/ottevenyikastely.hu\/sk\/vetuje-doveru\/","title":{"rendered":"K\u00fapna objedn\u00e1vka"},"content":{"rendered":"<div data-elementor-type=\"wp-page\" data-elementor-id=\"9747\" class=\"elementor elementor-9747\" data-elementor-post-type=\"page\">\n\t\t\t\t<div class=\"elementor-element elementor-element-199bfe9 e-flex e-con-boxed e-con e-parent\" data-id=\"199bfe9\" data-element_type=\"container\" data-e-type=\"container\">\n\t\t\t\t\t<div class=\"e-con-inner\">\n\t\t\t\t<div class=\"elementor-element elementor-element-e99b63a elementor-widget elementor-widget-heading\" data-id=\"e99b63a\" data-element_type=\"widget\" data-e-type=\"widget\" data-widget_type=\"heading.default\">\n\t\t\t\t<div class=\"elementor-widget-container\">\n\t\t\t\t\t<h2 class=\"elementor-heading-title elementor-size-default\">Zmluva o zapojen\u00ed do verejn\u00e9ho obstar\u00e1vania<br>\nP\u00edsomn\u00e1 objedn\u00e1vka<\/h2>\t\t\t\t<\/div>\n\t\t\t\t<\/div>\n\t\t<div class=\"elementor-element elementor-element-e1415fc e-con-full e-flex e-con e-child\" data-id=\"e1415fc\" data-element_type=\"container\" data-e-type=\"container\">\n\t\t<div class=\"elementor-element elementor-element-041e302 e-con-full e-flex e-con e-child\" data-id=\"041e302\" data-element_type=\"container\" data-e-type=\"container\">\n\t\t\t\t<div class=\"elementor-element elementor-element-e15dcba elementor-widget elementor-widget-shortcode\" data-id=\"e15dcba\" data-element_type=\"widget\" data-e-type=\"widget\" data-widget_type=\"shortcode.default\">\n\t\t\t\t<div class=\"elementor-widget-container\">\n\t\t\t\t\t\t\t<div class=\"elementor-shortcode\"><div class='fluentform ff-default fluentform_wrapper_17 ffs_default_wrap'><form data-form_id=\"17\" id=\"fluentform_17\" class=\"frm-fluent-form fluent_form_17 ff-el-form-top ff_form_instance_17_1 ff-form-loading ff_has_v3_recptcha ffs_default\" data-form_instance=\"ff_form_instance_17_1\" method=\"POST\" data-recptcha_key=\"6Lcs378qAAAAAMEOlhPdsd1hZXa18vzRxOXiR5Bo\" action=\"\" ><fieldset  style=\"border: none!important;margin: 0!important;padding: 0!important;background-color: transparent!important;box-shadow: none!important;outline: none!important; min-inline-size: 100%;\">\n                    <legend class=\"ff_screen_reader_title\" style=\"display: block; margin: 0!important;padding: 0!important;height: 0!important;text-indent: -999999px;width: 0!important;overflow:hidden;\">Registr\u00e1cia na otvorenie v\u00fdstavy<\/legend>        <div\n                style=\"display: none!important; position: absolute!important; transform: translateX(1000%)!important;\"\n                class=\"ff-el-group ff-hpsf-container\"\n        >\n            <div class=\"ff-el-input--label asterisk-right\">\n                <label for=\"ff_17_item_sf\" aria-label=\"Kontakt\">\n                    Kontakt                <\/label>\n            <\/div>\n            <div class=\"ff-el-input--content\">\n                <input type=\"text\"\n                       name=\"item_17__fluent_sf\"\n                       class=\"ff-el-form-control\"\n                       id=\"ff_17_item_sf\"\n                \/>\n            <\/div>\n        <\/div>\n        <input type='hidden' name='__fluent_form_embded_post_id' value='9747' \/><input type=\"hidden\" id=\"_fluentform_17_fluentformnonce\" name=\"_fluentform_17_fluentformnonce\" value=\"79e44d0292\" \/><input type=\"hidden\" name=\"_wp_http_referer\" value=\"\/sk\/wp-json\/wp\/v2\/pages\/9747\" \/><div class='ff-el-group'><div class=\"ff-el-input--label ff-el-is-required asterisk-right\"><label for='ff_17_input_text_2' aria-label=\"Kto v\u00e1s pozval, kto bude va\u0161\u00edm hos\u0165om?\">Kto v\u00e1s pozval, kto bude va\u0161\u00edm hos\u0165om? <\/label><\/div><div class='ff-el-input--content'><input type=\"text\" name=\"input_text_2\" class=\"ff-el-form-control\" placeholder=\"Meno osoby, ktor\u00e1 v\u00e1s pozvala, alebo, ak meno nie je uveden\u00e9, \u010d\u00edslo aukcie: \" data-name=\"input_text_2\" id=\"ff_17_input_text_2\"  aria-invalid=\"false\" aria-required=\"true\"><\/div><\/div><div data-type=\"name-element\" data-name=\"names\" class=\"ff-field_container ff-name-field-wrapper\" ><div class='ff-t-container'><div class='ff-t-cell'><div class='ff-el-group'><div class=\"ff-el-input--label ff-el-is-required asterisk-right\"><label for='ff_17_names_first_name_' >Priezvisko:<\/label><\/div><div class='ff-el-input--content'><input type=\"text\" name=\"names[first_name]\" id=\"ff_17_names_first_name_\" class=\"ff-el-form-control\" placeholder=\"Priezvisko\" aria-invalid=\"false\" aria-required=\"true\"><\/div><\/div><\/div><div class='ff-t-cell'><div class='ff-el-group'><div class=\"ff-el-input--label ff-el-is-required asterisk-right\"><label for='ff_17_names_last_name_' >Meno:<\/label><\/div><div class='ff-el-input--content'><input type=\"text\" name=\"names[last_name]\" id=\"ff_17_names_last_name_\" class=\"ff-el-form-control\" placeholder=\"Priezvisko\" aria-invalid=\"false\" aria-required=\"true\"><\/div><\/div><\/div><\/div><\/div><div class='ff-el-group'><div class=\"ff-el-input--label ff-el-is-required asterisk-right\"><label for='ff_17_email' aria-label=\"E-mailov\u00e1 adresa:\">E-mailov\u00e1 adresa:<\/label><\/div><div class='ff-el-input--content'><input type=\"email\" name=\"email\" id=\"ff_17_email\" class=\"ff-el-form-control\" placeholder=\"E-mailov\u00e1 adresa\" data-name=\"email\"  aria-invalid=\"false\" aria-required=\"true\"><\/div><\/div><div class='ff-el-group'><div class=\"ff-el-input--label ff-el-is-required asterisk-right\"><label for='ff_17_phone' aria-label=\"Telef\u00f3nne \u010d\u00edslo\">Telef\u00f3nne \u010d\u00edslo<\/label><\/div><div class='ff-el-input--content'><input name=\"phone\" class=\"ff-el-form-control ff-el-phone ff_el_with_extended_validation\" type=\"tel\" placeholder=\"Telef\u00f3nne \u010d\u00edslo:\" data-name=\"phone\" id=\"ff_17_phone\" inputmode=\"tel\"  aria-invalid='false' aria-required=\"true\"><\/div><\/div><div class='ff-el-group'><div class=\"ff-el-input--label ff-el-is-required asterisk-right\"><label for='ff_17_dropdown' aria-label=\"Prich\u00e1dzate sami alebo s partnerom?\">Prich\u00e1dzate sami alebo s partnerom?<\/label><\/div><div class='ff-el-input--content'><select name=\"dropdown\" id=\"ff_17_dropdown\" class=\"ff-el-form-control\" data-name=\"dropdown\" data-calc_value=\"0\"  aria-invalid=\"false\" aria-required=\"true\"><option value=\"\">- Vybral som si -<\/option><option value=\"Egyed\u00fcl\"  >S\u00e1m<\/option><option value=\"Partnerrel\"  >Partnerrel<\/option><\/select><\/div><\/div><div class='ff-el-group    ff-el-input--content'><div class='ff-el-form-check ff-el-tc'><label aria-label='Pre\u010d\u00edtal som si a s\u00fahlas\u00edm so z\u00e1sadami ochrany osobn\u00fdch \u00fadajov a s\u00fahlas\u00edm s t\u00fdm, aby t\u00e1to webov\u00e1 lokalita uchov\u00e1vala a spracov\u00e1vala inform\u00e1cie, ktor\u00e9 som poskytol.' class='ff-el-form-check-label ff_tc_label' for=\"terms-n-condition_17cf3d3203914a59434cbfefc6052417\"><span class='ff_tc_checkbox'><input type=\"checkbox\" name=\"terms-n-condition\" class=\"ff-el-form-check-input\" data-name=\"terms-n-condition\" id=\"terms-n-condition_17cf3d3203914a59434cbfefc6052417\"  value='on' aria-invalid='false' aria-required=\"true\"><\/span> <div class='ff_t_c'><p>Pre\u010d\u00edtal som si a s\u00fahlas\u00edm so z\u00e1sadami ochrany osobn\u00fdch \u00fadajov a s\u00fahlas\u00edm s t\u00fdm, aby t\u00e1to webov\u00e1 lokalita uchov\u00e1vala a spracov\u00e1vala inform\u00e1cie, ktor\u00e9 som poskytol.<\/p><\/div><\/label><\/div><\/div><div class='ff-el-group ff-text-left ff_submit_btn_wrapper'><button type=\"submit\" class=\"ff-btn ff-btn-submit ff-btn-md ff_btn_style\" >Odosla\u0165 na adresu<\/button><\/div><\/fieldset><input type=\"hidden\" name=\"trp-form-language\" value=\"sk\"\/><\/form><div id='fluentform_17_errors' class='ff-errors-in-stack ff_form_instance_17_1 ff-form-loading_errors ff_form_instance_17_1_errors'><\/div><\/div>            <script type=\"text\/javascript\">\n                window.fluent_form_ff_form_instance_17_1 = {\"id\":\"17\",\"settings\":{\"layout\":{\"labelPlacement\":\"top\",\"helpMessagePlacement\":\"with_label\",\"errorMessagePlacement\":\"inline\"},\"restrictions\":{\"denyEmptySubmission\":{\"enabled\":false}}},\"form_instance\":\"ff_form_instance_17_1\",\"form_id_selector\":\"fluentform_17\",\"rules\":{\"input_text_2\":{\"required\":{\"value\":true,\"message\":\"K\\u00f6telez\\u0151 mez\\u0151\",\"global_message\":\"This field is required\",\"global\":false}},\"names[first_name]\":{\"required\":{\"value\":true,\"message\":\"K\\u00f6telez\\u0151 mez\\u0151\",\"global\":false,\"global_message\":\"This field is required\"}},\"names[middle_name]\":{\"required\":{\"value\":false,\"message\":\"This field is required\",\"global\":true,\"global_message\":\"This field is required\"}},\"names[last_name]\":{\"required\":{\"value\":true,\"message\":\"K\\u00f6telez\\u0151 mez\\u0151\",\"global\":false,\"global_message\":\"This field is required\"}},\"email\":{\"required\":{\"value\":true,\"message\":\"K\\u00f6telez\\u0151 mez\\u0151\",\"global\":false,\"global_message\":\"This field is required\"},\"email\":{\"value\":true,\"message\":\"Az e-mail c\\u00edm nem l\\u00e9tezik vagy hib\\u00e1s!\",\"global\":false,\"global_message\":\"This field must contain a valid email\"}},\"phone\":{\"required\":{\"value\":true,\"global\":false,\"message\":\"K\\u00f6telez\\u0151 mez\\u0151\",\"global_message\":\"This field is required\"},\"valid_phone_number\":{\"value\":true,\"global\":false,\"message\":\"A telefonsz\\u00e1m form\\u00e1tuma nem megfelel\\u0151 vagy hib\\u00e1s telefonsz\\u00e1m\",\"global_message\":\"Phone number is not valid\"}},\"dropdown\":{\"required\":{\"value\":true,\"message\":\"This field is required\",\"global_message\":\"This field is required\",\"global\":true}},\"g-recaptcha-response\":[],\"terms-n-condition\":{\"required\":{\"value\":true,\"message\":\"K\\u00f6telez\\u0151 mez\\u0151\",\"global_message\":\"This field is required\",\"global\":false}}},\"debounce_time\":300};\n                            <\/script>\n            <\/div>\n\t\t\t\t\t\t<\/div>\n\t\t\t\t<\/div>\n\t\t\t\t<\/div>\n\t\t<div class=\"elementor-element elementor-element-12b5fd8 e-con-full e-flex e-con e-child\" data-id=\"12b5fd8\" data-element_type=\"container\" data-e-type=\"container\">\n\t\t\t\t<div class=\"elementor-element elementor-element-12baeee elementor-widget elementor-widget-text-editor\" data-id=\"12baeee\" data-element_type=\"widget\" data-e-type=\"widget\" data-widget_type=\"text-editor.default\">\n\t\t\t\t<div class=\"elementor-widget-container\">\n\t\t\t\t\t\t\t\t\t<h3>Komision\u00e1rska zmluva - objedn\u00e1vka -<\/h3>\n<p>Vy\u0161\u0161ie uveden\u00e1 s\u00fakromn\u00e1 alebo pr\u00e1vnick\u00e1 osoba, <strong>\u010falej len \"deleg\u00e1t\".<\/strong>T\u00fdmto poverujem spolo\u010dnos\u0165 Garzonpl\u00e1za Kft. (s\u00eddlo: 9028 Gy\u0151r Vasv\u00e1ri P\u00e1l u 1\/b. da\u0148ov\u00e9 \u010d\u00edslo: 13995803-2-08, zast\u00fapen\u00e1: Matusz Bal\u00e1zs), \u010falej len Objedn\u00e1vate\u013e (Objedn\u00e1vate\u013e a Objedn\u00e1vate\u013e spolu: Zmluvn\u00e9 strany), aby v mojom mene dra\u017eila na aukcii umeleck\u00fdch diel za nasleduj\u00facich podmienok a\u017e do dosiahnutia maxim\u00e1lnej ceny uvedenej v objedn\u00e1vke:<\/p>\n<p>1.&nbsp;&nbsp;&nbsp;&nbsp;&nbsp;&nbsp;&nbsp;&nbsp;<b>Organiz\u00e1cia aukcie<\/b><br>Zmluvn\u00e9 strany sa dohodli, \u017ee Dra\u017eobn\u00edk ako Auk\u010dn\u00fd dom zorganizuje Aukciu hradn\u00e9ho umenia F\u00f6ldv\u00e1ry (\u010falej len \"Aukcia\"), po\u010das ktorej Dra\u017eobn\u00edk ako pred\u00e1vaj\u00faci uzavrie vo vlastnom mene (ako vlastn\u00edk alebo spr\u00e1vca) k\u00fapnu zmluvu s uch\u00e1dza\u010dom, ktor\u00fd pon\u00fakne najvy\u0161\u0161iu cenu.<\/p>\n<p>2.&nbsp;&nbsp;&nbsp;&nbsp;&nbsp;&nbsp;&nbsp;&nbsp;<b>Pravidl\u00e1 aukcie<\/b><br>Zmluvn\u00e9 strany stanovuj\u00fa, \u017ee pravidl\u00e1 aukcie s\u00fa uveden\u00e9 v \"Pravidl\u00e1ch aukcie\", ktor\u00e9 zverejnil zad\u00e1vate\u013e na internetovej str\u00e1nke: https:\/\/ottevenyikastely.hu\/arveresi-szabalyzat\/.<\/p>\n<p>3.&nbsp;&nbsp;&nbsp;&nbsp;&nbsp;&nbsp;&nbsp;&nbsp;<b>Mand\u00e1t na pokra\u010dovanie v dra\u017ebe<\/b><br>Pr\u00edkazca t\u00fdmto splnomoc\u0148uje z\u00e1stupcu, aby v jeho mene a na jeho \u00fa\u010det konal na aukcii a pon\u00fakal za vy\u0161\u0161ie uveden\u00fa polo\u017eku a\u017e do v\u00fd\u0161ky uvedenej maxim\u00e1lnej ponukovej ceny.<\/p>\n<p>4.&nbsp;&nbsp;&nbsp;&nbsp;&nbsp;&nbsp;&nbsp;&nbsp;<b>Nedostato\u010dn\u00e9 odme\u0148ovanie<\/b><br>Zmluvn\u00e9 strany sa dohodli, \u017ee pr\u00edkazca vykon\u00e1 pr\u00edkaz bezodplatne a nebude si v s\u00favislosti s vykonan\u00edm pr\u00edkazu uplat\u0148ova\u0165 \u017eiadne finan\u010dn\u00e9 n\u00e1roky.&nbsp;<\/p>\n<p>5.&nbsp;&nbsp;&nbsp;&nbsp;&nbsp;&nbsp;&nbsp;&nbsp;<b>Preddavok a z\u00e1loha<\/b><br>Pr\u00edkazca poskytne pr\u00edkazn\u00edkovi pri podpise zmluvy z\u00e1lohu na ur\u010den\u00e9 \u010dasti aukcie vo v\u00fd\u0161ke vyvol\u00e1vacej ceny 20% bankov\u00fdm prevodom na \u00fa\u010det&nbsp;<b>10400401-50526784-56761011<\/b>. \u010d\u00edslo bankov\u00e9ho \u00fa\u010dtu. V predmete spr\u00e1vy mus\u00edte uvies\u0165 meno hlavn\u00e9ho dl\u017en\u00edka a poradov\u00e9 \u010d\u00edslo auk\u010dnej d\u00e1vky.<span class=\"Apple-converted-space\">&nbsp;&nbsp;<\/span>V pr\u00edpade \u00faspe\u0161n\u00e9ho predaja bude z\u00e1loha prip\u00edsan\u00e1 ako z\u00e1loha. T\u00e1to objedn\u00e1vka zanikne, ak z\u00e1loha nebude zaplaten\u00e1 najnesk\u00f4r 3 pracovn\u00e9 dni pred aukciou.<\/p>\n<p>Hne\u010f po prijat\u00ed z\u00e1lohovej platby v\u00e1m zavol\u00e1me, aby sme potvrdili prijatie platby a platnos\u0165 objedn\u00e1vky.<\/p>\n<p>6.&nbsp;&nbsp;&nbsp;&nbsp;&nbsp;&nbsp;&nbsp;&nbsp;<b>Platobn\u00e1 povinnos\u0165<\/b><br>V pr\u00edpade \u00faspe\u0161nej objedn\u00e1vky bude klient postupova\u0165 v s\u00falade s auk\u010dn\u00fdmi podmienkami a zaplat\u00ed k\u00fapnu cenu zn\u00ed\u017een\u00fa o z\u00e1lohu do 5 dn\u00ed od ozn\u00e1menia bankov\u00fdm prevodom alebo osobne na \u010d\u00edslo bankov\u00e9ho \u00fa\u010dtu uveden\u00e9 v bode 5. K\u00fapna cena = vyvol\u00e1vacia cena + auk\u010dn\u00e1 prov\u00edzia 23% pod\u013ea auk\u010dnej zmluvy)<\/p>\n<p>7.&nbsp;&nbsp;&nbsp;&nbsp;&nbsp;&nbsp;&nbsp;&nbsp;<b>Ne\u00faspe\u0161n\u00fd mand\u00e1t<\/b><br>Ak je na auk\u010dn\u00fa polo\u017eku doru\u010den\u00e1 \u010fal\u0161ia vy\u0161\u0161ia ponuka, pr\u00edkazca z\u00fa\u010dtuje z\u00e1lohu do 8 pracovn\u00fdch dn\u00ed a vr\u00e1ti ju v plnej v\u00fd\u0161ke na bankov\u00fd \u00fa\u010det pr\u00edkazcu. V pr\u00edpade ne\u00faspe\u0161nej objedn\u00e1vky z ak\u00e9hoko\u013evek d\u00f4vodu nem\u00e1 pr\u00edkazca vo\u010di z\u00e1stupcovi \u017eiadne n\u00e1roky.<\/p>\n<p>8. &nbsp; &nbsp; &nbsp; &nbsp; <b>Oznamovacia povinnos\u0165<\/b><br>Ak\u00e9ko\u013evek probl\u00e9my s ozn\u00e1men\u00edm nezbavuj\u00fa klienta jeho povinnost\u00ed vypl\u00fdvaj\u00facich zo zmluvy.<\/p>\n<p>9. &nbsp; &nbsp; &nbsp; &nbsp; &nbsp; <strong>Z\u00e1v\u00e4zok<\/strong><\/p>\n<p>Zaplaten\u00edm z\u00e1lohy uvedenej v bode 5 a vyplnen\u00edm tohto formul\u00e1ra pr\u00edkazca neodvolate\u013ene potvrdzuje, \u017ee s\u00fahlas\u00ed s ka\u017ed\u00fdm bodom t\u00fdchto Pravidiel, samostatne aj v ich kombin\u00e1cii, a \u017ee pr\u00edkazca (<a href=\"https:\/\/ottevenyikastely.hu\/sk\/\">https:\/\/ottevenyikastely.hu<\/a>) a pre\u010d\u00edtal si a akceptuje auk\u010dn\u00e9 pravidl\u00e1, ktor\u00e9 tie\u017e bezv\u00fdhradne prij\u00edma a ktor\u00e9 s\u00fa pre neho a pre ostatn\u00fdch z\u00e1v\u00e4zn\u00e9.<\/p>\t\t\t\t\t\t\t\t<\/div>\n\t\t\t\t<\/div>\n\t\t\t\t<\/div>\n\t\t\t\t<\/div>\n\t\t\t\t\t<\/div>\n\t\t\t\t<\/div>\n\t\t<div class=\"elementor-element elementor-element-5e3744e elementor-hidden-desktop elementor-hidden-tablet elementor-hidden-mobile e-flex e-con-boxed e-con e-parent\" data-id=\"5e3744e\" data-element_type=\"container\" data-e-type=\"container\">\n\t\t\t\t\t<div class=\"e-con-inner\">\n\t\t\t\t<div class=\"elementor-element elementor-element-6a7d73c elementor-button-align-stretch elementor-widget elementor-widget-form\" data-id=\"6a7d73c\" data-element_type=\"widget\" data-e-type=\"widget\" data-settings=\"{&quot;step_next_label&quot;:&quot;K\\u00f6vetkez\\u0151&quot;,&quot;step_previous_label&quot;:&quot;El\\u0151z\\u0151&quot;,&quot;button_width&quot;:&quot;100&quot;,&quot;step_type&quot;:&quot;number_text&quot;,&quot;step_icon_shape&quot;:&quot;circle&quot;}\" data-widget_type=\"form.default\">\n\t\t\t\t<div class=\"elementor-widget-container\">\n\t\t\t\t\t\t\t<form class=\"elementor-form\" method=\"post\" name=\"\u00cdr\u00e1sbeli megb\u00edz\u00e1s\" aria-label=\"P\u00edsomn\u00fd mand\u00e1t\" action=\"\">\n\t\t\t<input type=\"hidden\" name=\"post_id\" value=\"9747\"\/>\n\t\t\t<input type=\"hidden\" name=\"form_id\" value=\"6a7d73c\"\/>\n\t\t\t<input type=\"hidden\" name=\"referer_title\" value=\"V\u00e9teli megb\u00edz\u00e1s - Chateau F\u00f6ldv\u00e1ry -\" \/>\n\n\t\t\t\t\t\t\t<input type=\"hidden\" name=\"queried_id\" value=\"9747\"\/>\n\t\t\t\n\t\t\t<div class=\"elementor-form-fields-wrapper elementor-labels-above\">\n\t\t\t\t\t\t\t\t<div class=\"elementor-field-type-text elementor-field-group elementor-column elementor-field-group-name elementor-col-100 elementor-field-required\">\n\t\t\t\t\t\t\t\t\t\t\t\t<label for=\"form-field-name\" class=\"elementor-field-label\">\n\t\t\t\t\t\t\t\tN\u00e1zov\t\t\t\t\t\t\t<\/label>\n\t\t\t\t\t\t\t\t\t\t\t\t\t\t<input size=\"1\" type=\"text\" name=\"form_fields[name]\" id=\"form-field-name\" class=\"elementor-field elementor-size-sm  elementor-field-textual\" placeholder=\"N\u00e1zov\" required=\"required\">\n\t\t\t\t\t\t\t\t\t\t\t<\/div>\n\t\t\t\t\t\t\t\t<div class=\"elementor-field-type-text elementor-field-group elementor-column elementor-field-group-field_f45bf52 elementor-col-100 elementor-field-required\">\n\t\t\t\t\t\t\t\t\t\t\t\t<label for=\"form-field-field_f45bf52\" class=\"elementor-field-label\">\n\t\t\t\t\t\t\t\tFaktura\u010dn\u00e1 adresa:\t\t\t\t\t\t\t<\/label>\n\t\t\t\t\t\t\t\t\t\t\t\t\t\t<input size=\"1\" type=\"text\" name=\"form_fields[field_f45bf52]\" id=\"form-field-field_f45bf52\" class=\"elementor-field elementor-size-sm  elementor-field-textual\" placeholder=\"Budape\u0161\u0165....\" required=\"required\">\n\t\t\t\t\t\t\t\t\t\t\t<\/div>\n\t\t\t\t\t\t\t\t<div class=\"elementor-field-type-tel elementor-field-group elementor-column elementor-field-group-email elementor-col-100 elementor-field-required\">\n\t\t\t\t\t\t\t\t\t\t\t\t<label for=\"form-field-email\" class=\"elementor-field-label\">\n\t\t\t\t\t\t\t\tTelef\u00f3nne \u010d\u00edslo\t\t\t\t\t\t\t<\/label>\n\t\t\t\t\t\t\t\t<input size=\"1\" type=\"tel\" name=\"form_fields[email]\" id=\"form-field-email\" class=\"elementor-field elementor-size-sm  elementor-field-textual\" placeholder=\"+36\" required=\"required\" pattern=\"[0-9()#&amp;+*-=.]+\" title=\"Only numbers and phone characters (#, -, *, etc) are accepted.\" data-no-translation-title=\"\">\n\n\t\t\t\t\t\t<\/div>\n\t\t\t\t\t\t\t\t<div class=\"elementor-field-type-email elementor-field-group elementor-column elementor-field-group-field_f8020e0 elementor-col-100 elementor-field-required\">\n\t\t\t\t\t\t\t\t\t\t\t\t<label for=\"form-field-field_f8020e0\" class=\"elementor-field-label\">\n\t\t\t\t\t\t\t\tE-mail\t\t\t\t\t\t\t<\/label>\n\t\t\t\t\t\t\t\t\t\t\t\t\t\t<input size=\"1\" type=\"email\" name=\"form_fields[field_f8020e0]\" id=\"form-field-field_f8020e0\" class=\"elementor-field elementor-size-sm  elementor-field-textual\" placeholder=\"E-mail\" required=\"required\">\n\t\t\t\t\t\t\t\t\t\t\t<\/div>\n\t\t\t\t\t\t\t\t<div class=\"elementor-field-type-number elementor-field-group elementor-column elementor-field-group-message elementor-col-100 elementor-field-required\">\n\t\t\t\t\t\t\t\t\t\t\t\t<label for=\"form-field-message\" class=\"elementor-field-label\">\n\t\t\t\t\t\t\t\t\u010c\u00edslo auk\u010dnej d\u00e1vky\t\t\t\t\t\t\t<\/label>\n\t\t\t\t\t\t\t\t\t<input type=\"number\" name=\"form_fields[message]\" id=\"form-field-message\" class=\"elementor-field elementor-size-sm  elementor-field-textual\" placeholder=\"\u010d.1\" required=\"required\" min=\"\" max=\"\" >\n\t\t\t\t\t\t<\/div>\n\t\t\t\t\t\t\t\t<div class=\"elementor-field-type-textarea elementor-field-group elementor-column elementor-field-group-field_6412918 elementor-col-100 elementor-field-required\">\n\t\t\t\t\t\t\t\t\t\t\t\t<label for=\"form-field-field_6412918\" class=\"elementor-field-label\">\n\t\t\t\t\t\t\t\tPopis auk\u010dnej d\u00e1vky\t\t\t\t\t\t\t<\/label>\n\t\t\t\t\t\t<textarea class=\"elementor-field-textual elementor-field  elementor-size-sm\" name=\"form_fields[field_6412918]\" id=\"form-field-field_6412918\" rows=\"1\" placeholder=\"N\u00e1zov umeleck\u00e9ho diela\" required=\"required\"><\/textarea>\t\t\t\t<\/div>\n\t\t\t\t\t\t\t\t<div class=\"elementor-field-type-number elementor-field-group elementor-column elementor-field-group-field_31a7b1c elementor-col-100 elementor-field-required\">\n\t\t\t\t\t\t\t\t\t\t\t\t<label for=\"form-field-field_31a7b1c\" class=\"elementor-field-label\">\n\t\t\t\t\t\t\t\tVyvol\u00e1vacia cena Ft.\t\t\t\t\t\t\t<\/label>\n\t\t\t\t\t\t\t\t\t<input type=\"number\" name=\"form_fields[field_31a7b1c]\" id=\"form-field-field_31a7b1c\" class=\"elementor-field elementor-size-sm  elementor-field-textual\" placeholder=\"HUF\" required=\"required\" min=\"\" max=\"\" >\n\t\t\t\t\t\t<\/div>\n\t\t\t\t\t\t\t\t<div class=\"elementor-field-type-number elementor-field-group elementor-column elementor-field-group-field_0d83b98 elementor-col-100 elementor-field-required\">\n\t\t\t\t\t\t\t\t\t\t\t\t<label for=\"form-field-field_0d83b98\" class=\"elementor-field-label\">\n\t\t\t\t\t\t\t\tMaxim\u00e1lna realiza\u010dn\u00e1 cena\t\t\t\t\t\t\t<\/label>\n\t\t\t\t\t\t\t\t\t<input type=\"number\" name=\"form_fields[field_0d83b98]\" id=\"form-field-field_0d83b98\" class=\"elementor-field elementor-size-sm  elementor-field-textual\" placeholder=\"HUF\" required=\"required\" min=\"\" max=\"\" >\n\t\t\t\t\t\t<\/div>\n\t\t\t\t\t\t\t\t<div class=\"elementor-field-type-date elementor-field-group elementor-column elementor-field-group-field_2f88880 elementor-col-100 elementor-field-required\">\n\t\t\t\t\t\t\t\t\t\t\t\t<label for=\"form-field-field_2f88880\" class=\"elementor-field-label\">\n\t\t\t\t\t\t\t\tD\u00e1tum objedn\u00e1vky:\t\t\t\t\t\t\t<\/label>\n\t\t\t\t\t\t\n\t\t<input type=\"date\" name=\"form_fields[field_2f88880]\" id=\"form-field-field_2f88880\" class=\"elementor-field elementor-size-sm  elementor-field-textual elementor-date-field\" placeholder=\".......rok ......mesiac ......de\u0148\" required=\"required\" pattern=\"[0-9]{4}-[0-9]{2}-[0-9]{2}\">\n\t\t\t\t\t\t<\/div>\n\t\t\t\t\t\t\t\t<div class=\"elementor-field-group elementor-column elementor-field-type-submit elementor-col-100 e-form__buttons\">\n\t\t\t\t\t<button class=\"elementor-button elementor-size-sm\" type=\"submit\">\n\t\t\t\t\t\t<span class=\"elementor-button-content-wrapper\">\n\t\t\t\t\t\t\t\t\t\t\t\t\t\t\t\t\t\t\t\t\t\t<span class=\"elementor-button-text\">Odosla\u0165 na adresu<\/span>\n\t\t\t\t\t\t\t\t\t\t\t\t\t<\/span>\n\t\t\t\t\t<\/button>\n\t\t\t\t<\/div>\n\t\t\t<\/div>\n\t\t<input type=\"hidden\" name=\"trp-form-language\" value=\"sk\"\/><\/form>\n\t\t\t\t\t\t<\/div>\n\t\t\t\t<\/div>\n\t\t\t\t\t<\/div>\n\t\t\t\t<\/div>\n\t\t<div class=\"elementor-element elementor-element-37c9247 e-flex e-con-boxed e-con e-parent\" data-id=\"37c9247\" data-element_type=\"container\" data-e-type=\"container\">\n\t\t\t\t\t<div class=\"e-con-inner\">\n\t\t\t\t\t<\/div>\n\t\t\t\t<\/div>\n\t\t\t\t<\/div>","protected":false},"excerpt":{"rendered":"<p>Mand\u00e1tna zmluva o p\u00edsomnej ponuke Mand\u00e1tna zmluva Mand\u00e1tna zmluva - Mand\u00e1t na k\u00fapu - Ja, vy\u0161\u0161ie uveden\u00e1 fyzick\u00e1 alebo pr\u00e1vnick\u00e1 osoba, \u010falej len \"mandant\", t\u00fdmto poverujem spolo\u010dnos\u0165 Garzonpl\u00e1za Kft. (s\u00eddlo: 9028 Gy\u0151r Vasv\u00e1ri P\u00e1l u 1\/b. da\u0148ov\u00e9 \u010d\u00edslo: 13995803-2-08, zast\u00fapen\u00e1: Matusz Bal\u00e1zs), \u010falej len \"mandat\u00e1r\" (\u010falej len \"mandant\" a \"mandat\u00e1r\" spolu: \"zmluvn\u00e9 strany\"), aby v mojom mene predala na aukcii umeleck\u00e9 diela [...]<\/p>","protected":false},"author":7,"featured_media":0,"parent":0,"menu_order":0,"comment_status":"closed","ping_status":"closed","template":"","meta":{"footnotes":""},"class_list":["post-9747","page","type-page","status-publish","hentry","entry"],"_links":{"self":[{"href":"https:\/\/ottevenyikastely.hu\/sk\/wp-json\/wp\/v2\/pages\/9747","targetHints":{"allow":["GET"]}}],"collection":[{"href":"https:\/\/ottevenyikastely.hu\/sk\/wp-json\/wp\/v2\/pages"}],"about":[{"href":"https:\/\/ottevenyikastely.hu\/sk\/wp-json\/wp\/v2\/types\/page"}],"author":[{"embeddable":true,"href":"https:\/\/ottevenyikastely.hu\/sk\/wp-json\/wp\/v2\/users\/7"}],"replies":[{"embeddable":true,"href":"https:\/\/ottevenyikastely.hu\/sk\/wp-json\/wp\/v2\/comments?post=9747"}],"version-history":[{"count":25,"href":"https:\/\/ottevenyikastely.hu\/sk\/wp-json\/wp\/v2\/pages\/9747\/revisions"}],"predecessor-version":[{"id":10267,"href":"https:\/\/ottevenyikastely.hu\/sk\/wp-json\/wp\/v2\/pages\/9747\/revisions\/10267"}],"wp:attachment":[{"href":"https:\/\/ottevenyikastely.hu\/sk\/wp-json\/wp\/v2\/media?parent=9747"}],"curies":[{"name":"wp","href":"https:\/\/api.w.org\/{rel}","templated":true}]}}