{"id":9890,"date":"2024-10-18T19:48:30","date_gmt":"2024-10-18T17:48:30","guid":{"rendered":"https:\/\/ottevenyikastely.hu\/?page_id=9890"},"modified":"2024-10-30T15:53:06","modified_gmt":"2024-10-30T14:53:06","slug":"telefonicka-ponuka-pre-torteno-business","status":"publish","type":"page","link":"https:\/\/ottevenyikastely.hu\/sk\/telefonicka-ponuka-pre-torteno-business\/","title":{"rendered":"Objedn\u00e1vka na predlo\u017eenie ponuky cez telef\u00f3n"},"content":{"rendered":"<div data-elementor-type=\"wp-page\" data-elementor-id=\"9890\" class=\"elementor elementor-9890\" data-elementor-post-type=\"page\">\n\t\t\t\t<div class=\"elementor-element elementor-element-cf37075 e-flex e-con-boxed e-con e-parent\" data-id=\"cf37075\" data-element_type=\"container\" data-e-type=\"container\">\n\t\t\t\t\t<div class=\"e-con-inner\">\n\t\t\t\t<div class=\"elementor-element elementor-element-31deefc elementor-widget elementor-widget-heading\" data-id=\"31deefc\" data-element_type=\"widget\" data-e-type=\"widget\" data-widget_type=\"heading.default\">\n\t\t\t\t<div class=\"elementor-widget-container\">\n\t\t\t\t\t<h2 class=\"elementor-heading-title elementor-size-default\">Objedn\u00e1vka na telefonick\u00e9 predkladanie pon\u00fak<\/h2>\t\t\t\t<\/div>\n\t\t\t\t<\/div>\n\t\t\t\t\t<\/div>\n\t\t\t\t<\/div>\n\t\t<div class=\"elementor-element elementor-element-c444fcb e-con-full e-flex e-con e-child\" data-id=\"c444fcb\" data-element_type=\"container\" data-e-type=\"container\">\n\t\t<div class=\"elementor-element elementor-element-1c84358 e-con-full e-flex e-con e-child\" data-id=\"1c84358\" data-element_type=\"container\" data-e-type=\"container\">\n\t\t\t\t<div class=\"elementor-element elementor-element-bb878db elementor-widget elementor-widget-text-editor\" data-id=\"bb878db\" data-element_type=\"widget\" data-e-type=\"widget\" data-widget_type=\"text-editor.default\">\n\t\t\t\t<div class=\"elementor-widget-container\">\n\t\t\t\t\t\t\t\t\t<p>Vyplnen\u00edm a odoslan\u00edm tohto formul\u00e1ra t\u00fdmto splnomoc\u0148ujem zamestnanca spolo\u010dnosti Garzon pl\u00e1za kft, vr\u00e1tane auk\u010dn\u00e9ho domu, ur\u010den\u00e9ho dra\u017eite\u013eom, aby v mojom mene vst\u00fapil na str\u00e1nku online dra\u017eby a na z\u00e1klade mojich telefonick\u00fdch pokynov dra\u017eil v mojom mene a aby v plnom rozsahu konal v procese dra\u017eby. \u010ealej s\u00fahlas\u00edm s t\u00fdm, \u017ee m\u00f4j telefonick\u00fd hovor po\u010das procesu telefonick\u00e9ho dra\u017eenia m\u00f4\u017ee by\u0165 nahr\u00e1van\u00fd, uchov\u00e1van\u00fd po neobmedzen\u00fa dobu a vo\u013ene pou\u017eit\u00fd v pr\u00edpadnom spore. \u010ealej beriem na vedomie, \u017ee nesiem pln\u00fa finan\u010dn\u00fa aj mor\u00e1lnu zodpovednos\u0165 za svoje telefonick\u00e9 pokyny, a v\u00fdslovne beriem na vedomie, \u017ee v priebehu predkladania pon\u00fak mi m\u00f4\u017eu vznikn\u00fa\u0165 finan\u010dn\u00e9 z\u00e1v\u00e4zky. &nbsp;<\/p>\t\t\t\t\t\t\t\t<\/div>\n\t\t\t\t<\/div>\n\t\t\t\t<\/div>\n\t\t<div class=\"elementor-element elementor-element-d55a140 e-con-full e-flex e-con e-child\" data-id=\"d55a140\" data-element_type=\"container\" data-e-type=\"container\">\n\t\t\t\t<div class=\"elementor-element elementor-element-f139562 elementor-widget elementor-widget-shortcode\" data-id=\"f139562\" data-element_type=\"widget\" data-e-type=\"widget\" data-widget_type=\"shortcode.default\">\n\t\t\t\t<div class=\"elementor-widget-container\">\n\t\t\t\t\t\t\t<div class=\"elementor-shortcode\"><div class='fluentform ff-default fluentform_wrapper_18 ffs_default_wrap'><form data-form_id=\"18\" id=\"fluentform_18\" class=\"frm-fluent-form fluent_form_18 ff-el-form-top ff_form_instance_18_1 ff-form-loading ff_has_v3_recptcha ffs_default\" data-form_instance=\"ff_form_instance_18_1\" method=\"POST\" data-recptcha_key=\"6Lcs378qAAAAAMEOlhPdsd1hZXa18vzRxOXiR5Bo\" action=\"\" ><fieldset  style=\"border: none!important;margin: 0!important;padding: 0!important;background-color: transparent!important;box-shadow: none!important;outline: none!important; min-inline-size: 100%;\">\n                    <legend class=\"ff_screen_reader_title\" style=\"display: block; margin: 0!important;padding: 0!important;height: 0!important;text-indent: -999999px;width: 0!important;overflow:hidden;\">Telefonick\u00fd objedn\u00e1vkov\u00fd formul\u00e1r (#18)<\/legend>        <div\n                style=\"display: none!important; position: absolute!important; transform: translateX(1000%)!important;\"\n                class=\"ff-el-group ff-hpsf-container\"\n        >\n            <div class=\"ff-el-input--label asterisk-right\">\n                <label for=\"ff_18_item_sf\" aria-label=\"Upozornenie\">\n                    Upozornenie                <\/label>\n            <\/div>\n            <div class=\"ff-el-input--content\">\n                <input type=\"text\"\n                       name=\"item_18__fluent_sf\"\n                       class=\"ff-el-form-control\"\n                       id=\"ff_18_item_sf\"\n                \/>\n            <\/div>\n        <\/div>\n        <input type='hidden' name='__fluent_form_embded_post_id' value='9890' \/><input type=\"hidden\" id=\"_fluentform_18_fluentformnonce\" name=\"_fluentform_18_fluentformnonce\" value=\"14dabede81\" \/><input type=\"hidden\" name=\"_wp_http_referer\" value=\"\/sk\/wp-json\/wp\/v2\/pages\/9890\" \/><div data-type=\"name-element\" data-name=\"names\" class=\"ff-field_container ff-name-field-wrapper\" ><div class='ff-t-container'><div class='ff-t-cell'><div class='ff-el-group'><div class=\"ff-el-input--label ff-el-is-required asterisk-right\"><label for='ff_18_names_first_name_' >Krstn\u00e9 meno<\/label><\/div><div class='ff-el-input--content'><input type=\"text\" name=\"names[first_name]\" id=\"ff_18_names_first_name_\" class=\"ff-el-form-control\" placeholder=\"Krstn\u00e9 meno\" aria-invalid=\"false\" aria-required=\"true\"><\/div><\/div><\/div><div class='ff-t-cell'><div class='ff-el-group'><div class=\"ff-el-input--label ff-el-is-required asterisk-right\"><label for='ff_18_names_last_name_' >Priezvisko<\/label><\/div><div class='ff-el-input--content'><input type=\"text\" name=\"names[last_name]\" id=\"ff_18_names_last_name_\" class=\"ff-el-form-control\" placeholder=\"Priezvisko\" aria-invalid=\"false\" aria-required=\"true\"><\/div><\/div><\/div><\/div><\/div><div class='ff-el-group'><div class=\"ff-el-input--label ff-el-is-required asterisk-right\"><label for='ff_18_input_text_1' aria-label=\"Vyto\u010di\u0165 \u010d\u00edslo z\u00edskan\u00e9 v aktu\u00e1lnej aukcii\"> Vyto\u010di\u0165 \u010d\u00edslo z\u00edskan\u00e9 v aktu\u00e1lnej aukcii<\/label><\/div><div class='ff-el-input--content'><input type=\"text\" name=\"input_text_1\" class=\"ff-el-form-control\" placeholder=\"S\u00e9riov\u00e9 \u010d\u00edslo disku\" data-name=\"input_text_1\" id=\"ff_18_input_text_1\"  aria-invalid=\"false\" aria-required=\"true\"><\/div><\/div><div class='ff-el-group'><div class=\"ff-el-input--label ff-el-is-required asterisk-right\"><label for='ff_18_phone' aria-label=\"Telef\u00f3nne \u010d\u00edslo pou\u017eit\u00e9 na prihl\u00e1senie\">Telef\u00f3nne \u010d\u00edslo pou\u017eit\u00e9 na prihl\u00e1senie<\/label><\/div><div class='ff-el-input--content'><input name=\"phone\" class=\"ff-el-form-control ff-el-phone ff_el_with_extended_validation\" type=\"tel\" placeholder=\"Telef\u00f3nne \u010d\u00edslo\" data-name=\"phone\" id=\"ff_18_phone\" inputmode=\"tel\"  aria-invalid='false' aria-required=\"true\"><\/div><\/div><div class='ff-el-group'><div class=\"ff-el-input--label ff-el-is-required asterisk-right\"><label for='ff_18_input_text_2' aria-label=\"\u010c\u00edsla polo\u017eiek, ktor\u00e9 sa maj\u00fa predlo\u017ei\u0165 v r\u00e1mci verejnej s\u00fa\u0165a\u017ee\">\u010c\u00edsla polo\u017eiek, ktor\u00e9 sa maj\u00fa predlo\u017ei\u0165 v r\u00e1mci verejnej s\u00fa\u0165a\u017ee<\/label><\/div><div class='ff-el-input--content'><input type=\"text\" name=\"input_text_2\" class=\"ff-el-form-control\" placeholder=\"pod\u00e1vanie \u010d\u00edsel riadkov oddelen\u00fdch \u010diarkami\" data-name=\"input_text_2\" id=\"ff_18_input_text_2\"  aria-invalid=\"false\" aria-required=\"true\"><\/div><\/div><div class='ff-el-group'><div class=\"ff-el-input--label asterisk-right\"><label for='ff_18_datetime' aria-label=\"D\u00e1tum pridelenia\">D\u00e1tum pridelenia<\/label><\/div><div class='ff-el-input--content'><input  aria-label='Megb\u00edz\u00e1s d\u00e1tuma Pomocou kl\u00e1vesov so \u0161\u00edpkami m\u00f4\u017eete prech\u00e1dza\u0165 d\u00e1tumy. Stla\u010den\u00edm tla\u010didla enter vyberte d\u00e1tum.'  aria-haspopup='dialog' data-type-datepicker data-format='Y-m-d' type=\"text\" name=\"datetime\" id=\"ff_18_datetime\" class=\"ff-el-form-control ff-el-datepicker\" placeholder=\"Rok \/ mesiac \/ de\u0148\" data-name=\"datetime\"  aria-invalid='false' aria-required=\"false\"><\/div><\/div><div class='ff-el-group    ff-el-input--content'><div class='ff-el-form-check ff-el-tc'><label aria-label='Pre\u010d\u00edtal som si a s\u00fahlas\u00edm so z\u00e1sadami ochrany osobn\u00fdch \u00fadajov a s\u00fahlas\u00edm s t\u00fdm, aby t\u00e1to webov\u00e1 lokalita uchov\u00e1vala a spracov\u00e1vala inform\u00e1cie, ktor\u00e9 som poskytol.' class='ff-el-form-check-label ff_tc_label' for=\"terms-n-condition_1d15e1477c2813b46722965006849904\"><span class='ff_tc_checkbox'><input type=\"checkbox\" name=\"terms-n-condition\" class=\"ff-el-form-check-input\" data-name=\"terms-n-condition\" id=\"terms-n-condition_1d15e1477c2813b46722965006849904\"  value='on' aria-invalid='false' aria-required=\"true\"><\/span> <div class='ff_t_c'><p>Pre\u010d\u00edtal som si a s\u00fahlas\u00edm so z\u00e1sadami ochrany osobn\u00fdch \u00fadajov a s\u00fahlas\u00edm s t\u00fdm, aby t\u00e1to webov\u00e1 lokalita uchov\u00e1vala a spracov\u00e1vala inform\u00e1cie, ktor\u00e9 som poskytol.<\/p><\/div><\/label><\/div><\/div><div class='ff-el-group    ff-el-input--content'><div class='ff-el-form-check ff-el-tc'><label aria-label='S\u00fahlas\u00edm a zav\u00e4zujem sa dodr\u017eiava\u0165 dnes platn\u00e9 pravidl\u00e1 aukcie, a to pre seba aj pre ostatn\u00fdch.' class='ff-el-form-check-label ff_tc_label' for=\"gdpr-agreement_07550fab5d27287d914217734b4423aa\"><span class='ff_tc_checkbox'><input type=\"checkbox\" name=\"gdpr-agreement\" class=\"ff-el-form-check-input ff_gdpr_field\" data-name=\"gdpr-agreement\" id=\"gdpr-agreement_07550fab5d27287d914217734b4423aa\"  value='on' aria-invalid='false' aria-required=\"true\"><\/span> <div class='ff_t_c'>S\u00fahlas\u00edm a zav\u00e4zujem sa dodr\u017eiava\u0165 dnes platn\u00e9 pravidl\u00e1 aukcie, a to pre seba aj pre ostatn\u00fdch.<\/div><\/label><\/div><\/div><div class='ff-el-group ff-text-left ff_submit_btn_wrapper'><button type=\"submit\" class=\"ff-btn ff-btn-submit ff-btn-md ff_btn_style\" >Odosla\u0165 na adresu<\/button><\/div><\/fieldset><input type=\"hidden\" name=\"trp-form-language\" value=\"sk\"\/><\/form><div id='fluentform_18_errors' class='ff-errors-in-stack ff_form_instance_18_1 ff-form-loading_errors ff_form_instance_18_1_errors'><\/div><\/div>            <script type=\"text\/javascript\">\n                window.fluent_form_ff_form_instance_18_1 = {\"id\":\"18\",\"settings\":{\"layout\":{\"labelPlacement\":\"top\",\"helpMessagePlacement\":\"with_label\",\"errorMessagePlacement\":\"inline\"},\"restrictions\":{\"denyEmptySubmission\":{\"enabled\":false}}},\"form_instance\":\"ff_form_instance_18_1\",\"form_id_selector\":\"fluentform_18\",\"rules\":{\"names[first_name]\":{\"required\":{\"value\":true,\"message\":\"K\\u00f6telez\\u0151 mez\\u0151\",\"global\":false,\"global_message\":\"This field is required\"}},\"names[middle_name]\":{\"required\":{\"value\":false,\"message\":\"This field is required\",\"global\":true,\"global_message\":\"This field is required\"}},\"names[last_name]\":{\"required\":{\"value\":true,\"message\":\"K\\u00f6telez\\u0151 mez\\u0151\",\"global\":false,\"global_message\":\"This field is required\"}},\"input_text_1\":{\"required\":{\"value\":true,\"message\":\"K\\u00f6telez\\u0151 mez\\u0151\",\"global_message\":\"This field is required\",\"global\":false}},\"phone\":{\"required\":{\"value\":true,\"global\":false,\"message\":\"K\\u00f6telez\\u0151 mez\\u0151\",\"global_message\":\"This field is required\"},\"valid_phone_number\":{\"value\":true,\"global\":false,\"message\":\"A telefonsz\\u00e1m form\\u00e1tuma nem megfelel\\u0151 vagy hib\\u00e1s telefonsz\\u00e1m\",\"global_message\":\"Phone number is not valid\"}},\"input_text_2\":{\"required\":{\"value\":true,\"message\":\"K\\u00f6telez\\u0151 mez\\u0151\",\"global_message\":\"This field is required\",\"global\":false}},\"datetime\":{\"required\":{\"value\":false,\"message\":\"This field is required\",\"global_message\":\"This field is required\",\"global\":true}},\"g-recaptcha-response\":[],\"terms-n-condition\":{\"required\":{\"value\":true,\"message\":\"K\\u00f6telez\\u0151 mez\\u0151\",\"global_message\":\"This field is required\",\"global\":false}},\"gdpr-agreement\":{\"required\":{\"value\":true,\"message\":\"K\\u00f6telez\\u0151 mez\\u0151\",\"global_message\":\"This field is required\",\"global\":false}}},\"debounce_time\":300};\n                            <\/script>\n            <\/div>\n\t\t\t\t\t\t<\/div>\n\t\t\t\t<\/div>\n\t\t\t\t<\/div>\n\t\t\t\t<\/div>\n\t\t<div class=\"elementor-element elementor-element-f1bbdab e-flex e-con-boxed e-con e-parent\" data-id=\"f1bbdab\" data-element_type=\"container\" data-e-type=\"container\">\n\t\t\t\t\t<div class=\"e-con-inner\">\n\t\t\t\t<div class=\"elementor-element elementor-element-bf683ff elementor-widget elementor-widget-text-editor\" data-id=\"bf683ff\" data-element_type=\"widget\" data-e-type=\"widget\" data-widget_type=\"text-editor.default\">\n\t\t\t\t<div class=\"elementor-widget-container\">\n\t\t\t\t\t\t\t\t\t<h3>Zmluva o zapojen\u00ed - pri telefonickom predkladan\u00ed pon\u00fak na k\u00fapu -<\/h3>\n<p><span style=\"font-size: 18px; text-align: var(--text-align);\">Vy\u0161\u0161ie uveden\u00e1 s\u00fakromn\u00e1 alebo pr\u00e1vnick\u00e1 osoba, <\/span><strong style=\"font-size: 18px; text-align: var(--text-align);\">\u010falej len \"deleg\u00e1t\".<\/strong><span style=\"font-size: 18px; text-align: var(--text-align);\">T\u00fdmto poverujem spolo\u010dnos\u0165 Garzonpl\u00e1za Kft. (s\u00eddlo: 9028 Gy\u0151r Vasv\u00e1ri P\u00e1l u 1\/b. da\u0148ov\u00e9 \u010d\u00edslo: 13995803-2-08, zast\u00fapen\u00e1: Matusz Bal\u00e1zs), \u010falej len Klient (Klient a Klient spolu: Zmluvn\u00e9 strany), aby v mojom mene na z\u00e1klade pokynov, ktor\u00e9 som jej telefonicky udelil, podala ponuku na aukcii umeleck\u00fdch diel za nasleduj\u00facich podmienok.<\/span><\/p>\n<p>1.&nbsp;&nbsp;&nbsp;&nbsp;&nbsp;&nbsp;&nbsp;&nbsp;<b>Organiz\u00e1cia aukcie<\/b><br>Zmluvn\u00e9 strany sa dohodli, \u017ee Dra\u017eobn\u00edk ako Auk\u010dn\u00fd dom zorganizuje Aukciu hradn\u00e9ho umenia F\u00f6ldv\u00e1ry (\u010falej len \"Aukcia\"), po\u010das ktorej Dra\u017eobn\u00edk ako pred\u00e1vaj\u00faci uzavrie vo vlastnom mene (ako vlastn\u00edk alebo spr\u00e1vca) k\u00fapnu zmluvu s uch\u00e1dza\u010dom, ktor\u00fd pon\u00fakne najvy\u0161\u0161iu cenu.<\/p>\n<p>2.&nbsp;&nbsp;&nbsp;&nbsp;&nbsp;&nbsp;&nbsp;&nbsp;<b>Pravidl\u00e1 aukcie<\/b><br>Zmluvn\u00e9 strany stanovuj\u00fa, \u017ee pravidl\u00e1 aukcie s\u00fa uveden\u00e9 v \"Pravidl\u00e1ch aukcie\", ktor\u00e9 zverejnil zad\u00e1vate\u013e na internetovej str\u00e1nke: https:\/\/ottevenyikastely.hu\/arveresi-szabalyzat\/.<\/p>\n<p>3.&nbsp;&nbsp;&nbsp;&nbsp;&nbsp;&nbsp;&nbsp;&nbsp;<b>Mand\u00e1t na pokra\u010dovanie v dra\u017ebe<\/b><br>Pr\u00edkazca t\u00fdmto splnomoc\u0148uje z\u00e1stupcu, aby konal v mene a na \u00fa\u010det dra\u017eby a urobil ponuku na vy\u0161\u0161ie uveden\u00fa polo\u017eku a\u017e do v\u00fd\u0161ky schv\u00e1lenej ceny za pr\u00edklep, ktor\u00e1 nie je k\u00fapnou cenou, ktor\u00e1 sa m\u00e1 zaplati\u0165. K\u00fapna cena je platn\u00e1 pr\u00edklepov\u00e1 cena + prov\u00edzia auk\u010dn\u00e9ho domu 22%.<\/p>\n<p>4.&nbsp;&nbsp;&nbsp;&nbsp;&nbsp;&nbsp;&nbsp;&nbsp;<b>Nedostato\u010dn\u00e9 odme\u0148ovanie<\/b><br>Zmluvn\u00e9 strany sa dohodli, \u017ee pr\u00edkazca vykon\u00e1 pr\u00edkaz bezodplatne a nebude si v s\u00favislosti s vykonan\u00edm pr\u00edkazu uplat\u0148ova\u0165 \u017eiadne finan\u010dn\u00e9 n\u00e1roky.&nbsp;<\/p>\n<p>5.&nbsp;&nbsp;&nbsp;&nbsp;&nbsp;&nbsp;&nbsp;&nbsp;<b>Preddavok a z\u00e1loha<\/b><br>Pr\u00edkazca poskytne pr\u00edkazn\u00edkovi pri podpise zmluvy z\u00e1lohu na ur\u010den\u00e9 \u010dasti aukcie vo v\u00fd\u0161ke vyvol\u00e1vacej ceny 20% bankov\u00fdm prevodom na \u00fa\u010det&nbsp;<b>10400401-50526784-56761011<\/b>. \u010d\u00edslo bankov\u00e9ho \u00fa\u010dtu. V predmete spr\u00e1vy mus\u00edte uvies\u0165 meno hlavn\u00e9ho dl\u017en\u00edka a poradov\u00e9 \u010d\u00edslo auk\u010dnej d\u00e1vky.<span class=\"Apple-converted-space\">&nbsp;&nbsp;<\/span>V pr\u00edpade \u00faspe\u0161n\u00e9ho predaja bude z\u00e1loha prip\u00edsan\u00e1 ako z\u00e1loha. T\u00e1to objedn\u00e1vka zanikne, ak z\u00e1loha nebude zaplaten\u00e1 najnesk\u00f4r 3 pracovn\u00e9 dni pred aukciou.<\/p>\n<p>Hne\u010f po prijat\u00ed z\u00e1lohy v\u00e1m zavol\u00e1me a dohodneme si s vami telef\u00f3nne \u010d\u00edslo, ktor\u00e9 v\u00e1m poskytneme v\u00fdhradne po\u010das procesu ponuky.<\/p>\n<p>6.&nbsp;&nbsp;&nbsp;&nbsp;&nbsp;&nbsp;&nbsp;&nbsp;<b>Platobn\u00e1 povinnos\u0165<\/b><br>V pr\u00edpade \u00faspe\u0161nej objedn\u00e1vky bude klient postupova\u0165 v s\u00falade s auk\u010dn\u00fdmi podmienkami a zaplat\u00ed k\u00fapnu cenu zn\u00ed\u017een\u00fa o z\u00e1lohu do 5 dn\u00ed od ozn\u00e1menia bankov\u00fdm prevodom alebo osobne na \u010d\u00edslo bankov\u00e9ho \u00fa\u010dtu uveden\u00e9 v bode 5. K\u00fapna cena = vyvol\u00e1vacia cena + auk\u010dn\u00e1 prov\u00edzia 23% pod\u013ea auk\u010dnej zmluvy)<\/p>\n<p>7.&nbsp;&nbsp;&nbsp;&nbsp;&nbsp;&nbsp;&nbsp;&nbsp;<b>Ne\u00faspe\u0161n\u00fd mand\u00e1t<\/b><br>Ak je na auk\u010dn\u00fa polo\u017eku doru\u010den\u00e1 \u010fal\u0161ia vy\u0161\u0161ia ponuka, pr\u00edkazca z\u00fa\u010dtuje z\u00e1lohu do 8 pracovn\u00fdch dn\u00ed a vr\u00e1ti ju v plnej v\u00fd\u0161ke na bankov\u00fd \u00fa\u010det pr\u00edkazcu. V pr\u00edpade ne\u00faspe\u0161nej objedn\u00e1vky z ak\u00e9hoko\u013evek d\u00f4vodu nem\u00e1 pr\u00edkazca vo\u010di z\u00e1stupcovi \u017eiadne n\u00e1roky.<\/p>\n<p>8. &nbsp; &nbsp; &nbsp; &nbsp; <b>Oznamovacia povinnos\u0165<\/b><br>Ak\u00e9ko\u013evek probl\u00e9my s ozn\u00e1men\u00edm nezbavuj\u00fa klienta jeho povinnost\u00ed vypl\u00fdvaj\u00facich zo zmluvy.<\/p>\n<p>9. &nbsp; &nbsp; &nbsp; &nbsp; &nbsp; <strong>Z\u00e1v\u00e4zok<\/strong><\/p>\n<p>Zaplaten\u00edm z\u00e1lohy uvedenej v bode 5 a vyplnen\u00edm tohto formul\u00e1ra pr\u00edkazca neodvolate\u013ene potvrdzuje, \u017ee s\u00fahlas\u00ed s ka\u017ed\u00fdm bodom t\u00fdchto Pravidiel, samostatne aj v ich kombin\u00e1cii, a \u017ee pr\u00edkazca (<a href=\"https:\/\/ottevenyikastely.hu\/sk\/\">https:\/\/ottevenyikastely.hu<\/a>) a pre\u010d\u00edtal si a akceptuje auk\u010dn\u00e9 pravidl\u00e1, ktor\u00e9 tie\u017e bezv\u00fdhradne prij\u00edma a ktor\u00e9 s\u00fa pre neho a pre ostatn\u00fdch z\u00e1v\u00e4zn\u00e9.<\/p>\t\t\t\t\t\t\t\t<\/div>\n\t\t\t\t<\/div>\n\t\t\t\t\t<\/div>\n\t\t\t\t<\/div>\n\t\t\t\t<\/div>","protected":false},"excerpt":{"rendered":"<p>Mand\u00e1t na telefonick\u00e9 pod\u00e1vanie pon\u00fak Vyplnen\u00edm a odoslan\u00edm tohto formul\u00e1ra ja, podp\u00edsan\u00fd\/\u00e1, t\u00fdmto splnomoc\u0148ujem zamestnanca spolo\u010dnosti Garzon pl\u00e1za kft, vr\u00e1tane auk\u010dn\u00e9ho domu, ur\u010den\u00e9ho dra\u017eite\u013eom, aby v mojom mene vst\u00fapil na str\u00e1nku s online ponukami a aby v mojom mene pod\u00e1val\/a ponuky a konal\/a v plnom rozsahu v procese dra\u017eby na z\u00e1klade mojich telefonick\u00fdch pokynov. \u010ealej s\u00fahlas\u00edm s t\u00fdm, \u017ee m\u00f4j telefonick\u00fd hovor po\u010das telefonick\u00e9ho procesu dra\u017eby m\u00f4\u017ee by\u0165 nahr\u00e1van\u00fd, [...].<\/p>","protected":false},"author":7,"featured_media":0,"parent":0,"menu_order":0,"comment_status":"closed","ping_status":"closed","template":"","meta":{"footnotes":""},"class_list":["post-9890","page","type-page","status-publish","hentry","entry"],"_links":{"self":[{"href":"https:\/\/ottevenyikastely.hu\/sk\/wp-json\/wp\/v2\/pages\/9890","targetHints":{"allow":["GET"]}}],"collection":[{"href":"https:\/\/ottevenyikastely.hu\/sk\/wp-json\/wp\/v2\/pages"}],"about":[{"href":"https:\/\/ottevenyikastely.hu\/sk\/wp-json\/wp\/v2\/types\/page"}],"author":[{"embeddable":true,"href":"https:\/\/ottevenyikastely.hu\/sk\/wp-json\/wp\/v2\/users\/7"}],"replies":[{"embeddable":true,"href":"https:\/\/ottevenyikastely.hu\/sk\/wp-json\/wp\/v2\/comments?post=9890"}],"version-history":[{"count":13,"href":"https:\/\/ottevenyikastely.hu\/sk\/wp-json\/wp\/v2\/pages\/9890\/revisions"}],"predecessor-version":[{"id":10270,"href":"https:\/\/ottevenyikastely.hu\/sk\/wp-json\/wp\/v2\/pages\/9890\/revisions\/10270"}],"wp:attachment":[{"href":"https:\/\/ottevenyikastely.hu\/sk\/wp-json\/wp\/v2\/media?parent=9890"}],"curies":[{"name":"wp","href":"https:\/\/api.w.org\/{rel}","templated":true}]}}